{"id":461,"date":"2021-10-19T15:43:38","date_gmt":"2021-10-19T15:43:38","guid":{"rendered":"https:\/\/hiltontrieste.ms.decms.eu\/cosa-fare\/tour-in-barca\/"},"modified":"2022-07-13T12:57:54","modified_gmt":"2022-07-13T12:57:54","slug":"tour-in-barca","status":"publish","type":"page","link":"https:\/\/www.dttrieste.com\/it\/cosa-fare\/tour-in-barca\/","title":{"rendered":"Tour in barca"},"content":{"rendered":"<p><span style=\"font-weight: 400\">Trieste vista dal mare \u00e8 uno spettacolo che emoziona e un<strong> tour in barca<\/strong> \u00e8 sempre da mettere in programma in un soggiorno in citt\u00e0.\u00a0<\/span><\/p>\n<p><span style=\"font-weight: 400\">Dai moli sulle Rive partono i tour in barca privati, a bordo di motonavi, che costeggiano il Golfo tra paesaggi e insenature incantevoli per raggiungere Miramare, Duino, Sistiana e Muggia. I pi\u00f9 romantici potranno scegliere il <strong>tour sul veliero d\u2019epoca<\/strong> e prendere l\u2019aperitivo a bordo godendosi un meraviglioso tramonto sul mare.\u00a0<\/span><\/p>\n<p><span style=\"font-weight: 400\">Chiedi al nostro staff della reception consigli e informazioni, sar\u00e0 lieto di darti i suggerimenti per goderti Trieste dal mare con un tour in barca.\u00a0<\/span><\/p>\n","protected":false},"excerpt":{"rendered":"<p>Trieste vista dal mare \u00e8 uno spettacolo che emoziona e un tour in barca \u00e8 sempre da mettere in programma in un soggiorno in citt\u00e0.\u00a0 Dai moli sulle Rive partono i tour in barca privati, a bordo di motonavi, che costeggiano il Golfo tra paesaggi e insenature incantevoli per raggiungere Miramare, Duino, Sistiana e Muggia. [&hellip;]<\/p>\n","protected":false},"author":6,"featured_media":0,"parent":453,"menu_order":115,"comment_status":"closed","ping_status":"closed","template":"template-default-2.php","meta":{"footnotes":""},"class_list":["post-461","page","type-page","status-publish","hentry"],"yoast_head":"<!-- This site is optimized with the Yoast SEO plugin v26.9 - https:\/\/yoast.com\/product\/yoast-seo-wordpress\/ -->\n<title>Gite in barca: tour, escursioni | DoubleTree by Hilton Trieste<\/title>\n<meta name=\"description\" content=\"Quale modo migliore per esplorare Trieste se non costeggiandone il Golfo a bordo di una barca? Scopri la tua prossima escursione panoramica o boat tour!\" \/>\n<meta name=\"robots\" content=\"index, follow, max-snippet:-1, max-image-preview:large, max-video-preview:-1\" \/>\n<link rel=\"canonical\" href=\"https:\/\/www.dttrieste.com\/it\/cosa-fare\/tour-in-barca\/\" \/>\n<meta property=\"og:locale\" content=\"it_IT\" \/>\n<meta property=\"og:type\" content=\"article\" \/>\n<meta property=\"og:title\" content=\"Gite in barca: tour, escursioni | DoubleTree by Hilton Trieste\" \/>\n<meta property=\"og:description\" content=\"Quale modo migliore per esplorare Trieste se non costeggiandone il Golfo a bordo di una barca? Scopri la tua prossima escursione panoramica o boat tour!\" \/>\n<meta property=\"og:url\" content=\"https:\/\/www.dttrieste.com\/it\/cosa-fare\/tour-in-barca\/\" \/>\n<meta property=\"og:site_name\" content=\"DoubleTree by Hilton Trieste\" \/>\n<meta property=\"article:modified_time\" content=\"2022-07-13T12:57:54+00:00\" \/>\n<meta name=\"twitter:card\" content=\"summary_large_image\" \/>\n<meta name=\"twitter:label1\" content=\"Tempo di lettura stimato\" \/>\n\t<meta name=\"twitter:data1\" content=\"1 minuto\" \/>\n<script type=\"application\/ld+json\" class=\"yoast-schema-graph\">{\"@context\":\"https:\/\/schema.org\",\"@graph\":[{\"@type\":\"WebPage\",\"@id\":\"https:\/\/www.dttrieste.com\/it\/cosa-fare\/tour-in-barca\/\",\"url\":\"https:\/\/www.dttrieste.com\/it\/cosa-fare\/tour-in-barca\/\",\"name\":\"Gite in barca: tour, escursioni | DoubleTree by Hilton Trieste\",\"isPartOf\":{\"@id\":\"https:\/\/www.dttrieste.com\/it\/#website\"},\"datePublished\":\"2021-10-19T15:43:38+00:00\",\"dateModified\":\"2022-07-13T12:57:54+00:00\",\"description\":\"Quale modo migliore per esplorare Trieste se non costeggiandone il Golfo a bordo di una barca? Scopri la tua prossima escursione panoramica o boat tour!\",\"breadcrumb\":{\"@id\":\"https:\/\/www.dttrieste.com\/it\/cosa-fare\/tour-in-barca\/#breadcrumb\"},\"inLanguage\":\"it-IT\",\"potentialAction\":[{\"@type\":\"ReadAction\",\"target\":[\"https:\/\/www.dttrieste.com\/it\/cosa-fare\/tour-in-barca\/\"]}]},{\"@type\":\"BreadcrumbList\",\"@id\":\"https:\/\/www.dttrieste.com\/it\/cosa-fare\/tour-in-barca\/#breadcrumb\",\"itemListElement\":[{\"@type\":\"ListItem\",\"position\":1,\"name\":\"Home\",\"item\":\"https:\/\/www.dttrieste.com\/it\/\"},{\"@type\":\"ListItem\",\"position\":2,\"name\":\"Cosa fare a Trieste\",\"item\":\"https:\/\/www.dttrieste.com\/it\/cosa-fare\/\"},{\"@type\":\"ListItem\",\"position\":3,\"name\":\"Tour in barca\"}]},{\"@type\":\"WebSite\",\"@id\":\"https:\/\/www.dttrieste.com\/it\/#website\",\"url\":\"https:\/\/www.dttrieste.com\/it\/\",\"name\":\"DoubleTree by Hilton Trieste\",\"description\":\"Just another ms.decms.eu site\",\"publisher\":{\"@id\":\"https:\/\/www.dttrieste.com\/it\/#organization\"},\"potentialAction\":[{\"@type\":\"SearchAction\",\"target\":{\"@type\":\"EntryPoint\",\"urlTemplate\":\"https:\/\/www.dttrieste.com\/it\/?s={search_term_string}\"},\"query-input\":{\"@type\":\"PropertyValueSpecification\",\"valueRequired\":true,\"valueName\":\"search_term_string\"}}],\"inLanguage\":\"it-IT\"},{\"@type\":\"Organization\",\"@id\":\"https:\/\/www.dttrieste.com\/it\/#organization\",\"name\":\"Hilton Trieste\",\"url\":\"https:\/\/www.dttrieste.com\/it\/\",\"logo\":{\"@type\":\"ImageObject\",\"inLanguage\":\"it-IT\",\"@id\":\"https:\/\/www.dttrieste.com\/it\/#\/schema\/logo\/image\/\",\"url\":\"https:\/\/www.dttrieste.com\/wp-content\/uploads\/sites\/326\/2021\/07\/DT_Vertical_Logo-black.png\",\"contentUrl\":\"https:\/\/www.dttrieste.com\/wp-content\/uploads\/sites\/326\/2021\/07\/DT_Vertical_Logo-black.png\",\"width\":1684,\"height\":1466,\"caption\":\"Hilton Trieste\"},\"image\":{\"@id\":\"https:\/\/www.dttrieste.com\/it\/#\/schema\/logo\/image\/\"}}]}<\/script>\n<!-- \/ Yoast SEO plugin. -->","yoast_head_json":{"title":"Gite in barca: tour, escursioni | DoubleTree by Hilton Trieste","description":"Quale modo migliore per esplorare Trieste se non costeggiandone il Golfo a bordo di una barca? Scopri la tua prossima escursione panoramica o boat tour!","robots":{"index":"index","follow":"follow","max-snippet":"max-snippet:-1","max-image-preview":"max-image-preview:large","max-video-preview":"max-video-preview:-1"},"canonical":"https:\/\/www.dttrieste.com\/it\/cosa-fare\/tour-in-barca\/","og_locale":"it_IT","og_type":"article","og_title":"Gite in barca: tour, escursioni | DoubleTree by Hilton Trieste","og_description":"Quale modo migliore per esplorare Trieste se non costeggiandone il Golfo a bordo di una barca? Scopri la tua prossima escursione panoramica o boat tour!","og_url":"https:\/\/www.dttrieste.com\/it\/cosa-fare\/tour-in-barca\/","og_site_name":"DoubleTree by Hilton Trieste","article_modified_time":"2022-07-13T12:57:54+00:00","twitter_card":"summary_large_image","twitter_misc":{"Tempo di lettura stimato":"1 minuto"},"schema":{"@context":"https:\/\/schema.org","@graph":[{"@type":"WebPage","@id":"https:\/\/www.dttrieste.com\/it\/cosa-fare\/tour-in-barca\/","url":"https:\/\/www.dttrieste.com\/it\/cosa-fare\/tour-in-barca\/","name":"Gite in barca: tour, escursioni | DoubleTree by Hilton Trieste","isPartOf":{"@id":"https:\/\/www.dttrieste.com\/it\/#website"},"datePublished":"2021-10-19T15:43:38+00:00","dateModified":"2022-07-13T12:57:54+00:00","description":"Quale modo migliore per esplorare Trieste se non costeggiandone il Golfo a bordo di una barca? Scopri la tua prossima escursione panoramica o boat tour!","breadcrumb":{"@id":"https:\/\/www.dttrieste.com\/it\/cosa-fare\/tour-in-barca\/#breadcrumb"},"inLanguage":"it-IT","potentialAction":[{"@type":"ReadAction","target":["https:\/\/www.dttrieste.com\/it\/cosa-fare\/tour-in-barca\/"]}]},{"@type":"BreadcrumbList","@id":"https:\/\/www.dttrieste.com\/it\/cosa-fare\/tour-in-barca\/#breadcrumb","itemListElement":[{"@type":"ListItem","position":1,"name":"Home","item":"https:\/\/www.dttrieste.com\/it\/"},{"@type":"ListItem","position":2,"name":"Cosa fare a Trieste","item":"https:\/\/www.dttrieste.com\/it\/cosa-fare\/"},{"@type":"ListItem","position":3,"name":"Tour in barca"}]},{"@type":"WebSite","@id":"https:\/\/www.dttrieste.com\/it\/#website","url":"https:\/\/www.dttrieste.com\/it\/","name":"DoubleTree by Hilton Trieste","description":"Just another ms.decms.eu site","publisher":{"@id":"https:\/\/www.dttrieste.com\/it\/#organization"},"potentialAction":[{"@type":"SearchAction","target":{"@type":"EntryPoint","urlTemplate":"https:\/\/www.dttrieste.com\/it\/?s={search_term_string}"},"query-input":{"@type":"PropertyValueSpecification","valueRequired":true,"valueName":"search_term_string"}}],"inLanguage":"it-IT"},{"@type":"Organization","@id":"https:\/\/www.dttrieste.com\/it\/#organization","name":"Hilton Trieste","url":"https:\/\/www.dttrieste.com\/it\/","logo":{"@type":"ImageObject","inLanguage":"it-IT","@id":"https:\/\/www.dttrieste.com\/it\/#\/schema\/logo\/image\/","url":"https:\/\/www.dttrieste.com\/wp-content\/uploads\/sites\/326\/2021\/07\/DT_Vertical_Logo-black.png","contentUrl":"https:\/\/www.dttrieste.com\/wp-content\/uploads\/sites\/326\/2021\/07\/DT_Vertical_Logo-black.png","width":1684,"height":1466,"caption":"Hilton Trieste"},"image":{"@id":"https:\/\/www.dttrieste.com\/it\/#\/schema\/logo\/image\/"}}]}},"acf":[],"_links":{"self":[{"href":"https:\/\/www.dttrieste.com\/it\/wp-json\/wp\/v2\/pages\/461","targetHints":{"allow":["GET"]}}],"collection":[{"href":"https:\/\/www.dttrieste.com\/it\/wp-json\/wp\/v2\/pages"}],"about":[{"href":"https:\/\/www.dttrieste.com\/it\/wp-json\/wp\/v2\/types\/page"}],"author":[{"embeddable":true,"href":"https:\/\/www.dttrieste.com\/it\/wp-json\/wp\/v2\/users\/6"}],"replies":[{"embeddable":true,"href":"https:\/\/www.dttrieste.com\/it\/wp-json\/wp\/v2\/comments?post=461"}],"version-history":[{"count":0,"href":"https:\/\/www.dttrieste.com\/it\/wp-json\/wp\/v2\/pages\/461\/revisions"}],"up":[{"embeddable":true,"href":"https:\/\/www.dttrieste.com\/it\/wp-json\/wp\/v2\/pages\/453"}],"wp:attachment":[{"href":"https:\/\/www.dttrieste.com\/it\/wp-json\/wp\/v2\/media?parent=461"}],"curies":[{"name":"wp","href":"https:\/\/api.w.org\/{rel}","templated":true}]}}