{"id":438,"date":"2021-10-19T15:40:03","date_gmt":"2021-10-19T15:40:03","guid":{"rendered":"https:\/\/hiltontrieste.ms.decms.eu\/cosa-vedere\/attrazioni-principali\/james-joyce\/"},"modified":"2022-07-13T10:47:58","modified_gmt":"2022-07-13T10:47:58","slug":"james-joyce","status":"publish","type":"page","link":"https:\/\/www.dttrieste.com\/it\/cosa-vedere\/attrazioni-principali\/james-joyce\/","title":{"rendered":"James Joyce"},"content":{"rendered":"<p><span style=\"font-weight: 400\">Hai letto anche tu Ulisse? Sapevi che \u00e8 stato scritto in gran parte a Trieste? La citt\u00e0, infatti, ebbe un ruolo fondamentale nella vita artistica, professionale e personale di James Joyce, che qui visse con la compagna Nora Barnacle per oltre 10 anni.\u00a0<\/span><\/p>\n<h3>Storia<\/h3>\n<p><span style=\"font-weight: 400\">Attratto dall\u2019atmosfera internazionale e dalla vivacit\u00e0 culturale della citt\u00e0, Joyce lasci\u00f2 Dublino per eleggere <strong>Trieste<\/strong> a sua dimora e <strong>musa letteraria<\/strong>. I primi anni del Novecento furono infatti un momento magico per la citt\u00e0, diventata ritrovo di intellettuali e scrittori di tutta Europa che trovarono nei Caff\u00e8 il loro luogo di incontro prediletto. Tra questi James Joyce che, oltre a concepire e iniziare la stesura del suo romanzo pi\u00f9 famoso, l\u2019Ulisse, a Trieste termin\u00f2 Gente di Dublino e scrisse Ritratto dell&#8217;artista da giovane.\u00a0<\/span><\/p>\n<p><span style=\"font-weight: 400\">A Trieste poi nacquero i suoi figli e conobbe Italo Svevo, l\u2019indimenticabile autore della Coscienza di Zeno. Li leg\u00f2 amicizia fraterna e affinit\u00e0 intellettuale e soprattutto l\u2019<strong>amore per la scrittura<\/strong>, che entrambi interpretarono con spirito innovatore.<\/span><\/p>\n<p><span style=\"font-weight: 400\">Tanti sono i luoghi che Joyce frequent\u00f2 a Trieste, a iniziare dalla Berlitz School di via San Nicol\u00f2 e a piazza Ponterosso, dove abit\u00f2 e dove la statua in bronzo ne ricorda le passeggiate, al Caff\u00e8 Stella Polare di via Dante Alighieri, dove amava fermarsi per leggere i propri racconti al fratello.\u00a0<\/span><\/p>\n<h3>Museo<\/h3>\n<p><span style=\"font-weight: 400\">A James Joyce Trieste ha dedicato un museo, il<strong> Joyce Museum<\/strong> di via Madonna del Mare 13. La stessa sede accoglie lo<strong> Svevo Museum<\/strong>, dedicato all\u2019amico Italo Svevo: un itinerario letterario alla scoperta dei luoghi che hanno ispirato due dei pi\u00f9 grandi scrittori del XX secolo non pu\u00f2 che iniziare da qui. <\/span><\/p>\n","protected":false},"excerpt":{"rendered":"<p>Hai letto anche tu Ulisse? Sapevi che \u00e8 stato scritto in gran parte a Trieste? La citt\u00e0, infatti, ebbe un ruolo fondamentale nella vita artistica, professionale e personale di James Joyce, che qui visse con la compagna Nora Barnacle per oltre 10 anni.\u00a0 Storia Attratto dall\u2019atmosfera internazionale e dalla vivacit\u00e0 culturale della citt\u00e0, Joyce lasci\u00f2 [&hellip;]<\/p>\n","protected":false},"author":6,"featured_media":0,"parent":430,"menu_order":95,"comment_status":"closed","ping_status":"closed","template":"template-default-2.php","meta":{"footnotes":""},"class_list":["post-438","page","type-page","status-publish","hentry"],"yoast_head":"<!-- This site is optimized with the Yoast SEO plugin v26.9 - https:\/\/yoast.com\/product\/yoast-seo-wordpress\/ -->\n<title>James Joyce a Trieste: itinerari, statue, musei | Hilton Trieste<\/title>\n<meta name=\"description\" content=\"Trieste custodisce le tracce del passaggio del noto poeta irlandese. Scopri le statue, il museo e le vicende che hanno segnato gli anni triestini di James Joyce.\" \/>\n<meta name=\"robots\" content=\"index, follow, max-snippet:-1, max-image-preview:large, max-video-preview:-1\" \/>\n<link rel=\"canonical\" href=\"https:\/\/www.dttrieste.com\/it\/cosa-vedere\/attrazioni-principali\/james-joyce\/\" \/>\n<meta property=\"og:locale\" content=\"it_IT\" \/>\n<meta property=\"og:type\" content=\"article\" \/>\n<meta property=\"og:title\" content=\"James Joyce a Trieste: itinerari, statue, musei | Hilton Trieste\" \/>\n<meta property=\"og:description\" content=\"Trieste custodisce le tracce del passaggio del noto poeta irlandese. Scopri le statue, il museo e le vicende che hanno segnato gli anni triestini di James Joyce.\" \/>\n<meta property=\"og:url\" content=\"https:\/\/www.dttrieste.com\/it\/cosa-vedere\/attrazioni-principali\/james-joyce\/\" \/>\n<meta property=\"og:site_name\" content=\"DoubleTree by Hilton Trieste\" \/>\n<meta property=\"article:modified_time\" content=\"2022-07-13T10:47:58+00:00\" \/>\n<meta name=\"twitter:card\" content=\"summary_large_image\" \/>\n<meta name=\"twitter:label1\" content=\"Tempo di lettura stimato\" \/>\n\t<meta name=\"twitter:data1\" content=\"2 minuti\" \/>\n<script type=\"application\/ld+json\" class=\"yoast-schema-graph\">{\"@context\":\"https:\/\/schema.org\",\"@graph\":[{\"@type\":\"WebPage\",\"@id\":\"https:\/\/www.dttrieste.com\/it\/cosa-vedere\/attrazioni-principali\/james-joyce\/\",\"url\":\"https:\/\/www.dttrieste.com\/it\/cosa-vedere\/attrazioni-principali\/james-joyce\/\",\"name\":\"James Joyce a Trieste: itinerari, statue, musei | Hilton Trieste\",\"isPartOf\":{\"@id\":\"https:\/\/www.dttrieste.com\/it\/#website\"},\"datePublished\":\"2021-10-19T15:40:03+00:00\",\"dateModified\":\"2022-07-13T10:47:58+00:00\",\"description\":\"Trieste custodisce le tracce del passaggio del noto poeta irlandese. Scopri le statue, il museo e le vicende che hanno segnato gli anni triestini di James Joyce.\",\"breadcrumb\":{\"@id\":\"https:\/\/www.dttrieste.com\/it\/cosa-vedere\/attrazioni-principali\/james-joyce\/#breadcrumb\"},\"inLanguage\":\"it-IT\",\"potentialAction\":[{\"@type\":\"ReadAction\",\"target\":[\"https:\/\/www.dttrieste.com\/it\/cosa-vedere\/attrazioni-principali\/james-joyce\/\"]}]},{\"@type\":\"BreadcrumbList\",\"@id\":\"https:\/\/www.dttrieste.com\/it\/cosa-vedere\/attrazioni-principali\/james-joyce\/#breadcrumb\",\"itemListElement\":[{\"@type\":\"ListItem\",\"position\":1,\"name\":\"Home\",\"item\":\"https:\/\/www.dttrieste.com\/it\/\"},{\"@type\":\"ListItem\",\"position\":2,\"name\":\"Cosa vedere a Trieste e dintorni\",\"item\":\"https:\/\/www.dttrieste.com\/it\/cosa-vedere\/\"},{\"@type\":\"ListItem\",\"position\":3,\"name\":\"Attrazioni Principali\",\"item\":\"https:\/\/www.dttrieste.com\/it\/cosa-vedere\/attrazioni-principali\/\"},{\"@type\":\"ListItem\",\"position\":4,\"name\":\"James Joyce\"}]},{\"@type\":\"WebSite\",\"@id\":\"https:\/\/www.dttrieste.com\/it\/#website\",\"url\":\"https:\/\/www.dttrieste.com\/it\/\",\"name\":\"DoubleTree by Hilton Trieste\",\"description\":\"Just another ms.decms.eu site\",\"publisher\":{\"@id\":\"https:\/\/www.dttrieste.com\/it\/#organization\"},\"potentialAction\":[{\"@type\":\"SearchAction\",\"target\":{\"@type\":\"EntryPoint\",\"urlTemplate\":\"https:\/\/www.dttrieste.com\/it\/?s={search_term_string}\"},\"query-input\":{\"@type\":\"PropertyValueSpecification\",\"valueRequired\":true,\"valueName\":\"search_term_string\"}}],\"inLanguage\":\"it-IT\"},{\"@type\":\"Organization\",\"@id\":\"https:\/\/www.dttrieste.com\/it\/#organization\",\"name\":\"Hilton Trieste\",\"url\":\"https:\/\/www.dttrieste.com\/it\/\",\"logo\":{\"@type\":\"ImageObject\",\"inLanguage\":\"it-IT\",\"@id\":\"https:\/\/www.dttrieste.com\/it\/#\/schema\/logo\/image\/\",\"url\":\"https:\/\/www.dttrieste.com\/wp-content\/uploads\/sites\/326\/2021\/07\/DT_Vertical_Logo-black.png\",\"contentUrl\":\"https:\/\/www.dttrieste.com\/wp-content\/uploads\/sites\/326\/2021\/07\/DT_Vertical_Logo-black.png\",\"width\":1684,\"height\":1466,\"caption\":\"Hilton Trieste\"},\"image\":{\"@id\":\"https:\/\/www.dttrieste.com\/it\/#\/schema\/logo\/image\/\"}}]}<\/script>\n<!-- \/ Yoast SEO plugin. -->","yoast_head_json":{"title":"James Joyce a Trieste: itinerari, statue, musei | Hilton Trieste","description":"Trieste custodisce le tracce del passaggio del noto poeta irlandese. Scopri le statue, il museo e le vicende che hanno segnato gli anni triestini di James Joyce.","robots":{"index":"index","follow":"follow","max-snippet":"max-snippet:-1","max-image-preview":"max-image-preview:large","max-video-preview":"max-video-preview:-1"},"canonical":"https:\/\/www.dttrieste.com\/it\/cosa-vedere\/attrazioni-principali\/james-joyce\/","og_locale":"it_IT","og_type":"article","og_title":"James Joyce a Trieste: itinerari, statue, musei | Hilton Trieste","og_description":"Trieste custodisce le tracce del passaggio del noto poeta irlandese. Scopri le statue, il museo e le vicende che hanno segnato gli anni triestini di James Joyce.","og_url":"https:\/\/www.dttrieste.com\/it\/cosa-vedere\/attrazioni-principali\/james-joyce\/","og_site_name":"DoubleTree by Hilton Trieste","article_modified_time":"2022-07-13T10:47:58+00:00","twitter_card":"summary_large_image","twitter_misc":{"Tempo di lettura stimato":"2 minuti"},"schema":{"@context":"https:\/\/schema.org","@graph":[{"@type":"WebPage","@id":"https:\/\/www.dttrieste.com\/it\/cosa-vedere\/attrazioni-principali\/james-joyce\/","url":"https:\/\/www.dttrieste.com\/it\/cosa-vedere\/attrazioni-principali\/james-joyce\/","name":"James Joyce a Trieste: itinerari, statue, musei | Hilton Trieste","isPartOf":{"@id":"https:\/\/www.dttrieste.com\/it\/#website"},"datePublished":"2021-10-19T15:40:03+00:00","dateModified":"2022-07-13T10:47:58+00:00","description":"Trieste custodisce le tracce del passaggio del noto poeta irlandese. Scopri le statue, il museo e le vicende che hanno segnato gli anni triestini di James Joyce.","breadcrumb":{"@id":"https:\/\/www.dttrieste.com\/it\/cosa-vedere\/attrazioni-principali\/james-joyce\/#breadcrumb"},"inLanguage":"it-IT","potentialAction":[{"@type":"ReadAction","target":["https:\/\/www.dttrieste.com\/it\/cosa-vedere\/attrazioni-principali\/james-joyce\/"]}]},{"@type":"BreadcrumbList","@id":"https:\/\/www.dttrieste.com\/it\/cosa-vedere\/attrazioni-principali\/james-joyce\/#breadcrumb","itemListElement":[{"@type":"ListItem","position":1,"name":"Home","item":"https:\/\/www.dttrieste.com\/it\/"},{"@type":"ListItem","position":2,"name":"Cosa vedere a Trieste e dintorni","item":"https:\/\/www.dttrieste.com\/it\/cosa-vedere\/"},{"@type":"ListItem","position":3,"name":"Attrazioni Principali","item":"https:\/\/www.dttrieste.com\/it\/cosa-vedere\/attrazioni-principali\/"},{"@type":"ListItem","position":4,"name":"James Joyce"}]},{"@type":"WebSite","@id":"https:\/\/www.dttrieste.com\/it\/#website","url":"https:\/\/www.dttrieste.com\/it\/","name":"DoubleTree by Hilton Trieste","description":"Just another ms.decms.eu site","publisher":{"@id":"https:\/\/www.dttrieste.com\/it\/#organization"},"potentialAction":[{"@type":"SearchAction","target":{"@type":"EntryPoint","urlTemplate":"https:\/\/www.dttrieste.com\/it\/?s={search_term_string}"},"query-input":{"@type":"PropertyValueSpecification","valueRequired":true,"valueName":"search_term_string"}}],"inLanguage":"it-IT"},{"@type":"Organization","@id":"https:\/\/www.dttrieste.com\/it\/#organization","name":"Hilton Trieste","url":"https:\/\/www.dttrieste.com\/it\/","logo":{"@type":"ImageObject","inLanguage":"it-IT","@id":"https:\/\/www.dttrieste.com\/it\/#\/schema\/logo\/image\/","url":"https:\/\/www.dttrieste.com\/wp-content\/uploads\/sites\/326\/2021\/07\/DT_Vertical_Logo-black.png","contentUrl":"https:\/\/www.dttrieste.com\/wp-content\/uploads\/sites\/326\/2021\/07\/DT_Vertical_Logo-black.png","width":1684,"height":1466,"caption":"Hilton Trieste"},"image":{"@id":"https:\/\/www.dttrieste.com\/it\/#\/schema\/logo\/image\/"}}]}},"acf":[],"_links":{"self":[{"href":"https:\/\/www.dttrieste.com\/it\/wp-json\/wp\/v2\/pages\/438","targetHints":{"allow":["GET"]}}],"collection":[{"href":"https:\/\/www.dttrieste.com\/it\/wp-json\/wp\/v2\/pages"}],"about":[{"href":"https:\/\/www.dttrieste.com\/it\/wp-json\/wp\/v2\/types\/page"}],"author":[{"embeddable":true,"href":"https:\/\/www.dttrieste.com\/it\/wp-json\/wp\/v2\/users\/6"}],"replies":[{"embeddable":true,"href":"https:\/\/www.dttrieste.com\/it\/wp-json\/wp\/v2\/comments?post=438"}],"version-history":[{"count":0,"href":"https:\/\/www.dttrieste.com\/it\/wp-json\/wp\/v2\/pages\/438\/revisions"}],"up":[{"embeddable":true,"href":"https:\/\/www.dttrieste.com\/it\/wp-json\/wp\/v2\/pages\/430"}],"wp:attachment":[{"href":"https:\/\/www.dttrieste.com\/it\/wp-json\/wp\/v2\/media?parent=438"}],"curies":[{"name":"wp","href":"https:\/\/api.w.org\/{rel}","templated":true}]}}