{"id":436,"date":"2021-10-19T15:39:46","date_gmt":"2021-10-19T15:39:46","guid":{"rendered":"https:\/\/hiltontrieste.ms.decms.eu\/cosa-vedere\/attrazioni-principali\/le-piazze-di-trieste\/"},"modified":"2022-07-13T10:37:33","modified_gmt":"2022-07-13T10:37:33","slug":"le-piazze-di-trieste","status":"publish","type":"page","link":"https:\/\/www.dttrieste.com\/it\/cosa-vedere\/attrazioni-principali\/le-piazze-di-trieste\/","title":{"rendered":"Le Piazze di Trieste"},"content":{"rendered":"<p><span style=\"font-weight: 400\"><strong>Vivaci e spettacolari<\/strong>, tutte con una storia da raccontare, le piazze di Trieste sono luoghi da vivere di giorno e di sera, tra ciacole, caff\u00e8 e liston. Le ciacole in triestino sono le chiacchiere mentre il liston o meglio far liston, \u00e8 il passeggio sulla piazza, consuetudine per incontrare e farsi notare.<a href=\"https:\/\/www.dttrieste.com\/it\/cosa-vedere\/attrazioni-principali\/caffe-storici\/\"> Il caff\u00e8<\/a> \u00e8 il rito laico da consumare nei locali storici e di nuova generazione di Trieste.<\/span><\/p>\n<h3><span style=\"font-weight: 400\">Piazza dell\u2019Unit\u00e0 d\u2019Italia<\/span><\/h3>\n<p><span style=\"font-weight: 400\">La visita delle piazze del centro storico inizia da <strong>Piazza dell\u2019Unit\u00e0 d\u2019Italia<\/strong>. Luogo iconico, celebrata come lo spiazzo pubblico affacciato sul mare pi\u00f9 grande d\u2019Europa, incanta sempre per la vista sull\u2019azzurro del Golfo e la cornice di palazzi bianchi che la cingono.\u00a0<\/span><\/p>\n<p><span style=\"font-weight: 400\">Teatro degli eventi che cambiarono il Mondo nella prima met\u00e0 del Novecento: nel luglio 1914 qui arrivarono le salme dell\u2019arciduca Francesco Ferdinando e della moglie, vittime dell\u2019attentato di Sarajevo, scintilla della Prima Guerra Mondiale; nel novembre del 1918 la popolazione accolse i bersaglieri sbarcati dal cacciatorpediniere Audace, prima nave italiana ad arrivare in citt\u00e0 alla fine del conflitto mondiale; nel settembre 1938 Mussolini promulg\u00f2 le leggi razziali contro gli Ebrei e nel 1954 la piazza accolse la folla festante per il definitivo ritorno di Trieste all\u2019Italia dopo la Seconda Guerra Mondiale.\u00a0<\/span><\/p>\n<p><span style=\"font-weight: 400\">Oggi piazza Unit\u00e0 \u00e8 uno spazio vivace che <strong>oltre ad accogliere triestini e visitatori<\/strong>, ospita <strong>eventi<\/strong>, concerti, <strong>festival<\/strong> di grande richiamo. Nei palazzi storici che la circondano, realizzati tra XVIII e XX secolo, hanno sede istituzioni pubbliche con sempre un gran viavai, mentre attorno alla Fontana dei Quattro Continenti si esibiscono gli artisti di strada e dall\u2019alto della torre dell\u2019orologio, i paggi Michez e Jachez battono le ore da pi\u00f9 di cento anni.<\/span><\/p>\n<p><span style=\"font-weight: 400\">Una sosta al Caff\u00e8 degli Specchi \u00e8 d\u2019obbligo, per vivere l\u2019<strong>atmosfera mitteleuropea<\/strong> che ancora avvolge lo storico locale.\u00a0<\/span><\/p>\n","protected":false},"excerpt":{"rendered":"<p>Vivaci e spettacolari, tutte con una storia da raccontare, le piazze di Trieste sono luoghi da vivere di giorno e di sera, tra ciacole, caff\u00e8 e liston. Le ciacole in triestino sono le chiacchiere mentre il liston o meglio far liston, \u00e8 il passeggio sulla piazza, consuetudine per incontrare e farsi notare. Il caff\u00e8 \u00e8 [&hellip;]<\/p>\n","protected":false},"author":6,"featured_media":0,"parent":430,"menu_order":94,"comment_status":"closed","ping_status":"closed","template":"template-default-2.php","meta":{"footnotes":""},"class_list":["post-436","page","type-page","status-publish","hentry"],"yoast_head":"<!-- This site is optimized with the Yoast SEO plugin v26.9 - https:\/\/yoast.com\/product\/yoast-seo-wordpress\/ -->\n<title>Piazza dell&#039;Unit\u00e0, della Repubblica, della Borsa | Hilton Trieste<\/title>\n<meta name=\"description\" content=\"In pieno centro storico, il DoubleTree by Hilton Trieste \u00e8 strategico per la visita alle principali piazze della citt\u00e0, ricche di storia e tradizione.\" \/>\n<meta name=\"robots\" content=\"index, follow, max-snippet:-1, max-image-preview:large, max-video-preview:-1\" \/>\n<link rel=\"canonical\" href=\"https:\/\/www.dttrieste.com\/it\/cosa-vedere\/attrazioni-principali\/le-piazze-di-trieste\/\" \/>\n<meta property=\"og:locale\" content=\"it_IT\" \/>\n<meta property=\"og:type\" content=\"article\" \/>\n<meta property=\"og:title\" content=\"Piazza dell&#039;Unit\u00e0, della Repubblica, della Borsa | Hilton Trieste\" \/>\n<meta property=\"og:description\" content=\"In pieno centro storico, il DoubleTree by Hilton Trieste \u00e8 strategico per la visita alle principali piazze della citt\u00e0, ricche di storia e tradizione.\" \/>\n<meta property=\"og:url\" content=\"https:\/\/www.dttrieste.com\/it\/cosa-vedere\/attrazioni-principali\/le-piazze-di-trieste\/\" \/>\n<meta property=\"og:site_name\" content=\"DoubleTree by Hilton Trieste\" \/>\n<meta property=\"article:modified_time\" content=\"2022-07-13T10:37:33+00:00\" \/>\n<meta name=\"twitter:card\" content=\"summary_large_image\" \/>\n<meta name=\"twitter:label1\" content=\"Tempo di lettura stimato\" \/>\n\t<meta name=\"twitter:data1\" content=\"1 minuto\" \/>\n<script type=\"application\/ld+json\" class=\"yoast-schema-graph\">{\"@context\":\"https:\/\/schema.org\",\"@graph\":[{\"@type\":\"WebPage\",\"@id\":\"https:\/\/www.dttrieste.com\/it\/cosa-vedere\/attrazioni-principali\/le-piazze-di-trieste\/\",\"url\":\"https:\/\/www.dttrieste.com\/it\/cosa-vedere\/attrazioni-principali\/le-piazze-di-trieste\/\",\"name\":\"Piazza dell'Unit\u00e0, della Repubblica, della Borsa | Hilton Trieste\",\"isPartOf\":{\"@id\":\"https:\/\/www.dttrieste.com\/it\/#website\"},\"datePublished\":\"2021-10-19T15:39:46+00:00\",\"dateModified\":\"2022-07-13T10:37:33+00:00\",\"description\":\"In pieno centro storico, il DoubleTree by Hilton Trieste \u00e8 strategico per la visita alle principali piazze della citt\u00e0, ricche di storia e tradizione.\",\"breadcrumb\":{\"@id\":\"https:\/\/www.dttrieste.com\/it\/cosa-vedere\/attrazioni-principali\/le-piazze-di-trieste\/#breadcrumb\"},\"inLanguage\":\"it-IT\",\"potentialAction\":[{\"@type\":\"ReadAction\",\"target\":[\"https:\/\/www.dttrieste.com\/it\/cosa-vedere\/attrazioni-principali\/le-piazze-di-trieste\/\"]}]},{\"@type\":\"BreadcrumbList\",\"@id\":\"https:\/\/www.dttrieste.com\/it\/cosa-vedere\/attrazioni-principali\/le-piazze-di-trieste\/#breadcrumb\",\"itemListElement\":[{\"@type\":\"ListItem\",\"position\":1,\"name\":\"Home\",\"item\":\"https:\/\/www.dttrieste.com\/it\/\"},{\"@type\":\"ListItem\",\"position\":2,\"name\":\"Cosa vedere a Trieste e dintorni\",\"item\":\"https:\/\/www.dttrieste.com\/it\/cosa-vedere\/\"},{\"@type\":\"ListItem\",\"position\":3,\"name\":\"Attrazioni Principali\",\"item\":\"https:\/\/www.dttrieste.com\/it\/cosa-vedere\/attrazioni-principali\/\"},{\"@type\":\"ListItem\",\"position\":4,\"name\":\"Le Piazze di Trieste\"}]},{\"@type\":\"WebSite\",\"@id\":\"https:\/\/www.dttrieste.com\/it\/#website\",\"url\":\"https:\/\/www.dttrieste.com\/it\/\",\"name\":\"DoubleTree by Hilton Trieste\",\"description\":\"Just another ms.decms.eu site\",\"publisher\":{\"@id\":\"https:\/\/www.dttrieste.com\/it\/#organization\"},\"potentialAction\":[{\"@type\":\"SearchAction\",\"target\":{\"@type\":\"EntryPoint\",\"urlTemplate\":\"https:\/\/www.dttrieste.com\/it\/?s={search_term_string}\"},\"query-input\":{\"@type\":\"PropertyValueSpecification\",\"valueRequired\":true,\"valueName\":\"search_term_string\"}}],\"inLanguage\":\"it-IT\"},{\"@type\":\"Organization\",\"@id\":\"https:\/\/www.dttrieste.com\/it\/#organization\",\"name\":\"Hilton Trieste\",\"url\":\"https:\/\/www.dttrieste.com\/it\/\",\"logo\":{\"@type\":\"ImageObject\",\"inLanguage\":\"it-IT\",\"@id\":\"https:\/\/www.dttrieste.com\/it\/#\/schema\/logo\/image\/\",\"url\":\"https:\/\/www.dttrieste.com\/wp-content\/uploads\/sites\/326\/2021\/07\/DT_Vertical_Logo-black.png\",\"contentUrl\":\"https:\/\/www.dttrieste.com\/wp-content\/uploads\/sites\/326\/2021\/07\/DT_Vertical_Logo-black.png\",\"width\":1684,\"height\":1466,\"caption\":\"Hilton Trieste\"},\"image\":{\"@id\":\"https:\/\/www.dttrieste.com\/it\/#\/schema\/logo\/image\/\"}}]}<\/script>\n<!-- \/ Yoast SEO plugin. -->","yoast_head_json":{"title":"Piazza dell'Unit\u00e0, della Repubblica, della Borsa | Hilton Trieste","description":"In pieno centro storico, il DoubleTree by Hilton Trieste \u00e8 strategico per la visita alle principali piazze della citt\u00e0, ricche di storia e tradizione.","robots":{"index":"index","follow":"follow","max-snippet":"max-snippet:-1","max-image-preview":"max-image-preview:large","max-video-preview":"max-video-preview:-1"},"canonical":"https:\/\/www.dttrieste.com\/it\/cosa-vedere\/attrazioni-principali\/le-piazze-di-trieste\/","og_locale":"it_IT","og_type":"article","og_title":"Piazza dell'Unit\u00e0, della Repubblica, della Borsa | Hilton Trieste","og_description":"In pieno centro storico, il DoubleTree by Hilton Trieste \u00e8 strategico per la visita alle principali piazze della citt\u00e0, ricche di storia e tradizione.","og_url":"https:\/\/www.dttrieste.com\/it\/cosa-vedere\/attrazioni-principali\/le-piazze-di-trieste\/","og_site_name":"DoubleTree by Hilton Trieste","article_modified_time":"2022-07-13T10:37:33+00:00","twitter_card":"summary_large_image","twitter_misc":{"Tempo di lettura stimato":"1 minuto"},"schema":{"@context":"https:\/\/schema.org","@graph":[{"@type":"WebPage","@id":"https:\/\/www.dttrieste.com\/it\/cosa-vedere\/attrazioni-principali\/le-piazze-di-trieste\/","url":"https:\/\/www.dttrieste.com\/it\/cosa-vedere\/attrazioni-principali\/le-piazze-di-trieste\/","name":"Piazza dell'Unit\u00e0, della Repubblica, della Borsa | Hilton Trieste","isPartOf":{"@id":"https:\/\/www.dttrieste.com\/it\/#website"},"datePublished":"2021-10-19T15:39:46+00:00","dateModified":"2022-07-13T10:37:33+00:00","description":"In pieno centro storico, il DoubleTree by Hilton Trieste \u00e8 strategico per la visita alle principali piazze della citt\u00e0, ricche di storia e tradizione.","breadcrumb":{"@id":"https:\/\/www.dttrieste.com\/it\/cosa-vedere\/attrazioni-principali\/le-piazze-di-trieste\/#breadcrumb"},"inLanguage":"it-IT","potentialAction":[{"@type":"ReadAction","target":["https:\/\/www.dttrieste.com\/it\/cosa-vedere\/attrazioni-principali\/le-piazze-di-trieste\/"]}]},{"@type":"BreadcrumbList","@id":"https:\/\/www.dttrieste.com\/it\/cosa-vedere\/attrazioni-principali\/le-piazze-di-trieste\/#breadcrumb","itemListElement":[{"@type":"ListItem","position":1,"name":"Home","item":"https:\/\/www.dttrieste.com\/it\/"},{"@type":"ListItem","position":2,"name":"Cosa vedere a Trieste e dintorni","item":"https:\/\/www.dttrieste.com\/it\/cosa-vedere\/"},{"@type":"ListItem","position":3,"name":"Attrazioni Principali","item":"https:\/\/www.dttrieste.com\/it\/cosa-vedere\/attrazioni-principali\/"},{"@type":"ListItem","position":4,"name":"Le Piazze di Trieste"}]},{"@type":"WebSite","@id":"https:\/\/www.dttrieste.com\/it\/#website","url":"https:\/\/www.dttrieste.com\/it\/","name":"DoubleTree by Hilton Trieste","description":"Just another ms.decms.eu site","publisher":{"@id":"https:\/\/www.dttrieste.com\/it\/#organization"},"potentialAction":[{"@type":"SearchAction","target":{"@type":"EntryPoint","urlTemplate":"https:\/\/www.dttrieste.com\/it\/?s={search_term_string}"},"query-input":{"@type":"PropertyValueSpecification","valueRequired":true,"valueName":"search_term_string"}}],"inLanguage":"it-IT"},{"@type":"Organization","@id":"https:\/\/www.dttrieste.com\/it\/#organization","name":"Hilton Trieste","url":"https:\/\/www.dttrieste.com\/it\/","logo":{"@type":"ImageObject","inLanguage":"it-IT","@id":"https:\/\/www.dttrieste.com\/it\/#\/schema\/logo\/image\/","url":"https:\/\/www.dttrieste.com\/wp-content\/uploads\/sites\/326\/2021\/07\/DT_Vertical_Logo-black.png","contentUrl":"https:\/\/www.dttrieste.com\/wp-content\/uploads\/sites\/326\/2021\/07\/DT_Vertical_Logo-black.png","width":1684,"height":1466,"caption":"Hilton Trieste"},"image":{"@id":"https:\/\/www.dttrieste.com\/it\/#\/schema\/logo\/image\/"}}]}},"acf":[],"_links":{"self":[{"href":"https:\/\/www.dttrieste.com\/it\/wp-json\/wp\/v2\/pages\/436","targetHints":{"allow":["GET"]}}],"collection":[{"href":"https:\/\/www.dttrieste.com\/it\/wp-json\/wp\/v2\/pages"}],"about":[{"href":"https:\/\/www.dttrieste.com\/it\/wp-json\/wp\/v2\/types\/page"}],"author":[{"embeddable":true,"href":"https:\/\/www.dttrieste.com\/it\/wp-json\/wp\/v2\/users\/6"}],"replies":[{"embeddable":true,"href":"https:\/\/www.dttrieste.com\/it\/wp-json\/wp\/v2\/comments?post=436"}],"version-history":[{"count":0,"href":"https:\/\/www.dttrieste.com\/it\/wp-json\/wp\/v2\/pages\/436\/revisions"}],"up":[{"embeddable":true,"href":"https:\/\/www.dttrieste.com\/it\/wp-json\/wp\/v2\/pages\/430"}],"wp:attachment":[{"href":"https:\/\/www.dttrieste.com\/it\/wp-json\/wp\/v2\/media?parent=436"}],"curies":[{"name":"wp","href":"https:\/\/api.w.org\/{rel}","templated":true}]}}