{"id":432,"date":"2021-10-19T15:39:13","date_gmt":"2021-10-19T15:39:13","guid":{"rendered":"https:\/\/hiltontrieste.ms.decms.eu\/cosa-vedere\/attrazioni-principali\/castello-di-miramare\/"},"modified":"2023-07-11T09:02:55","modified_gmt":"2023-07-11T09:02:55","slug":"castello-di-miramare","status":"publish","type":"page","link":"https:\/\/www.dttrieste.com\/it\/cosa-vedere\/attrazioni-principali\/castello-di-miramare\/","title":{"rendered":"Castello di Miramare"},"content":{"rendered":"<p><span style=\"font-weight: 400\">Bianco, incastonato tra l\u2019azzurro del mare e il verde del parco che lo circonda, il <strong>Castello di Miramare \u00e8 un incanto<\/strong>. Costruito tra il 1856 e il 1860 per volont\u00e0 di Massimiliano d\u2019Asburgo, fu la residenza dell\u2019arciduca e della moglie, la principessa Carlotta del Belgio, fino al 1864.\u00a0<\/span><\/p>\n<p><span style=\"font-weight: 400\">La leggenda narra che Massimiliano si innamor\u00f2 della baia di Grignano, dove sorge il castello, quando vi si rifugi\u00f2 durante un fortunale, e qui volle dare vita ad una dimora principesca immersa in un parco botanico, realizzata in pietra bianca d\u2019Istria, dove vivere assieme all\u2019amata moglie.\u00a0<\/span><\/p>\n<p><span style=\"font-weight: 400\">Il castello al suo interno ha mantenuto l\u2019<strong>aspetto originale<\/strong>, con al primo piano l\u2019atmosfera intima dell\u2019abitazione privata e, al secondo piano, lo sfarzo delle stanze di rappresentanza. Il parco rigoglioso che lo circonda \u00e8 ricco di<strong> essenze esotiche<\/strong>, scelte personalmente dall\u2019arciduca, appassionato di botanica. Massimiliano chiese ai progettisti una splendida terrazza intorno al maniero, dove poter passeggiare con la moglie e da dove si gode ancora oggi di una vista meravigliosa sul Golfo di Trieste.\u00a0<\/span><\/p>\n<p><span style=\"font-weight: 400\">Nel 1864 Massimiliano d\u2019Asburgo venne proclamato Imperatore del Messico e di l\u00ec a poco salp\u00f2 da Trieste alla volta del paese sudamericano dove, abbandonato al suo destino dagli alleati, mor\u00ec fucilato dai rivoltosi nel 1867. Carlotta del Belgio, impazzita dal dolore, torn\u00f2 a Miramare ma non riusc\u00ec a sopportate la perdita del marito e si ritir\u00f2 in Belgio, dove mor\u00ec nel 1927.\u00a0<\/span><\/p>\n<p>Puoi scoprire di pi\u00f9 sul nostro blog: <a href=\"https:\/\/www.dttrieste.com\/it\/visita-castello-di-miramare-storia-curiosita\/\" target=\"_blank\" rel=\"noopener\"><strong>Castello di Miramare, storia e curiosit\u00e0<\/strong><\/a>.<\/p>\n","protected":false},"excerpt":{"rendered":"<p>Bianco, incastonato tra l\u2019azzurro del mare e il verde del parco che lo circonda, il Castello di Miramare \u00e8 un incanto. Costruito tra il 1856 e il 1860 per volont\u00e0 di Massimiliano d\u2019Asburgo, fu la residenza dell\u2019arciduca e della moglie, la principessa Carlotta del Belgio, fino al 1864.\u00a0 La leggenda narra che Massimiliano si innamor\u00f2 [&hellip;]<\/p>\n","protected":false},"author":6,"featured_media":0,"parent":430,"menu_order":92,"comment_status":"closed","ping_status":"closed","template":"template-default-2.php","meta":{"footnotes":""},"class_list":["post-432","page","type-page","status-publish","hentry"],"yoast_head":"<!-- This site is optimized with the Yoast SEO plugin v26.9 - https:\/\/yoast.com\/product\/yoast-seo-wordpress\/ -->\n<title>Castello di Miramare a Trieste | DoubleTree by Hilton Trieste<\/title>\n<meta name=\"description\" content=\"Lasciati incantare dalla magia del Castello di Miramare: con il suo parco e il suo museo storico, sapr\u00e0 svelarti le sue leggende e i suoi segreti!\" \/>\n<meta name=\"robots\" content=\"index, follow, max-snippet:-1, max-image-preview:large, max-video-preview:-1\" \/>\n<link rel=\"canonical\" href=\"https:\/\/www.dttrieste.com\/it\/cosa-vedere\/attrazioni-principali\/castello-di-miramare\/\" \/>\n<meta property=\"og:locale\" content=\"it_IT\" \/>\n<meta property=\"og:type\" content=\"article\" \/>\n<meta property=\"og:title\" content=\"Castello di Miramare a Trieste | DoubleTree by Hilton Trieste\" \/>\n<meta property=\"og:description\" content=\"Lasciati incantare dalla magia del Castello di Miramare: con il suo parco e il suo museo storico, sapr\u00e0 svelarti le sue leggende e i suoi segreti!\" \/>\n<meta property=\"og:url\" content=\"https:\/\/www.dttrieste.com\/it\/cosa-vedere\/attrazioni-principali\/castello-di-miramare\/\" \/>\n<meta property=\"og:site_name\" content=\"DoubleTree by Hilton Trieste\" \/>\n<meta property=\"article:modified_time\" content=\"2023-07-11T09:02:55+00:00\" \/>\n<meta name=\"twitter:card\" content=\"summary_large_image\" \/>\n<meta name=\"twitter:label1\" content=\"Tempo di lettura stimato\" \/>\n\t<meta name=\"twitter:data1\" content=\"2 minuti\" \/>\n<script type=\"application\/ld+json\" class=\"yoast-schema-graph\">{\"@context\":\"https:\/\/schema.org\",\"@graph\":[{\"@type\":\"WebPage\",\"@id\":\"https:\/\/www.dttrieste.com\/it\/cosa-vedere\/attrazioni-principali\/castello-di-miramare\/\",\"url\":\"https:\/\/www.dttrieste.com\/it\/cosa-vedere\/attrazioni-principali\/castello-di-miramare\/\",\"name\":\"Castello di Miramare a Trieste | DoubleTree by Hilton Trieste\",\"isPartOf\":{\"@id\":\"https:\/\/www.dttrieste.com\/it\/#website\"},\"datePublished\":\"2021-10-19T15:39:13+00:00\",\"dateModified\":\"2023-07-11T09:02:55+00:00\",\"description\":\"Lasciati incantare dalla magia del Castello di Miramare: con il suo parco e il suo museo storico, sapr\u00e0 svelarti le sue leggende e i suoi segreti!\",\"breadcrumb\":{\"@id\":\"https:\/\/www.dttrieste.com\/it\/cosa-vedere\/attrazioni-principali\/castello-di-miramare\/#breadcrumb\"},\"inLanguage\":\"it-IT\",\"potentialAction\":[{\"@type\":\"ReadAction\",\"target\":[\"https:\/\/www.dttrieste.com\/it\/cosa-vedere\/attrazioni-principali\/castello-di-miramare\/\"]}]},{\"@type\":\"BreadcrumbList\",\"@id\":\"https:\/\/www.dttrieste.com\/it\/cosa-vedere\/attrazioni-principali\/castello-di-miramare\/#breadcrumb\",\"itemListElement\":[{\"@type\":\"ListItem\",\"position\":1,\"name\":\"Home\",\"item\":\"https:\/\/www.dttrieste.com\/it\/\"},{\"@type\":\"ListItem\",\"position\":2,\"name\":\"Cosa vedere a Trieste e dintorni\",\"item\":\"https:\/\/www.dttrieste.com\/it\/cosa-vedere\/\"},{\"@type\":\"ListItem\",\"position\":3,\"name\":\"Attrazioni Principali\",\"item\":\"https:\/\/www.dttrieste.com\/it\/cosa-vedere\/attrazioni-principali\/\"},{\"@type\":\"ListItem\",\"position\":4,\"name\":\"Castello di Miramare\"}]},{\"@type\":\"WebSite\",\"@id\":\"https:\/\/www.dttrieste.com\/it\/#website\",\"url\":\"https:\/\/www.dttrieste.com\/it\/\",\"name\":\"DoubleTree by Hilton Trieste\",\"description\":\"Just another ms.decms.eu site\",\"publisher\":{\"@id\":\"https:\/\/www.dttrieste.com\/it\/#organization\"},\"potentialAction\":[{\"@type\":\"SearchAction\",\"target\":{\"@type\":\"EntryPoint\",\"urlTemplate\":\"https:\/\/www.dttrieste.com\/it\/?s={search_term_string}\"},\"query-input\":{\"@type\":\"PropertyValueSpecification\",\"valueRequired\":true,\"valueName\":\"search_term_string\"}}],\"inLanguage\":\"it-IT\"},{\"@type\":\"Organization\",\"@id\":\"https:\/\/www.dttrieste.com\/it\/#organization\",\"name\":\"Hilton Trieste\",\"url\":\"https:\/\/www.dttrieste.com\/it\/\",\"logo\":{\"@type\":\"ImageObject\",\"inLanguage\":\"it-IT\",\"@id\":\"https:\/\/www.dttrieste.com\/it\/#\/schema\/logo\/image\/\",\"url\":\"https:\/\/www.dttrieste.com\/wp-content\/uploads\/sites\/326\/2021\/07\/DT_Vertical_Logo-black.png\",\"contentUrl\":\"https:\/\/www.dttrieste.com\/wp-content\/uploads\/sites\/326\/2021\/07\/DT_Vertical_Logo-black.png\",\"width\":1684,\"height\":1466,\"caption\":\"Hilton Trieste\"},\"image\":{\"@id\":\"https:\/\/www.dttrieste.com\/it\/#\/schema\/logo\/image\/\"}}]}<\/script>\n<!-- \/ Yoast SEO plugin. -->","yoast_head_json":{"title":"Castello di Miramare a Trieste | DoubleTree by Hilton Trieste","description":"Lasciati incantare dalla magia del Castello di Miramare: con il suo parco e il suo museo storico, sapr\u00e0 svelarti le sue leggende e i suoi segreti!","robots":{"index":"index","follow":"follow","max-snippet":"max-snippet:-1","max-image-preview":"max-image-preview:large","max-video-preview":"max-video-preview:-1"},"canonical":"https:\/\/www.dttrieste.com\/it\/cosa-vedere\/attrazioni-principali\/castello-di-miramare\/","og_locale":"it_IT","og_type":"article","og_title":"Castello di Miramare a Trieste | DoubleTree by Hilton Trieste","og_description":"Lasciati incantare dalla magia del Castello di Miramare: con il suo parco e il suo museo storico, sapr\u00e0 svelarti le sue leggende e i suoi segreti!","og_url":"https:\/\/www.dttrieste.com\/it\/cosa-vedere\/attrazioni-principali\/castello-di-miramare\/","og_site_name":"DoubleTree by Hilton Trieste","article_modified_time":"2023-07-11T09:02:55+00:00","twitter_card":"summary_large_image","twitter_misc":{"Tempo di lettura stimato":"2 minuti"},"schema":{"@context":"https:\/\/schema.org","@graph":[{"@type":"WebPage","@id":"https:\/\/www.dttrieste.com\/it\/cosa-vedere\/attrazioni-principali\/castello-di-miramare\/","url":"https:\/\/www.dttrieste.com\/it\/cosa-vedere\/attrazioni-principali\/castello-di-miramare\/","name":"Castello di Miramare a Trieste | DoubleTree by Hilton Trieste","isPartOf":{"@id":"https:\/\/www.dttrieste.com\/it\/#website"},"datePublished":"2021-10-19T15:39:13+00:00","dateModified":"2023-07-11T09:02:55+00:00","description":"Lasciati incantare dalla magia del Castello di Miramare: con il suo parco e il suo museo storico, sapr\u00e0 svelarti le sue leggende e i suoi segreti!","breadcrumb":{"@id":"https:\/\/www.dttrieste.com\/it\/cosa-vedere\/attrazioni-principali\/castello-di-miramare\/#breadcrumb"},"inLanguage":"it-IT","potentialAction":[{"@type":"ReadAction","target":["https:\/\/www.dttrieste.com\/it\/cosa-vedere\/attrazioni-principali\/castello-di-miramare\/"]}]},{"@type":"BreadcrumbList","@id":"https:\/\/www.dttrieste.com\/it\/cosa-vedere\/attrazioni-principali\/castello-di-miramare\/#breadcrumb","itemListElement":[{"@type":"ListItem","position":1,"name":"Home","item":"https:\/\/www.dttrieste.com\/it\/"},{"@type":"ListItem","position":2,"name":"Cosa vedere a Trieste e dintorni","item":"https:\/\/www.dttrieste.com\/it\/cosa-vedere\/"},{"@type":"ListItem","position":3,"name":"Attrazioni Principali","item":"https:\/\/www.dttrieste.com\/it\/cosa-vedere\/attrazioni-principali\/"},{"@type":"ListItem","position":4,"name":"Castello di Miramare"}]},{"@type":"WebSite","@id":"https:\/\/www.dttrieste.com\/it\/#website","url":"https:\/\/www.dttrieste.com\/it\/","name":"DoubleTree by Hilton Trieste","description":"Just another ms.decms.eu site","publisher":{"@id":"https:\/\/www.dttrieste.com\/it\/#organization"},"potentialAction":[{"@type":"SearchAction","target":{"@type":"EntryPoint","urlTemplate":"https:\/\/www.dttrieste.com\/it\/?s={search_term_string}"},"query-input":{"@type":"PropertyValueSpecification","valueRequired":true,"valueName":"search_term_string"}}],"inLanguage":"it-IT"},{"@type":"Organization","@id":"https:\/\/www.dttrieste.com\/it\/#organization","name":"Hilton Trieste","url":"https:\/\/www.dttrieste.com\/it\/","logo":{"@type":"ImageObject","inLanguage":"it-IT","@id":"https:\/\/www.dttrieste.com\/it\/#\/schema\/logo\/image\/","url":"https:\/\/www.dttrieste.com\/wp-content\/uploads\/sites\/326\/2021\/07\/DT_Vertical_Logo-black.png","contentUrl":"https:\/\/www.dttrieste.com\/wp-content\/uploads\/sites\/326\/2021\/07\/DT_Vertical_Logo-black.png","width":1684,"height":1466,"caption":"Hilton Trieste"},"image":{"@id":"https:\/\/www.dttrieste.com\/it\/#\/schema\/logo\/image\/"}}]}},"acf":[],"_links":{"self":[{"href":"https:\/\/www.dttrieste.com\/it\/wp-json\/wp\/v2\/pages\/432","targetHints":{"allow":["GET"]}}],"collection":[{"href":"https:\/\/www.dttrieste.com\/it\/wp-json\/wp\/v2\/pages"}],"about":[{"href":"https:\/\/www.dttrieste.com\/it\/wp-json\/wp\/v2\/types\/page"}],"author":[{"embeddable":true,"href":"https:\/\/www.dttrieste.com\/it\/wp-json\/wp\/v2\/users\/6"}],"replies":[{"embeddable":true,"href":"https:\/\/www.dttrieste.com\/it\/wp-json\/wp\/v2\/comments?post=432"}],"version-history":[{"count":0,"href":"https:\/\/www.dttrieste.com\/it\/wp-json\/wp\/v2\/pages\/432\/revisions"}],"up":[{"embeddable":true,"href":"https:\/\/www.dttrieste.com\/it\/wp-json\/wp\/v2\/pages\/430"}],"wp:attachment":[{"href":"https:\/\/www.dttrieste.com\/it\/wp-json\/wp\/v2\/media?parent=432"}],"curies":[{"name":"wp","href":"https:\/\/api.w.org\/{rel}","templated":true}]}}