{"id":423,"date":"2021-07-12T15:21:46","date_gmt":"2021-07-12T15:21:46","guid":{"rendered":"https:\/\/hiltontrieste.ms.decms.eu\/dove-siamo\/"},"modified":"2022-04-08T09:14:11","modified_gmt":"2022-04-08T09:14:11","slug":"dove-siamo","status":"publish","type":"page","link":"https:\/\/www.dttrieste.com\/it\/dove-siamo\/","title":{"rendered":"Dove Siamo"},"content":{"rendered":"<p><span style=\"font-weight: 400\">DoubleTree by Hilton Trieste si trova nel<strong> cuore di Trieste<\/strong>, al numero 1 di Piazza della Repubblica.\u00a0<\/span><\/p>\n<p><span style=\"font-weight: 400\">\u00c8 qui che Trieste vi accoglie nelle <strong>vivaci vie<\/strong> del centro, tra vetrine di negozi eleganti, caff\u00e8 e palazzi storici, dove passeggiare \u00e8 un <strong>vero piacere<\/strong>. Piazza Unit\u00e0, le Rive e il Molo Audace sono a soli 700 metri dall\u2019Hotel, mentre Museo Revoltella e Teatro Romano sono a meno di un quarto d\u2019ora di passeggiata, come il Politeama Rossetti e il Teatro Verdi, sedi di prestigiose stagioni di lirica e prosa. <\/span><\/p>\n","protected":false},"excerpt":{"rendered":"<p>DoubleTree by Hilton Trieste si trova nel cuore di Trieste, al numero 1 di Piazza della Repubblica.\u00a0 \u00c8 qui che Trieste vi accoglie nelle vivaci vie del centro, tra vetrine di negozi eleganti, caff\u00e8 e palazzi storici, dove passeggiare \u00e8 un vero piacere. Piazza Unit\u00e0, le Rive e il Molo Audace sono a soli 700 [&hellip;]<\/p>\n","protected":false},"author":6,"featured_media":0,"parent":0,"menu_order":150,"comment_status":"closed","ping_status":"closed","template":"template-location.php","meta":{"footnotes":""},"class_list":["post-423","page","type-page","status-publish","hentry"],"yoast_head":"<!-- This site is optimized with the Yoast SEO plugin v26.9 - https:\/\/yoast.com\/product\/yoast-seo-wordpress\/ -->\n<title>Indirizzo e come raggiungerci | DoubleTree by Hilton Trieste<\/title>\n<meta name=\"description\" content=\"DoubleTree by Hilton Trieste sorge in Piazza della Repubblica, a pochi passi da Piazza dell&#039;Unit\u00e0. Scopri il servizio di car valet e il parcheggio coperto.\" \/>\n<meta name=\"robots\" content=\"index, follow, max-snippet:-1, max-image-preview:large, max-video-preview:-1\" \/>\n<link rel=\"canonical\" href=\"https:\/\/www.dttrieste.com\/it\/dove-siamo\/\" \/>\n<meta property=\"og:locale\" content=\"it_IT\" \/>\n<meta property=\"og:type\" content=\"article\" \/>\n<meta property=\"og:title\" content=\"Indirizzo e come raggiungerci | DoubleTree by Hilton Trieste\" \/>\n<meta property=\"og:description\" content=\"DoubleTree by Hilton Trieste sorge in Piazza della Repubblica, a pochi passi da Piazza dell&#039;Unit\u00e0. Scopri il servizio di car valet e il parcheggio coperto.\" \/>\n<meta property=\"og:url\" content=\"https:\/\/www.dttrieste.com\/it\/dove-siamo\/\" \/>\n<meta property=\"og:site_name\" content=\"DoubleTree by Hilton Trieste\" \/>\n<meta property=\"article:modified_time\" content=\"2022-04-08T09:14:11+00:00\" \/>\n<meta name=\"twitter:card\" content=\"summary_large_image\" \/>\n<meta name=\"twitter:label1\" content=\"Tempo di lettura stimato\" \/>\n\t<meta name=\"twitter:data1\" content=\"1 minuto\" \/>\n<script type=\"application\/ld+json\" class=\"yoast-schema-graph\">{\"@context\":\"https:\/\/schema.org\",\"@graph\":[{\"@type\":\"WebPage\",\"@id\":\"https:\/\/www.dttrieste.com\/it\/dove-siamo\/\",\"url\":\"https:\/\/www.dttrieste.com\/it\/dove-siamo\/\",\"name\":\"Indirizzo e come raggiungerci | DoubleTree by Hilton Trieste\",\"isPartOf\":{\"@id\":\"https:\/\/www.dttrieste.com\/it\/#website\"},\"datePublished\":\"2021-07-12T15:21:46+00:00\",\"dateModified\":\"2022-04-08T09:14:11+00:00\",\"description\":\"DoubleTree by Hilton Trieste sorge in Piazza della Repubblica, a pochi passi da Piazza dell'Unit\u00e0. Scopri il servizio di car valet e il parcheggio coperto.\",\"breadcrumb\":{\"@id\":\"https:\/\/www.dttrieste.com\/it\/dove-siamo\/#breadcrumb\"},\"inLanguage\":\"it-IT\",\"potentialAction\":[{\"@type\":\"ReadAction\",\"target\":[\"https:\/\/www.dttrieste.com\/it\/dove-siamo\/\"]}]},{\"@type\":\"BreadcrumbList\",\"@id\":\"https:\/\/www.dttrieste.com\/it\/dove-siamo\/#breadcrumb\",\"itemListElement\":[{\"@type\":\"ListItem\",\"position\":1,\"name\":\"Home\",\"item\":\"https:\/\/www.dttrieste.com\/it\/\"},{\"@type\":\"ListItem\",\"position\":2,\"name\":\"Dove Siamo\"}]},{\"@type\":\"WebSite\",\"@id\":\"https:\/\/www.dttrieste.com\/it\/#website\",\"url\":\"https:\/\/www.dttrieste.com\/it\/\",\"name\":\"DoubleTree by Hilton Trieste\",\"description\":\"Just another ms.decms.eu site\",\"publisher\":{\"@id\":\"https:\/\/www.dttrieste.com\/it\/#organization\"},\"potentialAction\":[{\"@type\":\"SearchAction\",\"target\":{\"@type\":\"EntryPoint\",\"urlTemplate\":\"https:\/\/www.dttrieste.com\/it\/?s={search_term_string}\"},\"query-input\":{\"@type\":\"PropertyValueSpecification\",\"valueRequired\":true,\"valueName\":\"search_term_string\"}}],\"inLanguage\":\"it-IT\"},{\"@type\":\"Organization\",\"@id\":\"https:\/\/www.dttrieste.com\/it\/#organization\",\"name\":\"Hilton Trieste\",\"url\":\"https:\/\/www.dttrieste.com\/it\/\",\"logo\":{\"@type\":\"ImageObject\",\"inLanguage\":\"it-IT\",\"@id\":\"https:\/\/www.dttrieste.com\/it\/#\/schema\/logo\/image\/\",\"url\":\"https:\/\/www.dttrieste.com\/wp-content\/uploads\/sites\/326\/2021\/07\/DT_Vertical_Logo-black.png\",\"contentUrl\":\"https:\/\/www.dttrieste.com\/wp-content\/uploads\/sites\/326\/2021\/07\/DT_Vertical_Logo-black.png\",\"width\":1684,\"height\":1466,\"caption\":\"Hilton Trieste\"},\"image\":{\"@id\":\"https:\/\/www.dttrieste.com\/it\/#\/schema\/logo\/image\/\"}}]}<\/script>\n<!-- \/ Yoast SEO plugin. -->","yoast_head_json":{"title":"Indirizzo e come raggiungerci | DoubleTree by Hilton Trieste","description":"DoubleTree by Hilton Trieste sorge in Piazza della Repubblica, a pochi passi da Piazza dell'Unit\u00e0. Scopri il servizio di car valet e il parcheggio coperto.","robots":{"index":"index","follow":"follow","max-snippet":"max-snippet:-1","max-image-preview":"max-image-preview:large","max-video-preview":"max-video-preview:-1"},"canonical":"https:\/\/www.dttrieste.com\/it\/dove-siamo\/","og_locale":"it_IT","og_type":"article","og_title":"Indirizzo e come raggiungerci | DoubleTree by Hilton Trieste","og_description":"DoubleTree by Hilton Trieste sorge in Piazza della Repubblica, a pochi passi da Piazza dell'Unit\u00e0. Scopri il servizio di car valet e il parcheggio coperto.","og_url":"https:\/\/www.dttrieste.com\/it\/dove-siamo\/","og_site_name":"DoubleTree by Hilton Trieste","article_modified_time":"2022-04-08T09:14:11+00:00","twitter_card":"summary_large_image","twitter_misc":{"Tempo di lettura stimato":"1 minuto"},"schema":{"@context":"https:\/\/schema.org","@graph":[{"@type":"WebPage","@id":"https:\/\/www.dttrieste.com\/it\/dove-siamo\/","url":"https:\/\/www.dttrieste.com\/it\/dove-siamo\/","name":"Indirizzo e come raggiungerci | DoubleTree by Hilton Trieste","isPartOf":{"@id":"https:\/\/www.dttrieste.com\/it\/#website"},"datePublished":"2021-07-12T15:21:46+00:00","dateModified":"2022-04-08T09:14:11+00:00","description":"DoubleTree by Hilton Trieste sorge in Piazza della Repubblica, a pochi passi da Piazza dell'Unit\u00e0. Scopri il servizio di car valet e il parcheggio coperto.","breadcrumb":{"@id":"https:\/\/www.dttrieste.com\/it\/dove-siamo\/#breadcrumb"},"inLanguage":"it-IT","potentialAction":[{"@type":"ReadAction","target":["https:\/\/www.dttrieste.com\/it\/dove-siamo\/"]}]},{"@type":"BreadcrumbList","@id":"https:\/\/www.dttrieste.com\/it\/dove-siamo\/#breadcrumb","itemListElement":[{"@type":"ListItem","position":1,"name":"Home","item":"https:\/\/www.dttrieste.com\/it\/"},{"@type":"ListItem","position":2,"name":"Dove Siamo"}]},{"@type":"WebSite","@id":"https:\/\/www.dttrieste.com\/it\/#website","url":"https:\/\/www.dttrieste.com\/it\/","name":"DoubleTree by Hilton Trieste","description":"Just another ms.decms.eu site","publisher":{"@id":"https:\/\/www.dttrieste.com\/it\/#organization"},"potentialAction":[{"@type":"SearchAction","target":{"@type":"EntryPoint","urlTemplate":"https:\/\/www.dttrieste.com\/it\/?s={search_term_string}"},"query-input":{"@type":"PropertyValueSpecification","valueRequired":true,"valueName":"search_term_string"}}],"inLanguage":"it-IT"},{"@type":"Organization","@id":"https:\/\/www.dttrieste.com\/it\/#organization","name":"Hilton Trieste","url":"https:\/\/www.dttrieste.com\/it\/","logo":{"@type":"ImageObject","inLanguage":"it-IT","@id":"https:\/\/www.dttrieste.com\/it\/#\/schema\/logo\/image\/","url":"https:\/\/www.dttrieste.com\/wp-content\/uploads\/sites\/326\/2021\/07\/DT_Vertical_Logo-black.png","contentUrl":"https:\/\/www.dttrieste.com\/wp-content\/uploads\/sites\/326\/2021\/07\/DT_Vertical_Logo-black.png","width":1684,"height":1466,"caption":"Hilton Trieste"},"image":{"@id":"https:\/\/www.dttrieste.com\/it\/#\/schema\/logo\/image\/"}}]}},"acf":[],"_links":{"self":[{"href":"https:\/\/www.dttrieste.com\/it\/wp-json\/wp\/v2\/pages\/423","targetHints":{"allow":["GET"]}}],"collection":[{"href":"https:\/\/www.dttrieste.com\/it\/wp-json\/wp\/v2\/pages"}],"about":[{"href":"https:\/\/www.dttrieste.com\/it\/wp-json\/wp\/v2\/types\/page"}],"author":[{"embeddable":true,"href":"https:\/\/www.dttrieste.com\/it\/wp-json\/wp\/v2\/users\/6"}],"replies":[{"embeddable":true,"href":"https:\/\/www.dttrieste.com\/it\/wp-json\/wp\/v2\/comments?post=423"}],"version-history":[{"count":0,"href":"https:\/\/www.dttrieste.com\/it\/wp-json\/wp\/v2\/pages\/423\/revisions"}],"wp:attachment":[{"href":"https:\/\/www.dttrieste.com\/it\/wp-json\/wp\/v2\/media?parent=423"}],"curies":[{"name":"wp","href":"https:\/\/api.w.org\/{rel}","templated":true}]}}