{"id":373,"date":"2021-10-19T15:09:09","date_gmt":"2021-10-19T15:09:09","guid":{"rendered":"https:\/\/hiltontrieste.ms.decms.eu\/hotel\/storia-e-curiosita\/"},"modified":"2025-08-08T14:55:03","modified_gmt":"2025-08-08T14:55:03","slug":"storia-e-curiosita","status":"publish","type":"page","link":"https:\/\/www.dttrieste.com\/it\/hotel\/storia-e-curiosita\/","title":{"rendered":"Storia e curiosit\u00e0"},"content":{"rendered":"<p><i><span style=\"font-weight: 400\">\u201cLa Riunione Adriatica di Sicurt\u00e0 ha fatto grande onore a s\u00e9 a Trieste edificando nel centro della citt\u00e0 un palazzo che, per la mole, per la ricchezza, per la magnificenza, per la vita d\u2019arte pulsante e gagliarda, dalla concezione vastissima fino ai particolari pi\u00f9 tenui e delicati, degnamente rinnova le tradizioni di illuminata signorilit\u00e0 del Cinquecento italiano.\u201d <\/span><\/i><span style=\"font-weight: 400\">da Il Piccolo, 19 aprile 1914.<\/span><\/p>\n<p><span style=\"font-weight: 400\">In una Trieste all\u2019apice dello sviluppo economico e culturale, il quotidiano Il Piccolo definisce cos\u00ec il nuovo palazzo della RAS, <\/span><i><span style=\"font-weight: 400\">Riunione Adriatica di Sicurt\u00e0, <\/span><\/i><span style=\"font-weight: 400\">il 19 aprile 1914. Un sincero omaggio da parte del giornale alla realizzazione della nuova sede della compagnia di assicurazioni RAS, in <strong>stile eclettico neorinascimentale<\/strong>.\u00a0<\/span><\/p>\n<p><span style=\"font-weight: 400\">Opera degli architetti Ruggero e Arduino Berlam, vincitori del concorso internazionale indetto da RAS per il progetto dei nuovi uffici, l\u2019edificio doveva essere <strong>simbolo di potenza economica<\/strong> ed <strong>etica del lavoro<\/strong> e offrire un\u2019occasione di sviluppo dell\u2019area cittadina dove sarebbe stato costruito.\u00a0<\/span><\/p>\n<p><span style=\"font-weight: 400\">Il progetto dei Berlam tenne conto di tutte le esigenze di RAS. L\u2019edificio fu costruito tra il 1911 e il 1914 e risult\u00f2 un palazzo magnifico, dalle forme e dai volumi di ispirazione rinascimentale, decorazioni in stile eclettico, marmi e sculture di forte impatto scenografico. Tutto ci\u00f2 \u00e8 stato conservato fino ad oggi e valorizzato con il restauro e l\u2018apertura dell\u2019hotel come <strong>DoubleTree by Hilton Trieste<\/strong> a dicembre 2019.<\/span><\/p>\n<p>&nbsp;<\/p>\n<p>&nbsp;<\/p>\n","protected":false},"excerpt":{"rendered":"<p>\u201cLa Riunione Adriatica di Sicurt\u00e0 ha fatto grande onore a s\u00e9 a Trieste edificando nel centro della citt\u00e0 un palazzo che, per la mole, per la ricchezza, per la magnificenza, per la vita d\u2019arte pulsante e gagliarda, dalla concezione vastissima fino ai particolari pi\u00f9 tenui e delicati, degnamente rinnova le tradizioni di illuminata signorilit\u00e0 del [&hellip;]<\/p>\n","protected":false},"author":6,"featured_media":830,"parent":371,"menu_order":11,"comment_status":"closed","ping_status":"closed","template":"","meta":{"footnotes":""},"class_list":["post-373","page","type-page","status-publish","has-post-thumbnail","hentry"],"yoast_head":"<!-- This site is optimized with the Yoast SEO plugin v26.9 - https:\/\/yoast.com\/product\/yoast-seo-wordpress\/ -->\n<title>Storia e curiosit\u00e0: Palazzo Berlam | DoubleTree by Hilton Trieste<\/title>\n<meta name=\"description\" content=\"Hilton DoubleTree Trieste sorge all\u2019interno di Palazzo Berlam, splendido edificio storico di inizio \u2018900. Scopri l&#039;affascinante storia e le curiosit\u00e0 dell&#039;hotel.\" \/>\n<meta name=\"robots\" content=\"index, follow, max-snippet:-1, max-image-preview:large, max-video-preview:-1\" \/>\n<link rel=\"canonical\" href=\"https:\/\/www.dttrieste.com\/it\/hotel\/storia-e-curiosita\/\" \/>\n<meta property=\"og:locale\" content=\"it_IT\" \/>\n<meta property=\"og:type\" content=\"article\" \/>\n<meta property=\"og:title\" content=\"Storia e curiosit\u00e0: Palazzo Berlam | DoubleTree by Hilton Trieste\" \/>\n<meta property=\"og:description\" content=\"Hilton DoubleTree Trieste sorge all\u2019interno di Palazzo Berlam, splendido edificio storico di inizio \u2018900. Scopri l&#039;affascinante storia e le curiosit\u00e0 dell&#039;hotel.\" \/>\n<meta property=\"og:url\" content=\"https:\/\/www.dttrieste.com\/it\/hotel\/storia-e-curiosita\/\" \/>\n<meta property=\"og:site_name\" content=\"DoubleTree by Hilton Trieste\" \/>\n<meta property=\"article:modified_time\" content=\"2025-08-08T14:55:03+00:00\" \/>\n<meta property=\"og:image\" content=\"https:\/\/www.dttrieste.com\/wp-content\/uploads\/sites\/326\/2022\/02\/Arcata-Notturna-DoubleTree-by-Hilton-Trieste.jpg\" \/>\n\t<meta property=\"og:image:width\" content=\"1200\" \/>\n\t<meta property=\"og:image:height\" content=\"800\" \/>\n\t<meta property=\"og:image:type\" content=\"image\/jpeg\" \/>\n<meta name=\"twitter:card\" content=\"summary_large_image\" \/>\n<meta name=\"twitter:label1\" content=\"Tempo di lettura stimato\" \/>\n\t<meta name=\"twitter:data1\" content=\"2 minuti\" \/>\n<script type=\"application\/ld+json\" class=\"yoast-schema-graph\">{\"@context\":\"https:\/\/schema.org\",\"@graph\":[{\"@type\":\"WebPage\",\"@id\":\"https:\/\/www.dttrieste.com\/it\/hotel\/storia-e-curiosita\/\",\"url\":\"https:\/\/www.dttrieste.com\/it\/hotel\/storia-e-curiosita\/\",\"name\":\"Storia e curiosit\u00e0: Palazzo Berlam | DoubleTree by Hilton Trieste\",\"isPartOf\":{\"@id\":\"https:\/\/www.dttrieste.com\/it\/#website\"},\"primaryImageOfPage\":{\"@id\":\"https:\/\/www.dttrieste.com\/it\/hotel\/storia-e-curiosita\/#primaryimage\"},\"image\":{\"@id\":\"https:\/\/www.dttrieste.com\/it\/hotel\/storia-e-curiosita\/#primaryimage\"},\"thumbnailUrl\":\"https:\/\/www.dttrieste.com\/wp-content\/uploads\/sites\/326\/2022\/02\/Arcata-Notturna-DoubleTree-by-Hilton-Trieste.jpg\",\"datePublished\":\"2021-10-19T15:09:09+00:00\",\"dateModified\":\"2025-08-08T14:55:03+00:00\",\"description\":\"Hilton DoubleTree Trieste sorge all\u2019interno di Palazzo Berlam, splendido edificio storico di inizio \u2018900. Scopri l'affascinante storia e le curiosit\u00e0 dell'hotel.\",\"breadcrumb\":{\"@id\":\"https:\/\/www.dttrieste.com\/it\/hotel\/storia-e-curiosita\/#breadcrumb\"},\"inLanguage\":\"it-IT\",\"potentialAction\":[{\"@type\":\"ReadAction\",\"target\":[\"https:\/\/www.dttrieste.com\/it\/hotel\/storia-e-curiosita\/\"]}]},{\"@type\":\"ImageObject\",\"inLanguage\":\"it-IT\",\"@id\":\"https:\/\/www.dttrieste.com\/it\/hotel\/storia-e-curiosita\/#primaryimage\",\"url\":\"https:\/\/www.dttrieste.com\/wp-content\/uploads\/sites\/326\/2022\/02\/Arcata-Notturna-DoubleTree-by-Hilton-Trieste.jpg\",\"contentUrl\":\"https:\/\/www.dttrieste.com\/wp-content\/uploads\/sites\/326\/2022\/02\/Arcata-Notturna-DoubleTree-by-Hilton-Trieste.jpg\",\"width\":1200,\"height\":800,\"caption\":\"Facciata Esterna - DoubleTree by Hilton Trieste\"},{\"@type\":\"BreadcrumbList\",\"@id\":\"https:\/\/www.dttrieste.com\/it\/hotel\/storia-e-curiosita\/#breadcrumb\",\"itemListElement\":[{\"@type\":\"ListItem\",\"position\":1,\"name\":\"Home\",\"item\":\"https:\/\/www.dttrieste.com\/it\/\"},{\"@type\":\"ListItem\",\"position\":2,\"name\":\"L&#8217;Hotel\",\"item\":\"https:\/\/www.dttrieste.com\/it\/hotel\/\"},{\"@type\":\"ListItem\",\"position\":3,\"name\":\"Storia e curiosit\u00e0\"}]},{\"@type\":\"WebSite\",\"@id\":\"https:\/\/www.dttrieste.com\/it\/#website\",\"url\":\"https:\/\/www.dttrieste.com\/it\/\",\"name\":\"DoubleTree by Hilton Trieste\",\"description\":\"Just another ms.decms.eu site\",\"publisher\":{\"@id\":\"https:\/\/www.dttrieste.com\/it\/#organization\"},\"potentialAction\":[{\"@type\":\"SearchAction\",\"target\":{\"@type\":\"EntryPoint\",\"urlTemplate\":\"https:\/\/www.dttrieste.com\/it\/?s={search_term_string}\"},\"query-input\":{\"@type\":\"PropertyValueSpecification\",\"valueRequired\":true,\"valueName\":\"search_term_string\"}}],\"inLanguage\":\"it-IT\"},{\"@type\":\"Organization\",\"@id\":\"https:\/\/www.dttrieste.com\/it\/#organization\",\"name\":\"Hilton Trieste\",\"url\":\"https:\/\/www.dttrieste.com\/it\/\",\"logo\":{\"@type\":\"ImageObject\",\"inLanguage\":\"it-IT\",\"@id\":\"https:\/\/www.dttrieste.com\/it\/#\/schema\/logo\/image\/\",\"url\":\"https:\/\/www.dttrieste.com\/wp-content\/uploads\/sites\/326\/2021\/07\/DT_Vertical_Logo-black.png\",\"contentUrl\":\"https:\/\/www.dttrieste.com\/wp-content\/uploads\/sites\/326\/2021\/07\/DT_Vertical_Logo-black.png\",\"width\":1684,\"height\":1466,\"caption\":\"Hilton Trieste\"},\"image\":{\"@id\":\"https:\/\/www.dttrieste.com\/it\/#\/schema\/logo\/image\/\"}}]}<\/script>\n<!-- \/ Yoast SEO plugin. -->","yoast_head_json":{"title":"Storia e curiosit\u00e0: Palazzo Berlam | DoubleTree by Hilton Trieste","description":"Hilton DoubleTree Trieste sorge all\u2019interno di Palazzo Berlam, splendido edificio storico di inizio \u2018900. Scopri l'affascinante storia e le curiosit\u00e0 dell'hotel.","robots":{"index":"index","follow":"follow","max-snippet":"max-snippet:-1","max-image-preview":"max-image-preview:large","max-video-preview":"max-video-preview:-1"},"canonical":"https:\/\/www.dttrieste.com\/it\/hotel\/storia-e-curiosita\/","og_locale":"it_IT","og_type":"article","og_title":"Storia e curiosit\u00e0: Palazzo Berlam | DoubleTree by Hilton Trieste","og_description":"Hilton DoubleTree Trieste sorge all\u2019interno di Palazzo Berlam, splendido edificio storico di inizio \u2018900. Scopri l'affascinante storia e le curiosit\u00e0 dell'hotel.","og_url":"https:\/\/www.dttrieste.com\/it\/hotel\/storia-e-curiosita\/","og_site_name":"DoubleTree by Hilton Trieste","article_modified_time":"2025-08-08T14:55:03+00:00","og_image":[{"width":1200,"height":800,"url":"https:\/\/www.dttrieste.com\/wp-content\/uploads\/sites\/326\/2022\/02\/Arcata-Notturna-DoubleTree-by-Hilton-Trieste.jpg","type":"image\/jpeg"}],"twitter_card":"summary_large_image","twitter_misc":{"Tempo di lettura stimato":"2 minuti"},"schema":{"@context":"https:\/\/schema.org","@graph":[{"@type":"WebPage","@id":"https:\/\/www.dttrieste.com\/it\/hotel\/storia-e-curiosita\/","url":"https:\/\/www.dttrieste.com\/it\/hotel\/storia-e-curiosita\/","name":"Storia e curiosit\u00e0: Palazzo Berlam | DoubleTree by Hilton Trieste","isPartOf":{"@id":"https:\/\/www.dttrieste.com\/it\/#website"},"primaryImageOfPage":{"@id":"https:\/\/www.dttrieste.com\/it\/hotel\/storia-e-curiosita\/#primaryimage"},"image":{"@id":"https:\/\/www.dttrieste.com\/it\/hotel\/storia-e-curiosita\/#primaryimage"},"thumbnailUrl":"https:\/\/www.dttrieste.com\/wp-content\/uploads\/sites\/326\/2022\/02\/Arcata-Notturna-DoubleTree-by-Hilton-Trieste.jpg","datePublished":"2021-10-19T15:09:09+00:00","dateModified":"2025-08-08T14:55:03+00:00","description":"Hilton DoubleTree Trieste sorge all\u2019interno di Palazzo Berlam, splendido edificio storico di inizio \u2018900. Scopri l'affascinante storia e le curiosit\u00e0 dell'hotel.","breadcrumb":{"@id":"https:\/\/www.dttrieste.com\/it\/hotel\/storia-e-curiosita\/#breadcrumb"},"inLanguage":"it-IT","potentialAction":[{"@type":"ReadAction","target":["https:\/\/www.dttrieste.com\/it\/hotel\/storia-e-curiosita\/"]}]},{"@type":"ImageObject","inLanguage":"it-IT","@id":"https:\/\/www.dttrieste.com\/it\/hotel\/storia-e-curiosita\/#primaryimage","url":"https:\/\/www.dttrieste.com\/wp-content\/uploads\/sites\/326\/2022\/02\/Arcata-Notturna-DoubleTree-by-Hilton-Trieste.jpg","contentUrl":"https:\/\/www.dttrieste.com\/wp-content\/uploads\/sites\/326\/2022\/02\/Arcata-Notturna-DoubleTree-by-Hilton-Trieste.jpg","width":1200,"height":800,"caption":"Facciata Esterna - DoubleTree by Hilton Trieste"},{"@type":"BreadcrumbList","@id":"https:\/\/www.dttrieste.com\/it\/hotel\/storia-e-curiosita\/#breadcrumb","itemListElement":[{"@type":"ListItem","position":1,"name":"Home","item":"https:\/\/www.dttrieste.com\/it\/"},{"@type":"ListItem","position":2,"name":"L&#8217;Hotel","item":"https:\/\/www.dttrieste.com\/it\/hotel\/"},{"@type":"ListItem","position":3,"name":"Storia e curiosit\u00e0"}]},{"@type":"WebSite","@id":"https:\/\/www.dttrieste.com\/it\/#website","url":"https:\/\/www.dttrieste.com\/it\/","name":"DoubleTree by Hilton Trieste","description":"Just another ms.decms.eu site","publisher":{"@id":"https:\/\/www.dttrieste.com\/it\/#organization"},"potentialAction":[{"@type":"SearchAction","target":{"@type":"EntryPoint","urlTemplate":"https:\/\/www.dttrieste.com\/it\/?s={search_term_string}"},"query-input":{"@type":"PropertyValueSpecification","valueRequired":true,"valueName":"search_term_string"}}],"inLanguage":"it-IT"},{"@type":"Organization","@id":"https:\/\/www.dttrieste.com\/it\/#organization","name":"Hilton Trieste","url":"https:\/\/www.dttrieste.com\/it\/","logo":{"@type":"ImageObject","inLanguage":"it-IT","@id":"https:\/\/www.dttrieste.com\/it\/#\/schema\/logo\/image\/","url":"https:\/\/www.dttrieste.com\/wp-content\/uploads\/sites\/326\/2021\/07\/DT_Vertical_Logo-black.png","contentUrl":"https:\/\/www.dttrieste.com\/wp-content\/uploads\/sites\/326\/2021\/07\/DT_Vertical_Logo-black.png","width":1684,"height":1466,"caption":"Hilton Trieste"},"image":{"@id":"https:\/\/www.dttrieste.com\/it\/#\/schema\/logo\/image\/"}}]}},"acf":[],"_links":{"self":[{"href":"https:\/\/www.dttrieste.com\/it\/wp-json\/wp\/v2\/pages\/373","targetHints":{"allow":["GET"]}}],"collection":[{"href":"https:\/\/www.dttrieste.com\/it\/wp-json\/wp\/v2\/pages"}],"about":[{"href":"https:\/\/www.dttrieste.com\/it\/wp-json\/wp\/v2\/types\/page"}],"author":[{"embeddable":true,"href":"https:\/\/www.dttrieste.com\/it\/wp-json\/wp\/v2\/users\/6"}],"replies":[{"embeddable":true,"href":"https:\/\/www.dttrieste.com\/it\/wp-json\/wp\/v2\/comments?post=373"}],"version-history":[{"count":0,"href":"https:\/\/www.dttrieste.com\/it\/wp-json\/wp\/v2\/pages\/373\/revisions"}],"up":[{"embeddable":true,"href":"https:\/\/www.dttrieste.com\/it\/wp-json\/wp\/v2\/pages\/371"}],"wp:featuredmedia":[{"embeddable":true,"href":"https:\/\/www.dttrieste.com\/it\/wp-json\/wp\/v2\/media\/830"}],"wp:attachment":[{"href":"https:\/\/www.dttrieste.com\/it\/wp-json\/wp\/v2\/media?parent=373"}],"curies":[{"name":"wp","href":"https:\/\/api.w.org\/{rel}","templated":true}]}}