{"id":336,"date":"2021-07-12T15:06:21","date_gmt":"2021-07-12T15:06:21","guid":{"rendered":"https:\/\/hiltontrieste.ms.decms.eu\/camere-e-suite\/"},"modified":"2025-06-12T13:19:08","modified_gmt":"2025-06-12T13:19:08","slug":"camere-e-suite","status":"publish","type":"page","link":"https:\/\/www.dttrieste.com\/it\/camere-e-suite\/","title":{"rendered":"Camere &amp; Suite"},"content":{"rendered":"<p><span style=\"font-weight: 400\">Hotel DoubleTree by Hilton Trieste offre un\u2019esperienza di soggiorno che unisce <strong>fascino della storia<\/strong> a <strong>stile e comfort contemporanei<\/strong>.\u00a0<\/span><\/p>\n<p><span style=\"font-weight: 400\">Tutte le camere e le suite del DoubleTree by Hilton Trieste accolgono in spazi ampi, funzionali, arricchiti da dettagli di lusso.\u00a0<\/span><\/p>\n<p><span style=\"font-weight: 400\">Dal design elegante e<strong> curato nei minimi dettagli<\/strong>, garantiscono relax e riposo grazie all\u2019accurata insonorizzazione mentre il climatizzatore, regolabile in autonomia, consente di avere sempre la temperatura preferita in camera. Rilassarsi con un caff\u00e8 o un tea nell\u2019intimit\u00e0 della propria stanza, \u00e8 sempre possibile grazie a macchina del caff\u00e8 espresso e bollitore, presenti in ciascuna soluzione di soggiorno.<\/span><span style=\"font-weight: 400\"><br \/>\n<\/span><span style=\"font-weight: 400\">Tutte le nostre camere sono dotate anche di minibar, cassaforte, asse e ferro da stiro, mentre le camere di tipologia deluxe, junior suite e suite dispongono anche di una spaziosa scrivania.<\/span><\/p>\n<p><span style=\"font-weight: 400\">Le suite storiche e le camere d\u2019epoca infine sono un autentico scrigno di charme e atmosfera. Gli allestimenti, infatti, hanno conservato decorazioni e arredi originali dei <strong>primi del Novecento<\/strong>, integrati con armonia da arredi di design contemporaneo, nel rispetto dell\u2019architettura originale: una proposta esclusiva di DoubleTree by Hilton Trieste che unisce lusso, eleganza e comfort.<\/span><\/p>\n<p><span style=\"font-weight: 400\">Scegli la tua camera al DoubleTree by Hilton Trieste.<\/span><\/p>\n","protected":false},"excerpt":{"rendered":"<p>Hotel DoubleTree by Hilton Trieste offre un\u2019esperienza di soggiorno che unisce fascino della storia a stile e comfort contemporanei.\u00a0 Tutte le camere e le suite del DoubleTree by Hilton Trieste accolgono in spazi ampi, funzionali, arricchiti da dettagli di lusso.\u00a0 Dal design elegante e curato nei minimi dettagli, garantiscono relax e riposo grazie all\u2019accurata insonorizzazione [&hellip;]<\/p>\n","protected":false},"author":6,"featured_media":0,"parent":0,"menu_order":11,"comment_status":"closed","ping_status":"closed","template":"template-rooms.php","meta":{"footnotes":""},"class_list":["post-336","page","type-page","status-publish","hentry"],"yoast_head":"<!-- This site is optimized with the Yoast SEO plugin v26.9 - https:\/\/yoast.com\/product\/yoast-seo-wordpress\/ -->\n<title>Camere e suite: guest, family | DoubleTree by Hilton Trieste<\/title>\n<meta name=\"description\" content=\"Immerse in una magica atmosfera storica, camere e suite di DoubleTree by Hilton Trieste sono dotate di ogni comfort e sono curate nel dettaglio. Prenota ora!\" \/>\n<meta name=\"robots\" content=\"index, follow, max-snippet:-1, max-image-preview:large, max-video-preview:-1\" \/>\n<link rel=\"canonical\" href=\"https:\/\/www.dttrieste.com\/it\/camere-e-suite\/\" \/>\n<meta property=\"og:locale\" content=\"it_IT\" \/>\n<meta property=\"og:type\" content=\"article\" \/>\n<meta property=\"og:title\" content=\"Camere e suite: guest, family | DoubleTree by Hilton Trieste\" \/>\n<meta property=\"og:description\" content=\"Immerse in una magica atmosfera storica, camere e suite di DoubleTree by Hilton Trieste sono dotate di ogni comfort e sono curate nel dettaglio. Prenota ora!\" \/>\n<meta property=\"og:url\" content=\"https:\/\/www.dttrieste.com\/it\/camere-e-suite\/\" \/>\n<meta property=\"og:site_name\" content=\"DoubleTree by Hilton Trieste\" \/>\n<meta property=\"article:modified_time\" content=\"2025-06-12T13:19:08+00:00\" \/>\n<meta name=\"twitter:card\" content=\"summary_large_image\" \/>\n<meta name=\"twitter:label1\" content=\"Tempo di lettura stimato\" \/>\n\t<meta name=\"twitter:data1\" content=\"1 minuto\" \/>\n<script type=\"application\/ld+json\" class=\"yoast-schema-graph\">{\"@context\":\"https:\/\/schema.org\",\"@graph\":[{\"@type\":\"WebPage\",\"@id\":\"https:\/\/www.dttrieste.com\/it\/camere-e-suite\/\",\"url\":\"https:\/\/www.dttrieste.com\/it\/camere-e-suite\/\",\"name\":\"Camere e suite: guest, family | DoubleTree by Hilton Trieste\",\"isPartOf\":{\"@id\":\"https:\/\/www.dttrieste.com\/it\/#website\"},\"datePublished\":\"2021-07-12T15:06:21+00:00\",\"dateModified\":\"2025-06-12T13:19:08+00:00\",\"description\":\"Immerse in una magica atmosfera storica, camere e suite di DoubleTree by Hilton Trieste sono dotate di ogni comfort e sono curate nel dettaglio. Prenota ora!\",\"breadcrumb\":{\"@id\":\"https:\/\/www.dttrieste.com\/it\/camere-e-suite\/#breadcrumb\"},\"inLanguage\":\"it-IT\",\"potentialAction\":[{\"@type\":\"ReadAction\",\"target\":[\"https:\/\/www.dttrieste.com\/it\/camere-e-suite\/\"]}]},{\"@type\":\"BreadcrumbList\",\"@id\":\"https:\/\/www.dttrieste.com\/it\/camere-e-suite\/#breadcrumb\",\"itemListElement\":[{\"@type\":\"ListItem\",\"position\":1,\"name\":\"Home\",\"item\":\"https:\/\/www.dttrieste.com\/it\/\"},{\"@type\":\"ListItem\",\"position\":2,\"name\":\"Camere &amp; Suite\"}]},{\"@type\":\"WebSite\",\"@id\":\"https:\/\/www.dttrieste.com\/it\/#website\",\"url\":\"https:\/\/www.dttrieste.com\/it\/\",\"name\":\"DoubleTree by Hilton Trieste\",\"description\":\"Just another ms.decms.eu site\",\"publisher\":{\"@id\":\"https:\/\/www.dttrieste.com\/it\/#organization\"},\"potentialAction\":[{\"@type\":\"SearchAction\",\"target\":{\"@type\":\"EntryPoint\",\"urlTemplate\":\"https:\/\/www.dttrieste.com\/it\/?s={search_term_string}\"},\"query-input\":{\"@type\":\"PropertyValueSpecification\",\"valueRequired\":true,\"valueName\":\"search_term_string\"}}],\"inLanguage\":\"it-IT\"},{\"@type\":\"Organization\",\"@id\":\"https:\/\/www.dttrieste.com\/it\/#organization\",\"name\":\"Hilton Trieste\",\"url\":\"https:\/\/www.dttrieste.com\/it\/\",\"logo\":{\"@type\":\"ImageObject\",\"inLanguage\":\"it-IT\",\"@id\":\"https:\/\/www.dttrieste.com\/it\/#\/schema\/logo\/image\/\",\"url\":\"https:\/\/www.dttrieste.com\/wp-content\/uploads\/sites\/326\/2021\/07\/DT_Vertical_Logo-black.png\",\"contentUrl\":\"https:\/\/www.dttrieste.com\/wp-content\/uploads\/sites\/326\/2021\/07\/DT_Vertical_Logo-black.png\",\"width\":1684,\"height\":1466,\"caption\":\"Hilton Trieste\"},\"image\":{\"@id\":\"https:\/\/www.dttrieste.com\/it\/#\/schema\/logo\/image\/\"}}]}<\/script>\n<!-- \/ Yoast SEO plugin. -->","yoast_head_json":{"title":"Camere e suite: guest, family | DoubleTree by Hilton Trieste","description":"Immerse in una magica atmosfera storica, camere e suite di DoubleTree by Hilton Trieste sono dotate di ogni comfort e sono curate nel dettaglio. Prenota ora!","robots":{"index":"index","follow":"follow","max-snippet":"max-snippet:-1","max-image-preview":"max-image-preview:large","max-video-preview":"max-video-preview:-1"},"canonical":"https:\/\/www.dttrieste.com\/it\/camere-e-suite\/","og_locale":"it_IT","og_type":"article","og_title":"Camere e suite: guest, family | DoubleTree by Hilton Trieste","og_description":"Immerse in una magica atmosfera storica, camere e suite di DoubleTree by Hilton Trieste sono dotate di ogni comfort e sono curate nel dettaglio. Prenota ora!","og_url":"https:\/\/www.dttrieste.com\/it\/camere-e-suite\/","og_site_name":"DoubleTree by Hilton Trieste","article_modified_time":"2025-06-12T13:19:08+00:00","twitter_card":"summary_large_image","twitter_misc":{"Tempo di lettura stimato":"1 minuto"},"schema":{"@context":"https:\/\/schema.org","@graph":[{"@type":"WebPage","@id":"https:\/\/www.dttrieste.com\/it\/camere-e-suite\/","url":"https:\/\/www.dttrieste.com\/it\/camere-e-suite\/","name":"Camere e suite: guest, family | DoubleTree by Hilton Trieste","isPartOf":{"@id":"https:\/\/www.dttrieste.com\/it\/#website"},"datePublished":"2021-07-12T15:06:21+00:00","dateModified":"2025-06-12T13:19:08+00:00","description":"Immerse in una magica atmosfera storica, camere e suite di DoubleTree by Hilton Trieste sono dotate di ogni comfort e sono curate nel dettaglio. Prenota ora!","breadcrumb":{"@id":"https:\/\/www.dttrieste.com\/it\/camere-e-suite\/#breadcrumb"},"inLanguage":"it-IT","potentialAction":[{"@type":"ReadAction","target":["https:\/\/www.dttrieste.com\/it\/camere-e-suite\/"]}]},{"@type":"BreadcrumbList","@id":"https:\/\/www.dttrieste.com\/it\/camere-e-suite\/#breadcrumb","itemListElement":[{"@type":"ListItem","position":1,"name":"Home","item":"https:\/\/www.dttrieste.com\/it\/"},{"@type":"ListItem","position":2,"name":"Camere &amp; Suite"}]},{"@type":"WebSite","@id":"https:\/\/www.dttrieste.com\/it\/#website","url":"https:\/\/www.dttrieste.com\/it\/","name":"DoubleTree by Hilton Trieste","description":"Just another ms.decms.eu site","publisher":{"@id":"https:\/\/www.dttrieste.com\/it\/#organization"},"potentialAction":[{"@type":"SearchAction","target":{"@type":"EntryPoint","urlTemplate":"https:\/\/www.dttrieste.com\/it\/?s={search_term_string}"},"query-input":{"@type":"PropertyValueSpecification","valueRequired":true,"valueName":"search_term_string"}}],"inLanguage":"it-IT"},{"@type":"Organization","@id":"https:\/\/www.dttrieste.com\/it\/#organization","name":"Hilton Trieste","url":"https:\/\/www.dttrieste.com\/it\/","logo":{"@type":"ImageObject","inLanguage":"it-IT","@id":"https:\/\/www.dttrieste.com\/it\/#\/schema\/logo\/image\/","url":"https:\/\/www.dttrieste.com\/wp-content\/uploads\/sites\/326\/2021\/07\/DT_Vertical_Logo-black.png","contentUrl":"https:\/\/www.dttrieste.com\/wp-content\/uploads\/sites\/326\/2021\/07\/DT_Vertical_Logo-black.png","width":1684,"height":1466,"caption":"Hilton Trieste"},"image":{"@id":"https:\/\/www.dttrieste.com\/it\/#\/schema\/logo\/image\/"}}]}},"acf":[],"_links":{"self":[{"href":"https:\/\/www.dttrieste.com\/it\/wp-json\/wp\/v2\/pages\/336","targetHints":{"allow":["GET"]}}],"collection":[{"href":"https:\/\/www.dttrieste.com\/it\/wp-json\/wp\/v2\/pages"}],"about":[{"href":"https:\/\/www.dttrieste.com\/it\/wp-json\/wp\/v2\/types\/page"}],"author":[{"embeddable":true,"href":"https:\/\/www.dttrieste.com\/it\/wp-json\/wp\/v2\/users\/6"}],"replies":[{"embeddable":true,"href":"https:\/\/www.dttrieste.com\/it\/wp-json\/wp\/v2\/comments?post=336"}],"version-history":[{"count":0,"href":"https:\/\/www.dttrieste.com\/it\/wp-json\/wp\/v2\/pages\/336\/revisions"}],"wp:attachment":[{"href":"https:\/\/www.dttrieste.com\/it\/wp-json\/wp\/v2\/media?parent=336"}],"curies":[{"name":"wp","href":"https:\/\/api.w.org\/{rel}","templated":true}]}}