{"id":2887,"date":"2026-01-27T11:23:48","date_gmt":"2026-01-27T11:23:48","guid":{"rendered":"https:\/\/www.dttrieste.com\/?page_id=2887"},"modified":"2026-03-20T10:50:26","modified_gmt":"2026-03-20T10:50:26","slug":"trieste-city-break-primavera","status":"publish","type":"page","link":"https:\/\/www.dttrieste.com\/it\/offerte-speciali\/trieste-city-break-primavera\/","title":{"rendered":"Fuga di primavera a Trieste"},"content":{"rendered":"<h3 style=\"text-align: center\" data-start=\"101\" data-end=\"158\"><strong data-start=\"101\" data-end=\"158\">Scopri una destinazione italiana fuori dai soliti percorsi<\/strong><\/h3>\n<p style=\"text-align: center\" data-start=\"122\" data-end=\"346\">La primavera a Trieste \u00e8 calma, elegante e d&#8217;ispirazione.<br data-start=\"193\" data-end=\"196\" \/>Tra il mare, i caff\u00e8 storici e una cultura multiculturale unica, <strong>la citt\u00e0 \u00e8 perfetta per chi cerca una fuga primaverile<\/strong> diversa dai soliti city break.<\/p>\n<p style=\"text-align: center\" data-start=\"348\" data-end=\"483\">Al <strong>DoubleTree by Hilton Trieste<\/strong> soggiorni nel cuore della citt\u00e0, dove<strong> storia e ospitalit\u00e0 contemporanea si incontrano<\/strong> in modo naturale.<\/p>\n","protected":false},"excerpt":{"rendered":"<p>Scopri una destinazione italiana fuori dai soliti percorsi La primavera a Trieste \u00e8 calma, elegante e d&#8217;ispirazione.Tra il mare, i caff\u00e8 storici e una cultura multiculturale unica, la citt\u00e0 \u00e8 perfetta per chi cerca una fuga primaverile diversa dai soliti city break. Al DoubleTree by Hilton Trieste soggiorni nel cuore della citt\u00e0, dove storia e [&hellip;]<\/p>\n","protected":false},"author":724,"featured_media":2962,"parent":421,"menu_order":0,"comment_status":"closed","ping_status":"closed","template":"","meta":{"footnotes":""},"class_list":["post-2887","page","type-page","status-publish","has-post-thumbnail","hentry"],"yoast_head":"<!-- This site is optimized with the Yoast SEO plugin v26.9 - https:\/\/yoast.com\/product\/yoast-seo-wordpress\/ -->\n<title>Fuga di primavera a Trieste - DoubleTree by Hilton Trieste<\/title>\n<meta name=\"description\" content=\"Vivi Trieste in primavera tra architetture eleganti, caff\u00e8 storici e viste sull\u2019Adriatico, nel momento pi\u00f9 piacevole dell\u2019anno.\" \/>\n<meta name=\"robots\" content=\"index, follow, max-snippet:-1, max-image-preview:large, max-video-preview:-1\" \/>\n<link rel=\"canonical\" href=\"https:\/\/www.dttrieste.com\/it\/offerte-speciali\/trieste-city-break-primavera\/\" \/>\n<meta property=\"og:locale\" content=\"it_IT\" \/>\n<meta property=\"og:type\" content=\"article\" \/>\n<meta property=\"og:title\" content=\"Fuga di primavera a Trieste - DoubleTree by Hilton Trieste\" \/>\n<meta property=\"og:description\" content=\"Vivi Trieste in primavera tra architetture eleganti, caff\u00e8 storici e viste sull\u2019Adriatico, nel momento pi\u00f9 piacevole dell\u2019anno.\" \/>\n<meta property=\"og:url\" content=\"https:\/\/www.dttrieste.com\/it\/offerte-speciali\/trieste-city-break-primavera\/\" \/>\n<meta property=\"og:site_name\" content=\"DoubleTree by Hilton Trieste\" \/>\n<meta property=\"article:modified_time\" content=\"2026-03-20T10:50:26+00:00\" \/>\n<meta property=\"og:image\" content=\"https:\/\/www.dttrieste.com\/wp-content\/uploads\/sites\/326\/2026\/03\/DoubleTree_giugno23-152-1-scaled.jpg\" \/>\n\t<meta property=\"og:image:width\" content=\"2048\" \/>\n\t<meta property=\"og:image:height\" content=\"2560\" \/>\n\t<meta property=\"og:image:type\" content=\"image\/jpeg\" \/>\n<meta name=\"twitter:card\" content=\"summary_large_image\" \/>\n<meta name=\"twitter:label1\" content=\"Tempo di lettura stimato\" \/>\n\t<meta name=\"twitter:data1\" content=\"1 minuto\" \/>\n<script type=\"application\/ld+json\" class=\"yoast-schema-graph\">{\"@context\":\"https:\/\/schema.org\",\"@graph\":[{\"@type\":\"WebPage\",\"@id\":\"https:\/\/www.dttrieste.com\/it\/offerte-speciali\/trieste-city-break-primavera\/\",\"url\":\"https:\/\/www.dttrieste.com\/it\/offerte-speciali\/trieste-city-break-primavera\/\",\"name\":\"Fuga di primavera a Trieste - DoubleTree by Hilton Trieste\",\"isPartOf\":{\"@id\":\"https:\/\/www.dttrieste.com\/it\/#website\"},\"primaryImageOfPage\":{\"@id\":\"https:\/\/www.dttrieste.com\/it\/offerte-speciali\/trieste-city-break-primavera\/#primaryimage\"},\"image\":{\"@id\":\"https:\/\/www.dttrieste.com\/it\/offerte-speciali\/trieste-city-break-primavera\/#primaryimage\"},\"thumbnailUrl\":\"https:\/\/www.dttrieste.com\/wp-content\/uploads\/sites\/326\/2026\/03\/DoubleTree_giugno23-152-1-scaled.jpg\",\"datePublished\":\"2026-01-27T11:23:48+00:00\",\"dateModified\":\"2026-03-20T10:50:26+00:00\",\"description\":\"Vivi Trieste in primavera tra architetture eleganti, caff\u00e8 storici e viste sull\u2019Adriatico, nel momento pi\u00f9 piacevole dell\u2019anno.\",\"breadcrumb\":{\"@id\":\"https:\/\/www.dttrieste.com\/it\/offerte-speciali\/trieste-city-break-primavera\/#breadcrumb\"},\"inLanguage\":\"it-IT\",\"potentialAction\":[{\"@type\":\"ReadAction\",\"target\":[\"https:\/\/www.dttrieste.com\/it\/offerte-speciali\/trieste-city-break-primavera\/\"]}]},{\"@type\":\"ImageObject\",\"inLanguage\":\"it-IT\",\"@id\":\"https:\/\/www.dttrieste.com\/it\/offerte-speciali\/trieste-city-break-primavera\/#primaryimage\",\"url\":\"https:\/\/www.dttrieste.com\/wp-content\/uploads\/sites\/326\/2026\/03\/DoubleTree_giugno23-152-1-scaled.jpg\",\"contentUrl\":\"https:\/\/www.dttrieste.com\/wp-content\/uploads\/sites\/326\/2026\/03\/DoubleTree_giugno23-152-1-scaled.jpg\",\"width\":2048,\"height\":2560,\"caption\":\"spring-escape-in-trieste-doubletree-byhilton-trieste\"},{\"@type\":\"BreadcrumbList\",\"@id\":\"https:\/\/www.dttrieste.com\/it\/offerte-speciali\/trieste-city-break-primavera\/#breadcrumb\",\"itemListElement\":[{\"@type\":\"ListItem\",\"position\":1,\"name\":\"Home\",\"item\":\"https:\/\/www.dttrieste.com\/it\/\"},{\"@type\":\"ListItem\",\"position\":2,\"name\":\"Offerte &amp; Pacchetti\",\"item\":\"https:\/\/www.dttrieste.com\/it\/offerte-speciali\/\"},{\"@type\":\"ListItem\",\"position\":3,\"name\":\"Fuga di primavera a Trieste\"}]},{\"@type\":\"WebSite\",\"@id\":\"https:\/\/www.dttrieste.com\/it\/#website\",\"url\":\"https:\/\/www.dttrieste.com\/it\/\",\"name\":\"DoubleTree by Hilton Trieste\",\"description\":\"Just another ms.decms.eu site\",\"publisher\":{\"@id\":\"https:\/\/www.dttrieste.com\/it\/#organization\"},\"potentialAction\":[{\"@type\":\"SearchAction\",\"target\":{\"@type\":\"EntryPoint\",\"urlTemplate\":\"https:\/\/www.dttrieste.com\/it\/?s={search_term_string}\"},\"query-input\":{\"@type\":\"PropertyValueSpecification\",\"valueRequired\":true,\"valueName\":\"search_term_string\"}}],\"inLanguage\":\"it-IT\"},{\"@type\":\"Organization\",\"@id\":\"https:\/\/www.dttrieste.com\/it\/#organization\",\"name\":\"Hilton Trieste\",\"url\":\"https:\/\/www.dttrieste.com\/it\/\",\"logo\":{\"@type\":\"ImageObject\",\"inLanguage\":\"it-IT\",\"@id\":\"https:\/\/www.dttrieste.com\/it\/#\/schema\/logo\/image\/\",\"url\":\"https:\/\/www.dttrieste.com\/wp-content\/uploads\/sites\/326\/2021\/07\/DT_Vertical_Logo-black.png\",\"contentUrl\":\"https:\/\/www.dttrieste.com\/wp-content\/uploads\/sites\/326\/2021\/07\/DT_Vertical_Logo-black.png\",\"width\":1684,\"height\":1466,\"caption\":\"Hilton Trieste\"},\"image\":{\"@id\":\"https:\/\/www.dttrieste.com\/it\/#\/schema\/logo\/image\/\"}}]}<\/script>\n<!-- \/ Yoast SEO plugin. -->","yoast_head_json":{"title":"Fuga di primavera a Trieste - DoubleTree by Hilton Trieste","description":"Vivi Trieste in primavera tra architetture eleganti, caff\u00e8 storici e viste sull\u2019Adriatico, nel momento pi\u00f9 piacevole dell\u2019anno.","robots":{"index":"index","follow":"follow","max-snippet":"max-snippet:-1","max-image-preview":"max-image-preview:large","max-video-preview":"max-video-preview:-1"},"canonical":"https:\/\/www.dttrieste.com\/it\/offerte-speciali\/trieste-city-break-primavera\/","og_locale":"it_IT","og_type":"article","og_title":"Fuga di primavera a Trieste - DoubleTree by Hilton Trieste","og_description":"Vivi Trieste in primavera tra architetture eleganti, caff\u00e8 storici e viste sull\u2019Adriatico, nel momento pi\u00f9 piacevole dell\u2019anno.","og_url":"https:\/\/www.dttrieste.com\/it\/offerte-speciali\/trieste-city-break-primavera\/","og_site_name":"DoubleTree by Hilton Trieste","article_modified_time":"2026-03-20T10:50:26+00:00","og_image":[{"width":2048,"height":2560,"url":"https:\/\/www.dttrieste.com\/wp-content\/uploads\/sites\/326\/2026\/03\/DoubleTree_giugno23-152-1-scaled.jpg","type":"image\/jpeg"}],"twitter_card":"summary_large_image","twitter_misc":{"Tempo di lettura stimato":"1 minuto"},"schema":{"@context":"https:\/\/schema.org","@graph":[{"@type":"WebPage","@id":"https:\/\/www.dttrieste.com\/it\/offerte-speciali\/trieste-city-break-primavera\/","url":"https:\/\/www.dttrieste.com\/it\/offerte-speciali\/trieste-city-break-primavera\/","name":"Fuga di primavera a Trieste - DoubleTree by Hilton Trieste","isPartOf":{"@id":"https:\/\/www.dttrieste.com\/it\/#website"},"primaryImageOfPage":{"@id":"https:\/\/www.dttrieste.com\/it\/offerte-speciali\/trieste-city-break-primavera\/#primaryimage"},"image":{"@id":"https:\/\/www.dttrieste.com\/it\/offerte-speciali\/trieste-city-break-primavera\/#primaryimage"},"thumbnailUrl":"https:\/\/www.dttrieste.com\/wp-content\/uploads\/sites\/326\/2026\/03\/DoubleTree_giugno23-152-1-scaled.jpg","datePublished":"2026-01-27T11:23:48+00:00","dateModified":"2026-03-20T10:50:26+00:00","description":"Vivi Trieste in primavera tra architetture eleganti, caff\u00e8 storici e viste sull\u2019Adriatico, nel momento pi\u00f9 piacevole dell\u2019anno.","breadcrumb":{"@id":"https:\/\/www.dttrieste.com\/it\/offerte-speciali\/trieste-city-break-primavera\/#breadcrumb"},"inLanguage":"it-IT","potentialAction":[{"@type":"ReadAction","target":["https:\/\/www.dttrieste.com\/it\/offerte-speciali\/trieste-city-break-primavera\/"]}]},{"@type":"ImageObject","inLanguage":"it-IT","@id":"https:\/\/www.dttrieste.com\/it\/offerte-speciali\/trieste-city-break-primavera\/#primaryimage","url":"https:\/\/www.dttrieste.com\/wp-content\/uploads\/sites\/326\/2026\/03\/DoubleTree_giugno23-152-1-scaled.jpg","contentUrl":"https:\/\/www.dttrieste.com\/wp-content\/uploads\/sites\/326\/2026\/03\/DoubleTree_giugno23-152-1-scaled.jpg","width":2048,"height":2560,"caption":"spring-escape-in-trieste-doubletree-byhilton-trieste"},{"@type":"BreadcrumbList","@id":"https:\/\/www.dttrieste.com\/it\/offerte-speciali\/trieste-city-break-primavera\/#breadcrumb","itemListElement":[{"@type":"ListItem","position":1,"name":"Home","item":"https:\/\/www.dttrieste.com\/it\/"},{"@type":"ListItem","position":2,"name":"Offerte &amp; Pacchetti","item":"https:\/\/www.dttrieste.com\/it\/offerte-speciali\/"},{"@type":"ListItem","position":3,"name":"Fuga di primavera a Trieste"}]},{"@type":"WebSite","@id":"https:\/\/www.dttrieste.com\/it\/#website","url":"https:\/\/www.dttrieste.com\/it\/","name":"DoubleTree by Hilton Trieste","description":"Just another ms.decms.eu site","publisher":{"@id":"https:\/\/www.dttrieste.com\/it\/#organization"},"potentialAction":[{"@type":"SearchAction","target":{"@type":"EntryPoint","urlTemplate":"https:\/\/www.dttrieste.com\/it\/?s={search_term_string}"},"query-input":{"@type":"PropertyValueSpecification","valueRequired":true,"valueName":"search_term_string"}}],"inLanguage":"it-IT"},{"@type":"Organization","@id":"https:\/\/www.dttrieste.com\/it\/#organization","name":"Hilton Trieste","url":"https:\/\/www.dttrieste.com\/it\/","logo":{"@type":"ImageObject","inLanguage":"it-IT","@id":"https:\/\/www.dttrieste.com\/it\/#\/schema\/logo\/image\/","url":"https:\/\/www.dttrieste.com\/wp-content\/uploads\/sites\/326\/2021\/07\/DT_Vertical_Logo-black.png","contentUrl":"https:\/\/www.dttrieste.com\/wp-content\/uploads\/sites\/326\/2021\/07\/DT_Vertical_Logo-black.png","width":1684,"height":1466,"caption":"Hilton Trieste"},"image":{"@id":"https:\/\/www.dttrieste.com\/it\/#\/schema\/logo\/image\/"}}]}},"acf":[],"_links":{"self":[{"href":"https:\/\/www.dttrieste.com\/it\/wp-json\/wp\/v2\/pages\/2887","targetHints":{"allow":["GET"]}}],"collection":[{"href":"https:\/\/www.dttrieste.com\/it\/wp-json\/wp\/v2\/pages"}],"about":[{"href":"https:\/\/www.dttrieste.com\/it\/wp-json\/wp\/v2\/types\/page"}],"author":[{"embeddable":true,"href":"https:\/\/www.dttrieste.com\/it\/wp-json\/wp\/v2\/users\/724"}],"replies":[{"embeddable":true,"href":"https:\/\/www.dttrieste.com\/it\/wp-json\/wp\/v2\/comments?post=2887"}],"version-history":[{"count":0,"href":"https:\/\/www.dttrieste.com\/it\/wp-json\/wp\/v2\/pages\/2887\/revisions"}],"up":[{"embeddable":true,"href":"https:\/\/www.dttrieste.com\/it\/wp-json\/wp\/v2\/pages\/421"}],"wp:featuredmedia":[{"embeddable":true,"href":"https:\/\/www.dttrieste.com\/it\/wp-json\/wp\/v2\/media\/2962"}],"wp:attachment":[{"href":"https:\/\/www.dttrieste.com\/it\/wp-json\/wp\/v2\/media?parent=2887"}],"curies":[{"name":"wp","href":"https:\/\/api.w.org\/{rel}","templated":true}]}}