{"id":929,"date":"2022-02-09T13:30:04","date_gmt":"2022-02-09T13:30:04","guid":{"rendered":"https:\/\/hiltontrieste.ms.decms.eu\/rooms-and-suites\/historical-one-bedroom-suite\/"},"modified":"2022-04-07T13:52:42","modified_gmt":"2022-04-07T13:52:42","slug":"historical-one-bedroom-suite","status":"publish","type":"page","link":"https:\/\/www.dttrieste.com\/de\/zimmer-und-suiten\/suites\/historical-one-bedroom-suite\/","title":{"rendered":"Historical One Bedroom Suite"},"content":{"rendered":"<p>Eine charmante Atmosph\u00e4re empf\u00e4ngt die G\u00e4ste in der <strong>Historical One Bedroom Suite<\/strong>. Die <strong>historische Einrichtung<\/strong> des Wohnzimmers, das fr\u00fcher als Lesesaal und Bibliothek diente, verleiht dem Raum den unver\u00e4nderten Charme des Triest der literarischen Meisterwerke von Joyce, Svevo und Saba. Zusammen mit dem <strong>zeitgen\u00f6ssischen Stil<\/strong> des Schlafzimmers und den raffinierten Details definieren sie eine luxuri\u00f6se Suite, in der Sie ein einzigartiges Urlaubserlebnis genie\u00dfen k\u00f6nnen.<\/p>\n","protected":false},"excerpt":{"rendered":"<p>Eine charmante Atmosph\u00e4re empf\u00e4ngt die G\u00e4ste in der Historical One Bedroom Suite. Die historische Einrichtung des Wohnzimmers, das fr\u00fcher als Lesesaal und Bibliothek diente, verleiht dem Raum den unver\u00e4nderten Charme des Triest der literarischen Meisterwerke von Joyce, Svevo und Saba. Zusammen mit dem zeitgen\u00f6ssischen Stil des Schlafzimmers und den raffinierten Details definieren sie eine luxuri\u00f6se [&hellip;]<\/p>\n","protected":false},"author":6,"featured_media":0,"parent":1213,"menu_order":30,"comment_status":"closed","ping_status":"closed","template":"template-single-room.php","meta":{"footnotes":""},"class_list":["post-929","page","type-page","status-publish","hentry"],"yoast_head":"<!-- This site is optimized with the Yoast SEO plugin v26.9 - https:\/\/yoast.com\/product\/yoast-seo-wordpress\/ -->\n<title>King Historical One Bedroom Suite | DoubleTree by Hilton Trieste<\/title>\n<meta name=\"description\" content=\"Unsere King Historical One-Bedroom Suite ist das das schlagende Herz der Geschichte des Hotels. Verw\u00f6hnen Sie Ihre Sinne mit dem exklusiven Angebot des Hilton!\" \/>\n<meta name=\"robots\" content=\"index, follow, max-snippet:-1, max-image-preview:large, max-video-preview:-1\" \/>\n<link rel=\"canonical\" href=\"https:\/\/www.dttrieste.com\/de\/zimmer-und-suiten\/suites\/historical-one-bedroom-suite\/\" \/>\n<meta property=\"og:locale\" content=\"de_DE\" \/>\n<meta property=\"og:type\" content=\"article\" \/>\n<meta property=\"og:title\" content=\"King Historical One Bedroom Suite | DoubleTree by Hilton Trieste\" \/>\n<meta property=\"og:description\" content=\"Unsere King Historical One-Bedroom Suite ist das das schlagende Herz der Geschichte des Hotels. Verw\u00f6hnen Sie Ihre Sinne mit dem exklusiven Angebot des Hilton!\" \/>\n<meta property=\"og:url\" content=\"https:\/\/www.dttrieste.com\/de\/zimmer-und-suiten\/suites\/historical-one-bedroom-suite\/\" \/>\n<meta property=\"og:site_name\" content=\"DoubleTree by Hilton Trieste\" \/>\n<meta property=\"article:modified_time\" content=\"2022-04-07T13:52:42+00:00\" \/>\n<meta name=\"twitter:card\" content=\"summary_large_image\" \/>\n<meta name=\"twitter:label1\" content=\"Gesch\u00e4tzte Lesezeit\" \/>\n\t<meta name=\"twitter:data1\" content=\"1 Minute\" \/>\n<script type=\"application\/ld+json\" class=\"yoast-schema-graph\">{\"@context\":\"https:\/\/schema.org\",\"@graph\":[{\"@type\":\"WebPage\",\"@id\":\"https:\/\/www.dttrieste.com\/de\/zimmer-und-suiten\/suites\/historical-one-bedroom-suite\/\",\"url\":\"https:\/\/www.dttrieste.com\/de\/zimmer-und-suiten\/suites\/historical-one-bedroom-suite\/\",\"name\":\"King Historical One Bedroom Suite | DoubleTree by Hilton Trieste\",\"isPartOf\":{\"@id\":\"https:\/\/www.dttrieste.com\/de\/#website\"},\"datePublished\":\"2022-02-09T13:30:04+00:00\",\"dateModified\":\"2022-04-07T13:52:42+00:00\",\"description\":\"Unsere King Historical One-Bedroom Suite ist das das schlagende Herz der Geschichte des Hotels. Verw\u00f6hnen Sie Ihre Sinne mit dem exklusiven Angebot des Hilton!\",\"breadcrumb\":{\"@id\":\"https:\/\/www.dttrieste.com\/de\/zimmer-und-suiten\/suites\/historical-one-bedroom-suite\/#breadcrumb\"},\"inLanguage\":\"de-DE\",\"potentialAction\":[{\"@type\":\"ReadAction\",\"target\":[\"https:\/\/www.dttrieste.com\/de\/zimmer-und-suiten\/suites\/historical-one-bedroom-suite\/\"]}]},{\"@type\":\"BreadcrumbList\",\"@id\":\"https:\/\/www.dttrieste.com\/de\/zimmer-und-suiten\/suites\/historical-one-bedroom-suite\/#breadcrumb\",\"itemListElement\":[{\"@type\":\"ListItem\",\"position\":1,\"name\":\"Home\",\"item\":\"https:\/\/www.dttrieste.com\/de\/\"},{\"@type\":\"ListItem\",\"position\":2,\"name\":\"Zimmer &amp; Suiten\",\"item\":\"https:\/\/www.dttrieste.com\/de\/zimmer-und-suiten\/\"},{\"@type\":\"ListItem\",\"position\":3,\"name\":\"Suite\",\"item\":\"https:\/\/www.dttrieste.com\/de\/zimmer-und-suiten\/suites\/\"},{\"@type\":\"ListItem\",\"position\":4,\"name\":\"Historical One Bedroom Suite\"}]},{\"@type\":\"WebSite\",\"@id\":\"https:\/\/www.dttrieste.com\/de\/#website\",\"url\":\"https:\/\/www.dttrieste.com\/de\/\",\"name\":\"DoubleTree by Hilton Trieste\",\"description\":\"Just another ms.decms.eu site\",\"publisher\":{\"@id\":\"https:\/\/www.dttrieste.com\/de\/#organization\"},\"potentialAction\":[{\"@type\":\"SearchAction\",\"target\":{\"@type\":\"EntryPoint\",\"urlTemplate\":\"https:\/\/www.dttrieste.com\/de\/?s={search_term_string}\"},\"query-input\":{\"@type\":\"PropertyValueSpecification\",\"valueRequired\":true,\"valueName\":\"search_term_string\"}}],\"inLanguage\":\"de-DE\"},{\"@type\":\"Organization\",\"@id\":\"https:\/\/www.dttrieste.com\/de\/#organization\",\"name\":\"Hilton Trieste\",\"url\":\"https:\/\/www.dttrieste.com\/de\/\",\"logo\":{\"@type\":\"ImageObject\",\"inLanguage\":\"de-DE\",\"@id\":\"https:\/\/www.dttrieste.com\/de\/#\/schema\/logo\/image\/\",\"url\":\"https:\/\/www.dttrieste.com\/wp-content\/uploads\/sites\/326\/2021\/07\/DT_Vertical_Logo-black.png\",\"contentUrl\":\"https:\/\/www.dttrieste.com\/wp-content\/uploads\/sites\/326\/2021\/07\/DT_Vertical_Logo-black.png\",\"width\":1684,\"height\":1466,\"caption\":\"Hilton Trieste\"},\"image\":{\"@id\":\"https:\/\/www.dttrieste.com\/de\/#\/schema\/logo\/image\/\"}}]}<\/script>\n<!-- \/ Yoast SEO plugin. -->","yoast_head_json":{"title":"King Historical One Bedroom Suite | DoubleTree by Hilton Trieste","description":"Unsere King Historical One-Bedroom Suite ist das das schlagende Herz der Geschichte des Hotels. Verw\u00f6hnen Sie Ihre Sinne mit dem exklusiven Angebot des Hilton!","robots":{"index":"index","follow":"follow","max-snippet":"max-snippet:-1","max-image-preview":"max-image-preview:large","max-video-preview":"max-video-preview:-1"},"canonical":"https:\/\/www.dttrieste.com\/de\/zimmer-und-suiten\/suites\/historical-one-bedroom-suite\/","og_locale":"de_DE","og_type":"article","og_title":"King Historical One Bedroom Suite | DoubleTree by Hilton Trieste","og_description":"Unsere King Historical One-Bedroom Suite ist das das schlagende Herz der Geschichte des Hotels. Verw\u00f6hnen Sie Ihre Sinne mit dem exklusiven Angebot des Hilton!","og_url":"https:\/\/www.dttrieste.com\/de\/zimmer-und-suiten\/suites\/historical-one-bedroom-suite\/","og_site_name":"DoubleTree by Hilton Trieste","article_modified_time":"2022-04-07T13:52:42+00:00","twitter_card":"summary_large_image","twitter_misc":{"Gesch\u00e4tzte Lesezeit":"1 Minute"},"schema":{"@context":"https:\/\/schema.org","@graph":[{"@type":"WebPage","@id":"https:\/\/www.dttrieste.com\/de\/zimmer-und-suiten\/suites\/historical-one-bedroom-suite\/","url":"https:\/\/www.dttrieste.com\/de\/zimmer-und-suiten\/suites\/historical-one-bedroom-suite\/","name":"King Historical One Bedroom Suite | DoubleTree by Hilton Trieste","isPartOf":{"@id":"https:\/\/www.dttrieste.com\/de\/#website"},"datePublished":"2022-02-09T13:30:04+00:00","dateModified":"2022-04-07T13:52:42+00:00","description":"Unsere King Historical One-Bedroom Suite ist das das schlagende Herz der Geschichte des Hotels. Verw\u00f6hnen Sie Ihre Sinne mit dem exklusiven Angebot des Hilton!","breadcrumb":{"@id":"https:\/\/www.dttrieste.com\/de\/zimmer-und-suiten\/suites\/historical-one-bedroom-suite\/#breadcrumb"},"inLanguage":"de-DE","potentialAction":[{"@type":"ReadAction","target":["https:\/\/www.dttrieste.com\/de\/zimmer-und-suiten\/suites\/historical-one-bedroom-suite\/"]}]},{"@type":"BreadcrumbList","@id":"https:\/\/www.dttrieste.com\/de\/zimmer-und-suiten\/suites\/historical-one-bedroom-suite\/#breadcrumb","itemListElement":[{"@type":"ListItem","position":1,"name":"Home","item":"https:\/\/www.dttrieste.com\/de\/"},{"@type":"ListItem","position":2,"name":"Zimmer &amp; Suiten","item":"https:\/\/www.dttrieste.com\/de\/zimmer-und-suiten\/"},{"@type":"ListItem","position":3,"name":"Suite","item":"https:\/\/www.dttrieste.com\/de\/zimmer-und-suiten\/suites\/"},{"@type":"ListItem","position":4,"name":"Historical One Bedroom Suite"}]},{"@type":"WebSite","@id":"https:\/\/www.dttrieste.com\/de\/#website","url":"https:\/\/www.dttrieste.com\/de\/","name":"DoubleTree by Hilton Trieste","description":"Just another ms.decms.eu site","publisher":{"@id":"https:\/\/www.dttrieste.com\/de\/#organization"},"potentialAction":[{"@type":"SearchAction","target":{"@type":"EntryPoint","urlTemplate":"https:\/\/www.dttrieste.com\/de\/?s={search_term_string}"},"query-input":{"@type":"PropertyValueSpecification","valueRequired":true,"valueName":"search_term_string"}}],"inLanguage":"de-DE"},{"@type":"Organization","@id":"https:\/\/www.dttrieste.com\/de\/#organization","name":"Hilton Trieste","url":"https:\/\/www.dttrieste.com\/de\/","logo":{"@type":"ImageObject","inLanguage":"de-DE","@id":"https:\/\/www.dttrieste.com\/de\/#\/schema\/logo\/image\/","url":"https:\/\/www.dttrieste.com\/wp-content\/uploads\/sites\/326\/2021\/07\/DT_Vertical_Logo-black.png","contentUrl":"https:\/\/www.dttrieste.com\/wp-content\/uploads\/sites\/326\/2021\/07\/DT_Vertical_Logo-black.png","width":1684,"height":1466,"caption":"Hilton Trieste"},"image":{"@id":"https:\/\/www.dttrieste.com\/de\/#\/schema\/logo\/image\/"}}]}},"acf":[],"_links":{"self":[{"href":"https:\/\/www.dttrieste.com\/de\/wp-json\/wp\/v2\/pages\/929","targetHints":{"allow":["GET"]}}],"collection":[{"href":"https:\/\/www.dttrieste.com\/de\/wp-json\/wp\/v2\/pages"}],"about":[{"href":"https:\/\/www.dttrieste.com\/de\/wp-json\/wp\/v2\/types\/page"}],"author":[{"embeddable":true,"href":"https:\/\/www.dttrieste.com\/de\/wp-json\/wp\/v2\/users\/6"}],"replies":[{"embeddable":true,"href":"https:\/\/www.dttrieste.com\/de\/wp-json\/wp\/v2\/comments?post=929"}],"version-history":[{"count":0,"href":"https:\/\/www.dttrieste.com\/de\/wp-json\/wp\/v2\/pages\/929\/revisions"}],"up":[{"embeddable":true,"href":"https:\/\/www.dttrieste.com\/de\/wp-json\/wp\/v2\/pages\/1213"}],"wp:attachment":[{"href":"https:\/\/www.dttrieste.com\/de\/wp-json\/wp\/v2\/media?parent=929"}],"curies":[{"name":"wp","href":"https:\/\/api.w.org\/{rel}","templated":true}]}}