{"id":909,"date":"2022-02-09T13:03:25","date_gmt":"2022-02-09T13:03:25","guid":{"rendered":"https:\/\/hiltontrieste.ms.decms.eu\/rooms-and-suites\/junior-suite\/"},"modified":"2025-07-17T13:24:54","modified_gmt":"2025-07-17T13:24:54","slug":"junior-suite","status":"publish","type":"page","link":"https:\/\/www.dttrieste.com\/de\/zimmer-und-suiten\/suites\/junior-suite\/","title":{"rendered":"Junior Suite"},"content":{"rendered":"<p>Die Junior-Suite des DoubleTree by Hilton Hotel Trieste besteht aus <strong>einem Wohnbereich<\/strong> mit Schlafsofa und Fernseher und <strong>einem Schlafbereich<\/strong> mit Kingsize-Bett und Sesseln. <strong>Gro\u00dfz\u00fcgige Abmessungen<\/strong> und eine elegante Einrichtung sorgen f\u00fcr einen angenehmen Aufenthalt in absolutem Komfort, umgeben von hochwertigen Annehmlichkeiten und Serviceleistungen wie Minibar, Wasserkocher und Espressomaschine, HD-Fernseher, Badem\u00e4ntel und Hausschuhe.<\/p>\n","protected":false},"excerpt":{"rendered":"<p>Die Junior-Suite des DoubleTree by Hilton Hotel Trieste besteht aus einem Wohnbereich mit Schlafsofa und Fernseher und einem Schlafbereich mit Kingsize-Bett und Sesseln. Gro\u00dfz\u00fcgige Abmessungen und eine elegante Einrichtung sorgen f\u00fcr einen angenehmen Aufenthalt in absolutem Komfort, umgeben von hochwertigen Annehmlichkeiten und Serviceleistungen wie Minibar, Wasserkocher und Espressomaschine, HD-Fernseher, Badem\u00e4ntel und Hausschuhe.<\/p>\n","protected":false},"author":6,"featured_media":0,"parent":1213,"menu_order":27,"comment_status":"closed","ping_status":"closed","template":"template-single-room.php","meta":{"footnotes":""},"class_list":["post-909","page","type-page","status-publish","hentry"],"yoast_head":"<!-- This site is optimized with the Yoast SEO plugin v26.9 - https:\/\/yoast.com\/product\/yoast-seo-wordpress\/ -->\n<title>King Junior Suite: Wohnbereich, Kingsize-Bett | Hilton Trieste<\/title>\n<meta name=\"description\" content=\"Die Junior-Suiten sind harmonisch eingerichtet und verbinden Komfort mit anspruchsvollem Design. G\u00f6nnen Sie sich einen erholsamen Schlaf und genie\u00dfen Sie den Wohnbereich mit Schlafsofa.\" \/>\n<meta name=\"robots\" content=\"index, follow, max-snippet:-1, max-image-preview:large, max-video-preview:-1\" \/>\n<link rel=\"canonical\" href=\"https:\/\/www.dttrieste.com\/de\/zimmer-und-suiten\/suites\/junior-suite\/\" \/>\n<meta property=\"og:locale\" content=\"de_DE\" \/>\n<meta property=\"og:type\" content=\"article\" \/>\n<meta property=\"og:title\" content=\"King Junior Suite: Wohnbereich, Kingsize-Bett | Hilton Trieste\" \/>\n<meta property=\"og:description\" content=\"Die Junior-Suiten sind harmonisch eingerichtet und verbinden Komfort mit anspruchsvollem Design. G\u00f6nnen Sie sich einen erholsamen Schlaf und genie\u00dfen Sie den Wohnbereich mit Schlafsofa.\" \/>\n<meta property=\"og:url\" content=\"https:\/\/www.dttrieste.com\/de\/zimmer-und-suiten\/suites\/junior-suite\/\" \/>\n<meta property=\"og:site_name\" content=\"DoubleTree by Hilton Trieste\" \/>\n<meta property=\"article:modified_time\" content=\"2025-07-17T13:24:54+00:00\" \/>\n<meta name=\"twitter:card\" content=\"summary_large_image\" \/>\n<meta name=\"twitter:label1\" content=\"Gesch\u00e4tzte Lesezeit\" \/>\n\t<meta name=\"twitter:data1\" content=\"1 Minute\" \/>\n<script type=\"application\/ld+json\" class=\"yoast-schema-graph\">{\"@context\":\"https:\/\/schema.org\",\"@graph\":[{\"@type\":\"WebPage\",\"@id\":\"https:\/\/www.dttrieste.com\/de\/zimmer-und-suiten\/suites\/junior-suite\/\",\"url\":\"https:\/\/www.dttrieste.com\/de\/zimmer-und-suiten\/suites\/junior-suite\/\",\"name\":\"King Junior Suite: Wohnbereich, Kingsize-Bett | Hilton Trieste\",\"isPartOf\":{\"@id\":\"https:\/\/www.dttrieste.com\/de\/#website\"},\"datePublished\":\"2022-02-09T13:03:25+00:00\",\"dateModified\":\"2025-07-17T13:24:54+00:00\",\"description\":\"Die Junior-Suiten sind harmonisch eingerichtet und verbinden Komfort mit anspruchsvollem Design. G\u00f6nnen Sie sich einen erholsamen Schlaf und genie\u00dfen Sie den Wohnbereich mit Schlafsofa.\",\"breadcrumb\":{\"@id\":\"https:\/\/www.dttrieste.com\/de\/zimmer-und-suiten\/suites\/junior-suite\/#breadcrumb\"},\"inLanguage\":\"de-DE\",\"potentialAction\":[{\"@type\":\"ReadAction\",\"target\":[\"https:\/\/www.dttrieste.com\/de\/zimmer-und-suiten\/suites\/junior-suite\/\"]}]},{\"@type\":\"BreadcrumbList\",\"@id\":\"https:\/\/www.dttrieste.com\/de\/zimmer-und-suiten\/suites\/junior-suite\/#breadcrumb\",\"itemListElement\":[{\"@type\":\"ListItem\",\"position\":1,\"name\":\"Home\",\"item\":\"https:\/\/www.dttrieste.com\/de\/\"},{\"@type\":\"ListItem\",\"position\":2,\"name\":\"Zimmer &amp; Suiten\",\"item\":\"https:\/\/www.dttrieste.com\/de\/zimmer-und-suiten\/\"},{\"@type\":\"ListItem\",\"position\":3,\"name\":\"Suite\",\"item\":\"https:\/\/www.dttrieste.com\/de\/zimmer-und-suiten\/suites\/\"},{\"@type\":\"ListItem\",\"position\":4,\"name\":\"Junior Suite\"}]},{\"@type\":\"WebSite\",\"@id\":\"https:\/\/www.dttrieste.com\/de\/#website\",\"url\":\"https:\/\/www.dttrieste.com\/de\/\",\"name\":\"DoubleTree by Hilton Trieste\",\"description\":\"Just another ms.decms.eu site\",\"publisher\":{\"@id\":\"https:\/\/www.dttrieste.com\/de\/#organization\"},\"potentialAction\":[{\"@type\":\"SearchAction\",\"target\":{\"@type\":\"EntryPoint\",\"urlTemplate\":\"https:\/\/www.dttrieste.com\/de\/?s={search_term_string}\"},\"query-input\":{\"@type\":\"PropertyValueSpecification\",\"valueRequired\":true,\"valueName\":\"search_term_string\"}}],\"inLanguage\":\"de-DE\"},{\"@type\":\"Organization\",\"@id\":\"https:\/\/www.dttrieste.com\/de\/#organization\",\"name\":\"Hilton Trieste\",\"url\":\"https:\/\/www.dttrieste.com\/de\/\",\"logo\":{\"@type\":\"ImageObject\",\"inLanguage\":\"de-DE\",\"@id\":\"https:\/\/www.dttrieste.com\/de\/#\/schema\/logo\/image\/\",\"url\":\"https:\/\/www.dttrieste.com\/wp-content\/uploads\/sites\/326\/2021\/07\/DT_Vertical_Logo-black.png\",\"contentUrl\":\"https:\/\/www.dttrieste.com\/wp-content\/uploads\/sites\/326\/2021\/07\/DT_Vertical_Logo-black.png\",\"width\":1684,\"height\":1466,\"caption\":\"Hilton Trieste\"},\"image\":{\"@id\":\"https:\/\/www.dttrieste.com\/de\/#\/schema\/logo\/image\/\"}}]}<\/script>\n<!-- \/ Yoast SEO plugin. -->","yoast_head_json":{"title":"King Junior Suite: Wohnbereich, Kingsize-Bett | Hilton Trieste","description":"Die Junior-Suiten sind harmonisch eingerichtet und verbinden Komfort mit anspruchsvollem Design. G\u00f6nnen Sie sich einen erholsamen Schlaf und genie\u00dfen Sie den Wohnbereich mit Schlafsofa.","robots":{"index":"index","follow":"follow","max-snippet":"max-snippet:-1","max-image-preview":"max-image-preview:large","max-video-preview":"max-video-preview:-1"},"canonical":"https:\/\/www.dttrieste.com\/de\/zimmer-und-suiten\/suites\/junior-suite\/","og_locale":"de_DE","og_type":"article","og_title":"King Junior Suite: Wohnbereich, Kingsize-Bett | Hilton Trieste","og_description":"Die Junior-Suiten sind harmonisch eingerichtet und verbinden Komfort mit anspruchsvollem Design. G\u00f6nnen Sie sich einen erholsamen Schlaf und genie\u00dfen Sie den Wohnbereich mit Schlafsofa.","og_url":"https:\/\/www.dttrieste.com\/de\/zimmer-und-suiten\/suites\/junior-suite\/","og_site_name":"DoubleTree by Hilton Trieste","article_modified_time":"2025-07-17T13:24:54+00:00","twitter_card":"summary_large_image","twitter_misc":{"Gesch\u00e4tzte Lesezeit":"1 Minute"},"schema":{"@context":"https:\/\/schema.org","@graph":[{"@type":"WebPage","@id":"https:\/\/www.dttrieste.com\/de\/zimmer-und-suiten\/suites\/junior-suite\/","url":"https:\/\/www.dttrieste.com\/de\/zimmer-und-suiten\/suites\/junior-suite\/","name":"King Junior Suite: Wohnbereich, Kingsize-Bett | Hilton Trieste","isPartOf":{"@id":"https:\/\/www.dttrieste.com\/de\/#website"},"datePublished":"2022-02-09T13:03:25+00:00","dateModified":"2025-07-17T13:24:54+00:00","description":"Die Junior-Suiten sind harmonisch eingerichtet und verbinden Komfort mit anspruchsvollem Design. G\u00f6nnen Sie sich einen erholsamen Schlaf und genie\u00dfen Sie den Wohnbereich mit Schlafsofa.","breadcrumb":{"@id":"https:\/\/www.dttrieste.com\/de\/zimmer-und-suiten\/suites\/junior-suite\/#breadcrumb"},"inLanguage":"de-DE","potentialAction":[{"@type":"ReadAction","target":["https:\/\/www.dttrieste.com\/de\/zimmer-und-suiten\/suites\/junior-suite\/"]}]},{"@type":"BreadcrumbList","@id":"https:\/\/www.dttrieste.com\/de\/zimmer-und-suiten\/suites\/junior-suite\/#breadcrumb","itemListElement":[{"@type":"ListItem","position":1,"name":"Home","item":"https:\/\/www.dttrieste.com\/de\/"},{"@type":"ListItem","position":2,"name":"Zimmer &amp; Suiten","item":"https:\/\/www.dttrieste.com\/de\/zimmer-und-suiten\/"},{"@type":"ListItem","position":3,"name":"Suite","item":"https:\/\/www.dttrieste.com\/de\/zimmer-und-suiten\/suites\/"},{"@type":"ListItem","position":4,"name":"Junior Suite"}]},{"@type":"WebSite","@id":"https:\/\/www.dttrieste.com\/de\/#website","url":"https:\/\/www.dttrieste.com\/de\/","name":"DoubleTree by Hilton Trieste","description":"Just another ms.decms.eu site","publisher":{"@id":"https:\/\/www.dttrieste.com\/de\/#organization"},"potentialAction":[{"@type":"SearchAction","target":{"@type":"EntryPoint","urlTemplate":"https:\/\/www.dttrieste.com\/de\/?s={search_term_string}"},"query-input":{"@type":"PropertyValueSpecification","valueRequired":true,"valueName":"search_term_string"}}],"inLanguage":"de-DE"},{"@type":"Organization","@id":"https:\/\/www.dttrieste.com\/de\/#organization","name":"Hilton Trieste","url":"https:\/\/www.dttrieste.com\/de\/","logo":{"@type":"ImageObject","inLanguage":"de-DE","@id":"https:\/\/www.dttrieste.com\/de\/#\/schema\/logo\/image\/","url":"https:\/\/www.dttrieste.com\/wp-content\/uploads\/sites\/326\/2021\/07\/DT_Vertical_Logo-black.png","contentUrl":"https:\/\/www.dttrieste.com\/wp-content\/uploads\/sites\/326\/2021\/07\/DT_Vertical_Logo-black.png","width":1684,"height":1466,"caption":"Hilton Trieste"},"image":{"@id":"https:\/\/www.dttrieste.com\/de\/#\/schema\/logo\/image\/"}}]}},"acf":[],"_links":{"self":[{"href":"https:\/\/www.dttrieste.com\/de\/wp-json\/wp\/v2\/pages\/909","targetHints":{"allow":["GET"]}}],"collection":[{"href":"https:\/\/www.dttrieste.com\/de\/wp-json\/wp\/v2\/pages"}],"about":[{"href":"https:\/\/www.dttrieste.com\/de\/wp-json\/wp\/v2\/types\/page"}],"author":[{"embeddable":true,"href":"https:\/\/www.dttrieste.com\/de\/wp-json\/wp\/v2\/users\/6"}],"replies":[{"embeddable":true,"href":"https:\/\/www.dttrieste.com\/de\/wp-json\/wp\/v2\/comments?post=909"}],"version-history":[{"count":0,"href":"https:\/\/www.dttrieste.com\/de\/wp-json\/wp\/v2\/pages\/909\/revisions"}],"up":[{"embeddable":true,"href":"https:\/\/www.dttrieste.com\/de\/wp-json\/wp\/v2\/pages\/1213"}],"wp:attachment":[{"href":"https:\/\/www.dttrieste.com\/de\/wp-json\/wp\/v2\/media?parent=909"}],"curies":[{"name":"wp","href":"https:\/\/api.w.org\/{rel}","templated":true}]}}