{"id":458,"date":"2021-10-19T15:43:24","date_gmt":"2021-10-19T15:43:24","guid":{"rendered":"https:\/\/hiltontrieste.ms.decms.eu\/cosa-fare\/sport-acquatici\/"},"modified":"2022-07-13T12:51:01","modified_gmt":"2022-07-13T12:51:01","slug":"wassersport","status":"publish","type":"page","link":"https:\/\/www.dttrieste.com\/de\/freizeitaktivitaeten\/wassersport\/","title":{"rendered":"Wassersport"},"content":{"rendered":"<p>Triest bietet die M\u00f6glichkeit, von den Str\u00e4nden und Yachth\u00e4fen der Stadt aus verschiedene Wassersportarten auf dem wundersch\u00f6nen Meer zu betreiben. In Barcola, Grignano und in den <strong>Segelclubs<\/strong> an der &#8222;Rive&#8220; im Zentrum finden Sie<strong> Verleihe<\/strong> und <strong>Segelschulen<\/strong> f\u00fcr Kinder und Erwachsene.<\/p>\n<p>Kurse f\u00fcr Erwachsene werden oft an Wochenenden organisiert, damit auch Personen von au\u00dferhalb teilnehmen k\u00f6nnen. Ausfl\u00fcge auf dem Meer, in der herrlichen Umgebung des Golfs, sind ein echtes Privileg f\u00fcr diejenigen, die Segelkurse in Triest w\u00e4hlen.<\/p>\n<p>In der Gegend von Barcola und Grignano gibt es zahlreiche Wind- und <strong>Kitesurfing-Verleihe und -Schulen<\/strong>, w\u00e4hrend Stand-Up-Paddling an den Molen von Rive mit Verleihern und Schulen ausprobiert werden k\u00f6nnen, die auch Touren und Kurse organisieren.<\/p>\n","protected":false},"excerpt":{"rendered":"<p>Triest bietet die M\u00f6glichkeit, von den Str\u00e4nden und Yachth\u00e4fen der Stadt aus verschiedene Wassersportarten auf dem wundersch\u00f6nen Meer zu betreiben. In Barcola, Grignano und in den Segelclubs an der &#8222;Rive&#8220; im Zentrum finden Sie Verleihe und Segelschulen f\u00fcr Kinder und Erwachsene. Kurse f\u00fcr Erwachsene werden oft an Wochenenden organisiert, damit auch Personen von au\u00dferhalb teilnehmen [&hellip;]<\/p>\n","protected":false},"author":6,"featured_media":0,"parent":452,"menu_order":114,"comment_status":"closed","ping_status":"closed","template":"template-default-2.php","meta":{"footnotes":""},"class_list":["post-458","page","type-page","status-publish","hentry"],"yoast_head":"<!-- This site is optimized with the Yoast SEO plugin v26.9 - https:\/\/yoast.com\/product\/yoast-seo-wordpress\/ -->\n<title>Wassersport: Kajak, Kanu, Rafting | Hilton Trieste<\/title>\n<meta name=\"description\" content=\"Rafting, Kanu, Kajak, Sup: Es gibt unz\u00e4hlige sportliche Aktivit\u00e4ten auf dem Wasser. Finden Sie heraus, wo man sie in Triest und Umgebung ausprobieren oder aus\u00fcben kann!\" \/>\n<meta name=\"robots\" content=\"index, follow, max-snippet:-1, max-image-preview:large, max-video-preview:-1\" \/>\n<link rel=\"canonical\" href=\"https:\/\/www.dttrieste.com\/de\/freizeitaktivitaeten\/wassersport\/\" \/>\n<meta property=\"og:locale\" content=\"de_DE\" \/>\n<meta property=\"og:type\" content=\"article\" \/>\n<meta property=\"og:title\" content=\"Wassersport: Kajak, Kanu, Rafting | Hilton Trieste\" \/>\n<meta property=\"og:description\" content=\"Rafting, Kanu, Kajak, Sup: Es gibt unz\u00e4hlige sportliche Aktivit\u00e4ten auf dem Wasser. Finden Sie heraus, wo man sie in Triest und Umgebung ausprobieren oder aus\u00fcben kann!\" \/>\n<meta property=\"og:url\" content=\"https:\/\/www.dttrieste.com\/de\/freizeitaktivitaeten\/wassersport\/\" \/>\n<meta property=\"og:site_name\" content=\"DoubleTree by Hilton Trieste\" \/>\n<meta property=\"article:modified_time\" content=\"2022-07-13T12:51:01+00:00\" \/>\n<meta name=\"twitter:card\" content=\"summary_large_image\" \/>\n<meta name=\"twitter:label1\" content=\"Gesch\u00e4tzte Lesezeit\" \/>\n\t<meta name=\"twitter:data1\" content=\"1 Minute\" \/>\n<script type=\"application\/ld+json\" class=\"yoast-schema-graph\">{\"@context\":\"https:\/\/schema.org\",\"@graph\":[{\"@type\":\"WebPage\",\"@id\":\"https:\/\/www.dttrieste.com\/de\/freizeitaktivitaeten\/wassersport\/\",\"url\":\"https:\/\/www.dttrieste.com\/de\/freizeitaktivitaeten\/wassersport\/\",\"name\":\"Wassersport: Kajak, Kanu, Rafting | Hilton Trieste\",\"isPartOf\":{\"@id\":\"https:\/\/www.dttrieste.com\/de\/#website\"},\"datePublished\":\"2021-10-19T15:43:24+00:00\",\"dateModified\":\"2022-07-13T12:51:01+00:00\",\"description\":\"Rafting, Kanu, Kajak, Sup: Es gibt unz\u00e4hlige sportliche Aktivit\u00e4ten auf dem Wasser. Finden Sie heraus, wo man sie in Triest und Umgebung ausprobieren oder aus\u00fcben kann!\",\"breadcrumb\":{\"@id\":\"https:\/\/www.dttrieste.com\/de\/freizeitaktivitaeten\/wassersport\/#breadcrumb\"},\"inLanguage\":\"de-DE\",\"potentialAction\":[{\"@type\":\"ReadAction\",\"target\":[\"https:\/\/www.dttrieste.com\/de\/freizeitaktivitaeten\/wassersport\/\"]}]},{\"@type\":\"BreadcrumbList\",\"@id\":\"https:\/\/www.dttrieste.com\/de\/freizeitaktivitaeten\/wassersport\/#breadcrumb\",\"itemListElement\":[{\"@type\":\"ListItem\",\"position\":1,\"name\":\"Home\",\"item\":\"https:\/\/www.dttrieste.com\/de\/\"},{\"@type\":\"ListItem\",\"position\":2,\"name\":\"Was man in Triest tun kann\",\"item\":\"https:\/\/www.dttrieste.com\/de\/freizeitaktivitaeten\/\"},{\"@type\":\"ListItem\",\"position\":3,\"name\":\"Wassersport\"}]},{\"@type\":\"WebSite\",\"@id\":\"https:\/\/www.dttrieste.com\/de\/#website\",\"url\":\"https:\/\/www.dttrieste.com\/de\/\",\"name\":\"DoubleTree by Hilton Trieste\",\"description\":\"Just another ms.decms.eu site\",\"publisher\":{\"@id\":\"https:\/\/www.dttrieste.com\/de\/#organization\"},\"potentialAction\":[{\"@type\":\"SearchAction\",\"target\":{\"@type\":\"EntryPoint\",\"urlTemplate\":\"https:\/\/www.dttrieste.com\/de\/?s={search_term_string}\"},\"query-input\":{\"@type\":\"PropertyValueSpecification\",\"valueRequired\":true,\"valueName\":\"search_term_string\"}}],\"inLanguage\":\"de-DE\"},{\"@type\":\"Organization\",\"@id\":\"https:\/\/www.dttrieste.com\/de\/#organization\",\"name\":\"Hilton Trieste\",\"url\":\"https:\/\/www.dttrieste.com\/de\/\",\"logo\":{\"@type\":\"ImageObject\",\"inLanguage\":\"de-DE\",\"@id\":\"https:\/\/www.dttrieste.com\/de\/#\/schema\/logo\/image\/\",\"url\":\"https:\/\/www.dttrieste.com\/wp-content\/uploads\/sites\/326\/2021\/07\/DT_Vertical_Logo-black.png\",\"contentUrl\":\"https:\/\/www.dttrieste.com\/wp-content\/uploads\/sites\/326\/2021\/07\/DT_Vertical_Logo-black.png\",\"width\":1684,\"height\":1466,\"caption\":\"Hilton Trieste\"},\"image\":{\"@id\":\"https:\/\/www.dttrieste.com\/de\/#\/schema\/logo\/image\/\"}}]}<\/script>\n<!-- \/ Yoast SEO plugin. -->","yoast_head_json":{"title":"Wassersport: Kajak, Kanu, Rafting | Hilton Trieste","description":"Rafting, Kanu, Kajak, Sup: Es gibt unz\u00e4hlige sportliche Aktivit\u00e4ten auf dem Wasser. Finden Sie heraus, wo man sie in Triest und Umgebung ausprobieren oder aus\u00fcben kann!","robots":{"index":"index","follow":"follow","max-snippet":"max-snippet:-1","max-image-preview":"max-image-preview:large","max-video-preview":"max-video-preview:-1"},"canonical":"https:\/\/www.dttrieste.com\/de\/freizeitaktivitaeten\/wassersport\/","og_locale":"de_DE","og_type":"article","og_title":"Wassersport: Kajak, Kanu, Rafting | Hilton Trieste","og_description":"Rafting, Kanu, Kajak, Sup: Es gibt unz\u00e4hlige sportliche Aktivit\u00e4ten auf dem Wasser. Finden Sie heraus, wo man sie in Triest und Umgebung ausprobieren oder aus\u00fcben kann!","og_url":"https:\/\/www.dttrieste.com\/de\/freizeitaktivitaeten\/wassersport\/","og_site_name":"DoubleTree by Hilton Trieste","article_modified_time":"2022-07-13T12:51:01+00:00","twitter_card":"summary_large_image","twitter_misc":{"Gesch\u00e4tzte Lesezeit":"1 Minute"},"schema":{"@context":"https:\/\/schema.org","@graph":[{"@type":"WebPage","@id":"https:\/\/www.dttrieste.com\/de\/freizeitaktivitaeten\/wassersport\/","url":"https:\/\/www.dttrieste.com\/de\/freizeitaktivitaeten\/wassersport\/","name":"Wassersport: Kajak, Kanu, Rafting | Hilton Trieste","isPartOf":{"@id":"https:\/\/www.dttrieste.com\/de\/#website"},"datePublished":"2021-10-19T15:43:24+00:00","dateModified":"2022-07-13T12:51:01+00:00","description":"Rafting, Kanu, Kajak, Sup: Es gibt unz\u00e4hlige sportliche Aktivit\u00e4ten auf dem Wasser. Finden Sie heraus, wo man sie in Triest und Umgebung ausprobieren oder aus\u00fcben kann!","breadcrumb":{"@id":"https:\/\/www.dttrieste.com\/de\/freizeitaktivitaeten\/wassersport\/#breadcrumb"},"inLanguage":"de-DE","potentialAction":[{"@type":"ReadAction","target":["https:\/\/www.dttrieste.com\/de\/freizeitaktivitaeten\/wassersport\/"]}]},{"@type":"BreadcrumbList","@id":"https:\/\/www.dttrieste.com\/de\/freizeitaktivitaeten\/wassersport\/#breadcrumb","itemListElement":[{"@type":"ListItem","position":1,"name":"Home","item":"https:\/\/www.dttrieste.com\/de\/"},{"@type":"ListItem","position":2,"name":"Was man in Triest tun kann","item":"https:\/\/www.dttrieste.com\/de\/freizeitaktivitaeten\/"},{"@type":"ListItem","position":3,"name":"Wassersport"}]},{"@type":"WebSite","@id":"https:\/\/www.dttrieste.com\/de\/#website","url":"https:\/\/www.dttrieste.com\/de\/","name":"DoubleTree by Hilton Trieste","description":"Just another ms.decms.eu site","publisher":{"@id":"https:\/\/www.dttrieste.com\/de\/#organization"},"potentialAction":[{"@type":"SearchAction","target":{"@type":"EntryPoint","urlTemplate":"https:\/\/www.dttrieste.com\/de\/?s={search_term_string}"},"query-input":{"@type":"PropertyValueSpecification","valueRequired":true,"valueName":"search_term_string"}}],"inLanguage":"de-DE"},{"@type":"Organization","@id":"https:\/\/www.dttrieste.com\/de\/#organization","name":"Hilton Trieste","url":"https:\/\/www.dttrieste.com\/de\/","logo":{"@type":"ImageObject","inLanguage":"de-DE","@id":"https:\/\/www.dttrieste.com\/de\/#\/schema\/logo\/image\/","url":"https:\/\/www.dttrieste.com\/wp-content\/uploads\/sites\/326\/2021\/07\/DT_Vertical_Logo-black.png","contentUrl":"https:\/\/www.dttrieste.com\/wp-content\/uploads\/sites\/326\/2021\/07\/DT_Vertical_Logo-black.png","width":1684,"height":1466,"caption":"Hilton Trieste"},"image":{"@id":"https:\/\/www.dttrieste.com\/de\/#\/schema\/logo\/image\/"}}]}},"acf":[],"_links":{"self":[{"href":"https:\/\/www.dttrieste.com\/de\/wp-json\/wp\/v2\/pages\/458","targetHints":{"allow":["GET"]}}],"collection":[{"href":"https:\/\/www.dttrieste.com\/de\/wp-json\/wp\/v2\/pages"}],"about":[{"href":"https:\/\/www.dttrieste.com\/de\/wp-json\/wp\/v2\/types\/page"}],"author":[{"embeddable":true,"href":"https:\/\/www.dttrieste.com\/de\/wp-json\/wp\/v2\/users\/6"}],"replies":[{"embeddable":true,"href":"https:\/\/www.dttrieste.com\/de\/wp-json\/wp\/v2\/comments?post=458"}],"version-history":[{"count":0,"href":"https:\/\/www.dttrieste.com\/de\/wp-json\/wp\/v2\/pages\/458\/revisions"}],"up":[{"embeddable":true,"href":"https:\/\/www.dttrieste.com\/de\/wp-json\/wp\/v2\/pages\/452"}],"wp:attachment":[{"href":"https:\/\/www.dttrieste.com\/de\/wp-json\/wp\/v2\/media?parent=458"}],"curies":[{"name":"wp","href":"https:\/\/api.w.org\/{rel}","templated":true}]}}