{"id":456,"date":"2021-10-19T15:43:12","date_gmt":"2021-10-19T15:43:12","guid":{"rendered":"https:\/\/hiltontrieste.ms.decms.eu\/cosa-fare\/escursioni-e-trekking\/"},"modified":"2022-07-13T12:47:03","modified_gmt":"2022-07-13T12:47:03","slug":"wandern-und-trekking","status":"publish","type":"page","link":"https:\/\/www.dttrieste.com\/de\/freizeitaktivitaeten\/wandern-und-trekking\/","title":{"rendered":"Wandern und Trekking"},"content":{"rendered":"<p>Am Fu\u00dfe des Karsts, einer felsigen Hochebene, und dort, wo das Adriatische Meer beginnt, befindet sich Triest in einer gl\u00fccklichen Lage als ein idealer Ausgangspunkt f\u00fcr die Entdeckung einer an Geschichte und Natur reichen Gegend. Von den Toren Triestes aus gibt es zahlreiche Wanderungen und Radtouren zu bezaubernden Zielen.<\/p>\n<p>Das Rosandratal ist ein magischer Ort, den man zu Fu\u00df oder mit dem Mountainbike entlang des Flusses Rosandra erkunden kann, inmitten unber\u00fchrter Natur und mit spektakul\u00e4rem Blick auf das Meer.<\/p>\n<p>Die Wege durch das Naturreservat der Klippen von Duino, die vom Duft der mediterranen Macchia umgeben sind, bieten einen herrlichen Blick auf das Meer von Triest, w\u00e4hrend die Strada Napoleonica ein leichter Spaziergang ist, auch mit Kindern, um die au\u00dfergew\u00f6hnliche Landschaft des Golfs von Triest zu bewundern.<\/p>\n<p>Dies sind nur einige der Ausflugs- und Wanderrouten, die Sie in Triest unternehmen k\u00f6nnen: Fragen Sie unsere Mitarbeiter an der Rezeption nach Ratschl\u00e4gen und Informationen, sie werden Ihnen gerne Vorschl\u00e4ge machen, wie Sie die Natur in der Umgebung genie\u00dfen k\u00f6nnen.<\/p>\n","protected":false},"excerpt":{"rendered":"<p>Am Fu\u00dfe des Karsts, einer felsigen Hochebene, und dort, wo das Adriatische Meer beginnt, befindet sich Triest in einer gl\u00fccklichen Lage als ein idealer Ausgangspunkt f\u00fcr die Entdeckung einer an Geschichte und Natur reichen Gegend. Von den Toren Triestes aus gibt es zahlreiche Wanderungen und Radtouren zu bezaubernden Zielen. Das Rosandratal ist ein magischer Ort, [&hellip;]<\/p>\n","protected":false},"author":6,"featured_media":0,"parent":452,"menu_order":112,"comment_status":"closed","ping_status":"closed","template":"template-default-2.php","meta":{"footnotes":""},"class_list":["post-456","page","type-page","status-publish","hentry"],"yoast_head":"<!-- This site is optimized with the Yoast SEO plugin v26.9 - https:\/\/yoast.com\/product\/yoast-seo-wordpress\/ -->\n<title>Wandern und Trekking: Routen in Triest und Umgebung | Hilton Trieste<\/title>\n<meta name=\"description\" content=\"Unber\u00fchrte Natur, Wanderwege und atemberaubende Aussichten: Entdecken Sie die besten Ziele f\u00fcr Ihre Wanderungen in Friaul-Julisch Venetien!\" \/>\n<meta name=\"robots\" content=\"index, follow, max-snippet:-1, max-image-preview:large, max-video-preview:-1\" \/>\n<link rel=\"canonical\" href=\"https:\/\/www.dttrieste.com\/de\/freizeitaktivitaeten\/wandern-und-trekking\/\" \/>\n<meta property=\"og:locale\" content=\"de_DE\" \/>\n<meta property=\"og:type\" content=\"article\" \/>\n<meta property=\"og:title\" content=\"Wandern und Trekking: Routen in Triest und Umgebung | Hilton Trieste\" \/>\n<meta property=\"og:description\" content=\"Unber\u00fchrte Natur, Wanderwege und atemberaubende Aussichten: Entdecken Sie die besten Ziele f\u00fcr Ihre Wanderungen in Friaul-Julisch Venetien!\" \/>\n<meta property=\"og:url\" content=\"https:\/\/www.dttrieste.com\/de\/freizeitaktivitaeten\/wandern-und-trekking\/\" \/>\n<meta property=\"og:site_name\" content=\"DoubleTree by Hilton Trieste\" \/>\n<meta property=\"article:modified_time\" content=\"2022-07-13T12:47:03+00:00\" \/>\n<meta name=\"twitter:card\" content=\"summary_large_image\" \/>\n<meta name=\"twitter:label1\" content=\"Gesch\u00e4tzte Lesezeit\" \/>\n\t<meta name=\"twitter:data1\" content=\"1 Minute\" \/>\n<script type=\"application\/ld+json\" class=\"yoast-schema-graph\">{\"@context\":\"https:\/\/schema.org\",\"@graph\":[{\"@type\":\"WebPage\",\"@id\":\"https:\/\/www.dttrieste.com\/de\/freizeitaktivitaeten\/wandern-und-trekking\/\",\"url\":\"https:\/\/www.dttrieste.com\/de\/freizeitaktivitaeten\/wandern-und-trekking\/\",\"name\":\"Wandern und Trekking: Routen in Triest und Umgebung | Hilton Trieste\",\"isPartOf\":{\"@id\":\"https:\/\/www.dttrieste.com\/de\/#website\"},\"datePublished\":\"2021-10-19T15:43:12+00:00\",\"dateModified\":\"2022-07-13T12:47:03+00:00\",\"description\":\"Unber\u00fchrte Natur, Wanderwege und atemberaubende Aussichten: Entdecken Sie die besten Ziele f\u00fcr Ihre Wanderungen in Friaul-Julisch Venetien!\",\"breadcrumb\":{\"@id\":\"https:\/\/www.dttrieste.com\/de\/freizeitaktivitaeten\/wandern-und-trekking\/#breadcrumb\"},\"inLanguage\":\"de-DE\",\"potentialAction\":[{\"@type\":\"ReadAction\",\"target\":[\"https:\/\/www.dttrieste.com\/de\/freizeitaktivitaeten\/wandern-und-trekking\/\"]}]},{\"@type\":\"BreadcrumbList\",\"@id\":\"https:\/\/www.dttrieste.com\/de\/freizeitaktivitaeten\/wandern-und-trekking\/#breadcrumb\",\"itemListElement\":[{\"@type\":\"ListItem\",\"position\":1,\"name\":\"Home\",\"item\":\"https:\/\/www.dttrieste.com\/de\/\"},{\"@type\":\"ListItem\",\"position\":2,\"name\":\"Was man in Triest tun kann\",\"item\":\"https:\/\/www.dttrieste.com\/de\/freizeitaktivitaeten\/\"},{\"@type\":\"ListItem\",\"position\":3,\"name\":\"Wandern und Trekking\"}]},{\"@type\":\"WebSite\",\"@id\":\"https:\/\/www.dttrieste.com\/de\/#website\",\"url\":\"https:\/\/www.dttrieste.com\/de\/\",\"name\":\"DoubleTree by Hilton Trieste\",\"description\":\"Just another ms.decms.eu site\",\"publisher\":{\"@id\":\"https:\/\/www.dttrieste.com\/de\/#organization\"},\"potentialAction\":[{\"@type\":\"SearchAction\",\"target\":{\"@type\":\"EntryPoint\",\"urlTemplate\":\"https:\/\/www.dttrieste.com\/de\/?s={search_term_string}\"},\"query-input\":{\"@type\":\"PropertyValueSpecification\",\"valueRequired\":true,\"valueName\":\"search_term_string\"}}],\"inLanguage\":\"de-DE\"},{\"@type\":\"Organization\",\"@id\":\"https:\/\/www.dttrieste.com\/de\/#organization\",\"name\":\"Hilton Trieste\",\"url\":\"https:\/\/www.dttrieste.com\/de\/\",\"logo\":{\"@type\":\"ImageObject\",\"inLanguage\":\"de-DE\",\"@id\":\"https:\/\/www.dttrieste.com\/de\/#\/schema\/logo\/image\/\",\"url\":\"https:\/\/www.dttrieste.com\/wp-content\/uploads\/sites\/326\/2021\/07\/DT_Vertical_Logo-black.png\",\"contentUrl\":\"https:\/\/www.dttrieste.com\/wp-content\/uploads\/sites\/326\/2021\/07\/DT_Vertical_Logo-black.png\",\"width\":1684,\"height\":1466,\"caption\":\"Hilton Trieste\"},\"image\":{\"@id\":\"https:\/\/www.dttrieste.com\/de\/#\/schema\/logo\/image\/\"}}]}<\/script>\n<!-- \/ Yoast SEO plugin. -->","yoast_head_json":{"title":"Wandern und Trekking: Routen in Triest und Umgebung | Hilton Trieste","description":"Unber\u00fchrte Natur, Wanderwege und atemberaubende Aussichten: Entdecken Sie die besten Ziele f\u00fcr Ihre Wanderungen in Friaul-Julisch Venetien!","robots":{"index":"index","follow":"follow","max-snippet":"max-snippet:-1","max-image-preview":"max-image-preview:large","max-video-preview":"max-video-preview:-1"},"canonical":"https:\/\/www.dttrieste.com\/de\/freizeitaktivitaeten\/wandern-und-trekking\/","og_locale":"de_DE","og_type":"article","og_title":"Wandern und Trekking: Routen in Triest und Umgebung | Hilton Trieste","og_description":"Unber\u00fchrte Natur, Wanderwege und atemberaubende Aussichten: Entdecken Sie die besten Ziele f\u00fcr Ihre Wanderungen in Friaul-Julisch Venetien!","og_url":"https:\/\/www.dttrieste.com\/de\/freizeitaktivitaeten\/wandern-und-trekking\/","og_site_name":"DoubleTree by Hilton Trieste","article_modified_time":"2022-07-13T12:47:03+00:00","twitter_card":"summary_large_image","twitter_misc":{"Gesch\u00e4tzte Lesezeit":"1 Minute"},"schema":{"@context":"https:\/\/schema.org","@graph":[{"@type":"WebPage","@id":"https:\/\/www.dttrieste.com\/de\/freizeitaktivitaeten\/wandern-und-trekking\/","url":"https:\/\/www.dttrieste.com\/de\/freizeitaktivitaeten\/wandern-und-trekking\/","name":"Wandern und Trekking: Routen in Triest und Umgebung | Hilton Trieste","isPartOf":{"@id":"https:\/\/www.dttrieste.com\/de\/#website"},"datePublished":"2021-10-19T15:43:12+00:00","dateModified":"2022-07-13T12:47:03+00:00","description":"Unber\u00fchrte Natur, Wanderwege und atemberaubende Aussichten: Entdecken Sie die besten Ziele f\u00fcr Ihre Wanderungen in Friaul-Julisch Venetien!","breadcrumb":{"@id":"https:\/\/www.dttrieste.com\/de\/freizeitaktivitaeten\/wandern-und-trekking\/#breadcrumb"},"inLanguage":"de-DE","potentialAction":[{"@type":"ReadAction","target":["https:\/\/www.dttrieste.com\/de\/freizeitaktivitaeten\/wandern-und-trekking\/"]}]},{"@type":"BreadcrumbList","@id":"https:\/\/www.dttrieste.com\/de\/freizeitaktivitaeten\/wandern-und-trekking\/#breadcrumb","itemListElement":[{"@type":"ListItem","position":1,"name":"Home","item":"https:\/\/www.dttrieste.com\/de\/"},{"@type":"ListItem","position":2,"name":"Was man in Triest tun kann","item":"https:\/\/www.dttrieste.com\/de\/freizeitaktivitaeten\/"},{"@type":"ListItem","position":3,"name":"Wandern und Trekking"}]},{"@type":"WebSite","@id":"https:\/\/www.dttrieste.com\/de\/#website","url":"https:\/\/www.dttrieste.com\/de\/","name":"DoubleTree by Hilton Trieste","description":"Just another ms.decms.eu site","publisher":{"@id":"https:\/\/www.dttrieste.com\/de\/#organization"},"potentialAction":[{"@type":"SearchAction","target":{"@type":"EntryPoint","urlTemplate":"https:\/\/www.dttrieste.com\/de\/?s={search_term_string}"},"query-input":{"@type":"PropertyValueSpecification","valueRequired":true,"valueName":"search_term_string"}}],"inLanguage":"de-DE"},{"@type":"Organization","@id":"https:\/\/www.dttrieste.com\/de\/#organization","name":"Hilton Trieste","url":"https:\/\/www.dttrieste.com\/de\/","logo":{"@type":"ImageObject","inLanguage":"de-DE","@id":"https:\/\/www.dttrieste.com\/de\/#\/schema\/logo\/image\/","url":"https:\/\/www.dttrieste.com\/wp-content\/uploads\/sites\/326\/2021\/07\/DT_Vertical_Logo-black.png","contentUrl":"https:\/\/www.dttrieste.com\/wp-content\/uploads\/sites\/326\/2021\/07\/DT_Vertical_Logo-black.png","width":1684,"height":1466,"caption":"Hilton Trieste"},"image":{"@id":"https:\/\/www.dttrieste.com\/de\/#\/schema\/logo\/image\/"}}]}},"acf":[],"_links":{"self":[{"href":"https:\/\/www.dttrieste.com\/de\/wp-json\/wp\/v2\/pages\/456","targetHints":{"allow":["GET"]}}],"collection":[{"href":"https:\/\/www.dttrieste.com\/de\/wp-json\/wp\/v2\/pages"}],"about":[{"href":"https:\/\/www.dttrieste.com\/de\/wp-json\/wp\/v2\/types\/page"}],"author":[{"embeddable":true,"href":"https:\/\/www.dttrieste.com\/de\/wp-json\/wp\/v2\/users\/6"}],"replies":[{"embeddable":true,"href":"https:\/\/www.dttrieste.com\/de\/wp-json\/wp\/v2\/comments?post=456"}],"version-history":[{"count":0,"href":"https:\/\/www.dttrieste.com\/de\/wp-json\/wp\/v2\/pages\/456\/revisions"}],"up":[{"embeddable":true,"href":"https:\/\/www.dttrieste.com\/de\/wp-json\/wp\/v2\/pages\/452"}],"wp:attachment":[{"href":"https:\/\/www.dttrieste.com\/de\/wp-json\/wp\/v2\/media?parent=456"}],"curies":[{"name":"wp","href":"https:\/\/api.w.org\/{rel}","templated":true}]}}