{"id":454,"date":"2021-10-19T15:42:57","date_gmt":"2021-10-19T15:42:57","guid":{"rendered":"https:\/\/hiltontrieste.ms.decms.eu\/cosa-fare\/la-barcolana\/"},"modified":"2022-07-11T16:07:04","modified_gmt":"2022-07-11T16:07:04","slug":"die-barcolana","status":"publish","type":"page","link":"https:\/\/www.dttrieste.com\/de\/freizeitaktivitaeten\/die-barcolana\/","title":{"rendered":"Die Barcolana"},"content":{"rendered":"<p>Die Barcolana, die <strong>gr\u00f6\u00dfte Regatta der Welt<\/strong>. Im Jahr 1969 nahmen nur 51 Boote an der ersten Ausgabe teil, aber heute ist es die teilnehmerst\u00e4rkste Regatta der Welt mit \u00fcber 2000 Segelbooten!<\/p>\n<p>Jedes Jahr kommen etwa 400 Tausend Menschen, darunter Mannschaften, Mitarbeiter, Sponsoren, Enthusiasten und Neugierige, nach Triest, um den einzigartigen Geist und die Atmosph\u00e4re der Barcolana zu erleben.<\/p>\n<p>Der Rekord wurde 2018 mit 2689 Booten erreicht. Seitdem steht die Barcolana im Guiness-Buch der Rekorde als &#8222;The Largest Sailing Race&#8220;.<\/p>\n<p>&nbsp;<\/p>\n","protected":false},"excerpt":{"rendered":"<p>Die Barcolana, die gr\u00f6\u00dfte Regatta der Welt. Im Jahr 1969 nahmen nur 51 Boote an der ersten Ausgabe teil, aber heute ist es die teilnehmerst\u00e4rkste Regatta der Welt mit \u00fcber 2000 Segelbooten! Jedes Jahr kommen etwa 400 Tausend Menschen, darunter Mannschaften, Mitarbeiter, Sponsoren, Enthusiasten und Neugierige, nach Triest, um den einzigartigen Geist und die Atmosph\u00e4re [&hellip;]<\/p>\n","protected":false},"author":6,"featured_media":0,"parent":452,"menu_order":111,"comment_status":"closed","ping_status":"closed","template":"template-default-2.php","meta":{"footnotes":""},"class_list":["post-454","page","type-page","status-publish","hentry"],"yoast_head":"<!-- This site is optimized with the Yoast SEO plugin v26.9 - https:\/\/yoast.com\/product\/yoast-seo-wordpress\/ -->\n<title>Barcolana: Segelregatta im Golf von Triest | Hilton Trieste<\/title>\n<meta name=\"description\" content=\"Entdecken Sie die gr\u00f6\u00dfte Regatta der Welt im Golf von Triest und die besten Aussichtspunkte, von denen aus man sie beobachten kann. Die Teilnahme an der Barcolana oder ihr Besuch ist ein absolutes Muss!\" \/>\n<meta name=\"robots\" content=\"index, follow, max-snippet:-1, max-image-preview:large, max-video-preview:-1\" \/>\n<link rel=\"canonical\" href=\"https:\/\/www.dttrieste.com\/de\/freizeitaktivitaeten\/die-barcolana\/\" \/>\n<meta property=\"og:locale\" content=\"de_DE\" \/>\n<meta property=\"og:type\" content=\"article\" \/>\n<meta property=\"og:title\" content=\"Barcolana: Segelregatta im Golf von Triest | Hilton Trieste\" \/>\n<meta property=\"og:description\" content=\"Entdecken Sie die gr\u00f6\u00dfte Regatta der Welt im Golf von Triest und die besten Aussichtspunkte, von denen aus man sie beobachten kann. Die Teilnahme an der Barcolana oder ihr Besuch ist ein absolutes Muss!\" \/>\n<meta property=\"og:url\" content=\"https:\/\/www.dttrieste.com\/de\/freizeitaktivitaeten\/die-barcolana\/\" \/>\n<meta property=\"og:site_name\" content=\"DoubleTree by Hilton Trieste\" \/>\n<meta property=\"article:modified_time\" content=\"2022-07-11T16:07:04+00:00\" \/>\n<meta name=\"twitter:card\" content=\"summary_large_image\" \/>\n<script type=\"application\/ld+json\" class=\"yoast-schema-graph\">{\"@context\":\"https:\/\/schema.org\",\"@graph\":[{\"@type\":\"WebPage\",\"@id\":\"https:\/\/www.dttrieste.com\/de\/freizeitaktivitaeten\/die-barcolana\/\",\"url\":\"https:\/\/www.dttrieste.com\/de\/freizeitaktivitaeten\/die-barcolana\/\",\"name\":\"Barcolana: Segelregatta im Golf von Triest | Hilton Trieste\",\"isPartOf\":{\"@id\":\"https:\/\/www.dttrieste.com\/de\/#website\"},\"datePublished\":\"2021-10-19T15:42:57+00:00\",\"dateModified\":\"2022-07-11T16:07:04+00:00\",\"description\":\"Entdecken Sie die gr\u00f6\u00dfte Regatta der Welt im Golf von Triest und die besten Aussichtspunkte, von denen aus man sie beobachten kann. Die Teilnahme an der Barcolana oder ihr Besuch ist ein absolutes Muss!\",\"breadcrumb\":{\"@id\":\"https:\/\/www.dttrieste.com\/de\/freizeitaktivitaeten\/die-barcolana\/#breadcrumb\"},\"inLanguage\":\"de-DE\",\"potentialAction\":[{\"@type\":\"ReadAction\",\"target\":[\"https:\/\/www.dttrieste.com\/de\/freizeitaktivitaeten\/die-barcolana\/\"]}]},{\"@type\":\"BreadcrumbList\",\"@id\":\"https:\/\/www.dttrieste.com\/de\/freizeitaktivitaeten\/die-barcolana\/#breadcrumb\",\"itemListElement\":[{\"@type\":\"ListItem\",\"position\":1,\"name\":\"Home\",\"item\":\"https:\/\/www.dttrieste.com\/de\/\"},{\"@type\":\"ListItem\",\"position\":2,\"name\":\"Was man in Triest tun kann\",\"item\":\"https:\/\/www.dttrieste.com\/de\/freizeitaktivitaeten\/\"},{\"@type\":\"ListItem\",\"position\":3,\"name\":\"Die Barcolana\"}]},{\"@type\":\"WebSite\",\"@id\":\"https:\/\/www.dttrieste.com\/de\/#website\",\"url\":\"https:\/\/www.dttrieste.com\/de\/\",\"name\":\"DoubleTree by Hilton Trieste\",\"description\":\"Just another ms.decms.eu site\",\"publisher\":{\"@id\":\"https:\/\/www.dttrieste.com\/de\/#organization\"},\"potentialAction\":[{\"@type\":\"SearchAction\",\"target\":{\"@type\":\"EntryPoint\",\"urlTemplate\":\"https:\/\/www.dttrieste.com\/de\/?s={search_term_string}\"},\"query-input\":{\"@type\":\"PropertyValueSpecification\",\"valueRequired\":true,\"valueName\":\"search_term_string\"}}],\"inLanguage\":\"de-DE\"},{\"@type\":\"Organization\",\"@id\":\"https:\/\/www.dttrieste.com\/de\/#organization\",\"name\":\"Hilton Trieste\",\"url\":\"https:\/\/www.dttrieste.com\/de\/\",\"logo\":{\"@type\":\"ImageObject\",\"inLanguage\":\"de-DE\",\"@id\":\"https:\/\/www.dttrieste.com\/de\/#\/schema\/logo\/image\/\",\"url\":\"https:\/\/www.dttrieste.com\/wp-content\/uploads\/sites\/326\/2021\/07\/DT_Vertical_Logo-black.png\",\"contentUrl\":\"https:\/\/www.dttrieste.com\/wp-content\/uploads\/sites\/326\/2021\/07\/DT_Vertical_Logo-black.png\",\"width\":1684,\"height\":1466,\"caption\":\"Hilton Trieste\"},\"image\":{\"@id\":\"https:\/\/www.dttrieste.com\/de\/#\/schema\/logo\/image\/\"}}]}<\/script>\n<!-- \/ Yoast SEO plugin. -->","yoast_head_json":{"title":"Barcolana: Segelregatta im Golf von Triest | Hilton Trieste","description":"Entdecken Sie die gr\u00f6\u00dfte Regatta der Welt im Golf von Triest und die besten Aussichtspunkte, von denen aus man sie beobachten kann. Die Teilnahme an der Barcolana oder ihr Besuch ist ein absolutes Muss!","robots":{"index":"index","follow":"follow","max-snippet":"max-snippet:-1","max-image-preview":"max-image-preview:large","max-video-preview":"max-video-preview:-1"},"canonical":"https:\/\/www.dttrieste.com\/de\/freizeitaktivitaeten\/die-barcolana\/","og_locale":"de_DE","og_type":"article","og_title":"Barcolana: Segelregatta im Golf von Triest | Hilton Trieste","og_description":"Entdecken Sie die gr\u00f6\u00dfte Regatta der Welt im Golf von Triest und die besten Aussichtspunkte, von denen aus man sie beobachten kann. Die Teilnahme an der Barcolana oder ihr Besuch ist ein absolutes Muss!","og_url":"https:\/\/www.dttrieste.com\/de\/freizeitaktivitaeten\/die-barcolana\/","og_site_name":"DoubleTree by Hilton Trieste","article_modified_time":"2022-07-11T16:07:04+00:00","twitter_card":"summary_large_image","schema":{"@context":"https:\/\/schema.org","@graph":[{"@type":"WebPage","@id":"https:\/\/www.dttrieste.com\/de\/freizeitaktivitaeten\/die-barcolana\/","url":"https:\/\/www.dttrieste.com\/de\/freizeitaktivitaeten\/die-barcolana\/","name":"Barcolana: Segelregatta im Golf von Triest | Hilton Trieste","isPartOf":{"@id":"https:\/\/www.dttrieste.com\/de\/#website"},"datePublished":"2021-10-19T15:42:57+00:00","dateModified":"2022-07-11T16:07:04+00:00","description":"Entdecken Sie die gr\u00f6\u00dfte Regatta der Welt im Golf von Triest und die besten Aussichtspunkte, von denen aus man sie beobachten kann. Die Teilnahme an der Barcolana oder ihr Besuch ist ein absolutes Muss!","breadcrumb":{"@id":"https:\/\/www.dttrieste.com\/de\/freizeitaktivitaeten\/die-barcolana\/#breadcrumb"},"inLanguage":"de-DE","potentialAction":[{"@type":"ReadAction","target":["https:\/\/www.dttrieste.com\/de\/freizeitaktivitaeten\/die-barcolana\/"]}]},{"@type":"BreadcrumbList","@id":"https:\/\/www.dttrieste.com\/de\/freizeitaktivitaeten\/die-barcolana\/#breadcrumb","itemListElement":[{"@type":"ListItem","position":1,"name":"Home","item":"https:\/\/www.dttrieste.com\/de\/"},{"@type":"ListItem","position":2,"name":"Was man in Triest tun kann","item":"https:\/\/www.dttrieste.com\/de\/freizeitaktivitaeten\/"},{"@type":"ListItem","position":3,"name":"Die Barcolana"}]},{"@type":"WebSite","@id":"https:\/\/www.dttrieste.com\/de\/#website","url":"https:\/\/www.dttrieste.com\/de\/","name":"DoubleTree by Hilton Trieste","description":"Just another ms.decms.eu site","publisher":{"@id":"https:\/\/www.dttrieste.com\/de\/#organization"},"potentialAction":[{"@type":"SearchAction","target":{"@type":"EntryPoint","urlTemplate":"https:\/\/www.dttrieste.com\/de\/?s={search_term_string}"},"query-input":{"@type":"PropertyValueSpecification","valueRequired":true,"valueName":"search_term_string"}}],"inLanguage":"de-DE"},{"@type":"Organization","@id":"https:\/\/www.dttrieste.com\/de\/#organization","name":"Hilton Trieste","url":"https:\/\/www.dttrieste.com\/de\/","logo":{"@type":"ImageObject","inLanguage":"de-DE","@id":"https:\/\/www.dttrieste.com\/de\/#\/schema\/logo\/image\/","url":"https:\/\/www.dttrieste.com\/wp-content\/uploads\/sites\/326\/2021\/07\/DT_Vertical_Logo-black.png","contentUrl":"https:\/\/www.dttrieste.com\/wp-content\/uploads\/sites\/326\/2021\/07\/DT_Vertical_Logo-black.png","width":1684,"height":1466,"caption":"Hilton Trieste"},"image":{"@id":"https:\/\/www.dttrieste.com\/de\/#\/schema\/logo\/image\/"}}]}},"acf":[],"_links":{"self":[{"href":"https:\/\/www.dttrieste.com\/de\/wp-json\/wp\/v2\/pages\/454","targetHints":{"allow":["GET"]}}],"collection":[{"href":"https:\/\/www.dttrieste.com\/de\/wp-json\/wp\/v2\/pages"}],"about":[{"href":"https:\/\/www.dttrieste.com\/de\/wp-json\/wp\/v2\/types\/page"}],"author":[{"embeddable":true,"href":"https:\/\/www.dttrieste.com\/de\/wp-json\/wp\/v2\/users\/6"}],"replies":[{"embeddable":true,"href":"https:\/\/www.dttrieste.com\/de\/wp-json\/wp\/v2\/comments?post=454"}],"version-history":[{"count":0,"href":"https:\/\/www.dttrieste.com\/de\/wp-json\/wp\/v2\/pages\/454\/revisions"}],"up":[{"embeddable":true,"href":"https:\/\/www.dttrieste.com\/de\/wp-json\/wp\/v2\/pages\/452"}],"wp:attachment":[{"href":"https:\/\/www.dttrieste.com\/de\/wp-json\/wp\/v2\/media?parent=454"}],"curies":[{"name":"wp","href":"https:\/\/api.w.org\/{rel}","templated":true}]}}