{"id":452,"date":"2021-10-19T15:42:39","date_gmt":"2021-10-19T15:42:39","guid":{"rendered":"https:\/\/hiltontrieste.ms.decms.eu\/cosa-fare\/"},"modified":"2026-04-10T12:29:24","modified_gmt":"2026-04-10T12:29:24","slug":"freizeitaktivitaeten","status":"publish","type":"page","link":"https:\/\/www.dttrieste.com\/de\/freizeitaktivitaeten\/","title":{"rendered":"Was man in Triest tun kann"},"content":{"rendered":"<p>Ein Aufenthalt in Triest bietet die M\u00f6glichkeit, die Stadt und ihre Umgebung mit <strong>Aktivit\u00e4ten<\/strong> <strong>zu erleben<\/strong>, die es erlauben, das reiche nat\u00fcrliche, kulturelle und sportliche Erbe der Region dank der fantastischen Erlebnisse zwischen Meer und H\u00fcgeln zu entdecken.<\/p>\n","protected":false},"excerpt":{"rendered":"<p>Ein Aufenthalt in Triest bietet die M\u00f6glichkeit, die Stadt und ihre Umgebung mit Aktivit\u00e4ten zu erleben, die es erlauben, das reiche nat\u00fcrliche, kulturelle und sportliche Erbe der Region dank der fantastischen Erlebnisse zwischen Meer und H\u00fcgeln zu entdecken.<\/p>\n","protected":false},"author":6,"featured_media":0,"parent":0,"menu_order":110,"comment_status":"closed","ping_status":"closed","template":"","meta":{"footnotes":""},"class_list":["post-452","page","type-page","status-publish","hentry"],"yoast_head":"<!-- This site is optimized with the Yoast SEO plugin v26.9 - https:\/\/yoast.com\/product\/yoast-seo-wordpress\/ -->\n<title>Was man in Triest unternehmen kann: Touren, Veranstaltungen, Sport, Ausfl\u00fcge | Hilton Trieste<\/title>\n<meta name=\"description\" content=\"W\u00e4hrend Ihres Aufenthalts in Triest k\u00f6nnen Sie in der Stadt und ihrer Umgebung zahlreiche Aktivit\u00e4ten unternehmen. W\u00e4hlen Sie zwischen Wandern und Trekking, Wassersport, Bootstouren und vielem mehr!\" \/>\n<meta name=\"robots\" content=\"index, follow, max-snippet:-1, max-image-preview:large, max-video-preview:-1\" \/>\n<link rel=\"canonical\" href=\"https:\/\/www.dttrieste.com\/de\/freizeitaktivitaeten\/\" \/>\n<meta property=\"og:locale\" content=\"de_DE\" \/>\n<meta property=\"og:type\" content=\"article\" \/>\n<meta property=\"og:title\" content=\"Was man in Triest unternehmen kann: Touren, Veranstaltungen, Sport, Ausfl\u00fcge | Hilton Trieste\" \/>\n<meta property=\"og:description\" content=\"W\u00e4hrend Ihres Aufenthalts in Triest k\u00f6nnen Sie in der Stadt und ihrer Umgebung zahlreiche Aktivit\u00e4ten unternehmen. W\u00e4hlen Sie zwischen Wandern und Trekking, Wassersport, Bootstouren und vielem mehr!\" \/>\n<meta property=\"og:url\" content=\"https:\/\/www.dttrieste.com\/de\/freizeitaktivitaeten\/\" \/>\n<meta property=\"og:site_name\" content=\"DoubleTree by Hilton Trieste\" \/>\n<meta property=\"article:modified_time\" content=\"2026-04-10T12:29:24+00:00\" \/>\n<meta name=\"twitter:card\" content=\"summary_large_image\" \/>\n<meta name=\"twitter:label1\" content=\"Gesch\u00e4tzte Lesezeit\" \/>\n\t<meta name=\"twitter:data1\" content=\"1 Minute\" \/>\n<script type=\"application\/ld+json\" class=\"yoast-schema-graph\">{\"@context\":\"https:\/\/schema.org\",\"@graph\":[{\"@type\":\"WebPage\",\"@id\":\"https:\/\/www.dttrieste.com\/de\/freizeitaktivitaeten\/\",\"url\":\"https:\/\/www.dttrieste.com\/de\/freizeitaktivitaeten\/\",\"name\":\"Was man in Triest unternehmen kann: Touren, Veranstaltungen, Sport, Ausfl\u00fcge | Hilton Trieste\",\"isPartOf\":{\"@id\":\"https:\/\/www.dttrieste.com\/de\/#website\"},\"datePublished\":\"2021-10-19T15:42:39+00:00\",\"dateModified\":\"2026-04-10T12:29:24+00:00\",\"description\":\"W\u00e4hrend Ihres Aufenthalts in Triest k\u00f6nnen Sie in der Stadt und ihrer Umgebung zahlreiche Aktivit\u00e4ten unternehmen. W\u00e4hlen Sie zwischen Wandern und Trekking, Wassersport, Bootstouren und vielem mehr!\",\"breadcrumb\":{\"@id\":\"https:\/\/www.dttrieste.com\/de\/freizeitaktivitaeten\/#breadcrumb\"},\"inLanguage\":\"de-DE\",\"potentialAction\":[{\"@type\":\"ReadAction\",\"target\":[\"https:\/\/www.dttrieste.com\/de\/freizeitaktivitaeten\/\"]}]},{\"@type\":\"BreadcrumbList\",\"@id\":\"https:\/\/www.dttrieste.com\/de\/freizeitaktivitaeten\/#breadcrumb\",\"itemListElement\":[{\"@type\":\"ListItem\",\"position\":1,\"name\":\"Home\",\"item\":\"https:\/\/www.dttrieste.com\/de\/\"},{\"@type\":\"ListItem\",\"position\":2,\"name\":\"Was man in Triest tun kann\"}]},{\"@type\":\"WebSite\",\"@id\":\"https:\/\/www.dttrieste.com\/de\/#website\",\"url\":\"https:\/\/www.dttrieste.com\/de\/\",\"name\":\"DoubleTree by Hilton Trieste\",\"description\":\"Just another ms.decms.eu site\",\"publisher\":{\"@id\":\"https:\/\/www.dttrieste.com\/de\/#organization\"},\"potentialAction\":[{\"@type\":\"SearchAction\",\"target\":{\"@type\":\"EntryPoint\",\"urlTemplate\":\"https:\/\/www.dttrieste.com\/de\/?s={search_term_string}\"},\"query-input\":{\"@type\":\"PropertyValueSpecification\",\"valueRequired\":true,\"valueName\":\"search_term_string\"}}],\"inLanguage\":\"de-DE\"},{\"@type\":\"Organization\",\"@id\":\"https:\/\/www.dttrieste.com\/de\/#organization\",\"name\":\"Hilton Trieste\",\"url\":\"https:\/\/www.dttrieste.com\/de\/\",\"logo\":{\"@type\":\"ImageObject\",\"inLanguage\":\"de-DE\",\"@id\":\"https:\/\/www.dttrieste.com\/de\/#\/schema\/logo\/image\/\",\"url\":\"https:\/\/www.dttrieste.com\/wp-content\/uploads\/sites\/326\/2021\/07\/DT_Vertical_Logo-black.png\",\"contentUrl\":\"https:\/\/www.dttrieste.com\/wp-content\/uploads\/sites\/326\/2021\/07\/DT_Vertical_Logo-black.png\",\"width\":1684,\"height\":1466,\"caption\":\"Hilton Trieste\"},\"image\":{\"@id\":\"https:\/\/www.dttrieste.com\/de\/#\/schema\/logo\/image\/\"}}]}<\/script>\n<!-- \/ Yoast SEO plugin. -->","yoast_head_json":{"title":"Was man in Triest unternehmen kann: Touren, Veranstaltungen, Sport, Ausfl\u00fcge | Hilton Trieste","description":"W\u00e4hrend Ihres Aufenthalts in Triest k\u00f6nnen Sie in der Stadt und ihrer Umgebung zahlreiche Aktivit\u00e4ten unternehmen. W\u00e4hlen Sie zwischen Wandern und Trekking, Wassersport, Bootstouren und vielem mehr!","robots":{"index":"index","follow":"follow","max-snippet":"max-snippet:-1","max-image-preview":"max-image-preview:large","max-video-preview":"max-video-preview:-1"},"canonical":"https:\/\/www.dttrieste.com\/de\/freizeitaktivitaeten\/","og_locale":"de_DE","og_type":"article","og_title":"Was man in Triest unternehmen kann: Touren, Veranstaltungen, Sport, Ausfl\u00fcge | Hilton Trieste","og_description":"W\u00e4hrend Ihres Aufenthalts in Triest k\u00f6nnen Sie in der Stadt und ihrer Umgebung zahlreiche Aktivit\u00e4ten unternehmen. W\u00e4hlen Sie zwischen Wandern und Trekking, Wassersport, Bootstouren und vielem mehr!","og_url":"https:\/\/www.dttrieste.com\/de\/freizeitaktivitaeten\/","og_site_name":"DoubleTree by Hilton Trieste","article_modified_time":"2026-04-10T12:29:24+00:00","twitter_card":"summary_large_image","twitter_misc":{"Gesch\u00e4tzte Lesezeit":"1 Minute"},"schema":{"@context":"https:\/\/schema.org","@graph":[{"@type":"WebPage","@id":"https:\/\/www.dttrieste.com\/de\/freizeitaktivitaeten\/","url":"https:\/\/www.dttrieste.com\/de\/freizeitaktivitaeten\/","name":"Was man in Triest unternehmen kann: Touren, Veranstaltungen, Sport, Ausfl\u00fcge | Hilton Trieste","isPartOf":{"@id":"https:\/\/www.dttrieste.com\/de\/#website"},"datePublished":"2021-10-19T15:42:39+00:00","dateModified":"2026-04-10T12:29:24+00:00","description":"W\u00e4hrend Ihres Aufenthalts in Triest k\u00f6nnen Sie in der Stadt und ihrer Umgebung zahlreiche Aktivit\u00e4ten unternehmen. W\u00e4hlen Sie zwischen Wandern und Trekking, Wassersport, Bootstouren und vielem mehr!","breadcrumb":{"@id":"https:\/\/www.dttrieste.com\/de\/freizeitaktivitaeten\/#breadcrumb"},"inLanguage":"de-DE","potentialAction":[{"@type":"ReadAction","target":["https:\/\/www.dttrieste.com\/de\/freizeitaktivitaeten\/"]}]},{"@type":"BreadcrumbList","@id":"https:\/\/www.dttrieste.com\/de\/freizeitaktivitaeten\/#breadcrumb","itemListElement":[{"@type":"ListItem","position":1,"name":"Home","item":"https:\/\/www.dttrieste.com\/de\/"},{"@type":"ListItem","position":2,"name":"Was man in Triest tun kann"}]},{"@type":"WebSite","@id":"https:\/\/www.dttrieste.com\/de\/#website","url":"https:\/\/www.dttrieste.com\/de\/","name":"DoubleTree by Hilton Trieste","description":"Just another ms.decms.eu site","publisher":{"@id":"https:\/\/www.dttrieste.com\/de\/#organization"},"potentialAction":[{"@type":"SearchAction","target":{"@type":"EntryPoint","urlTemplate":"https:\/\/www.dttrieste.com\/de\/?s={search_term_string}"},"query-input":{"@type":"PropertyValueSpecification","valueRequired":true,"valueName":"search_term_string"}}],"inLanguage":"de-DE"},{"@type":"Organization","@id":"https:\/\/www.dttrieste.com\/de\/#organization","name":"Hilton Trieste","url":"https:\/\/www.dttrieste.com\/de\/","logo":{"@type":"ImageObject","inLanguage":"de-DE","@id":"https:\/\/www.dttrieste.com\/de\/#\/schema\/logo\/image\/","url":"https:\/\/www.dttrieste.com\/wp-content\/uploads\/sites\/326\/2021\/07\/DT_Vertical_Logo-black.png","contentUrl":"https:\/\/www.dttrieste.com\/wp-content\/uploads\/sites\/326\/2021\/07\/DT_Vertical_Logo-black.png","width":1684,"height":1466,"caption":"Hilton Trieste"},"image":{"@id":"https:\/\/www.dttrieste.com\/de\/#\/schema\/logo\/image\/"}}]}},"acf":[],"_links":{"self":[{"href":"https:\/\/www.dttrieste.com\/de\/wp-json\/wp\/v2\/pages\/452","targetHints":{"allow":["GET"]}}],"collection":[{"href":"https:\/\/www.dttrieste.com\/de\/wp-json\/wp\/v2\/pages"}],"about":[{"href":"https:\/\/www.dttrieste.com\/de\/wp-json\/wp\/v2\/types\/page"}],"author":[{"embeddable":true,"href":"https:\/\/www.dttrieste.com\/de\/wp-json\/wp\/v2\/users\/6"}],"replies":[{"embeddable":true,"href":"https:\/\/www.dttrieste.com\/de\/wp-json\/wp\/v2\/comments?post=452"}],"version-history":[{"count":0,"href":"https:\/\/www.dttrieste.com\/de\/wp-json\/wp\/v2\/pages\/452\/revisions"}],"wp:attachment":[{"href":"https:\/\/www.dttrieste.com\/de\/wp-json\/wp\/v2\/media?parent=452"}],"curies":[{"name":"wp","href":"https:\/\/api.w.org\/{rel}","templated":true}]}}