{"id":448,"date":"2021-10-19T15:42:12","date_gmt":"2021-10-19T15:42:12","guid":{"rendered":"https:\/\/hiltontrieste.ms.decms.eu\/cosa-vedere\/nei-dintorni\/citta-vicine\/"},"modified":"2022-07-13T13:44:13","modified_gmt":"2022-07-13T13:44:13","slug":"staedte-in-der-naehe","status":"publish","type":"page","link":"https:\/\/www.dttrieste.com\/de\/sehenswuerdigkeiten\/umgebung\/staedte-in-der-naehe\/","title":{"rendered":"St\u00e4dte in der N\u00e4he"},"content":{"rendered":"<p>Spazieren Sie auf dem Rilke-Weg zwischen der <strong>Bucht von Sistiana<\/strong> und dem <strong>Schloss von Duino<\/strong>, wo Sie ein herrliches Panorama bewundern und die unber\u00fchrte Natur des Karstes entdecken k\u00f6nnen; Muggia erreichen Sie ebenfalls auf dem Seeweg: ein geschichtstr\u00e4chtiger Ort mit seinem malerischen kleinen Hafen, dem Schloss und der au\u00dfergew\u00f6hnlichen Beethoven-Bibliothek; setzen Sie \u00fcber nach Koper, um die Anwesenheit Venedigs auf istrischem Boden zu entdecken, wo der mittelalterliche Platz den ber\u00fchmten Brunnen beherbergt, der von der Br\u00fccke der Spitzen inspiriert wurde. Besuchen Sie <strong>G\u00f6rz<\/strong>, das &#8222;\u00f6sterreichische Nizza&#8220;, und erleben Sie den Charme der <strong>mitteleurop\u00e4ischen Atmosph\u00e4re<\/strong> und erfahren Sie mehr \u00fcber die j\u00fcngste Geschichte der Grenze, die zu den dramatischen Ereignissen der Nachkriegszeit f\u00fchrte, an die in Basovizza erinnert wird.<\/p>\n<p>Dies sind nur einige der nahegelegenen St\u00e4dte und Orte, die man w\u00e4hrend eines Aufenthalts in Triest besichtigen kann: fragen Sie unser Empfangspersonal nach Ratschl\u00e4gen und Informationen, sie werden Ihnen gerne Vorschl\u00e4ge geben, um die gesamte Umgebung von Triest zu genie\u00dfen.<\/p>\n","protected":false},"excerpt":{"rendered":"<p>Spazieren Sie auf dem Rilke-Weg zwischen der Bucht von Sistiana und dem Schloss von Duino, wo Sie ein herrliches Panorama bewundern und die unber\u00fchrte Natur des Karstes entdecken k\u00f6nnen; Muggia erreichen Sie ebenfalls auf dem Seeweg: ein geschichtstr\u00e4chtiger Ort mit seinem malerischen kleinen Hafen, dem Schloss und der au\u00dfergew\u00f6hnlichen Beethoven-Bibliothek; setzen Sie \u00fcber nach Koper, [&hellip;]<\/p>\n","protected":false},"author":6,"featured_media":0,"parent":446,"menu_order":100,"comment_status":"closed","ping_status":"closed","template":"template-default-2.php","meta":{"footnotes":""},"class_list":["post-448","page","type-page","status-publish","hentry"],"yoast_head":"<!-- This site is optimized with the Yoast SEO plugin v26.9 - https:\/\/yoast.com\/product\/yoast-seo-wordpress\/ -->\n<title>Wichtigste St\u00e4dte und Zentren: Udine, Caorle, Gorizia | Hilton Trieste<\/title>\n<meta name=\"description\" content=\"Besuchen Sie die historischen Zentren und St\u00e4dte in der N\u00e4he von Triest: Pordenone, Udine, Palmanova, Aquileia und viele andere Orte warten mit herrlichen Sehensw\u00fcrdigkeiten auf Sie.\" \/>\n<meta name=\"robots\" content=\"index, follow, max-snippet:-1, max-image-preview:large, max-video-preview:-1\" \/>\n<link rel=\"canonical\" href=\"https:\/\/www.dttrieste.com\/de\/sehenswuerdigkeiten\/umgebung\/staedte-in-der-naehe\/\" \/>\n<meta property=\"og:locale\" content=\"de_DE\" \/>\n<meta property=\"og:type\" content=\"article\" \/>\n<meta property=\"og:title\" content=\"Wichtigste St\u00e4dte und Zentren: Udine, Caorle, Gorizia | Hilton Trieste\" \/>\n<meta property=\"og:description\" content=\"Besuchen Sie die historischen Zentren und St\u00e4dte in der N\u00e4he von Triest: Pordenone, Udine, Palmanova, Aquileia und viele andere Orte warten mit herrlichen Sehensw\u00fcrdigkeiten auf Sie.\" \/>\n<meta property=\"og:url\" content=\"https:\/\/www.dttrieste.com\/de\/sehenswuerdigkeiten\/umgebung\/staedte-in-der-naehe\/\" \/>\n<meta property=\"og:site_name\" content=\"DoubleTree by Hilton Trieste\" \/>\n<meta property=\"article:modified_time\" content=\"2022-07-13T13:44:13+00:00\" \/>\n<meta name=\"twitter:card\" content=\"summary_large_image\" \/>\n<meta name=\"twitter:label1\" content=\"Gesch\u00e4tzte Lesezeit\" \/>\n\t<meta name=\"twitter:data1\" content=\"1 Minute\" \/>\n<script type=\"application\/ld+json\" class=\"yoast-schema-graph\">{\"@context\":\"https:\/\/schema.org\",\"@graph\":[{\"@type\":\"WebPage\",\"@id\":\"https:\/\/www.dttrieste.com\/de\/sehenswuerdigkeiten\/umgebung\/staedte-in-der-naehe\/\",\"url\":\"https:\/\/www.dttrieste.com\/de\/sehenswuerdigkeiten\/umgebung\/staedte-in-der-naehe\/\",\"name\":\"Wichtigste St\u00e4dte und Zentren: Udine, Caorle, Gorizia | Hilton Trieste\",\"isPartOf\":{\"@id\":\"https:\/\/www.dttrieste.com\/de\/#website\"},\"datePublished\":\"2021-10-19T15:42:12+00:00\",\"dateModified\":\"2022-07-13T13:44:13+00:00\",\"description\":\"Besuchen Sie die historischen Zentren und St\u00e4dte in der N\u00e4he von Triest: Pordenone, Udine, Palmanova, Aquileia und viele andere Orte warten mit herrlichen Sehensw\u00fcrdigkeiten auf Sie.\",\"breadcrumb\":{\"@id\":\"https:\/\/www.dttrieste.com\/de\/sehenswuerdigkeiten\/umgebung\/staedte-in-der-naehe\/#breadcrumb\"},\"inLanguage\":\"de-DE\",\"potentialAction\":[{\"@type\":\"ReadAction\",\"target\":[\"https:\/\/www.dttrieste.com\/de\/sehenswuerdigkeiten\/umgebung\/staedte-in-der-naehe\/\"]}]},{\"@type\":\"BreadcrumbList\",\"@id\":\"https:\/\/www.dttrieste.com\/de\/sehenswuerdigkeiten\/umgebung\/staedte-in-der-naehe\/#breadcrumb\",\"itemListElement\":[{\"@type\":\"ListItem\",\"position\":1,\"name\":\"Home\",\"item\":\"https:\/\/www.dttrieste.com\/de\/\"},{\"@type\":\"ListItem\",\"position\":2,\"name\":\"Sehenswertes in und um Triest\",\"item\":\"https:\/\/www.dttrieste.com\/de\/sehenswuerdigkeiten\/\"},{\"@type\":\"ListItem\",\"position\":3,\"name\":\"Umgebung\",\"item\":\"https:\/\/www.dttrieste.com\/de\/what-to-see\/around-trieste\/\"},{\"@type\":\"ListItem\",\"position\":4,\"name\":\"St\u00e4dte in der N\u00e4he\"}]},{\"@type\":\"WebSite\",\"@id\":\"https:\/\/www.dttrieste.com\/de\/#website\",\"url\":\"https:\/\/www.dttrieste.com\/de\/\",\"name\":\"DoubleTree by Hilton Trieste\",\"description\":\"Just another ms.decms.eu site\",\"publisher\":{\"@id\":\"https:\/\/www.dttrieste.com\/de\/#organization\"},\"potentialAction\":[{\"@type\":\"SearchAction\",\"target\":{\"@type\":\"EntryPoint\",\"urlTemplate\":\"https:\/\/www.dttrieste.com\/de\/?s={search_term_string}\"},\"query-input\":{\"@type\":\"PropertyValueSpecification\",\"valueRequired\":true,\"valueName\":\"search_term_string\"}}],\"inLanguage\":\"de-DE\"},{\"@type\":\"Organization\",\"@id\":\"https:\/\/www.dttrieste.com\/de\/#organization\",\"name\":\"Hilton Trieste\",\"url\":\"https:\/\/www.dttrieste.com\/de\/\",\"logo\":{\"@type\":\"ImageObject\",\"inLanguage\":\"de-DE\",\"@id\":\"https:\/\/www.dttrieste.com\/de\/#\/schema\/logo\/image\/\",\"url\":\"https:\/\/www.dttrieste.com\/wp-content\/uploads\/sites\/326\/2021\/07\/DT_Vertical_Logo-black.png\",\"contentUrl\":\"https:\/\/www.dttrieste.com\/wp-content\/uploads\/sites\/326\/2021\/07\/DT_Vertical_Logo-black.png\",\"width\":1684,\"height\":1466,\"caption\":\"Hilton Trieste\"},\"image\":{\"@id\":\"https:\/\/www.dttrieste.com\/de\/#\/schema\/logo\/image\/\"}}]}<\/script>\n<!-- \/ Yoast SEO plugin. -->","yoast_head_json":{"title":"Wichtigste St\u00e4dte und Zentren: Udine, Caorle, Gorizia | Hilton Trieste","description":"Besuchen Sie die historischen Zentren und St\u00e4dte in der N\u00e4he von Triest: Pordenone, Udine, Palmanova, Aquileia und viele andere Orte warten mit herrlichen Sehensw\u00fcrdigkeiten auf Sie.","robots":{"index":"index","follow":"follow","max-snippet":"max-snippet:-1","max-image-preview":"max-image-preview:large","max-video-preview":"max-video-preview:-1"},"canonical":"https:\/\/www.dttrieste.com\/de\/sehenswuerdigkeiten\/umgebung\/staedte-in-der-naehe\/","og_locale":"de_DE","og_type":"article","og_title":"Wichtigste St\u00e4dte und Zentren: Udine, Caorle, Gorizia | Hilton Trieste","og_description":"Besuchen Sie die historischen Zentren und St\u00e4dte in der N\u00e4he von Triest: Pordenone, Udine, Palmanova, Aquileia und viele andere Orte warten mit herrlichen Sehensw\u00fcrdigkeiten auf Sie.","og_url":"https:\/\/www.dttrieste.com\/de\/sehenswuerdigkeiten\/umgebung\/staedte-in-der-naehe\/","og_site_name":"DoubleTree by Hilton Trieste","article_modified_time":"2022-07-13T13:44:13+00:00","twitter_card":"summary_large_image","twitter_misc":{"Gesch\u00e4tzte Lesezeit":"1 Minute"},"schema":{"@context":"https:\/\/schema.org","@graph":[{"@type":"WebPage","@id":"https:\/\/www.dttrieste.com\/de\/sehenswuerdigkeiten\/umgebung\/staedte-in-der-naehe\/","url":"https:\/\/www.dttrieste.com\/de\/sehenswuerdigkeiten\/umgebung\/staedte-in-der-naehe\/","name":"Wichtigste St\u00e4dte und Zentren: Udine, Caorle, Gorizia | Hilton Trieste","isPartOf":{"@id":"https:\/\/www.dttrieste.com\/de\/#website"},"datePublished":"2021-10-19T15:42:12+00:00","dateModified":"2022-07-13T13:44:13+00:00","description":"Besuchen Sie die historischen Zentren und St\u00e4dte in der N\u00e4he von Triest: Pordenone, Udine, Palmanova, Aquileia und viele andere Orte warten mit herrlichen Sehensw\u00fcrdigkeiten auf Sie.","breadcrumb":{"@id":"https:\/\/www.dttrieste.com\/de\/sehenswuerdigkeiten\/umgebung\/staedte-in-der-naehe\/#breadcrumb"},"inLanguage":"de-DE","potentialAction":[{"@type":"ReadAction","target":["https:\/\/www.dttrieste.com\/de\/sehenswuerdigkeiten\/umgebung\/staedte-in-der-naehe\/"]}]},{"@type":"BreadcrumbList","@id":"https:\/\/www.dttrieste.com\/de\/sehenswuerdigkeiten\/umgebung\/staedte-in-der-naehe\/#breadcrumb","itemListElement":[{"@type":"ListItem","position":1,"name":"Home","item":"https:\/\/www.dttrieste.com\/de\/"},{"@type":"ListItem","position":2,"name":"Sehenswertes in und um Triest","item":"https:\/\/www.dttrieste.com\/de\/sehenswuerdigkeiten\/"},{"@type":"ListItem","position":3,"name":"Umgebung","item":"https:\/\/www.dttrieste.com\/de\/what-to-see\/around-trieste\/"},{"@type":"ListItem","position":4,"name":"St\u00e4dte in der N\u00e4he"}]},{"@type":"WebSite","@id":"https:\/\/www.dttrieste.com\/de\/#website","url":"https:\/\/www.dttrieste.com\/de\/","name":"DoubleTree by Hilton Trieste","description":"Just another ms.decms.eu site","publisher":{"@id":"https:\/\/www.dttrieste.com\/de\/#organization"},"potentialAction":[{"@type":"SearchAction","target":{"@type":"EntryPoint","urlTemplate":"https:\/\/www.dttrieste.com\/de\/?s={search_term_string}"},"query-input":{"@type":"PropertyValueSpecification","valueRequired":true,"valueName":"search_term_string"}}],"inLanguage":"de-DE"},{"@type":"Organization","@id":"https:\/\/www.dttrieste.com\/de\/#organization","name":"Hilton Trieste","url":"https:\/\/www.dttrieste.com\/de\/","logo":{"@type":"ImageObject","inLanguage":"de-DE","@id":"https:\/\/www.dttrieste.com\/de\/#\/schema\/logo\/image\/","url":"https:\/\/www.dttrieste.com\/wp-content\/uploads\/sites\/326\/2021\/07\/DT_Vertical_Logo-black.png","contentUrl":"https:\/\/www.dttrieste.com\/wp-content\/uploads\/sites\/326\/2021\/07\/DT_Vertical_Logo-black.png","width":1684,"height":1466,"caption":"Hilton Trieste"},"image":{"@id":"https:\/\/www.dttrieste.com\/de\/#\/schema\/logo\/image\/"}}]}},"acf":[],"_links":{"self":[{"href":"https:\/\/www.dttrieste.com\/de\/wp-json\/wp\/v2\/pages\/448","targetHints":{"allow":["GET"]}}],"collection":[{"href":"https:\/\/www.dttrieste.com\/de\/wp-json\/wp\/v2\/pages"}],"about":[{"href":"https:\/\/www.dttrieste.com\/de\/wp-json\/wp\/v2\/types\/page"}],"author":[{"embeddable":true,"href":"https:\/\/www.dttrieste.com\/de\/wp-json\/wp\/v2\/users\/6"}],"replies":[{"embeddable":true,"href":"https:\/\/www.dttrieste.com\/de\/wp-json\/wp\/v2\/comments?post=448"}],"version-history":[{"count":0,"href":"https:\/\/www.dttrieste.com\/de\/wp-json\/wp\/v2\/pages\/448\/revisions"}],"up":[{"embeddable":true,"href":"https:\/\/www.dttrieste.com\/de\/wp-json\/wp\/v2\/pages\/446"}],"wp:attachment":[{"href":"https:\/\/www.dttrieste.com\/de\/wp-json\/wp\/v2\/media?parent=448"}],"curies":[{"name":"wp","href":"https:\/\/api.w.org\/{rel}","templated":true}]}}