{"id":443,"date":"2021-10-19T15:40:53","date_gmt":"2021-10-19T15:40:53","guid":{"rendered":"https:\/\/hiltontrieste.ms.decms.eu\/cosa-vedere\/attrazioni-principali\/musei-e-mostre\/"},"modified":"2022-09-16T10:55:16","modified_gmt":"2022-09-16T10:55:16","slug":"museen-und-ausstellungen","status":"publish","type":"page","link":"https:\/\/www.dttrieste.com\/de\/sehenswuerdigkeiten\/hauptattraktionen\/museen-und-ausstellungen\/","title":{"rendered":"Museen und Ausstellungen"},"content":{"rendered":"<p>Die Museen und Ausstellungen in Triest sind Ausdruck der <strong>kulturellen<\/strong>, <strong>k\u00fcnstlerischen<\/strong> und <strong>wissenschaftlichen Lebendigkeit<\/strong> der Stadt, Zeugnis einer glorreichen und manchmal tragischen Vergangenheit und der gegenw\u00e4rtigen Rolle Triestes als Br\u00fccke zwischen der europ\u00e4ischen und der balkanischen Kultur.<\/p>\n<p>Das ganze Jahr \u00fcber finden Ausstellungen von hohem kulturellen und k\u00fcnstlerischen Niveau statt. Der Salone degli Incanti, das Magazzino delle Idee und das Museo Revoltella sind die wichtigsten Veranstaltungsorte f\u00fcr Wechselausstellungen in Triest. Kunst, Fotografie, historische, wissenschaftliche und technologische Themen sind die Protagonisten der Ausstellungen in Triest.<\/p>\n","protected":false},"excerpt":{"rendered":"<p>Die Museen und Ausstellungen in Triest sind Ausdruck der kulturellen, k\u00fcnstlerischen und wissenschaftlichen Lebendigkeit der Stadt, Zeugnis einer glorreichen und manchmal tragischen Vergangenheit und der gegenw\u00e4rtigen Rolle Triestes als Br\u00fccke zwischen der europ\u00e4ischen und der balkanischen Kultur. Das ganze Jahr \u00fcber finden Ausstellungen von hohem kulturellen und k\u00fcnstlerischen Niveau statt. Der Salone degli Incanti, das [&hellip;]<\/p>\n","protected":false},"author":6,"featured_media":0,"parent":429,"menu_order":98,"comment_status":"closed","ping_status":"closed","template":"","meta":{"footnotes":""},"class_list":["post-443","page","type-page","status-publish","hentry"],"yoast_head":"<!-- This site is optimized with the Yoast SEO plugin v26.9 - https:\/\/yoast.com\/product\/yoast-seo-wordpress\/ -->\n<title>Ausstellungen und Museen in Triest: Kunst, Geschichte und Kultur | Hilton Trieste<\/title>\n<meta name=\"description\" content=\"Der kulturelle Elan von Triest schl\u00e4gt sich in bedeutenden Museumszentren nieder. Entdecken Sie das Museo Revoltella, das Museo del Mare oder das Museo di Storia Naturale\" \/>\n<meta name=\"robots\" content=\"index, follow, max-snippet:-1, max-image-preview:large, max-video-preview:-1\" \/>\n<link rel=\"canonical\" href=\"https:\/\/www.dttrieste.com\/de\/sehenswuerdigkeiten\/hauptattraktionen\/museen-und-ausstellungen\/\" \/>\n<meta property=\"og:locale\" content=\"de_DE\" \/>\n<meta property=\"og:type\" content=\"article\" \/>\n<meta property=\"og:title\" content=\"Ausstellungen und Museen in Triest: Kunst, Geschichte und Kultur | Hilton Trieste\" \/>\n<meta property=\"og:description\" content=\"Der kulturelle Elan von Triest schl\u00e4gt sich in bedeutenden Museumszentren nieder. Entdecken Sie das Museo Revoltella, das Museo del Mare oder das Museo di Storia Naturale\" \/>\n<meta property=\"og:url\" content=\"https:\/\/www.dttrieste.com\/de\/sehenswuerdigkeiten\/hauptattraktionen\/museen-und-ausstellungen\/\" \/>\n<meta property=\"og:site_name\" content=\"DoubleTree by Hilton Trieste\" \/>\n<meta property=\"article:modified_time\" content=\"2022-09-16T10:55:16+00:00\" \/>\n<meta name=\"twitter:card\" content=\"summary_large_image\" \/>\n<meta name=\"twitter:label1\" content=\"Gesch\u00e4tzte Lesezeit\" \/>\n\t<meta name=\"twitter:data1\" content=\"1 Minute\" \/>\n<script type=\"application\/ld+json\" class=\"yoast-schema-graph\">{\"@context\":\"https:\/\/schema.org\",\"@graph\":[{\"@type\":\"WebPage\",\"@id\":\"https:\/\/www.dttrieste.com\/de\/sehenswuerdigkeiten\/hauptattraktionen\/museen-und-ausstellungen\/\",\"url\":\"https:\/\/www.dttrieste.com\/de\/sehenswuerdigkeiten\/hauptattraktionen\/museen-und-ausstellungen\/\",\"name\":\"Ausstellungen und Museen in Triest: Kunst, Geschichte und Kultur | Hilton Trieste\",\"isPartOf\":{\"@id\":\"https:\/\/www.dttrieste.com\/de\/#website\"},\"datePublished\":\"2021-10-19T15:40:53+00:00\",\"dateModified\":\"2022-09-16T10:55:16+00:00\",\"description\":\"Der kulturelle Elan von Triest schl\u00e4gt sich in bedeutenden Museumszentren nieder. Entdecken Sie das Museo Revoltella, das Museo del Mare oder das Museo di Storia Naturale\",\"breadcrumb\":{\"@id\":\"https:\/\/www.dttrieste.com\/de\/sehenswuerdigkeiten\/hauptattraktionen\/museen-und-ausstellungen\/#breadcrumb\"},\"inLanguage\":\"de-DE\",\"potentialAction\":[{\"@type\":\"ReadAction\",\"target\":[\"https:\/\/www.dttrieste.com\/de\/sehenswuerdigkeiten\/hauptattraktionen\/museen-und-ausstellungen\/\"]}]},{\"@type\":\"BreadcrumbList\",\"@id\":\"https:\/\/www.dttrieste.com\/de\/sehenswuerdigkeiten\/hauptattraktionen\/museen-und-ausstellungen\/#breadcrumb\",\"itemListElement\":[{\"@type\":\"ListItem\",\"position\":1,\"name\":\"Home\",\"item\":\"https:\/\/www.dttrieste.com\/de\/\"},{\"@type\":\"ListItem\",\"position\":2,\"name\":\"Sehenswertes in und um Triest\",\"item\":\"https:\/\/www.dttrieste.com\/de\/sehenswuerdigkeiten\/\"},{\"@type\":\"ListItem\",\"position\":3,\"name\":\"Hauptattraktionen\",\"item\":\"https:\/\/www.dttrieste.com\/de\/sehenswuerdigkeiten\/hauptattraktionen\/\"},{\"@type\":\"ListItem\",\"position\":4,\"name\":\"Museen und Ausstellungen\"}]},{\"@type\":\"WebSite\",\"@id\":\"https:\/\/www.dttrieste.com\/de\/#website\",\"url\":\"https:\/\/www.dttrieste.com\/de\/\",\"name\":\"DoubleTree by Hilton Trieste\",\"description\":\"Just another ms.decms.eu site\",\"publisher\":{\"@id\":\"https:\/\/www.dttrieste.com\/de\/#organization\"},\"potentialAction\":[{\"@type\":\"SearchAction\",\"target\":{\"@type\":\"EntryPoint\",\"urlTemplate\":\"https:\/\/www.dttrieste.com\/de\/?s={search_term_string}\"},\"query-input\":{\"@type\":\"PropertyValueSpecification\",\"valueRequired\":true,\"valueName\":\"search_term_string\"}}],\"inLanguage\":\"de-DE\"},{\"@type\":\"Organization\",\"@id\":\"https:\/\/www.dttrieste.com\/de\/#organization\",\"name\":\"Hilton Trieste\",\"url\":\"https:\/\/www.dttrieste.com\/de\/\",\"logo\":{\"@type\":\"ImageObject\",\"inLanguage\":\"de-DE\",\"@id\":\"https:\/\/www.dttrieste.com\/de\/#\/schema\/logo\/image\/\",\"url\":\"https:\/\/www.dttrieste.com\/wp-content\/uploads\/sites\/326\/2021\/07\/DT_Vertical_Logo-black.png\",\"contentUrl\":\"https:\/\/www.dttrieste.com\/wp-content\/uploads\/sites\/326\/2021\/07\/DT_Vertical_Logo-black.png\",\"width\":1684,\"height\":1466,\"caption\":\"Hilton Trieste\"},\"image\":{\"@id\":\"https:\/\/www.dttrieste.com\/de\/#\/schema\/logo\/image\/\"}}]}<\/script>\n<!-- \/ Yoast SEO plugin. -->","yoast_head_json":{"title":"Ausstellungen und Museen in Triest: Kunst, Geschichte und Kultur | Hilton Trieste","description":"Der kulturelle Elan von Triest schl\u00e4gt sich in bedeutenden Museumszentren nieder. Entdecken Sie das Museo Revoltella, das Museo del Mare oder das Museo di Storia Naturale","robots":{"index":"index","follow":"follow","max-snippet":"max-snippet:-1","max-image-preview":"max-image-preview:large","max-video-preview":"max-video-preview:-1"},"canonical":"https:\/\/www.dttrieste.com\/de\/sehenswuerdigkeiten\/hauptattraktionen\/museen-und-ausstellungen\/","og_locale":"de_DE","og_type":"article","og_title":"Ausstellungen und Museen in Triest: Kunst, Geschichte und Kultur | Hilton Trieste","og_description":"Der kulturelle Elan von Triest schl\u00e4gt sich in bedeutenden Museumszentren nieder. Entdecken Sie das Museo Revoltella, das Museo del Mare oder das Museo di Storia Naturale","og_url":"https:\/\/www.dttrieste.com\/de\/sehenswuerdigkeiten\/hauptattraktionen\/museen-und-ausstellungen\/","og_site_name":"DoubleTree by Hilton Trieste","article_modified_time":"2022-09-16T10:55:16+00:00","twitter_card":"summary_large_image","twitter_misc":{"Gesch\u00e4tzte Lesezeit":"1 Minute"},"schema":{"@context":"https:\/\/schema.org","@graph":[{"@type":"WebPage","@id":"https:\/\/www.dttrieste.com\/de\/sehenswuerdigkeiten\/hauptattraktionen\/museen-und-ausstellungen\/","url":"https:\/\/www.dttrieste.com\/de\/sehenswuerdigkeiten\/hauptattraktionen\/museen-und-ausstellungen\/","name":"Ausstellungen und Museen in Triest: Kunst, Geschichte und Kultur | Hilton Trieste","isPartOf":{"@id":"https:\/\/www.dttrieste.com\/de\/#website"},"datePublished":"2021-10-19T15:40:53+00:00","dateModified":"2022-09-16T10:55:16+00:00","description":"Der kulturelle Elan von Triest schl\u00e4gt sich in bedeutenden Museumszentren nieder. Entdecken Sie das Museo Revoltella, das Museo del Mare oder das Museo di Storia Naturale","breadcrumb":{"@id":"https:\/\/www.dttrieste.com\/de\/sehenswuerdigkeiten\/hauptattraktionen\/museen-und-ausstellungen\/#breadcrumb"},"inLanguage":"de-DE","potentialAction":[{"@type":"ReadAction","target":["https:\/\/www.dttrieste.com\/de\/sehenswuerdigkeiten\/hauptattraktionen\/museen-und-ausstellungen\/"]}]},{"@type":"BreadcrumbList","@id":"https:\/\/www.dttrieste.com\/de\/sehenswuerdigkeiten\/hauptattraktionen\/museen-und-ausstellungen\/#breadcrumb","itemListElement":[{"@type":"ListItem","position":1,"name":"Home","item":"https:\/\/www.dttrieste.com\/de\/"},{"@type":"ListItem","position":2,"name":"Sehenswertes in und um Triest","item":"https:\/\/www.dttrieste.com\/de\/sehenswuerdigkeiten\/"},{"@type":"ListItem","position":3,"name":"Hauptattraktionen","item":"https:\/\/www.dttrieste.com\/de\/sehenswuerdigkeiten\/hauptattraktionen\/"},{"@type":"ListItem","position":4,"name":"Museen und Ausstellungen"}]},{"@type":"WebSite","@id":"https:\/\/www.dttrieste.com\/de\/#website","url":"https:\/\/www.dttrieste.com\/de\/","name":"DoubleTree by Hilton Trieste","description":"Just another ms.decms.eu site","publisher":{"@id":"https:\/\/www.dttrieste.com\/de\/#organization"},"potentialAction":[{"@type":"SearchAction","target":{"@type":"EntryPoint","urlTemplate":"https:\/\/www.dttrieste.com\/de\/?s={search_term_string}"},"query-input":{"@type":"PropertyValueSpecification","valueRequired":true,"valueName":"search_term_string"}}],"inLanguage":"de-DE"},{"@type":"Organization","@id":"https:\/\/www.dttrieste.com\/de\/#organization","name":"Hilton Trieste","url":"https:\/\/www.dttrieste.com\/de\/","logo":{"@type":"ImageObject","inLanguage":"de-DE","@id":"https:\/\/www.dttrieste.com\/de\/#\/schema\/logo\/image\/","url":"https:\/\/www.dttrieste.com\/wp-content\/uploads\/sites\/326\/2021\/07\/DT_Vertical_Logo-black.png","contentUrl":"https:\/\/www.dttrieste.com\/wp-content\/uploads\/sites\/326\/2021\/07\/DT_Vertical_Logo-black.png","width":1684,"height":1466,"caption":"Hilton Trieste"},"image":{"@id":"https:\/\/www.dttrieste.com\/de\/#\/schema\/logo\/image\/"}}]}},"acf":[],"_links":{"self":[{"href":"https:\/\/www.dttrieste.com\/de\/wp-json\/wp\/v2\/pages\/443","targetHints":{"allow":["GET"]}}],"collection":[{"href":"https:\/\/www.dttrieste.com\/de\/wp-json\/wp\/v2\/pages"}],"about":[{"href":"https:\/\/www.dttrieste.com\/de\/wp-json\/wp\/v2\/types\/page"}],"author":[{"embeddable":true,"href":"https:\/\/www.dttrieste.com\/de\/wp-json\/wp\/v2\/users\/6"}],"replies":[{"embeddable":true,"href":"https:\/\/www.dttrieste.com\/de\/wp-json\/wp\/v2\/comments?post=443"}],"version-history":[{"count":0,"href":"https:\/\/www.dttrieste.com\/de\/wp-json\/wp\/v2\/pages\/443\/revisions"}],"up":[{"embeddable":true,"href":"https:\/\/www.dttrieste.com\/de\/wp-json\/wp\/v2\/pages\/429"}],"wp:attachment":[{"href":"https:\/\/www.dttrieste.com\/de\/wp-json\/wp\/v2\/media?parent=443"}],"curies":[{"name":"wp","href":"https:\/\/api.w.org\/{rel}","templated":true}]}}