{"id":441,"date":"2021-10-19T15:40:35","date_gmt":"2021-10-19T15:40:35","guid":{"rendered":"https:\/\/hiltontrieste.ms.decms.eu\/cosa-vedere\/attrazioni-principali\/grotta-gigante\/"},"modified":"2022-07-13T13:14:46","modified_gmt":"2022-07-13T13:14:46","slug":"grotta-gigante","status":"publish","type":"page","link":"https:\/\/www.dttrieste.com\/de\/sehenswuerdigkeiten\/hauptattraktionen\/grotta-gigante\/","title":{"rendered":"Grotta Gigante"},"content":{"rendered":"<p>Die <strong>Reise zum Mittelpunkt der Erde<\/strong> ist eine Erfahrung, die die Menschheit seit Anbeginn der Zeit fasziniert hat und die heute durch den Besuch der Grotta Gigante in Triest wieder lebendig wird.<\/p>\n<p>Die Grotta Gigante ist eine riesige und spektakul\u00e4re <strong>H\u00f6hle im Karstuntergrund<\/strong>, die den Nervenkitzel eines Abstiegs von fast 100 Metern auf einem 850 Meter langen Pfad in einer Umgebung von au\u00dfergew\u00f6hnlicher Sch\u00f6nheit bietet. Es ist ein magischer Rundgang zwischen Kalksteinformationen, Stalaktiten und Stalagmiten, die in anderen H\u00f6hlen von Triest nicht zu finden sind, fachkundig erl\u00e4utert von den F\u00fchrern des Empfangszentrums, die die Besucher auf ihrer Entdeckung der gro\u00dfen H\u00f6hle begleiten.<\/p>\n<p>Das Besucherzentrum der H\u00f6hle beherbergt das <strong>erste H\u00f6hlenmuseum Italiens<\/strong>. Die Grotta Gigante wird seit ihrer Entdeckung im Jahr 1840 wegen ihres unglaublichen \u00f6kologischen, geologischen und arch\u00e4ologischen Reichtums von italienischen und internationalen Wissenschaftlern untersucht.<\/p>\n<p>Falls Sie sich fragen, wie Sie in die Riesenh\u00f6hle hinabsteigen k\u00f6nnen: Es gibt 500 Stufen zu \u00fcberwinden, die \u00fcber die gesamte Strecke verteilt sind, so dass jeder problemlos hinunter- und wieder hinaufsteigen kann.<\/p>\n","protected":false},"excerpt":{"rendered":"<p>Die Reise zum Mittelpunkt der Erde ist eine Erfahrung, die die Menschheit seit Anbeginn der Zeit fasziniert hat und die heute durch den Besuch der Grotta Gigante in Triest wieder lebendig wird. Die Grotta Gigante ist eine riesige und spektakul\u00e4re H\u00f6hle im Karstuntergrund, die den Nervenkitzel eines Abstiegs von fast 100 Metern auf einem 850 [&hellip;]<\/p>\n","protected":false},"author":6,"featured_media":0,"parent":429,"menu_order":97,"comment_status":"closed","ping_status":"closed","template":"template-default-2.php","meta":{"footnotes":""},"class_list":["post-441","page","type-page","status-publish","hentry"],"yoast_head":"<!-- This site is optimized with the Yoast SEO plugin v26.9 - https:\/\/yoast.com\/product\/yoast-seo-wordpress\/ -->\n<title>Grotta Gigante im Karst von Triest | DoubleTree by Hilton Trieste<\/title>\n<meta name=\"description\" content=\"Besuchen Sie die Schauh\u00f6hle mit der gr\u00f6\u00dften Halle der Welt! Die Grotta Gigante ist ein magischer Ort, an dem sich die Natur in Formen und Farben von seltener Sch\u00f6nheit zeigt.\" \/>\n<meta name=\"robots\" content=\"index, follow, max-snippet:-1, max-image-preview:large, max-video-preview:-1\" \/>\n<link rel=\"canonical\" href=\"https:\/\/www.dttrieste.com\/de\/sehenswuerdigkeiten\/hauptattraktionen\/grotta-gigante\/\" \/>\n<meta property=\"og:locale\" content=\"de_DE\" \/>\n<meta property=\"og:type\" content=\"article\" \/>\n<meta property=\"og:title\" content=\"Grotta Gigante im Karst von Triest | DoubleTree by Hilton Trieste\" \/>\n<meta property=\"og:description\" content=\"Besuchen Sie die Schauh\u00f6hle mit der gr\u00f6\u00dften Halle der Welt! Die Grotta Gigante ist ein magischer Ort, an dem sich die Natur in Formen und Farben von seltener Sch\u00f6nheit zeigt.\" \/>\n<meta property=\"og:url\" content=\"https:\/\/www.dttrieste.com\/de\/sehenswuerdigkeiten\/hauptattraktionen\/grotta-gigante\/\" \/>\n<meta property=\"og:site_name\" content=\"DoubleTree by Hilton Trieste\" \/>\n<meta property=\"article:modified_time\" content=\"2022-07-13T13:14:46+00:00\" \/>\n<meta name=\"twitter:card\" content=\"summary_large_image\" \/>\n<meta name=\"twitter:label1\" content=\"Gesch\u00e4tzte Lesezeit\" \/>\n\t<meta name=\"twitter:data1\" content=\"1 Minute\" \/>\n<script type=\"application\/ld+json\" class=\"yoast-schema-graph\">{\"@context\":\"https:\/\/schema.org\",\"@graph\":[{\"@type\":\"WebPage\",\"@id\":\"https:\/\/www.dttrieste.com\/de\/sehenswuerdigkeiten\/hauptattraktionen\/grotta-gigante\/\",\"url\":\"https:\/\/www.dttrieste.com\/de\/sehenswuerdigkeiten\/hauptattraktionen\/grotta-gigante\/\",\"name\":\"Grotta Gigante im Karst von Triest | DoubleTree by Hilton Trieste\",\"isPartOf\":{\"@id\":\"https:\/\/www.dttrieste.com\/de\/#website\"},\"datePublished\":\"2021-10-19T15:40:35+00:00\",\"dateModified\":\"2022-07-13T13:14:46+00:00\",\"description\":\"Besuchen Sie die Schauh\u00f6hle mit der gr\u00f6\u00dften Halle der Welt! Die Grotta Gigante ist ein magischer Ort, an dem sich die Natur in Formen und Farben von seltener Sch\u00f6nheit zeigt.\",\"breadcrumb\":{\"@id\":\"https:\/\/www.dttrieste.com\/de\/sehenswuerdigkeiten\/hauptattraktionen\/grotta-gigante\/#breadcrumb\"},\"inLanguage\":\"de-DE\",\"potentialAction\":[{\"@type\":\"ReadAction\",\"target\":[\"https:\/\/www.dttrieste.com\/de\/sehenswuerdigkeiten\/hauptattraktionen\/grotta-gigante\/\"]}]},{\"@type\":\"BreadcrumbList\",\"@id\":\"https:\/\/www.dttrieste.com\/de\/sehenswuerdigkeiten\/hauptattraktionen\/grotta-gigante\/#breadcrumb\",\"itemListElement\":[{\"@type\":\"ListItem\",\"position\":1,\"name\":\"Home\",\"item\":\"https:\/\/www.dttrieste.com\/de\/\"},{\"@type\":\"ListItem\",\"position\":2,\"name\":\"Sehenswertes in und um Triest\",\"item\":\"https:\/\/www.dttrieste.com\/de\/sehenswuerdigkeiten\/\"},{\"@type\":\"ListItem\",\"position\":3,\"name\":\"Hauptattraktionen\",\"item\":\"https:\/\/www.dttrieste.com\/de\/sehenswuerdigkeiten\/hauptattraktionen\/\"},{\"@type\":\"ListItem\",\"position\":4,\"name\":\"Grotta Gigante\"}]},{\"@type\":\"WebSite\",\"@id\":\"https:\/\/www.dttrieste.com\/de\/#website\",\"url\":\"https:\/\/www.dttrieste.com\/de\/\",\"name\":\"DoubleTree by Hilton Trieste\",\"description\":\"Just another ms.decms.eu site\",\"publisher\":{\"@id\":\"https:\/\/www.dttrieste.com\/de\/#organization\"},\"potentialAction\":[{\"@type\":\"SearchAction\",\"target\":{\"@type\":\"EntryPoint\",\"urlTemplate\":\"https:\/\/www.dttrieste.com\/de\/?s={search_term_string}\"},\"query-input\":{\"@type\":\"PropertyValueSpecification\",\"valueRequired\":true,\"valueName\":\"search_term_string\"}}],\"inLanguage\":\"de-DE\"},{\"@type\":\"Organization\",\"@id\":\"https:\/\/www.dttrieste.com\/de\/#organization\",\"name\":\"Hilton Trieste\",\"url\":\"https:\/\/www.dttrieste.com\/de\/\",\"logo\":{\"@type\":\"ImageObject\",\"inLanguage\":\"de-DE\",\"@id\":\"https:\/\/www.dttrieste.com\/de\/#\/schema\/logo\/image\/\",\"url\":\"https:\/\/www.dttrieste.com\/wp-content\/uploads\/sites\/326\/2021\/07\/DT_Vertical_Logo-black.png\",\"contentUrl\":\"https:\/\/www.dttrieste.com\/wp-content\/uploads\/sites\/326\/2021\/07\/DT_Vertical_Logo-black.png\",\"width\":1684,\"height\":1466,\"caption\":\"Hilton Trieste\"},\"image\":{\"@id\":\"https:\/\/www.dttrieste.com\/de\/#\/schema\/logo\/image\/\"}}]}<\/script>\n<!-- \/ Yoast SEO plugin. -->","yoast_head_json":{"title":"Grotta Gigante im Karst von Triest | DoubleTree by Hilton Trieste","description":"Besuchen Sie die Schauh\u00f6hle mit der gr\u00f6\u00dften Halle der Welt! Die Grotta Gigante ist ein magischer Ort, an dem sich die Natur in Formen und Farben von seltener Sch\u00f6nheit zeigt.","robots":{"index":"index","follow":"follow","max-snippet":"max-snippet:-1","max-image-preview":"max-image-preview:large","max-video-preview":"max-video-preview:-1"},"canonical":"https:\/\/www.dttrieste.com\/de\/sehenswuerdigkeiten\/hauptattraktionen\/grotta-gigante\/","og_locale":"de_DE","og_type":"article","og_title":"Grotta Gigante im Karst von Triest | DoubleTree by Hilton Trieste","og_description":"Besuchen Sie die Schauh\u00f6hle mit der gr\u00f6\u00dften Halle der Welt! Die Grotta Gigante ist ein magischer Ort, an dem sich die Natur in Formen und Farben von seltener Sch\u00f6nheit zeigt.","og_url":"https:\/\/www.dttrieste.com\/de\/sehenswuerdigkeiten\/hauptattraktionen\/grotta-gigante\/","og_site_name":"DoubleTree by Hilton Trieste","article_modified_time":"2022-07-13T13:14:46+00:00","twitter_card":"summary_large_image","twitter_misc":{"Gesch\u00e4tzte Lesezeit":"1 Minute"},"schema":{"@context":"https:\/\/schema.org","@graph":[{"@type":"WebPage","@id":"https:\/\/www.dttrieste.com\/de\/sehenswuerdigkeiten\/hauptattraktionen\/grotta-gigante\/","url":"https:\/\/www.dttrieste.com\/de\/sehenswuerdigkeiten\/hauptattraktionen\/grotta-gigante\/","name":"Grotta Gigante im Karst von Triest | DoubleTree by Hilton Trieste","isPartOf":{"@id":"https:\/\/www.dttrieste.com\/de\/#website"},"datePublished":"2021-10-19T15:40:35+00:00","dateModified":"2022-07-13T13:14:46+00:00","description":"Besuchen Sie die Schauh\u00f6hle mit der gr\u00f6\u00dften Halle der Welt! Die Grotta Gigante ist ein magischer Ort, an dem sich die Natur in Formen und Farben von seltener Sch\u00f6nheit zeigt.","breadcrumb":{"@id":"https:\/\/www.dttrieste.com\/de\/sehenswuerdigkeiten\/hauptattraktionen\/grotta-gigante\/#breadcrumb"},"inLanguage":"de-DE","potentialAction":[{"@type":"ReadAction","target":["https:\/\/www.dttrieste.com\/de\/sehenswuerdigkeiten\/hauptattraktionen\/grotta-gigante\/"]}]},{"@type":"BreadcrumbList","@id":"https:\/\/www.dttrieste.com\/de\/sehenswuerdigkeiten\/hauptattraktionen\/grotta-gigante\/#breadcrumb","itemListElement":[{"@type":"ListItem","position":1,"name":"Home","item":"https:\/\/www.dttrieste.com\/de\/"},{"@type":"ListItem","position":2,"name":"Sehenswertes in und um Triest","item":"https:\/\/www.dttrieste.com\/de\/sehenswuerdigkeiten\/"},{"@type":"ListItem","position":3,"name":"Hauptattraktionen","item":"https:\/\/www.dttrieste.com\/de\/sehenswuerdigkeiten\/hauptattraktionen\/"},{"@type":"ListItem","position":4,"name":"Grotta Gigante"}]},{"@type":"WebSite","@id":"https:\/\/www.dttrieste.com\/de\/#website","url":"https:\/\/www.dttrieste.com\/de\/","name":"DoubleTree by Hilton Trieste","description":"Just another ms.decms.eu site","publisher":{"@id":"https:\/\/www.dttrieste.com\/de\/#organization"},"potentialAction":[{"@type":"SearchAction","target":{"@type":"EntryPoint","urlTemplate":"https:\/\/www.dttrieste.com\/de\/?s={search_term_string}"},"query-input":{"@type":"PropertyValueSpecification","valueRequired":true,"valueName":"search_term_string"}}],"inLanguage":"de-DE"},{"@type":"Organization","@id":"https:\/\/www.dttrieste.com\/de\/#organization","name":"Hilton Trieste","url":"https:\/\/www.dttrieste.com\/de\/","logo":{"@type":"ImageObject","inLanguage":"de-DE","@id":"https:\/\/www.dttrieste.com\/de\/#\/schema\/logo\/image\/","url":"https:\/\/www.dttrieste.com\/wp-content\/uploads\/sites\/326\/2021\/07\/DT_Vertical_Logo-black.png","contentUrl":"https:\/\/www.dttrieste.com\/wp-content\/uploads\/sites\/326\/2021\/07\/DT_Vertical_Logo-black.png","width":1684,"height":1466,"caption":"Hilton Trieste"},"image":{"@id":"https:\/\/www.dttrieste.com\/de\/#\/schema\/logo\/image\/"}}]}},"acf":[],"_links":{"self":[{"href":"https:\/\/www.dttrieste.com\/de\/wp-json\/wp\/v2\/pages\/441","targetHints":{"allow":["GET"]}}],"collection":[{"href":"https:\/\/www.dttrieste.com\/de\/wp-json\/wp\/v2\/pages"}],"about":[{"href":"https:\/\/www.dttrieste.com\/de\/wp-json\/wp\/v2\/types\/page"}],"author":[{"embeddable":true,"href":"https:\/\/www.dttrieste.com\/de\/wp-json\/wp\/v2\/users\/6"}],"replies":[{"embeddable":true,"href":"https:\/\/www.dttrieste.com\/de\/wp-json\/wp\/v2\/comments?post=441"}],"version-history":[{"count":0,"href":"https:\/\/www.dttrieste.com\/de\/wp-json\/wp\/v2\/pages\/441\/revisions"}],"up":[{"embeddable":true,"href":"https:\/\/www.dttrieste.com\/de\/wp-json\/wp\/v2\/pages\/429"}],"wp:attachment":[{"href":"https:\/\/www.dttrieste.com\/de\/wp-json\/wp\/v2\/media?parent=441"}],"curies":[{"name":"wp","href":"https:\/\/api.w.org\/{rel}","templated":true}]}}