{"id":439,"date":"2021-10-19T15:40:21","date_gmt":"2021-10-19T15:40:21","guid":{"rendered":"https:\/\/hiltontrieste.ms.decms.eu\/cosa-vedere\/attrazioni-principali\/castelli-e-chiese\/"},"modified":"2022-07-13T12:37:10","modified_gmt":"2022-07-13T12:37:10","slug":"burgen-schloesser-und-kirchen","status":"publish","type":"page","link":"https:\/\/www.dttrieste.com\/de\/sehenswuerdigkeiten\/hauptattraktionen\/burgen-schloesser-und-kirchen\/","title":{"rendered":"Burgen, Schl\u00f6sser und Kirchen"},"content":{"rendered":"<p>Mit seiner multikulturellen, multireligi\u00f6sen und mitteleurop\u00e4ischen Geschichte ist Triest reich an Zeugnissen der Vergangenheit, die noch immer ein aktiver Teil der Stadt sind. So wie die Burgen und Schl\u00f6sser, die heute Museen und Veranstaltungen beherbergen, und die Kirchen, die nach wie vor ge\u00f6ffnet sind und besucht werden.<\/p>\n<h3>Castello di San Giusto<\/h3>\n<p>Der Colle San Giusto, ein von den Triestern und Umberto Saba geliebter Ort, der hier hinaufstieg, um Ideen und Gedanken zu sammeln und die &#8222;schroffe Anmut&#8220; seiner Stadt zu bewundern, ist <strong>eine der eindrucksvollsten<\/strong> Sehensw\u00fcrdigkeiten von Triest. Auf dem Weg nach oben erinnert eine Gedenktafel an die Verse des Dichters:<\/p>\n<p>&#8222;Ich bin durch die ganze Stadt gegangen.<br \/>\nDann habe ich einen H\u00fcgel erklommen,<br \/>\nanfangs bev\u00f6lkert, danach verlassen,<br \/>\nvon einer kleinen Mauer umgeben:<br \/>\nEine kleine Ecke, in der ich allein sitze;<br \/>\nund es scheint mir, dass dort, wo sie endet, Die Stadt endet&#8230;<br \/>\ndie Stadt endet&#8230;&#8220;<\/p>\n<p>Wenn man von der Altstadt aus, vom Teatro Romano aus, die Via della Cattedrale hinaufsteigt, taucht zwischen den B\u00e4umen allm\u00e4hlich die mittelalterliche Kathedrale mit ihrer herrlichen Rosette auf, dann die grandiose Burg, beide San Giusto, dem Schutzpatron von Triest, gewidmet. Hier, auf der Spitze des H\u00fcgels, entstand in r\u00f6mischer Zeit die erste Keimzelle der Stadt, wie die \u00dcberreste der Basilika aus dem 1. Jahrhundert n. Chr. neben der Burg belegen, und von hier aus kann man auch heute noch einen au\u00dfergew\u00f6hnlichen Panoramablick auf Triest und den Golf von Triest genie\u00dfen. Im Sommer verwandelt sich der Cortile delle Milizie des Castello di San Giusto in eine pr\u00e4chtige Kulisse f\u00fcr eine <strong>prestigetr\u00e4chtige Theater-<\/strong> und Musiksaison.<\/p>\n","protected":false},"excerpt":{"rendered":"<p>Mit seiner multikulturellen, multireligi\u00f6sen und mitteleurop\u00e4ischen Geschichte ist Triest reich an Zeugnissen der Vergangenheit, die noch immer ein aktiver Teil der Stadt sind. So wie die Burgen und Schl\u00f6sser, die heute Museen und Veranstaltungen beherbergen, und die Kirchen, die nach wie vor ge\u00f6ffnet sind und besucht werden. Castello di San Giusto Der Colle San Giusto, [&hellip;]<\/p>\n","protected":false},"author":6,"featured_media":0,"parent":429,"menu_order":96,"comment_status":"closed","ping_status":"closed","template":"template-default-2.php","meta":{"footnotes":""},"class_list":["post-439","page","type-page","status-publish","hentry"],"yoast_head":"<!-- This site is optimized with the Yoast SEO plugin v26.9 - https:\/\/yoast.com\/product\/yoast-seo-wordpress\/ -->\n<title>Burgen, Schl\u00f6sser und Kirchen von Triest | Hilton Trieste<\/title>\n<meta name=\"description\" content=\"Als Kreuzungspunkt der Kulturen und Religionen ist Triest reich an bezaubernden Burgen, Schl\u00f6ssern und spirituellen Zielen. Besuchen Sie das Schloss von Duino und von San Giusto, Synagogen und Heiligt\u00fcmer.\" \/>\n<meta name=\"robots\" content=\"index, follow, max-snippet:-1, max-image-preview:large, max-video-preview:-1\" \/>\n<link rel=\"canonical\" href=\"https:\/\/www.dttrieste.com\/de\/sehenswuerdigkeiten\/hauptattraktionen\/burgen-schloesser-und-kirchen\/\" \/>\n<meta property=\"og:locale\" content=\"de_DE\" \/>\n<meta property=\"og:type\" content=\"article\" \/>\n<meta property=\"og:title\" content=\"Burgen, Schl\u00f6sser und Kirchen von Triest | Hilton Trieste\" \/>\n<meta property=\"og:description\" content=\"Als Kreuzungspunkt der Kulturen und Religionen ist Triest reich an bezaubernden Burgen, Schl\u00f6ssern und spirituellen Zielen. Besuchen Sie das Schloss von Duino und von San Giusto, Synagogen und Heiligt\u00fcmer.\" \/>\n<meta property=\"og:url\" content=\"https:\/\/www.dttrieste.com\/de\/sehenswuerdigkeiten\/hauptattraktionen\/burgen-schloesser-und-kirchen\/\" \/>\n<meta property=\"og:site_name\" content=\"DoubleTree by Hilton Trieste\" \/>\n<meta property=\"article:modified_time\" content=\"2022-07-13T12:37:10+00:00\" \/>\n<meta name=\"twitter:card\" content=\"summary_large_image\" \/>\n<meta name=\"twitter:label1\" content=\"Gesch\u00e4tzte Lesezeit\" \/>\n\t<meta name=\"twitter:data1\" content=\"2 Minuten\" \/>\n<script type=\"application\/ld+json\" class=\"yoast-schema-graph\">{\"@context\":\"https:\/\/schema.org\",\"@graph\":[{\"@type\":\"WebPage\",\"@id\":\"https:\/\/www.dttrieste.com\/de\/sehenswuerdigkeiten\/hauptattraktionen\/burgen-schloesser-und-kirchen\/\",\"url\":\"https:\/\/www.dttrieste.com\/de\/sehenswuerdigkeiten\/hauptattraktionen\/burgen-schloesser-und-kirchen\/\",\"name\":\"Burgen, Schl\u00f6sser und Kirchen von Triest | Hilton Trieste\",\"isPartOf\":{\"@id\":\"https:\/\/www.dttrieste.com\/de\/#website\"},\"datePublished\":\"2021-10-19T15:40:21+00:00\",\"dateModified\":\"2022-07-13T12:37:10+00:00\",\"description\":\"Als Kreuzungspunkt der Kulturen und Religionen ist Triest reich an bezaubernden Burgen, Schl\u00f6ssern und spirituellen Zielen. Besuchen Sie das Schloss von Duino und von San Giusto, Synagogen und Heiligt\u00fcmer.\",\"breadcrumb\":{\"@id\":\"https:\/\/www.dttrieste.com\/de\/sehenswuerdigkeiten\/hauptattraktionen\/burgen-schloesser-und-kirchen\/#breadcrumb\"},\"inLanguage\":\"de-DE\",\"potentialAction\":[{\"@type\":\"ReadAction\",\"target\":[\"https:\/\/www.dttrieste.com\/de\/sehenswuerdigkeiten\/hauptattraktionen\/burgen-schloesser-und-kirchen\/\"]}]},{\"@type\":\"BreadcrumbList\",\"@id\":\"https:\/\/www.dttrieste.com\/de\/sehenswuerdigkeiten\/hauptattraktionen\/burgen-schloesser-und-kirchen\/#breadcrumb\",\"itemListElement\":[{\"@type\":\"ListItem\",\"position\":1,\"name\":\"Home\",\"item\":\"https:\/\/www.dttrieste.com\/de\/\"},{\"@type\":\"ListItem\",\"position\":2,\"name\":\"Sehenswertes in und um Triest\",\"item\":\"https:\/\/www.dttrieste.com\/de\/sehenswuerdigkeiten\/\"},{\"@type\":\"ListItem\",\"position\":3,\"name\":\"Hauptattraktionen\",\"item\":\"https:\/\/www.dttrieste.com\/de\/sehenswuerdigkeiten\/hauptattraktionen\/\"},{\"@type\":\"ListItem\",\"position\":4,\"name\":\"Burgen, Schl\u00f6sser und Kirchen\"}]},{\"@type\":\"WebSite\",\"@id\":\"https:\/\/www.dttrieste.com\/de\/#website\",\"url\":\"https:\/\/www.dttrieste.com\/de\/\",\"name\":\"DoubleTree by Hilton Trieste\",\"description\":\"Just another ms.decms.eu site\",\"publisher\":{\"@id\":\"https:\/\/www.dttrieste.com\/de\/#organization\"},\"potentialAction\":[{\"@type\":\"SearchAction\",\"target\":{\"@type\":\"EntryPoint\",\"urlTemplate\":\"https:\/\/www.dttrieste.com\/de\/?s={search_term_string}\"},\"query-input\":{\"@type\":\"PropertyValueSpecification\",\"valueRequired\":true,\"valueName\":\"search_term_string\"}}],\"inLanguage\":\"de-DE\"},{\"@type\":\"Organization\",\"@id\":\"https:\/\/www.dttrieste.com\/de\/#organization\",\"name\":\"Hilton Trieste\",\"url\":\"https:\/\/www.dttrieste.com\/de\/\",\"logo\":{\"@type\":\"ImageObject\",\"inLanguage\":\"de-DE\",\"@id\":\"https:\/\/www.dttrieste.com\/de\/#\/schema\/logo\/image\/\",\"url\":\"https:\/\/www.dttrieste.com\/wp-content\/uploads\/sites\/326\/2021\/07\/DT_Vertical_Logo-black.png\",\"contentUrl\":\"https:\/\/www.dttrieste.com\/wp-content\/uploads\/sites\/326\/2021\/07\/DT_Vertical_Logo-black.png\",\"width\":1684,\"height\":1466,\"caption\":\"Hilton Trieste\"},\"image\":{\"@id\":\"https:\/\/www.dttrieste.com\/de\/#\/schema\/logo\/image\/\"}}]}<\/script>\n<!-- \/ Yoast SEO plugin. -->","yoast_head_json":{"title":"Burgen, Schl\u00f6sser und Kirchen von Triest | Hilton Trieste","description":"Als Kreuzungspunkt der Kulturen und Religionen ist Triest reich an bezaubernden Burgen, Schl\u00f6ssern und spirituellen Zielen. Besuchen Sie das Schloss von Duino und von San Giusto, Synagogen und Heiligt\u00fcmer.","robots":{"index":"index","follow":"follow","max-snippet":"max-snippet:-1","max-image-preview":"max-image-preview:large","max-video-preview":"max-video-preview:-1"},"canonical":"https:\/\/www.dttrieste.com\/de\/sehenswuerdigkeiten\/hauptattraktionen\/burgen-schloesser-und-kirchen\/","og_locale":"de_DE","og_type":"article","og_title":"Burgen, Schl\u00f6sser und Kirchen von Triest | Hilton Trieste","og_description":"Als Kreuzungspunkt der Kulturen und Religionen ist Triest reich an bezaubernden Burgen, Schl\u00f6ssern und spirituellen Zielen. Besuchen Sie das Schloss von Duino und von San Giusto, Synagogen und Heiligt\u00fcmer.","og_url":"https:\/\/www.dttrieste.com\/de\/sehenswuerdigkeiten\/hauptattraktionen\/burgen-schloesser-und-kirchen\/","og_site_name":"DoubleTree by Hilton Trieste","article_modified_time":"2022-07-13T12:37:10+00:00","twitter_card":"summary_large_image","twitter_misc":{"Gesch\u00e4tzte Lesezeit":"2 Minuten"},"schema":{"@context":"https:\/\/schema.org","@graph":[{"@type":"WebPage","@id":"https:\/\/www.dttrieste.com\/de\/sehenswuerdigkeiten\/hauptattraktionen\/burgen-schloesser-und-kirchen\/","url":"https:\/\/www.dttrieste.com\/de\/sehenswuerdigkeiten\/hauptattraktionen\/burgen-schloesser-und-kirchen\/","name":"Burgen, Schl\u00f6sser und Kirchen von Triest | Hilton Trieste","isPartOf":{"@id":"https:\/\/www.dttrieste.com\/de\/#website"},"datePublished":"2021-10-19T15:40:21+00:00","dateModified":"2022-07-13T12:37:10+00:00","description":"Als Kreuzungspunkt der Kulturen und Religionen ist Triest reich an bezaubernden Burgen, Schl\u00f6ssern und spirituellen Zielen. Besuchen Sie das Schloss von Duino und von San Giusto, Synagogen und Heiligt\u00fcmer.","breadcrumb":{"@id":"https:\/\/www.dttrieste.com\/de\/sehenswuerdigkeiten\/hauptattraktionen\/burgen-schloesser-und-kirchen\/#breadcrumb"},"inLanguage":"de-DE","potentialAction":[{"@type":"ReadAction","target":["https:\/\/www.dttrieste.com\/de\/sehenswuerdigkeiten\/hauptattraktionen\/burgen-schloesser-und-kirchen\/"]}]},{"@type":"BreadcrumbList","@id":"https:\/\/www.dttrieste.com\/de\/sehenswuerdigkeiten\/hauptattraktionen\/burgen-schloesser-und-kirchen\/#breadcrumb","itemListElement":[{"@type":"ListItem","position":1,"name":"Home","item":"https:\/\/www.dttrieste.com\/de\/"},{"@type":"ListItem","position":2,"name":"Sehenswertes in und um Triest","item":"https:\/\/www.dttrieste.com\/de\/sehenswuerdigkeiten\/"},{"@type":"ListItem","position":3,"name":"Hauptattraktionen","item":"https:\/\/www.dttrieste.com\/de\/sehenswuerdigkeiten\/hauptattraktionen\/"},{"@type":"ListItem","position":4,"name":"Burgen, Schl\u00f6sser und Kirchen"}]},{"@type":"WebSite","@id":"https:\/\/www.dttrieste.com\/de\/#website","url":"https:\/\/www.dttrieste.com\/de\/","name":"DoubleTree by Hilton Trieste","description":"Just another ms.decms.eu site","publisher":{"@id":"https:\/\/www.dttrieste.com\/de\/#organization"},"potentialAction":[{"@type":"SearchAction","target":{"@type":"EntryPoint","urlTemplate":"https:\/\/www.dttrieste.com\/de\/?s={search_term_string}"},"query-input":{"@type":"PropertyValueSpecification","valueRequired":true,"valueName":"search_term_string"}}],"inLanguage":"de-DE"},{"@type":"Organization","@id":"https:\/\/www.dttrieste.com\/de\/#organization","name":"Hilton Trieste","url":"https:\/\/www.dttrieste.com\/de\/","logo":{"@type":"ImageObject","inLanguage":"de-DE","@id":"https:\/\/www.dttrieste.com\/de\/#\/schema\/logo\/image\/","url":"https:\/\/www.dttrieste.com\/wp-content\/uploads\/sites\/326\/2021\/07\/DT_Vertical_Logo-black.png","contentUrl":"https:\/\/www.dttrieste.com\/wp-content\/uploads\/sites\/326\/2021\/07\/DT_Vertical_Logo-black.png","width":1684,"height":1466,"caption":"Hilton Trieste"},"image":{"@id":"https:\/\/www.dttrieste.com\/de\/#\/schema\/logo\/image\/"}}]}},"acf":[],"_links":{"self":[{"href":"https:\/\/www.dttrieste.com\/de\/wp-json\/wp\/v2\/pages\/439","targetHints":{"allow":["GET"]}}],"collection":[{"href":"https:\/\/www.dttrieste.com\/de\/wp-json\/wp\/v2\/pages"}],"about":[{"href":"https:\/\/www.dttrieste.com\/de\/wp-json\/wp\/v2\/types\/page"}],"author":[{"embeddable":true,"href":"https:\/\/www.dttrieste.com\/de\/wp-json\/wp\/v2\/users\/6"}],"replies":[{"embeddable":true,"href":"https:\/\/www.dttrieste.com\/de\/wp-json\/wp\/v2\/comments?post=439"}],"version-history":[{"count":0,"href":"https:\/\/www.dttrieste.com\/de\/wp-json\/wp\/v2\/pages\/439\/revisions"}],"up":[{"embeddable":true,"href":"https:\/\/www.dttrieste.com\/de\/wp-json\/wp\/v2\/pages\/429"}],"wp:attachment":[{"href":"https:\/\/www.dttrieste.com\/de\/wp-json\/wp\/v2\/media?parent=439"}],"curies":[{"name":"wp","href":"https:\/\/api.w.org\/{rel}","templated":true}]}}