{"id":437,"date":"2021-10-19T15:40:03","date_gmt":"2021-10-19T15:40:03","guid":{"rendered":"https:\/\/hiltontrieste.ms.decms.eu\/cosa-vedere\/attrazioni-principali\/james-joyce\/"},"modified":"2022-07-13T10:49:41","modified_gmt":"2022-07-13T10:49:41","slug":"james-joyce","status":"publish","type":"page","link":"https:\/\/www.dttrieste.com\/de\/sehenswuerdigkeiten\/hauptattraktionen\/james-joyce\/","title":{"rendered":"James Joyce"},"content":{"rendered":"<p>Haben Sie auch &#8222;Ulysses&#8220; gelesen? Wussten Sie, dass es gr\u00f6\u00dftenteils in Triest geschrieben wurde? Die Stadt spielte eine Schl\u00fcsselrolle im k\u00fcnstlerischen, beruflichen und pers\u00f6nlichen Leben von James Joyce, der hier \u00fcber 10 Jahre lang mit seiner Partnerin Nora Barnacle lebte.<\/p>\n<h3>Geshichte<\/h3>\n<p>Angezogen von der internationalen Atmosph\u00e4re und der kulturellen Lebendigkeit der Stadt, verlie\u00df Joyce Dublin, um in Triest zu leben und hier seine<strong> literarische Muse<\/strong> zu finden. Das fr\u00fche zwanzigste Jahrhundert war in der Tat eine magische Zeit f\u00fcr die Stadt, die zu einem Treffpunkt f\u00fcr Intellektuelle und Schriftsteller aus ganz Europa wurde, die in den Caf\u00e9s ihren bevorzugten Treffpunkt fanden. Zu ihnen geh\u00f6rte James Joyce, der in Triest nicht nur seinen ber\u00fchmtesten Roman &#8222;Ulysses&#8220; konzipierte und zu schreiben begann, sondern auch &#8222;Dubliner&#8220; fertigstellte und &#8222;Ein Portr\u00e4t des K\u00fcnstlers als junger Mann&#8220; verfasste.<\/p>\n<p>Seine Kinder wurden in Triest geboren und er lernte Italo Svevo kennen, den unvergesslichen Autor von &#8222;Zenos Gewissen&#8220;. Sie verband eine br\u00fcderliche Freundschaft und intellektuelle Affinit\u00e4t, vor allem aber die <strong>Liebe zur Schriftstellerei<\/strong>, die sie beide mit innovativem Geist interpretierten.<\/p>\n<p>Joyce besuchte <strong>viele Orte in Triest<\/strong>, angefangen bei der Berlitz School in der Via San Nicol\u00f2 und der Piazza Ponterosso, wo er wohnte und wo eine Bronzestatue an seine Spazierg\u00e4nge erinnert, bis hin zum Caff\u00e8 Stella Polare in der Via Dante Alighieri, wo er gerne einkehrte und seinem Bruder Stanislaus seine Geschichten vorlas.<\/p>\n<h3>Museum<\/h3>\n<p>Triest hat James Joyce ein Museum gewidmet, das <strong>Joyce Museum<\/strong> in der Via Madonna del Mare 13. Das <strong>Svevo Museum<\/strong>, das seinem Freund Italo Svevo gewidmet ist, befindet sich im selben Geb\u00e4ude: Eine literarische Entdeckungsreise zu den Orten, die zwei der gr\u00f6\u00dften Schriftsteller des 20. Jahrhunderts inspirierten, kann nur hier beginnen.<\/p>\n","protected":false},"excerpt":{"rendered":"<p>Haben Sie auch &#8222;Ulysses&#8220; gelesen? Wussten Sie, dass es gr\u00f6\u00dftenteils in Triest geschrieben wurde? Die Stadt spielte eine Schl\u00fcsselrolle im k\u00fcnstlerischen, beruflichen und pers\u00f6nlichen Leben von James Joyce, der hier \u00fcber 10 Jahre lang mit seiner Partnerin Nora Barnacle lebte. Geshichte Angezogen von der internationalen Atmosph\u00e4re und der kulturellen Lebendigkeit der Stadt, verlie\u00df Joyce Dublin, [&hellip;]<\/p>\n","protected":false},"author":6,"featured_media":0,"parent":429,"menu_order":95,"comment_status":"closed","ping_status":"closed","template":"template-default-2.php","meta":{"footnotes":""},"class_list":["post-437","page","type-page","status-publish","hentry"],"yoast_head":"<!-- This site is optimized with the Yoast SEO plugin v26.9 - https:\/\/yoast.com\/product\/yoast-seo-wordpress\/ -->\n<title>James Joyce in Triest: Rundg\u00e4nge, Statuen, Museen | Hilton Trieste<\/title>\n<meta name=\"description\" content=\"Triest bewahrt die Spuren des Aufenthalts des ber\u00fchmten irischen Schriftstellers. Entdecken Sie die Statuen, das Museum und die Ereignisse, die die Jahre von James Joyce in Triest gepr\u00e4gt haben.\" \/>\n<meta name=\"robots\" content=\"index, follow, max-snippet:-1, max-image-preview:large, max-video-preview:-1\" \/>\n<link rel=\"canonical\" href=\"https:\/\/www.dttrieste.com\/de\/sehenswuerdigkeiten\/hauptattraktionen\/james-joyce\/\" \/>\n<meta property=\"og:locale\" content=\"de_DE\" \/>\n<meta property=\"og:type\" content=\"article\" \/>\n<meta property=\"og:title\" content=\"James Joyce in Triest: Rundg\u00e4nge, Statuen, Museen | Hilton Trieste\" \/>\n<meta property=\"og:description\" content=\"Triest bewahrt die Spuren des Aufenthalts des ber\u00fchmten irischen Schriftstellers. Entdecken Sie die Statuen, das Museum und die Ereignisse, die die Jahre von James Joyce in Triest gepr\u00e4gt haben.\" \/>\n<meta property=\"og:url\" content=\"https:\/\/www.dttrieste.com\/de\/sehenswuerdigkeiten\/hauptattraktionen\/james-joyce\/\" \/>\n<meta property=\"og:site_name\" content=\"DoubleTree by Hilton Trieste\" \/>\n<meta property=\"article:modified_time\" content=\"2022-07-13T10:49:41+00:00\" \/>\n<meta name=\"twitter:card\" content=\"summary_large_image\" \/>\n<meta name=\"twitter:label1\" content=\"Gesch\u00e4tzte Lesezeit\" \/>\n\t<meta name=\"twitter:data1\" content=\"2 Minuten\" \/>\n<script type=\"application\/ld+json\" class=\"yoast-schema-graph\">{\"@context\":\"https:\/\/schema.org\",\"@graph\":[{\"@type\":\"WebPage\",\"@id\":\"https:\/\/www.dttrieste.com\/de\/sehenswuerdigkeiten\/hauptattraktionen\/james-joyce\/\",\"url\":\"https:\/\/www.dttrieste.com\/de\/sehenswuerdigkeiten\/hauptattraktionen\/james-joyce\/\",\"name\":\"James Joyce in Triest: Rundg\u00e4nge, Statuen, Museen | Hilton Trieste\",\"isPartOf\":{\"@id\":\"https:\/\/www.dttrieste.com\/de\/#website\"},\"datePublished\":\"2021-10-19T15:40:03+00:00\",\"dateModified\":\"2022-07-13T10:49:41+00:00\",\"description\":\"Triest bewahrt die Spuren des Aufenthalts des ber\u00fchmten irischen Schriftstellers. Entdecken Sie die Statuen, das Museum und die Ereignisse, die die Jahre von James Joyce in Triest gepr\u00e4gt haben.\",\"breadcrumb\":{\"@id\":\"https:\/\/www.dttrieste.com\/de\/sehenswuerdigkeiten\/hauptattraktionen\/james-joyce\/#breadcrumb\"},\"inLanguage\":\"de-DE\",\"potentialAction\":[{\"@type\":\"ReadAction\",\"target\":[\"https:\/\/www.dttrieste.com\/de\/sehenswuerdigkeiten\/hauptattraktionen\/james-joyce\/\"]}]},{\"@type\":\"BreadcrumbList\",\"@id\":\"https:\/\/www.dttrieste.com\/de\/sehenswuerdigkeiten\/hauptattraktionen\/james-joyce\/#breadcrumb\",\"itemListElement\":[{\"@type\":\"ListItem\",\"position\":1,\"name\":\"Home\",\"item\":\"https:\/\/www.dttrieste.com\/de\/\"},{\"@type\":\"ListItem\",\"position\":2,\"name\":\"Sehenswertes in und um Triest\",\"item\":\"https:\/\/www.dttrieste.com\/de\/sehenswuerdigkeiten\/\"},{\"@type\":\"ListItem\",\"position\":3,\"name\":\"Hauptattraktionen\",\"item\":\"https:\/\/www.dttrieste.com\/de\/sehenswuerdigkeiten\/hauptattraktionen\/\"},{\"@type\":\"ListItem\",\"position\":4,\"name\":\"James Joyce\"}]},{\"@type\":\"WebSite\",\"@id\":\"https:\/\/www.dttrieste.com\/de\/#website\",\"url\":\"https:\/\/www.dttrieste.com\/de\/\",\"name\":\"DoubleTree by Hilton Trieste\",\"description\":\"Just another ms.decms.eu site\",\"publisher\":{\"@id\":\"https:\/\/www.dttrieste.com\/de\/#organization\"},\"potentialAction\":[{\"@type\":\"SearchAction\",\"target\":{\"@type\":\"EntryPoint\",\"urlTemplate\":\"https:\/\/www.dttrieste.com\/de\/?s={search_term_string}\"},\"query-input\":{\"@type\":\"PropertyValueSpecification\",\"valueRequired\":true,\"valueName\":\"search_term_string\"}}],\"inLanguage\":\"de-DE\"},{\"@type\":\"Organization\",\"@id\":\"https:\/\/www.dttrieste.com\/de\/#organization\",\"name\":\"Hilton Trieste\",\"url\":\"https:\/\/www.dttrieste.com\/de\/\",\"logo\":{\"@type\":\"ImageObject\",\"inLanguage\":\"de-DE\",\"@id\":\"https:\/\/www.dttrieste.com\/de\/#\/schema\/logo\/image\/\",\"url\":\"https:\/\/www.dttrieste.com\/wp-content\/uploads\/sites\/326\/2021\/07\/DT_Vertical_Logo-black.png\",\"contentUrl\":\"https:\/\/www.dttrieste.com\/wp-content\/uploads\/sites\/326\/2021\/07\/DT_Vertical_Logo-black.png\",\"width\":1684,\"height\":1466,\"caption\":\"Hilton Trieste\"},\"image\":{\"@id\":\"https:\/\/www.dttrieste.com\/de\/#\/schema\/logo\/image\/\"}}]}<\/script>\n<!-- \/ Yoast SEO plugin. -->","yoast_head_json":{"title":"James Joyce in Triest: Rundg\u00e4nge, Statuen, Museen | Hilton Trieste","description":"Triest bewahrt die Spuren des Aufenthalts des ber\u00fchmten irischen Schriftstellers. Entdecken Sie die Statuen, das Museum und die Ereignisse, die die Jahre von James Joyce in Triest gepr\u00e4gt haben.","robots":{"index":"index","follow":"follow","max-snippet":"max-snippet:-1","max-image-preview":"max-image-preview:large","max-video-preview":"max-video-preview:-1"},"canonical":"https:\/\/www.dttrieste.com\/de\/sehenswuerdigkeiten\/hauptattraktionen\/james-joyce\/","og_locale":"de_DE","og_type":"article","og_title":"James Joyce in Triest: Rundg\u00e4nge, Statuen, Museen | Hilton Trieste","og_description":"Triest bewahrt die Spuren des Aufenthalts des ber\u00fchmten irischen Schriftstellers. Entdecken Sie die Statuen, das Museum und die Ereignisse, die die Jahre von James Joyce in Triest gepr\u00e4gt haben.","og_url":"https:\/\/www.dttrieste.com\/de\/sehenswuerdigkeiten\/hauptattraktionen\/james-joyce\/","og_site_name":"DoubleTree by Hilton Trieste","article_modified_time":"2022-07-13T10:49:41+00:00","twitter_card":"summary_large_image","twitter_misc":{"Gesch\u00e4tzte Lesezeit":"2 Minuten"},"schema":{"@context":"https:\/\/schema.org","@graph":[{"@type":"WebPage","@id":"https:\/\/www.dttrieste.com\/de\/sehenswuerdigkeiten\/hauptattraktionen\/james-joyce\/","url":"https:\/\/www.dttrieste.com\/de\/sehenswuerdigkeiten\/hauptattraktionen\/james-joyce\/","name":"James Joyce in Triest: Rundg\u00e4nge, Statuen, Museen | Hilton Trieste","isPartOf":{"@id":"https:\/\/www.dttrieste.com\/de\/#website"},"datePublished":"2021-10-19T15:40:03+00:00","dateModified":"2022-07-13T10:49:41+00:00","description":"Triest bewahrt die Spuren des Aufenthalts des ber\u00fchmten irischen Schriftstellers. Entdecken Sie die Statuen, das Museum und die Ereignisse, die die Jahre von James Joyce in Triest gepr\u00e4gt haben.","breadcrumb":{"@id":"https:\/\/www.dttrieste.com\/de\/sehenswuerdigkeiten\/hauptattraktionen\/james-joyce\/#breadcrumb"},"inLanguage":"de-DE","potentialAction":[{"@type":"ReadAction","target":["https:\/\/www.dttrieste.com\/de\/sehenswuerdigkeiten\/hauptattraktionen\/james-joyce\/"]}]},{"@type":"BreadcrumbList","@id":"https:\/\/www.dttrieste.com\/de\/sehenswuerdigkeiten\/hauptattraktionen\/james-joyce\/#breadcrumb","itemListElement":[{"@type":"ListItem","position":1,"name":"Home","item":"https:\/\/www.dttrieste.com\/de\/"},{"@type":"ListItem","position":2,"name":"Sehenswertes in und um Triest","item":"https:\/\/www.dttrieste.com\/de\/sehenswuerdigkeiten\/"},{"@type":"ListItem","position":3,"name":"Hauptattraktionen","item":"https:\/\/www.dttrieste.com\/de\/sehenswuerdigkeiten\/hauptattraktionen\/"},{"@type":"ListItem","position":4,"name":"James Joyce"}]},{"@type":"WebSite","@id":"https:\/\/www.dttrieste.com\/de\/#website","url":"https:\/\/www.dttrieste.com\/de\/","name":"DoubleTree by Hilton Trieste","description":"Just another ms.decms.eu site","publisher":{"@id":"https:\/\/www.dttrieste.com\/de\/#organization"},"potentialAction":[{"@type":"SearchAction","target":{"@type":"EntryPoint","urlTemplate":"https:\/\/www.dttrieste.com\/de\/?s={search_term_string}"},"query-input":{"@type":"PropertyValueSpecification","valueRequired":true,"valueName":"search_term_string"}}],"inLanguage":"de-DE"},{"@type":"Organization","@id":"https:\/\/www.dttrieste.com\/de\/#organization","name":"Hilton Trieste","url":"https:\/\/www.dttrieste.com\/de\/","logo":{"@type":"ImageObject","inLanguage":"de-DE","@id":"https:\/\/www.dttrieste.com\/de\/#\/schema\/logo\/image\/","url":"https:\/\/www.dttrieste.com\/wp-content\/uploads\/sites\/326\/2021\/07\/DT_Vertical_Logo-black.png","contentUrl":"https:\/\/www.dttrieste.com\/wp-content\/uploads\/sites\/326\/2021\/07\/DT_Vertical_Logo-black.png","width":1684,"height":1466,"caption":"Hilton Trieste"},"image":{"@id":"https:\/\/www.dttrieste.com\/de\/#\/schema\/logo\/image\/"}}]}},"acf":[],"_links":{"self":[{"href":"https:\/\/www.dttrieste.com\/de\/wp-json\/wp\/v2\/pages\/437","targetHints":{"allow":["GET"]}}],"collection":[{"href":"https:\/\/www.dttrieste.com\/de\/wp-json\/wp\/v2\/pages"}],"about":[{"href":"https:\/\/www.dttrieste.com\/de\/wp-json\/wp\/v2\/types\/page"}],"author":[{"embeddable":true,"href":"https:\/\/www.dttrieste.com\/de\/wp-json\/wp\/v2\/users\/6"}],"replies":[{"embeddable":true,"href":"https:\/\/www.dttrieste.com\/de\/wp-json\/wp\/v2\/comments?post=437"}],"version-history":[{"count":0,"href":"https:\/\/www.dttrieste.com\/de\/wp-json\/wp\/v2\/pages\/437\/revisions"}],"up":[{"embeddable":true,"href":"https:\/\/www.dttrieste.com\/de\/wp-json\/wp\/v2\/pages\/429"}],"wp:attachment":[{"href":"https:\/\/www.dttrieste.com\/de\/wp-json\/wp\/v2\/media?parent=437"}],"curies":[{"name":"wp","href":"https:\/\/api.w.org\/{rel}","templated":true}]}}