{"id":435,"date":"2021-10-19T15:39:46","date_gmt":"2021-10-19T15:39:46","guid":{"rendered":"https:\/\/hiltontrieste.ms.decms.eu\/cosa-vedere\/attrazioni-principali\/le-piazze-di-trieste\/"},"modified":"2022-07-13T10:24:18","modified_gmt":"2022-07-13T10:24:18","slug":"die-plaetze-von-triest","status":"publish","type":"page","link":"https:\/\/www.dttrieste.com\/de\/sehenswuerdigkeiten\/hauptattraktionen\/die-plaetze-von-triest\/","title":{"rendered":"Die Pl\u00e4tze von Triest"},"content":{"rendered":"<p>Die <strong>lebendigen und spektakul\u00e4ren<\/strong> Pl\u00e4tze von Triest, die alle eine Geschichte zu erz\u00e4hlen haben, sind Orte, die man bei Tag und bei Nacht erleben kann, inmitten von &#8222;ciacole, caff\u00e8 e liston&#8220;. In Triest bedeutet &#8222;ciacole&#8220; plaudern, w\u00e4hrend &#8222;liston&#8220;, oder besser gesagt &#8222;far liston&#8220;, ein Spaziergang auf dem Platz ist, ein Brauch, um Leute zu treffen und sich zu zeigen. <a href=\"https:\/\/www.dttrieste.com\/de\/sehenswuerdigkeiten\/hauptattraktionen\/historische-cafes\/\">Der Kaffee<\/a> ist das weltliche Ritual, das man in den historischen und neuen Lokalen von Triest genie\u00dfen kann.<\/p>\n<h3>Piazza dell&#8217;Unit\u00e0 d&#8217;Italia<\/h3>\n<p>Der Rundgang \u00fcber die Pl\u00e4tze des historischen Zentrums beginnt an der <strong>Piazza dell&#8217;Unit\u00e0 d&#8217;Italia<\/strong>. Dieser ikonische Ort, der als Europas gr\u00f6\u00dfter \u00f6ffentlicher Platz mit Blick auf das Meer gefeiert wird, verzaubert immer wieder mit seinem Blick auf den blauen Golf und den Rahmen der wei\u00dfen Geb\u00e4ude, die ihn umgeben.<\/p>\n<p>Der Schauplatz von Ereignissen, die die Welt in der ersten H\u00e4lfte des 20. Jahrhunderts ver\u00e4nderten: im Juli 1914 kamen hier die Leichen des Erzherzogs Franz Ferdinand und seiner Frau, Opfer des Bombardements von Sarajevo, das den Ersten Weltkrieg ausl\u00f6ste, an; im November 1918 empfing die Bev\u00f6lkerung die Bersaglieri, die vom Zerst\u00f6rer Audace, dem ersten italienischen Schiff, das bei Kriegsende in der Stadt eintraf, gelandet waren; im September 1938 verk\u00fcndete Mussolini die Rassengesetze gegen die Juden und 1954 nahm der Platz die jubelnde Menge bei der endg\u00fcltigen R\u00fcckgabe von Triest an Italien nach dem Zweiten Weltkrieg auf.<\/p>\n<p>Heute ist die Piazza Unit\u00e0 ein lebendiger Platz, der <strong>nicht nur Einheimische und Besucher<\/strong> empf\u00e4ngt, sondern <strong>auch Veranstaltungen<\/strong>, Konzerte und <strong>Festivals<\/strong> von gro\u00dfer Anziehungskraft bietet. Die umliegenden historischen Geb\u00e4ude aus dem 18. bis 20. Jahrhundert beherbergen \u00f6ffentliche Einrichtungen, in denen reger Verkehr herrscht, w\u00e4hrend Stra\u00dfenk\u00fcnstler rund um die Fontana dei Quattro Continenti auftreten und die Pagen Michez und Jachez von der Spitze des Uhrenturms aus seit \u00fcber hundert Jahren die Stunden schlagen.<\/p>\n<p>Ein Stopp im Caff\u00e8 degli Specchi ist ein Muss, um die <strong>mitteleurop\u00e4ische Atmosph\u00e4re<\/strong> zu erleben, die das historische Caf\u00e9 noch immer umgibt<\/p>\n","protected":false},"excerpt":{"rendered":"<p>Die lebendigen und spektakul\u00e4ren Pl\u00e4tze von Triest, die alle eine Geschichte zu erz\u00e4hlen haben, sind Orte, die man bei Tag und bei Nacht erleben kann, inmitten von &#8222;ciacole, caff\u00e8 e liston&#8220;. In Triest bedeutet &#8222;ciacole&#8220; plaudern, w\u00e4hrend &#8222;liston&#8220;, oder besser gesagt &#8222;far liston&#8220;, ein Spaziergang auf dem Platz ist, ein Brauch, um Leute zu treffen [&hellip;]<\/p>\n","protected":false},"author":6,"featured_media":0,"parent":429,"menu_order":94,"comment_status":"closed","ping_status":"closed","template":"template-default-2.php","meta":{"footnotes":""},"class_list":["post-435","page","type-page","status-publish","hentry"],"yoast_head":"<!-- This site is optimized with the Yoast SEO plugin v26.9 - https:\/\/yoast.com\/product\/yoast-seo-wordpress\/ -->\n<title>Piazza dell&#039;Unit\u00e0, della Repubblica, della Borsa | Hilton Trieste<\/title>\n<meta name=\"description\" content=\"Das DoubleTree by Hilton Trieste befindet sich im Herzen des historischen Zentrums und ist strategisch g\u00fcnstig gelegen, um die wichtigsten Pl\u00e4tze der Stadt zu besuchen, die reich an Geschichte und Tradition sind.\" \/>\n<meta name=\"robots\" content=\"index, follow, max-snippet:-1, max-image-preview:large, max-video-preview:-1\" \/>\n<link rel=\"canonical\" href=\"https:\/\/www.dttrieste.com\/de\/sehenswuerdigkeiten\/hauptattraktionen\/die-plaetze-von-triest\/\" \/>\n<meta property=\"og:locale\" content=\"de_DE\" \/>\n<meta property=\"og:type\" content=\"article\" \/>\n<meta property=\"og:title\" content=\"Piazza dell&#039;Unit\u00e0, della Repubblica, della Borsa | Hilton Trieste\" \/>\n<meta property=\"og:description\" content=\"Das DoubleTree by Hilton Trieste befindet sich im Herzen des historischen Zentrums und ist strategisch g\u00fcnstig gelegen, um die wichtigsten Pl\u00e4tze der Stadt zu besuchen, die reich an Geschichte und Tradition sind.\" \/>\n<meta property=\"og:url\" content=\"https:\/\/www.dttrieste.com\/de\/sehenswuerdigkeiten\/hauptattraktionen\/die-plaetze-von-triest\/\" \/>\n<meta property=\"og:site_name\" content=\"DoubleTree by Hilton Trieste\" \/>\n<meta property=\"article:modified_time\" content=\"2022-07-13T10:24:18+00:00\" \/>\n<meta name=\"twitter:card\" content=\"summary_large_image\" \/>\n<meta name=\"twitter:label1\" content=\"Gesch\u00e4tzte Lesezeit\" \/>\n\t<meta name=\"twitter:data1\" content=\"1 Minute\" \/>\n<script type=\"application\/ld+json\" class=\"yoast-schema-graph\">{\"@context\":\"https:\/\/schema.org\",\"@graph\":[{\"@type\":\"WebPage\",\"@id\":\"https:\/\/www.dttrieste.com\/de\/sehenswuerdigkeiten\/hauptattraktionen\/die-plaetze-von-triest\/\",\"url\":\"https:\/\/www.dttrieste.com\/de\/sehenswuerdigkeiten\/hauptattraktionen\/die-plaetze-von-triest\/\",\"name\":\"Piazza dell'Unit\u00e0, della Repubblica, della Borsa | Hilton Trieste\",\"isPartOf\":{\"@id\":\"https:\/\/www.dttrieste.com\/de\/#website\"},\"datePublished\":\"2021-10-19T15:39:46+00:00\",\"dateModified\":\"2022-07-13T10:24:18+00:00\",\"description\":\"Das DoubleTree by Hilton Trieste befindet sich im Herzen des historischen Zentrums und ist strategisch g\u00fcnstig gelegen, um die wichtigsten Pl\u00e4tze der Stadt zu besuchen, die reich an Geschichte und Tradition sind.\",\"breadcrumb\":{\"@id\":\"https:\/\/www.dttrieste.com\/de\/sehenswuerdigkeiten\/hauptattraktionen\/die-plaetze-von-triest\/#breadcrumb\"},\"inLanguage\":\"de-DE\",\"potentialAction\":[{\"@type\":\"ReadAction\",\"target\":[\"https:\/\/www.dttrieste.com\/de\/sehenswuerdigkeiten\/hauptattraktionen\/die-plaetze-von-triest\/\"]}]},{\"@type\":\"BreadcrumbList\",\"@id\":\"https:\/\/www.dttrieste.com\/de\/sehenswuerdigkeiten\/hauptattraktionen\/die-plaetze-von-triest\/#breadcrumb\",\"itemListElement\":[{\"@type\":\"ListItem\",\"position\":1,\"name\":\"Home\",\"item\":\"https:\/\/www.dttrieste.com\/de\/\"},{\"@type\":\"ListItem\",\"position\":2,\"name\":\"Sehenswertes in und um Triest\",\"item\":\"https:\/\/www.dttrieste.com\/de\/sehenswuerdigkeiten\/\"},{\"@type\":\"ListItem\",\"position\":3,\"name\":\"Hauptattraktionen\",\"item\":\"https:\/\/www.dttrieste.com\/de\/sehenswuerdigkeiten\/hauptattraktionen\/\"},{\"@type\":\"ListItem\",\"position\":4,\"name\":\"Die Pl\u00e4tze von Triest\"}]},{\"@type\":\"WebSite\",\"@id\":\"https:\/\/www.dttrieste.com\/de\/#website\",\"url\":\"https:\/\/www.dttrieste.com\/de\/\",\"name\":\"DoubleTree by Hilton Trieste\",\"description\":\"Just another ms.decms.eu site\",\"publisher\":{\"@id\":\"https:\/\/www.dttrieste.com\/de\/#organization\"},\"potentialAction\":[{\"@type\":\"SearchAction\",\"target\":{\"@type\":\"EntryPoint\",\"urlTemplate\":\"https:\/\/www.dttrieste.com\/de\/?s={search_term_string}\"},\"query-input\":{\"@type\":\"PropertyValueSpecification\",\"valueRequired\":true,\"valueName\":\"search_term_string\"}}],\"inLanguage\":\"de-DE\"},{\"@type\":\"Organization\",\"@id\":\"https:\/\/www.dttrieste.com\/de\/#organization\",\"name\":\"Hilton Trieste\",\"url\":\"https:\/\/www.dttrieste.com\/de\/\",\"logo\":{\"@type\":\"ImageObject\",\"inLanguage\":\"de-DE\",\"@id\":\"https:\/\/www.dttrieste.com\/de\/#\/schema\/logo\/image\/\",\"url\":\"https:\/\/www.dttrieste.com\/wp-content\/uploads\/sites\/326\/2021\/07\/DT_Vertical_Logo-black.png\",\"contentUrl\":\"https:\/\/www.dttrieste.com\/wp-content\/uploads\/sites\/326\/2021\/07\/DT_Vertical_Logo-black.png\",\"width\":1684,\"height\":1466,\"caption\":\"Hilton Trieste\"},\"image\":{\"@id\":\"https:\/\/www.dttrieste.com\/de\/#\/schema\/logo\/image\/\"}}]}<\/script>\n<!-- \/ Yoast SEO plugin. -->","yoast_head_json":{"title":"Piazza dell'Unit\u00e0, della Repubblica, della Borsa | Hilton Trieste","description":"Das DoubleTree by Hilton Trieste befindet sich im Herzen des historischen Zentrums und ist strategisch g\u00fcnstig gelegen, um die wichtigsten Pl\u00e4tze der Stadt zu besuchen, die reich an Geschichte und Tradition sind.","robots":{"index":"index","follow":"follow","max-snippet":"max-snippet:-1","max-image-preview":"max-image-preview:large","max-video-preview":"max-video-preview:-1"},"canonical":"https:\/\/www.dttrieste.com\/de\/sehenswuerdigkeiten\/hauptattraktionen\/die-plaetze-von-triest\/","og_locale":"de_DE","og_type":"article","og_title":"Piazza dell'Unit\u00e0, della Repubblica, della Borsa | Hilton Trieste","og_description":"Das DoubleTree by Hilton Trieste befindet sich im Herzen des historischen Zentrums und ist strategisch g\u00fcnstig gelegen, um die wichtigsten Pl\u00e4tze der Stadt zu besuchen, die reich an Geschichte und Tradition sind.","og_url":"https:\/\/www.dttrieste.com\/de\/sehenswuerdigkeiten\/hauptattraktionen\/die-plaetze-von-triest\/","og_site_name":"DoubleTree by Hilton Trieste","article_modified_time":"2022-07-13T10:24:18+00:00","twitter_card":"summary_large_image","twitter_misc":{"Gesch\u00e4tzte Lesezeit":"1 Minute"},"schema":{"@context":"https:\/\/schema.org","@graph":[{"@type":"WebPage","@id":"https:\/\/www.dttrieste.com\/de\/sehenswuerdigkeiten\/hauptattraktionen\/die-plaetze-von-triest\/","url":"https:\/\/www.dttrieste.com\/de\/sehenswuerdigkeiten\/hauptattraktionen\/die-plaetze-von-triest\/","name":"Piazza dell'Unit\u00e0, della Repubblica, della Borsa | Hilton Trieste","isPartOf":{"@id":"https:\/\/www.dttrieste.com\/de\/#website"},"datePublished":"2021-10-19T15:39:46+00:00","dateModified":"2022-07-13T10:24:18+00:00","description":"Das DoubleTree by Hilton Trieste befindet sich im Herzen des historischen Zentrums und ist strategisch g\u00fcnstig gelegen, um die wichtigsten Pl\u00e4tze der Stadt zu besuchen, die reich an Geschichte und Tradition sind.","breadcrumb":{"@id":"https:\/\/www.dttrieste.com\/de\/sehenswuerdigkeiten\/hauptattraktionen\/die-plaetze-von-triest\/#breadcrumb"},"inLanguage":"de-DE","potentialAction":[{"@type":"ReadAction","target":["https:\/\/www.dttrieste.com\/de\/sehenswuerdigkeiten\/hauptattraktionen\/die-plaetze-von-triest\/"]}]},{"@type":"BreadcrumbList","@id":"https:\/\/www.dttrieste.com\/de\/sehenswuerdigkeiten\/hauptattraktionen\/die-plaetze-von-triest\/#breadcrumb","itemListElement":[{"@type":"ListItem","position":1,"name":"Home","item":"https:\/\/www.dttrieste.com\/de\/"},{"@type":"ListItem","position":2,"name":"Sehenswertes in und um Triest","item":"https:\/\/www.dttrieste.com\/de\/sehenswuerdigkeiten\/"},{"@type":"ListItem","position":3,"name":"Hauptattraktionen","item":"https:\/\/www.dttrieste.com\/de\/sehenswuerdigkeiten\/hauptattraktionen\/"},{"@type":"ListItem","position":4,"name":"Die Pl\u00e4tze von Triest"}]},{"@type":"WebSite","@id":"https:\/\/www.dttrieste.com\/de\/#website","url":"https:\/\/www.dttrieste.com\/de\/","name":"DoubleTree by Hilton Trieste","description":"Just another ms.decms.eu site","publisher":{"@id":"https:\/\/www.dttrieste.com\/de\/#organization"},"potentialAction":[{"@type":"SearchAction","target":{"@type":"EntryPoint","urlTemplate":"https:\/\/www.dttrieste.com\/de\/?s={search_term_string}"},"query-input":{"@type":"PropertyValueSpecification","valueRequired":true,"valueName":"search_term_string"}}],"inLanguage":"de-DE"},{"@type":"Organization","@id":"https:\/\/www.dttrieste.com\/de\/#organization","name":"Hilton Trieste","url":"https:\/\/www.dttrieste.com\/de\/","logo":{"@type":"ImageObject","inLanguage":"de-DE","@id":"https:\/\/www.dttrieste.com\/de\/#\/schema\/logo\/image\/","url":"https:\/\/www.dttrieste.com\/wp-content\/uploads\/sites\/326\/2021\/07\/DT_Vertical_Logo-black.png","contentUrl":"https:\/\/www.dttrieste.com\/wp-content\/uploads\/sites\/326\/2021\/07\/DT_Vertical_Logo-black.png","width":1684,"height":1466,"caption":"Hilton Trieste"},"image":{"@id":"https:\/\/www.dttrieste.com\/de\/#\/schema\/logo\/image\/"}}]}},"acf":[],"_links":{"self":[{"href":"https:\/\/www.dttrieste.com\/de\/wp-json\/wp\/v2\/pages\/435","targetHints":{"allow":["GET"]}}],"collection":[{"href":"https:\/\/www.dttrieste.com\/de\/wp-json\/wp\/v2\/pages"}],"about":[{"href":"https:\/\/www.dttrieste.com\/de\/wp-json\/wp\/v2\/types\/page"}],"author":[{"embeddable":true,"href":"https:\/\/www.dttrieste.com\/de\/wp-json\/wp\/v2\/users\/6"}],"replies":[{"embeddable":true,"href":"https:\/\/www.dttrieste.com\/de\/wp-json\/wp\/v2\/comments?post=435"}],"version-history":[{"count":0,"href":"https:\/\/www.dttrieste.com\/de\/wp-json\/wp\/v2\/pages\/435\/revisions"}],"up":[{"embeddable":true,"href":"https:\/\/www.dttrieste.com\/de\/wp-json\/wp\/v2\/pages\/429"}],"wp:attachment":[{"href":"https:\/\/www.dttrieste.com\/de\/wp-json\/wp\/v2\/media?parent=435"}],"curies":[{"name":"wp","href":"https:\/\/api.w.org\/{rel}","templated":true}]}}