{"id":433,"date":"2021-10-19T15:39:32","date_gmt":"2021-10-19T15:39:32","guid":{"rendered":"https:\/\/hiltontrieste.ms.decms.eu\/cosa-vedere\/attrazioni-principali\/caffe-storici\/"},"modified":"2022-07-13T09:58:32","modified_gmt":"2022-07-13T09:58:32","slug":"historische-cafes","status":"publish","type":"page","link":"https:\/\/www.dttrieste.com\/de\/sehenswuerdigkeiten\/hauptattraktionen\/historische-cafes\/","title":{"rendered":"Historische Caf\u00e9s"},"content":{"rendered":"<p>Triest, die Stadt des Kaffees. Mit der braunen Bohne hat die Stadt seit der Zeit der Habsburger ihr Gl\u00fcck gemacht, als sie als Freihafen zum europ\u00e4ischen Kaffeehafen wurde. Heute sind die B\u00fcrger von Triest mit 10 kg pro Kopf die gr\u00f6\u00dften Kaffeekonsumenten Italiens, und der Kaffee ist nach wie vor das wichtigste weltliche Ritual der Stadt, das in den historischen Bars und Restaurants des Stadtzentrums gefeiert wird. Ein &#8222;Nero in B&#8220;, ein &#8222;Goccia&#8220;, ein &#8222;Caffelatte&#8220; und mindestens ein Dutzend verschiedene Arten, ihn zu servieren, machen sofort klar, dass <strong>ein Kaffee in Triest eine ernste Angelegenheit ist.<\/strong><\/p>\n<p>Orte, an denen die Zeit stehen geblieben ist und die dennoch sehr beliebt sind: In den Caf\u00e9s von Triest trifft man sich allein, mit Freunden, liest, lernt und schreibt. So wie Joyce, Saba und Svevo und heute Claudio Magris, Mauro Covacich und Boris Pahor, Schriftsteller, die in Triest geboren wurden oder die Stadt als ihre Heimat w\u00e4hlten.<\/p>\n<p>&nbsp;<\/p>\n","protected":false},"excerpt":{"rendered":"<p>Triest, die Stadt des Kaffees. Mit der braunen Bohne hat die Stadt seit der Zeit der Habsburger ihr Gl\u00fcck gemacht, als sie als Freihafen zum europ\u00e4ischen Kaffeehafen wurde. Heute sind die B\u00fcrger von Triest mit 10 kg pro Kopf die gr\u00f6\u00dften Kaffeekonsumenten Italiens, und der Kaffee ist nach wie vor das wichtigste weltliche Ritual der [&hellip;]<\/p>\n","protected":false},"author":6,"featured_media":0,"parent":429,"menu_order":93,"comment_status":"closed","ping_status":"closed","template":"template-default-2.php","meta":{"footnotes":""},"class_list":["post-433","page","type-page","status-publish","hentry"],"yoast_head":"<!-- This site is optimized with the Yoast SEO plugin v26.9 - https:\/\/yoast.com\/product\/yoast-seo-wordpress\/ -->\n<title>Historische Caf\u00e9s in Triest: Tommaseo, degli Specchi | Hilton Trieste<\/title>\n<meta name=\"description\" content=\"Die Kaffeetradition ist im Herzen von Triest verwurzelt. Entdecken Sie bezaubernde historische Caf\u00e9s, darunter das Caff\u00e8 degli Specchi, San Marco, Tommaseo und La Bomboniera.\" \/>\n<meta name=\"robots\" content=\"index, follow, max-snippet:-1, max-image-preview:large, max-video-preview:-1\" \/>\n<link rel=\"canonical\" href=\"https:\/\/www.dttrieste.com\/de\/sehenswuerdigkeiten\/hauptattraktionen\/historische-cafes\/\" \/>\n<meta property=\"og:locale\" content=\"de_DE\" \/>\n<meta property=\"og:type\" content=\"article\" \/>\n<meta property=\"og:title\" content=\"Historische Caf\u00e9s in Triest: Tommaseo, degli Specchi | Hilton Trieste\" \/>\n<meta property=\"og:description\" content=\"Die Kaffeetradition ist im Herzen von Triest verwurzelt. Entdecken Sie bezaubernde historische Caf\u00e9s, darunter das Caff\u00e8 degli Specchi, San Marco, Tommaseo und La Bomboniera.\" \/>\n<meta property=\"og:url\" content=\"https:\/\/www.dttrieste.com\/de\/sehenswuerdigkeiten\/hauptattraktionen\/historische-cafes\/\" \/>\n<meta property=\"og:site_name\" content=\"DoubleTree by Hilton Trieste\" \/>\n<meta property=\"article:modified_time\" content=\"2022-07-13T09:58:32+00:00\" \/>\n<meta name=\"twitter:card\" content=\"summary_large_image\" \/>\n<meta name=\"twitter:label1\" content=\"Gesch\u00e4tzte Lesezeit\" \/>\n\t<meta name=\"twitter:data1\" content=\"2 Minuten\" \/>\n<script type=\"application\/ld+json\" class=\"yoast-schema-graph\">{\"@context\":\"https:\/\/schema.org\",\"@graph\":[{\"@type\":\"WebPage\",\"@id\":\"https:\/\/www.dttrieste.com\/de\/sehenswuerdigkeiten\/hauptattraktionen\/historische-cafes\/\",\"url\":\"https:\/\/www.dttrieste.com\/de\/sehenswuerdigkeiten\/hauptattraktionen\/historische-cafes\/\",\"name\":\"Historische Caf\u00e9s in Triest: Tommaseo, degli Specchi | Hilton Trieste\",\"isPartOf\":{\"@id\":\"https:\/\/www.dttrieste.com\/de\/#website\"},\"datePublished\":\"2021-10-19T15:39:32+00:00\",\"dateModified\":\"2022-07-13T09:58:32+00:00\",\"description\":\"Die Kaffeetradition ist im Herzen von Triest verwurzelt. Entdecken Sie bezaubernde historische Caf\u00e9s, darunter das Caff\u00e8 degli Specchi, San Marco, Tommaseo und La Bomboniera.\",\"breadcrumb\":{\"@id\":\"https:\/\/www.dttrieste.com\/de\/sehenswuerdigkeiten\/hauptattraktionen\/historische-cafes\/#breadcrumb\"},\"inLanguage\":\"de-DE\",\"potentialAction\":[{\"@type\":\"ReadAction\",\"target\":[\"https:\/\/www.dttrieste.com\/de\/sehenswuerdigkeiten\/hauptattraktionen\/historische-cafes\/\"]}]},{\"@type\":\"BreadcrumbList\",\"@id\":\"https:\/\/www.dttrieste.com\/de\/sehenswuerdigkeiten\/hauptattraktionen\/historische-cafes\/#breadcrumb\",\"itemListElement\":[{\"@type\":\"ListItem\",\"position\":1,\"name\":\"Home\",\"item\":\"https:\/\/www.dttrieste.com\/de\/\"},{\"@type\":\"ListItem\",\"position\":2,\"name\":\"Sehenswertes in und um Triest\",\"item\":\"https:\/\/www.dttrieste.com\/de\/sehenswuerdigkeiten\/\"},{\"@type\":\"ListItem\",\"position\":3,\"name\":\"Hauptattraktionen\",\"item\":\"https:\/\/www.dttrieste.com\/de\/sehenswuerdigkeiten\/hauptattraktionen\/\"},{\"@type\":\"ListItem\",\"position\":4,\"name\":\"Historische Caf\u00e9s\"}]},{\"@type\":\"WebSite\",\"@id\":\"https:\/\/www.dttrieste.com\/de\/#website\",\"url\":\"https:\/\/www.dttrieste.com\/de\/\",\"name\":\"DoubleTree by Hilton Trieste\",\"description\":\"Just another ms.decms.eu site\",\"publisher\":{\"@id\":\"https:\/\/www.dttrieste.com\/de\/#organization\"},\"potentialAction\":[{\"@type\":\"SearchAction\",\"target\":{\"@type\":\"EntryPoint\",\"urlTemplate\":\"https:\/\/www.dttrieste.com\/de\/?s={search_term_string}\"},\"query-input\":{\"@type\":\"PropertyValueSpecification\",\"valueRequired\":true,\"valueName\":\"search_term_string\"}}],\"inLanguage\":\"de-DE\"},{\"@type\":\"Organization\",\"@id\":\"https:\/\/www.dttrieste.com\/de\/#organization\",\"name\":\"Hilton Trieste\",\"url\":\"https:\/\/www.dttrieste.com\/de\/\",\"logo\":{\"@type\":\"ImageObject\",\"inLanguage\":\"de-DE\",\"@id\":\"https:\/\/www.dttrieste.com\/de\/#\/schema\/logo\/image\/\",\"url\":\"https:\/\/www.dttrieste.com\/wp-content\/uploads\/sites\/326\/2021\/07\/DT_Vertical_Logo-black.png\",\"contentUrl\":\"https:\/\/www.dttrieste.com\/wp-content\/uploads\/sites\/326\/2021\/07\/DT_Vertical_Logo-black.png\",\"width\":1684,\"height\":1466,\"caption\":\"Hilton Trieste\"},\"image\":{\"@id\":\"https:\/\/www.dttrieste.com\/de\/#\/schema\/logo\/image\/\"}}]}<\/script>\n<!-- \/ Yoast SEO plugin. -->","yoast_head_json":{"title":"Historische Caf\u00e9s in Triest: Tommaseo, degli Specchi | Hilton Trieste","description":"Die Kaffeetradition ist im Herzen von Triest verwurzelt. Entdecken Sie bezaubernde historische Caf\u00e9s, darunter das Caff\u00e8 degli Specchi, San Marco, Tommaseo und La Bomboniera.","robots":{"index":"index","follow":"follow","max-snippet":"max-snippet:-1","max-image-preview":"max-image-preview:large","max-video-preview":"max-video-preview:-1"},"canonical":"https:\/\/www.dttrieste.com\/de\/sehenswuerdigkeiten\/hauptattraktionen\/historische-cafes\/","og_locale":"de_DE","og_type":"article","og_title":"Historische Caf\u00e9s in Triest: Tommaseo, degli Specchi | Hilton Trieste","og_description":"Die Kaffeetradition ist im Herzen von Triest verwurzelt. Entdecken Sie bezaubernde historische Caf\u00e9s, darunter das Caff\u00e8 degli Specchi, San Marco, Tommaseo und La Bomboniera.","og_url":"https:\/\/www.dttrieste.com\/de\/sehenswuerdigkeiten\/hauptattraktionen\/historische-cafes\/","og_site_name":"DoubleTree by Hilton Trieste","article_modified_time":"2022-07-13T09:58:32+00:00","twitter_card":"summary_large_image","twitter_misc":{"Gesch\u00e4tzte Lesezeit":"2 Minuten"},"schema":{"@context":"https:\/\/schema.org","@graph":[{"@type":"WebPage","@id":"https:\/\/www.dttrieste.com\/de\/sehenswuerdigkeiten\/hauptattraktionen\/historische-cafes\/","url":"https:\/\/www.dttrieste.com\/de\/sehenswuerdigkeiten\/hauptattraktionen\/historische-cafes\/","name":"Historische Caf\u00e9s in Triest: Tommaseo, degli Specchi | Hilton Trieste","isPartOf":{"@id":"https:\/\/www.dttrieste.com\/de\/#website"},"datePublished":"2021-10-19T15:39:32+00:00","dateModified":"2022-07-13T09:58:32+00:00","description":"Die Kaffeetradition ist im Herzen von Triest verwurzelt. Entdecken Sie bezaubernde historische Caf\u00e9s, darunter das Caff\u00e8 degli Specchi, San Marco, Tommaseo und La Bomboniera.","breadcrumb":{"@id":"https:\/\/www.dttrieste.com\/de\/sehenswuerdigkeiten\/hauptattraktionen\/historische-cafes\/#breadcrumb"},"inLanguage":"de-DE","potentialAction":[{"@type":"ReadAction","target":["https:\/\/www.dttrieste.com\/de\/sehenswuerdigkeiten\/hauptattraktionen\/historische-cafes\/"]}]},{"@type":"BreadcrumbList","@id":"https:\/\/www.dttrieste.com\/de\/sehenswuerdigkeiten\/hauptattraktionen\/historische-cafes\/#breadcrumb","itemListElement":[{"@type":"ListItem","position":1,"name":"Home","item":"https:\/\/www.dttrieste.com\/de\/"},{"@type":"ListItem","position":2,"name":"Sehenswertes in und um Triest","item":"https:\/\/www.dttrieste.com\/de\/sehenswuerdigkeiten\/"},{"@type":"ListItem","position":3,"name":"Hauptattraktionen","item":"https:\/\/www.dttrieste.com\/de\/sehenswuerdigkeiten\/hauptattraktionen\/"},{"@type":"ListItem","position":4,"name":"Historische Caf\u00e9s"}]},{"@type":"WebSite","@id":"https:\/\/www.dttrieste.com\/de\/#website","url":"https:\/\/www.dttrieste.com\/de\/","name":"DoubleTree by Hilton Trieste","description":"Just another ms.decms.eu site","publisher":{"@id":"https:\/\/www.dttrieste.com\/de\/#organization"},"potentialAction":[{"@type":"SearchAction","target":{"@type":"EntryPoint","urlTemplate":"https:\/\/www.dttrieste.com\/de\/?s={search_term_string}"},"query-input":{"@type":"PropertyValueSpecification","valueRequired":true,"valueName":"search_term_string"}}],"inLanguage":"de-DE"},{"@type":"Organization","@id":"https:\/\/www.dttrieste.com\/de\/#organization","name":"Hilton Trieste","url":"https:\/\/www.dttrieste.com\/de\/","logo":{"@type":"ImageObject","inLanguage":"de-DE","@id":"https:\/\/www.dttrieste.com\/de\/#\/schema\/logo\/image\/","url":"https:\/\/www.dttrieste.com\/wp-content\/uploads\/sites\/326\/2021\/07\/DT_Vertical_Logo-black.png","contentUrl":"https:\/\/www.dttrieste.com\/wp-content\/uploads\/sites\/326\/2021\/07\/DT_Vertical_Logo-black.png","width":1684,"height":1466,"caption":"Hilton Trieste"},"image":{"@id":"https:\/\/www.dttrieste.com\/de\/#\/schema\/logo\/image\/"}}]}},"acf":[],"_links":{"self":[{"href":"https:\/\/www.dttrieste.com\/de\/wp-json\/wp\/v2\/pages\/433","targetHints":{"allow":["GET"]}}],"collection":[{"href":"https:\/\/www.dttrieste.com\/de\/wp-json\/wp\/v2\/pages"}],"about":[{"href":"https:\/\/www.dttrieste.com\/de\/wp-json\/wp\/v2\/types\/page"}],"author":[{"embeddable":true,"href":"https:\/\/www.dttrieste.com\/de\/wp-json\/wp\/v2\/users\/6"}],"replies":[{"embeddable":true,"href":"https:\/\/www.dttrieste.com\/de\/wp-json\/wp\/v2\/comments?post=433"}],"version-history":[{"count":0,"href":"https:\/\/www.dttrieste.com\/de\/wp-json\/wp\/v2\/pages\/433\/revisions"}],"up":[{"embeddable":true,"href":"https:\/\/www.dttrieste.com\/de\/wp-json\/wp\/v2\/pages\/429"}],"wp:attachment":[{"href":"https:\/\/www.dttrieste.com\/de\/wp-json\/wp\/v2\/media?parent=433"}],"curies":[{"name":"wp","href":"https:\/\/api.w.org\/{rel}","templated":true}]}}