{"id":431,"date":"2021-10-19T15:39:13","date_gmt":"2021-10-19T15:39:13","guid":{"rendered":"https:\/\/hiltontrieste.ms.decms.eu\/cosa-vedere\/attrazioni-principali\/castello-di-miramare\/"},"modified":"2022-07-13T09:41:34","modified_gmt":"2022-07-13T09:41:34","slug":"schloss-miramare","status":"publish","type":"page","link":"https:\/\/www.dttrieste.com\/de\/sehenswuerdigkeiten\/hauptattraktionen\/schloss-miramare\/","title":{"rendered":"Schloss Miramare"},"content":{"rendered":"<p>Das wei\u00dfe <strong>Schloss Miramare<\/strong>, eingebettet zwischen dem Blau des Meeres und dem Gr\u00fcn des Parks, der es umgibt, ist ein <strong>wahrer Augenschmaus<\/strong>. Es wurde zwischen 1856 und 1860 auf Veranlassung von Maximilian von Habsburg erbaut und war bis 1864 die Residenz des Erzherzogs und seiner Frau, Prinzessin Charlotte von Belgien.<\/p>\n<p>Der Legende nach verliebte sich Maximilian in die Bucht von Grignano, in der sich das Schloss befindet, als er dort w\u00e4hrend eines Sturms Zuflucht suchte, und wollte hier eine f\u00fcrstliche Residenz in einem botanischen Park aus wei\u00dfem istrischem Stein errichten, in der er und seine geliebte Frau leben sollten.<\/p>\n<p>Das Innere des Schlosses hat sein <strong>urspr\u00fcngliches Aussehen<\/strong> bewahrt, mit der intimen Atmosph\u00e4re eines Privathauses im ersten Stock und der Pracht der Prunkr\u00e4ume im zweiten Stock. Der \u00fcppige Park, der es umgibt, ist voll von <strong>exotischen Pflanzen<\/strong>, die der Erzherzog, der ein leidenschaftlicher Botaniker war, pers\u00f6nlich ausgew\u00e4hlt hat. Maximilian bat die Planer um eine sch\u00f6ne Terrasse rund um das Herrenhaus, auf der er mit seiner Frau spazieren gehen konnte und von der aus man immer noch einen herrlichen Blick auf den Golf von Triest hat.<\/p>\n<p>1864 wurde Maximilian von Habsburg zum Kaiser von Mexiko ausgerufen und segelte kurz darauf von Triest in das s\u00fcdamerikanische Land, wo er von den Alliierten seinem Schicksal \u00fcberlassen und 1867 von Rebellen erschossen wurde. Charlotte von Belgien, die vor Kummer wahnsinnig wurde, kehrte nach Miramare zur\u00fcck, konnte aber den Verlust ihres Mannes nicht verkraften und zog sich nach Belgien zur\u00fcck, wo sie 1927 starb.<\/p>\n","protected":false},"excerpt":{"rendered":"<p>Das wei\u00dfe Schloss Miramare, eingebettet zwischen dem Blau des Meeres und dem Gr\u00fcn des Parks, der es umgibt, ist ein wahrer Augenschmaus. Es wurde zwischen 1856 und 1860 auf Veranlassung von Maximilian von Habsburg erbaut und war bis 1864 die Residenz des Erzherzogs und seiner Frau, Prinzessin Charlotte von Belgien. Der Legende nach verliebte sich [&hellip;]<\/p>\n","protected":false},"author":6,"featured_media":0,"parent":429,"menu_order":92,"comment_status":"closed","ping_status":"closed","template":"template-default-2.php","meta":{"footnotes":""},"class_list":["post-431","page","type-page","status-publish","hentry"],"yoast_head":"<!-- This site is optimized with the Yoast SEO plugin v26.9 - https:\/\/yoast.com\/product\/yoast-seo-wordpress\/ -->\n<title>Schloss Miramar in Triest | DoubleTree by Hilton Trieste<\/title>\n<meta name=\"description\" content=\"Lassen Sie sich von der Magie des Schlosses Miramare verzaubern: mit seinem Park und seinem historischen Museum wird es seine Legenden und Geheimnisse preisgeben!\" \/>\n<meta name=\"robots\" content=\"index, follow, max-snippet:-1, max-image-preview:large, max-video-preview:-1\" \/>\n<link rel=\"canonical\" href=\"https:\/\/www.dttrieste.com\/de\/sehenswuerdigkeiten\/hauptattraktionen\/schloss-miramare\/\" \/>\n<meta property=\"og:locale\" content=\"de_DE\" \/>\n<meta property=\"og:type\" content=\"article\" \/>\n<meta property=\"og:title\" content=\"Schloss Miramar in Triest | DoubleTree by Hilton Trieste\" \/>\n<meta property=\"og:description\" content=\"Lassen Sie sich von der Magie des Schlosses Miramare verzaubern: mit seinem Park und seinem historischen Museum wird es seine Legenden und Geheimnisse preisgeben!\" \/>\n<meta property=\"og:url\" content=\"https:\/\/www.dttrieste.com\/de\/sehenswuerdigkeiten\/hauptattraktionen\/schloss-miramare\/\" \/>\n<meta property=\"og:site_name\" content=\"DoubleTree by Hilton Trieste\" \/>\n<meta property=\"article:modified_time\" content=\"2022-07-13T09:41:34+00:00\" \/>\n<meta name=\"twitter:card\" content=\"summary_large_image\" \/>\n<meta name=\"twitter:label1\" content=\"Gesch\u00e4tzte Lesezeit\" \/>\n\t<meta name=\"twitter:data1\" content=\"2 Minuten\" \/>\n<script type=\"application\/ld+json\" class=\"yoast-schema-graph\">{\"@context\":\"https:\/\/schema.org\",\"@graph\":[{\"@type\":\"WebPage\",\"@id\":\"https:\/\/www.dttrieste.com\/de\/sehenswuerdigkeiten\/hauptattraktionen\/schloss-miramare\/\",\"url\":\"https:\/\/www.dttrieste.com\/de\/sehenswuerdigkeiten\/hauptattraktionen\/schloss-miramare\/\",\"name\":\"Schloss Miramar in Triest | DoubleTree by Hilton Trieste\",\"isPartOf\":{\"@id\":\"https:\/\/www.dttrieste.com\/de\/#website\"},\"datePublished\":\"2021-10-19T15:39:13+00:00\",\"dateModified\":\"2022-07-13T09:41:34+00:00\",\"description\":\"Lassen Sie sich von der Magie des Schlosses Miramare verzaubern: mit seinem Park und seinem historischen Museum wird es seine Legenden und Geheimnisse preisgeben!\",\"breadcrumb\":{\"@id\":\"https:\/\/www.dttrieste.com\/de\/sehenswuerdigkeiten\/hauptattraktionen\/schloss-miramare\/#breadcrumb\"},\"inLanguage\":\"de-DE\",\"potentialAction\":[{\"@type\":\"ReadAction\",\"target\":[\"https:\/\/www.dttrieste.com\/de\/sehenswuerdigkeiten\/hauptattraktionen\/schloss-miramare\/\"]}]},{\"@type\":\"BreadcrumbList\",\"@id\":\"https:\/\/www.dttrieste.com\/de\/sehenswuerdigkeiten\/hauptattraktionen\/schloss-miramare\/#breadcrumb\",\"itemListElement\":[{\"@type\":\"ListItem\",\"position\":1,\"name\":\"Home\",\"item\":\"https:\/\/www.dttrieste.com\/de\/\"},{\"@type\":\"ListItem\",\"position\":2,\"name\":\"Sehenswertes in und um Triest\",\"item\":\"https:\/\/www.dttrieste.com\/de\/sehenswuerdigkeiten\/\"},{\"@type\":\"ListItem\",\"position\":3,\"name\":\"Hauptattraktionen\",\"item\":\"https:\/\/www.dttrieste.com\/de\/sehenswuerdigkeiten\/hauptattraktionen\/\"},{\"@type\":\"ListItem\",\"position\":4,\"name\":\"Schloss Miramare\"}]},{\"@type\":\"WebSite\",\"@id\":\"https:\/\/www.dttrieste.com\/de\/#website\",\"url\":\"https:\/\/www.dttrieste.com\/de\/\",\"name\":\"DoubleTree by Hilton Trieste\",\"description\":\"Just another ms.decms.eu site\",\"publisher\":{\"@id\":\"https:\/\/www.dttrieste.com\/de\/#organization\"},\"potentialAction\":[{\"@type\":\"SearchAction\",\"target\":{\"@type\":\"EntryPoint\",\"urlTemplate\":\"https:\/\/www.dttrieste.com\/de\/?s={search_term_string}\"},\"query-input\":{\"@type\":\"PropertyValueSpecification\",\"valueRequired\":true,\"valueName\":\"search_term_string\"}}],\"inLanguage\":\"de-DE\"},{\"@type\":\"Organization\",\"@id\":\"https:\/\/www.dttrieste.com\/de\/#organization\",\"name\":\"Hilton Trieste\",\"url\":\"https:\/\/www.dttrieste.com\/de\/\",\"logo\":{\"@type\":\"ImageObject\",\"inLanguage\":\"de-DE\",\"@id\":\"https:\/\/www.dttrieste.com\/de\/#\/schema\/logo\/image\/\",\"url\":\"https:\/\/www.dttrieste.com\/wp-content\/uploads\/sites\/326\/2021\/07\/DT_Vertical_Logo-black.png\",\"contentUrl\":\"https:\/\/www.dttrieste.com\/wp-content\/uploads\/sites\/326\/2021\/07\/DT_Vertical_Logo-black.png\",\"width\":1684,\"height\":1466,\"caption\":\"Hilton Trieste\"},\"image\":{\"@id\":\"https:\/\/www.dttrieste.com\/de\/#\/schema\/logo\/image\/\"}}]}<\/script>\n<!-- \/ Yoast SEO plugin. -->","yoast_head_json":{"title":"Schloss Miramar in Triest | DoubleTree by Hilton Trieste","description":"Lassen Sie sich von der Magie des Schlosses Miramare verzaubern: mit seinem Park und seinem historischen Museum wird es seine Legenden und Geheimnisse preisgeben!","robots":{"index":"index","follow":"follow","max-snippet":"max-snippet:-1","max-image-preview":"max-image-preview:large","max-video-preview":"max-video-preview:-1"},"canonical":"https:\/\/www.dttrieste.com\/de\/sehenswuerdigkeiten\/hauptattraktionen\/schloss-miramare\/","og_locale":"de_DE","og_type":"article","og_title":"Schloss Miramar in Triest | DoubleTree by Hilton Trieste","og_description":"Lassen Sie sich von der Magie des Schlosses Miramare verzaubern: mit seinem Park und seinem historischen Museum wird es seine Legenden und Geheimnisse preisgeben!","og_url":"https:\/\/www.dttrieste.com\/de\/sehenswuerdigkeiten\/hauptattraktionen\/schloss-miramare\/","og_site_name":"DoubleTree by Hilton Trieste","article_modified_time":"2022-07-13T09:41:34+00:00","twitter_card":"summary_large_image","twitter_misc":{"Gesch\u00e4tzte Lesezeit":"2 Minuten"},"schema":{"@context":"https:\/\/schema.org","@graph":[{"@type":"WebPage","@id":"https:\/\/www.dttrieste.com\/de\/sehenswuerdigkeiten\/hauptattraktionen\/schloss-miramare\/","url":"https:\/\/www.dttrieste.com\/de\/sehenswuerdigkeiten\/hauptattraktionen\/schloss-miramare\/","name":"Schloss Miramar in Triest | DoubleTree by Hilton Trieste","isPartOf":{"@id":"https:\/\/www.dttrieste.com\/de\/#website"},"datePublished":"2021-10-19T15:39:13+00:00","dateModified":"2022-07-13T09:41:34+00:00","description":"Lassen Sie sich von der Magie des Schlosses Miramare verzaubern: mit seinem Park und seinem historischen Museum wird es seine Legenden und Geheimnisse preisgeben!","breadcrumb":{"@id":"https:\/\/www.dttrieste.com\/de\/sehenswuerdigkeiten\/hauptattraktionen\/schloss-miramare\/#breadcrumb"},"inLanguage":"de-DE","potentialAction":[{"@type":"ReadAction","target":["https:\/\/www.dttrieste.com\/de\/sehenswuerdigkeiten\/hauptattraktionen\/schloss-miramare\/"]}]},{"@type":"BreadcrumbList","@id":"https:\/\/www.dttrieste.com\/de\/sehenswuerdigkeiten\/hauptattraktionen\/schloss-miramare\/#breadcrumb","itemListElement":[{"@type":"ListItem","position":1,"name":"Home","item":"https:\/\/www.dttrieste.com\/de\/"},{"@type":"ListItem","position":2,"name":"Sehenswertes in und um Triest","item":"https:\/\/www.dttrieste.com\/de\/sehenswuerdigkeiten\/"},{"@type":"ListItem","position":3,"name":"Hauptattraktionen","item":"https:\/\/www.dttrieste.com\/de\/sehenswuerdigkeiten\/hauptattraktionen\/"},{"@type":"ListItem","position":4,"name":"Schloss Miramare"}]},{"@type":"WebSite","@id":"https:\/\/www.dttrieste.com\/de\/#website","url":"https:\/\/www.dttrieste.com\/de\/","name":"DoubleTree by Hilton Trieste","description":"Just another ms.decms.eu site","publisher":{"@id":"https:\/\/www.dttrieste.com\/de\/#organization"},"potentialAction":[{"@type":"SearchAction","target":{"@type":"EntryPoint","urlTemplate":"https:\/\/www.dttrieste.com\/de\/?s={search_term_string}"},"query-input":{"@type":"PropertyValueSpecification","valueRequired":true,"valueName":"search_term_string"}}],"inLanguage":"de-DE"},{"@type":"Organization","@id":"https:\/\/www.dttrieste.com\/de\/#organization","name":"Hilton Trieste","url":"https:\/\/www.dttrieste.com\/de\/","logo":{"@type":"ImageObject","inLanguage":"de-DE","@id":"https:\/\/www.dttrieste.com\/de\/#\/schema\/logo\/image\/","url":"https:\/\/www.dttrieste.com\/wp-content\/uploads\/sites\/326\/2021\/07\/DT_Vertical_Logo-black.png","contentUrl":"https:\/\/www.dttrieste.com\/wp-content\/uploads\/sites\/326\/2021\/07\/DT_Vertical_Logo-black.png","width":1684,"height":1466,"caption":"Hilton Trieste"},"image":{"@id":"https:\/\/www.dttrieste.com\/de\/#\/schema\/logo\/image\/"}}]}},"acf":[],"_links":{"self":[{"href":"https:\/\/www.dttrieste.com\/de\/wp-json\/wp\/v2\/pages\/431","targetHints":{"allow":["GET"]}}],"collection":[{"href":"https:\/\/www.dttrieste.com\/de\/wp-json\/wp\/v2\/pages"}],"about":[{"href":"https:\/\/www.dttrieste.com\/de\/wp-json\/wp\/v2\/types\/page"}],"author":[{"embeddable":true,"href":"https:\/\/www.dttrieste.com\/de\/wp-json\/wp\/v2\/users\/6"}],"replies":[{"embeddable":true,"href":"https:\/\/www.dttrieste.com\/de\/wp-json\/wp\/v2\/comments?post=431"}],"version-history":[{"count":0,"href":"https:\/\/www.dttrieste.com\/de\/wp-json\/wp\/v2\/pages\/431\/revisions"}],"up":[{"embeddable":true,"href":"https:\/\/www.dttrieste.com\/de\/wp-json\/wp\/v2\/pages\/429"}],"wp:attachment":[{"href":"https:\/\/www.dttrieste.com\/de\/wp-json\/wp\/v2\/media?parent=431"}],"curies":[{"name":"wp","href":"https:\/\/api.w.org\/{rel}","templated":true}]}}