{"id":429,"date":"2021-10-19T15:38:53","date_gmt":"2021-10-19T15:38:53","guid":{"rendered":"https:\/\/hiltontrieste.ms.decms.eu\/cosa-vedere\/attrazioni-principali\/"},"modified":"2022-04-08T09:44:04","modified_gmt":"2022-04-08T09:44:04","slug":"hauptattraktionen","status":"publish","type":"page","link":"https:\/\/www.dttrieste.com\/de\/sehenswuerdigkeiten\/hauptattraktionen\/","title":{"rendered":"Hauptattraktionen"},"content":{"rendered":"<p>Triest ist eine Stadt, die man <strong>nach und nach entdecken<\/strong> muss. Um sie zu verstehen, muss man durch die Stra\u00dfen des Zentrums spazieren, den Geruch des Meeres einatmen, an den &#8222;Rive&#8220; verweilen, auf den Karst hinaufsteigen, um sie mit seinem Blick zu erfassen. Es gibt viele Dinge zu sehen und zu erleben.<\/p>\n<p>Hier stellen wir Ihnen einige unserer Vorschl\u00e4ge vor. Fragen Sie unser Team, um <strong>die faszinierendsten Ecken<\/strong> von Triest zu entdecken.<\/p>\n","protected":false},"excerpt":{"rendered":"<p>Triest ist eine Stadt, die man nach und nach entdecken muss. Um sie zu verstehen, muss man durch die Stra\u00dfen des Zentrums spazieren, den Geruch des Meeres einatmen, an den &#8222;Rive&#8220; verweilen, auf den Karst hinaufsteigen, um sie mit seinem Blick zu erfassen. Es gibt viele Dinge zu sehen und zu erleben. Hier stellen wir [&hellip;]<\/p>\n","protected":false},"author":6,"featured_media":0,"parent":427,"menu_order":91,"comment_status":"closed","ping_status":"closed","template":"","meta":{"footnotes":""},"class_list":["post-429","page","type-page","status-publish","hentry"],"yoast_head":"<!-- This site is optimized with the Yoast SEO plugin v26.9 - https:\/\/yoast.com\/product\/yoast-seo-wordpress\/ -->\n<title>Sehensw\u00fcrdigkeiten in Triest: Hauptattraktionen | Hilton Trieste<\/title>\n<meta name=\"description\" content=\"Die Rundg\u00e4nge in Triest sind vielf\u00e4ltig und reich an Kunst, Geschichte, Natur und gastronomischen Spezialit\u00e4ten. Entdecken Sie die wichtigsten Sehensw\u00fcrdigkeiten und machen Sie Ihren Aufenthalt in der Stadt einzigartig.\" \/>\n<meta name=\"robots\" content=\"index, follow, max-snippet:-1, max-image-preview:large, max-video-preview:-1\" \/>\n<link rel=\"canonical\" href=\"https:\/\/www.dttrieste.com\/de\/sehenswuerdigkeiten\/hauptattraktionen\/\" \/>\n<meta property=\"og:locale\" content=\"de_DE\" \/>\n<meta property=\"og:type\" content=\"article\" \/>\n<meta property=\"og:title\" content=\"Sehensw\u00fcrdigkeiten in Triest: Hauptattraktionen | Hilton Trieste\" \/>\n<meta property=\"og:description\" content=\"Die Rundg\u00e4nge in Triest sind vielf\u00e4ltig und reich an Kunst, Geschichte, Natur und gastronomischen Spezialit\u00e4ten. Entdecken Sie die wichtigsten Sehensw\u00fcrdigkeiten und machen Sie Ihren Aufenthalt in der Stadt einzigartig.\" \/>\n<meta property=\"og:url\" content=\"https:\/\/www.dttrieste.com\/de\/sehenswuerdigkeiten\/hauptattraktionen\/\" \/>\n<meta property=\"og:site_name\" content=\"DoubleTree by Hilton Trieste\" \/>\n<meta property=\"article:modified_time\" content=\"2022-04-08T09:44:04+00:00\" \/>\n<meta name=\"twitter:card\" content=\"summary_large_image\" \/>\n<meta name=\"twitter:label1\" content=\"Gesch\u00e4tzte Lesezeit\" \/>\n\t<meta name=\"twitter:data1\" content=\"1 Minute\" \/>\n<script type=\"application\/ld+json\" class=\"yoast-schema-graph\">{\"@context\":\"https:\/\/schema.org\",\"@graph\":[{\"@type\":\"WebPage\",\"@id\":\"https:\/\/www.dttrieste.com\/de\/sehenswuerdigkeiten\/hauptattraktionen\/\",\"url\":\"https:\/\/www.dttrieste.com\/de\/sehenswuerdigkeiten\/hauptattraktionen\/\",\"name\":\"Sehensw\u00fcrdigkeiten in Triest: Hauptattraktionen | Hilton Trieste\",\"isPartOf\":{\"@id\":\"https:\/\/www.dttrieste.com\/de\/#website\"},\"datePublished\":\"2021-10-19T15:38:53+00:00\",\"dateModified\":\"2022-04-08T09:44:04+00:00\",\"description\":\"Die Rundg\u00e4nge in Triest sind vielf\u00e4ltig und reich an Kunst, Geschichte, Natur und gastronomischen Spezialit\u00e4ten. Entdecken Sie die wichtigsten Sehensw\u00fcrdigkeiten und machen Sie Ihren Aufenthalt in der Stadt einzigartig.\",\"breadcrumb\":{\"@id\":\"https:\/\/www.dttrieste.com\/de\/sehenswuerdigkeiten\/hauptattraktionen\/#breadcrumb\"},\"inLanguage\":\"de-DE\",\"potentialAction\":[{\"@type\":\"ReadAction\",\"target\":[\"https:\/\/www.dttrieste.com\/de\/sehenswuerdigkeiten\/hauptattraktionen\/\"]}]},{\"@type\":\"BreadcrumbList\",\"@id\":\"https:\/\/www.dttrieste.com\/de\/sehenswuerdigkeiten\/hauptattraktionen\/#breadcrumb\",\"itemListElement\":[{\"@type\":\"ListItem\",\"position\":1,\"name\":\"Home\",\"item\":\"https:\/\/www.dttrieste.com\/de\/\"},{\"@type\":\"ListItem\",\"position\":2,\"name\":\"Sehenswertes in und um Triest\",\"item\":\"https:\/\/www.dttrieste.com\/de\/sehenswuerdigkeiten\/\"},{\"@type\":\"ListItem\",\"position\":3,\"name\":\"Hauptattraktionen\"}]},{\"@type\":\"WebSite\",\"@id\":\"https:\/\/www.dttrieste.com\/de\/#website\",\"url\":\"https:\/\/www.dttrieste.com\/de\/\",\"name\":\"DoubleTree by Hilton Trieste\",\"description\":\"Just another ms.decms.eu site\",\"publisher\":{\"@id\":\"https:\/\/www.dttrieste.com\/de\/#organization\"},\"potentialAction\":[{\"@type\":\"SearchAction\",\"target\":{\"@type\":\"EntryPoint\",\"urlTemplate\":\"https:\/\/www.dttrieste.com\/de\/?s={search_term_string}\"},\"query-input\":{\"@type\":\"PropertyValueSpecification\",\"valueRequired\":true,\"valueName\":\"search_term_string\"}}],\"inLanguage\":\"de-DE\"},{\"@type\":\"Organization\",\"@id\":\"https:\/\/www.dttrieste.com\/de\/#organization\",\"name\":\"Hilton Trieste\",\"url\":\"https:\/\/www.dttrieste.com\/de\/\",\"logo\":{\"@type\":\"ImageObject\",\"inLanguage\":\"de-DE\",\"@id\":\"https:\/\/www.dttrieste.com\/de\/#\/schema\/logo\/image\/\",\"url\":\"https:\/\/www.dttrieste.com\/wp-content\/uploads\/sites\/326\/2021\/07\/DT_Vertical_Logo-black.png\",\"contentUrl\":\"https:\/\/www.dttrieste.com\/wp-content\/uploads\/sites\/326\/2021\/07\/DT_Vertical_Logo-black.png\",\"width\":1684,\"height\":1466,\"caption\":\"Hilton Trieste\"},\"image\":{\"@id\":\"https:\/\/www.dttrieste.com\/de\/#\/schema\/logo\/image\/\"}}]}<\/script>\n<!-- \/ Yoast SEO plugin. -->","yoast_head_json":{"title":"Sehensw\u00fcrdigkeiten in Triest: Hauptattraktionen | Hilton Trieste","description":"Die Rundg\u00e4nge in Triest sind vielf\u00e4ltig und reich an Kunst, Geschichte, Natur und gastronomischen Spezialit\u00e4ten. Entdecken Sie die wichtigsten Sehensw\u00fcrdigkeiten und machen Sie Ihren Aufenthalt in der Stadt einzigartig.","robots":{"index":"index","follow":"follow","max-snippet":"max-snippet:-1","max-image-preview":"max-image-preview:large","max-video-preview":"max-video-preview:-1"},"canonical":"https:\/\/www.dttrieste.com\/de\/sehenswuerdigkeiten\/hauptattraktionen\/","og_locale":"de_DE","og_type":"article","og_title":"Sehensw\u00fcrdigkeiten in Triest: Hauptattraktionen | Hilton Trieste","og_description":"Die Rundg\u00e4nge in Triest sind vielf\u00e4ltig und reich an Kunst, Geschichte, Natur und gastronomischen Spezialit\u00e4ten. Entdecken Sie die wichtigsten Sehensw\u00fcrdigkeiten und machen Sie Ihren Aufenthalt in der Stadt einzigartig.","og_url":"https:\/\/www.dttrieste.com\/de\/sehenswuerdigkeiten\/hauptattraktionen\/","og_site_name":"DoubleTree by Hilton Trieste","article_modified_time":"2022-04-08T09:44:04+00:00","twitter_card":"summary_large_image","twitter_misc":{"Gesch\u00e4tzte Lesezeit":"1 Minute"},"schema":{"@context":"https:\/\/schema.org","@graph":[{"@type":"WebPage","@id":"https:\/\/www.dttrieste.com\/de\/sehenswuerdigkeiten\/hauptattraktionen\/","url":"https:\/\/www.dttrieste.com\/de\/sehenswuerdigkeiten\/hauptattraktionen\/","name":"Sehensw\u00fcrdigkeiten in Triest: Hauptattraktionen | Hilton Trieste","isPartOf":{"@id":"https:\/\/www.dttrieste.com\/de\/#website"},"datePublished":"2021-10-19T15:38:53+00:00","dateModified":"2022-04-08T09:44:04+00:00","description":"Die Rundg\u00e4nge in Triest sind vielf\u00e4ltig und reich an Kunst, Geschichte, Natur und gastronomischen Spezialit\u00e4ten. Entdecken Sie die wichtigsten Sehensw\u00fcrdigkeiten und machen Sie Ihren Aufenthalt in der Stadt einzigartig.","breadcrumb":{"@id":"https:\/\/www.dttrieste.com\/de\/sehenswuerdigkeiten\/hauptattraktionen\/#breadcrumb"},"inLanguage":"de-DE","potentialAction":[{"@type":"ReadAction","target":["https:\/\/www.dttrieste.com\/de\/sehenswuerdigkeiten\/hauptattraktionen\/"]}]},{"@type":"BreadcrumbList","@id":"https:\/\/www.dttrieste.com\/de\/sehenswuerdigkeiten\/hauptattraktionen\/#breadcrumb","itemListElement":[{"@type":"ListItem","position":1,"name":"Home","item":"https:\/\/www.dttrieste.com\/de\/"},{"@type":"ListItem","position":2,"name":"Sehenswertes in und um Triest","item":"https:\/\/www.dttrieste.com\/de\/sehenswuerdigkeiten\/"},{"@type":"ListItem","position":3,"name":"Hauptattraktionen"}]},{"@type":"WebSite","@id":"https:\/\/www.dttrieste.com\/de\/#website","url":"https:\/\/www.dttrieste.com\/de\/","name":"DoubleTree by Hilton Trieste","description":"Just another ms.decms.eu site","publisher":{"@id":"https:\/\/www.dttrieste.com\/de\/#organization"},"potentialAction":[{"@type":"SearchAction","target":{"@type":"EntryPoint","urlTemplate":"https:\/\/www.dttrieste.com\/de\/?s={search_term_string}"},"query-input":{"@type":"PropertyValueSpecification","valueRequired":true,"valueName":"search_term_string"}}],"inLanguage":"de-DE"},{"@type":"Organization","@id":"https:\/\/www.dttrieste.com\/de\/#organization","name":"Hilton Trieste","url":"https:\/\/www.dttrieste.com\/de\/","logo":{"@type":"ImageObject","inLanguage":"de-DE","@id":"https:\/\/www.dttrieste.com\/de\/#\/schema\/logo\/image\/","url":"https:\/\/www.dttrieste.com\/wp-content\/uploads\/sites\/326\/2021\/07\/DT_Vertical_Logo-black.png","contentUrl":"https:\/\/www.dttrieste.com\/wp-content\/uploads\/sites\/326\/2021\/07\/DT_Vertical_Logo-black.png","width":1684,"height":1466,"caption":"Hilton Trieste"},"image":{"@id":"https:\/\/www.dttrieste.com\/de\/#\/schema\/logo\/image\/"}}]}},"acf":[],"_links":{"self":[{"href":"https:\/\/www.dttrieste.com\/de\/wp-json\/wp\/v2\/pages\/429","targetHints":{"allow":["GET"]}}],"collection":[{"href":"https:\/\/www.dttrieste.com\/de\/wp-json\/wp\/v2\/pages"}],"about":[{"href":"https:\/\/www.dttrieste.com\/de\/wp-json\/wp\/v2\/types\/page"}],"author":[{"embeddable":true,"href":"https:\/\/www.dttrieste.com\/de\/wp-json\/wp\/v2\/users\/6"}],"replies":[{"embeddable":true,"href":"https:\/\/www.dttrieste.com\/de\/wp-json\/wp\/v2\/comments?post=429"}],"version-history":[{"count":0,"href":"https:\/\/www.dttrieste.com\/de\/wp-json\/wp\/v2\/pages\/429\/revisions"}],"up":[{"embeddable":true,"href":"https:\/\/www.dttrieste.com\/de\/wp-json\/wp\/v2\/pages\/427"}],"wp:attachment":[{"href":"https:\/\/www.dttrieste.com\/de\/wp-json\/wp\/v2\/media?parent=429"}],"curies":[{"name":"wp","href":"https:\/\/api.w.org\/{rel}","templated":true}]}}