{"id":427,"date":"2021-10-19T15:38:39","date_gmt":"2021-10-19T15:38:39","guid":{"rendered":"https:\/\/hiltontrieste.ms.decms.eu\/cosa-vedere\/"},"modified":"2025-01-15T11:40:48","modified_gmt":"2025-01-15T11:40:48","slug":"sehenswuerdigkeiten","status":"publish","type":"page","link":"https:\/\/www.dttrieste.com\/de\/sehenswuerdigkeiten\/","title":{"rendered":"Sehenswertes in und um Triest"},"content":{"rendered":"<p>Entdecken Sie die Wunder von Triest und seiner Umgebung: von historischen Pl\u00e4tzen bis zu atemberaubenden Aussichten, eine Reise durch Kultur, Sch\u00f6nheit und Tradition.<\/p>\n<p>Was gibt es in Triest zu sehen? Eine <strong>facettenreiche Stadt<\/strong> zwischen Meer und Land, eine Br\u00fccke zwischen westlicher und balkanischer Kultur, mit einer <strong>glorreichen Vergangenheit<\/strong> und einer dynamischen und lebendigen Gegenwart, in der Kunst, Kultur und Wissenschaft eine grundlegende Rolle spielen: Triest bietet Denkm\u00e4ler, Museen, Pl\u00e4tze und Caf\u00e9s, die es zu entdecken gilt und in denen man die vom triestinischen Dichter Umberto Saba besungene &#8222;schroffe Anmut&#8220; der Seele von Triest erfassen kann.<\/p>\n","protected":false},"excerpt":{"rendered":"<p>Entdecken Sie die Wunder von Triest und seiner Umgebung: von historischen Pl\u00e4tzen bis zu atemberaubenden Aussichten, eine Reise durch Kultur, Sch\u00f6nheit und Tradition. Was gibt es in Triest zu sehen? Eine facettenreiche Stadt zwischen Meer und Land, eine Br\u00fccke zwischen westlicher und balkanischer Kultur, mit einer glorreichen Vergangenheit und einer dynamischen und lebendigen Gegenwart, in [&hellip;]<\/p>\n","protected":false},"author":6,"featured_media":2423,"parent":0,"menu_order":90,"comment_status":"closed","ping_status":"closed","template":"","meta":{"footnotes":""},"class_list":["post-427","page","type-page","status-publish","has-post-thumbnail","hentry"],"yoast_head":"<!-- This site is optimized with the Yoast SEO plugin v26.9 - https:\/\/yoast.com\/product\/yoast-seo-wordpress\/ -->\n<title>Sehensw\u00fcrdigkeiten in Triest und im Friaul | DoubleTree by Hilton Trieste<\/title>\n<meta name=\"description\" content=\"Machen Sie Ihren Aufenthalt in Friaul-Julisch Venetien einzigartig, indem Sie die Sehensw\u00fcrdigkeiten in und um Triest besuchen: Grotta Gigante, Schloss Miramare, historische Caf\u00e9s und vieles mehr!\" \/>\n<meta name=\"robots\" content=\"index, follow, max-snippet:-1, max-image-preview:large, max-video-preview:-1\" \/>\n<link rel=\"canonical\" href=\"https:\/\/www.dttrieste.com\/de\/sehenswuerdigkeiten\/\" \/>\n<meta property=\"og:locale\" content=\"de_DE\" \/>\n<meta property=\"og:type\" content=\"article\" \/>\n<meta property=\"og:title\" content=\"Sehensw\u00fcrdigkeiten in Triest und im Friaul | DoubleTree by Hilton Trieste\" \/>\n<meta property=\"og:description\" content=\"Machen Sie Ihren Aufenthalt in Friaul-Julisch Venetien einzigartig, indem Sie die Sehensw\u00fcrdigkeiten in und um Triest besuchen: Grotta Gigante, Schloss Miramare, historische Caf\u00e9s und vieles mehr!\" \/>\n<meta property=\"og:url\" content=\"https:\/\/www.dttrieste.com\/de\/sehenswuerdigkeiten\/\" \/>\n<meta property=\"og:site_name\" content=\"DoubleTree by Hilton Trieste\" \/>\n<meta property=\"article:modified_time\" content=\"2025-01-15T11:40:48+00:00\" \/>\n<meta property=\"og:image\" content=\"https:\/\/www.dttrieste.com\/wp-content\/uploads\/sites\/326\/2024\/12\/Additional-Content-2.png\" \/>\n\t<meta property=\"og:image:width\" content=\"1100\" \/>\n\t<meta property=\"og:image:height\" content=\"800\" \/>\n\t<meta property=\"og:image:type\" content=\"image\/png\" \/>\n<meta name=\"twitter:card\" content=\"summary_large_image\" \/>\n<meta name=\"twitter:label1\" content=\"Gesch\u00e4tzte Lesezeit\" \/>\n\t<meta name=\"twitter:data1\" content=\"1 Minute\" \/>\n<script type=\"application\/ld+json\" class=\"yoast-schema-graph\">{\"@context\":\"https:\/\/schema.org\",\"@graph\":[{\"@type\":\"WebPage\",\"@id\":\"https:\/\/www.dttrieste.com\/de\/sehenswuerdigkeiten\/\",\"url\":\"https:\/\/www.dttrieste.com\/de\/sehenswuerdigkeiten\/\",\"name\":\"Sehensw\u00fcrdigkeiten in Triest und im Friaul | DoubleTree by Hilton Trieste\",\"isPartOf\":{\"@id\":\"https:\/\/www.dttrieste.com\/de\/#website\"},\"primaryImageOfPage\":{\"@id\":\"https:\/\/www.dttrieste.com\/de\/sehenswuerdigkeiten\/#primaryimage\"},\"image\":{\"@id\":\"https:\/\/www.dttrieste.com\/de\/sehenswuerdigkeiten\/#primaryimage\"},\"thumbnailUrl\":\"https:\/\/www.dttrieste.com\/wp-content\/uploads\/sites\/326\/2024\/12\/Additional-Content-2.png\",\"datePublished\":\"2021-10-19T15:38:39+00:00\",\"dateModified\":\"2025-01-15T11:40:48+00:00\",\"description\":\"Machen Sie Ihren Aufenthalt in Friaul-Julisch Venetien einzigartig, indem Sie die Sehensw\u00fcrdigkeiten in und um Triest besuchen: Grotta Gigante, Schloss Miramare, historische Caf\u00e9s und vieles mehr!\",\"breadcrumb\":{\"@id\":\"https:\/\/www.dttrieste.com\/de\/sehenswuerdigkeiten\/#breadcrumb\"},\"inLanguage\":\"de-DE\",\"potentialAction\":[{\"@type\":\"ReadAction\",\"target\":[\"https:\/\/www.dttrieste.com\/de\/sehenswuerdigkeiten\/\"]}]},{\"@type\":\"ImageObject\",\"inLanguage\":\"de-DE\",\"@id\":\"https:\/\/www.dttrieste.com\/de\/sehenswuerdigkeiten\/#primaryimage\",\"url\":\"https:\/\/www.dttrieste.com\/wp-content\/uploads\/sites\/326\/2024\/12\/Additional-Content-2.png\",\"contentUrl\":\"https:\/\/www.dttrieste.com\/wp-content\/uploads\/sites\/326\/2024\/12\/Additional-Content-2.png\",\"width\":1100,\"height\":800,\"caption\":\"piazza unit\u00e0 d'italia trieste\"},{\"@type\":\"BreadcrumbList\",\"@id\":\"https:\/\/www.dttrieste.com\/de\/sehenswuerdigkeiten\/#breadcrumb\",\"itemListElement\":[{\"@type\":\"ListItem\",\"position\":1,\"name\":\"Home\",\"item\":\"https:\/\/www.dttrieste.com\/de\/\"},{\"@type\":\"ListItem\",\"position\":2,\"name\":\"Sehenswertes in und um Triest\"}]},{\"@type\":\"WebSite\",\"@id\":\"https:\/\/www.dttrieste.com\/de\/#website\",\"url\":\"https:\/\/www.dttrieste.com\/de\/\",\"name\":\"DoubleTree by Hilton Trieste\",\"description\":\"Just another ms.decms.eu site\",\"publisher\":{\"@id\":\"https:\/\/www.dttrieste.com\/de\/#organization\"},\"potentialAction\":[{\"@type\":\"SearchAction\",\"target\":{\"@type\":\"EntryPoint\",\"urlTemplate\":\"https:\/\/www.dttrieste.com\/de\/?s={search_term_string}\"},\"query-input\":{\"@type\":\"PropertyValueSpecification\",\"valueRequired\":true,\"valueName\":\"search_term_string\"}}],\"inLanguage\":\"de-DE\"},{\"@type\":\"Organization\",\"@id\":\"https:\/\/www.dttrieste.com\/de\/#organization\",\"name\":\"Hilton Trieste\",\"url\":\"https:\/\/www.dttrieste.com\/de\/\",\"logo\":{\"@type\":\"ImageObject\",\"inLanguage\":\"de-DE\",\"@id\":\"https:\/\/www.dttrieste.com\/de\/#\/schema\/logo\/image\/\",\"url\":\"https:\/\/www.dttrieste.com\/wp-content\/uploads\/sites\/326\/2021\/07\/DT_Vertical_Logo-black.png\",\"contentUrl\":\"https:\/\/www.dttrieste.com\/wp-content\/uploads\/sites\/326\/2021\/07\/DT_Vertical_Logo-black.png\",\"width\":1684,\"height\":1466,\"caption\":\"Hilton Trieste\"},\"image\":{\"@id\":\"https:\/\/www.dttrieste.com\/de\/#\/schema\/logo\/image\/\"}}]}<\/script>\n<!-- \/ Yoast SEO plugin. -->","yoast_head_json":{"title":"Sehensw\u00fcrdigkeiten in Triest und im Friaul | DoubleTree by Hilton Trieste","description":"Machen Sie Ihren Aufenthalt in Friaul-Julisch Venetien einzigartig, indem Sie die Sehensw\u00fcrdigkeiten in und um Triest besuchen: Grotta Gigante, Schloss Miramare, historische Caf\u00e9s und vieles mehr!","robots":{"index":"index","follow":"follow","max-snippet":"max-snippet:-1","max-image-preview":"max-image-preview:large","max-video-preview":"max-video-preview:-1"},"canonical":"https:\/\/www.dttrieste.com\/de\/sehenswuerdigkeiten\/","og_locale":"de_DE","og_type":"article","og_title":"Sehensw\u00fcrdigkeiten in Triest und im Friaul | DoubleTree by Hilton Trieste","og_description":"Machen Sie Ihren Aufenthalt in Friaul-Julisch Venetien einzigartig, indem Sie die Sehensw\u00fcrdigkeiten in und um Triest besuchen: Grotta Gigante, Schloss Miramare, historische Caf\u00e9s und vieles mehr!","og_url":"https:\/\/www.dttrieste.com\/de\/sehenswuerdigkeiten\/","og_site_name":"DoubleTree by Hilton Trieste","article_modified_time":"2025-01-15T11:40:48+00:00","og_image":[{"width":1100,"height":800,"url":"https:\/\/www.dttrieste.com\/wp-content\/uploads\/sites\/326\/2024\/12\/Additional-Content-2.png","type":"image\/png"}],"twitter_card":"summary_large_image","twitter_misc":{"Gesch\u00e4tzte Lesezeit":"1 Minute"},"schema":{"@context":"https:\/\/schema.org","@graph":[{"@type":"WebPage","@id":"https:\/\/www.dttrieste.com\/de\/sehenswuerdigkeiten\/","url":"https:\/\/www.dttrieste.com\/de\/sehenswuerdigkeiten\/","name":"Sehensw\u00fcrdigkeiten in Triest und im Friaul | DoubleTree by Hilton Trieste","isPartOf":{"@id":"https:\/\/www.dttrieste.com\/de\/#website"},"primaryImageOfPage":{"@id":"https:\/\/www.dttrieste.com\/de\/sehenswuerdigkeiten\/#primaryimage"},"image":{"@id":"https:\/\/www.dttrieste.com\/de\/sehenswuerdigkeiten\/#primaryimage"},"thumbnailUrl":"https:\/\/www.dttrieste.com\/wp-content\/uploads\/sites\/326\/2024\/12\/Additional-Content-2.png","datePublished":"2021-10-19T15:38:39+00:00","dateModified":"2025-01-15T11:40:48+00:00","description":"Machen Sie Ihren Aufenthalt in Friaul-Julisch Venetien einzigartig, indem Sie die Sehensw\u00fcrdigkeiten in und um Triest besuchen: Grotta Gigante, Schloss Miramare, historische Caf\u00e9s und vieles mehr!","breadcrumb":{"@id":"https:\/\/www.dttrieste.com\/de\/sehenswuerdigkeiten\/#breadcrumb"},"inLanguage":"de-DE","potentialAction":[{"@type":"ReadAction","target":["https:\/\/www.dttrieste.com\/de\/sehenswuerdigkeiten\/"]}]},{"@type":"ImageObject","inLanguage":"de-DE","@id":"https:\/\/www.dttrieste.com\/de\/sehenswuerdigkeiten\/#primaryimage","url":"https:\/\/www.dttrieste.com\/wp-content\/uploads\/sites\/326\/2024\/12\/Additional-Content-2.png","contentUrl":"https:\/\/www.dttrieste.com\/wp-content\/uploads\/sites\/326\/2024\/12\/Additional-Content-2.png","width":1100,"height":800,"caption":"piazza unit\u00e0 d'italia trieste"},{"@type":"BreadcrumbList","@id":"https:\/\/www.dttrieste.com\/de\/sehenswuerdigkeiten\/#breadcrumb","itemListElement":[{"@type":"ListItem","position":1,"name":"Home","item":"https:\/\/www.dttrieste.com\/de\/"},{"@type":"ListItem","position":2,"name":"Sehenswertes in und um Triest"}]},{"@type":"WebSite","@id":"https:\/\/www.dttrieste.com\/de\/#website","url":"https:\/\/www.dttrieste.com\/de\/","name":"DoubleTree by Hilton Trieste","description":"Just another ms.decms.eu site","publisher":{"@id":"https:\/\/www.dttrieste.com\/de\/#organization"},"potentialAction":[{"@type":"SearchAction","target":{"@type":"EntryPoint","urlTemplate":"https:\/\/www.dttrieste.com\/de\/?s={search_term_string}"},"query-input":{"@type":"PropertyValueSpecification","valueRequired":true,"valueName":"search_term_string"}}],"inLanguage":"de-DE"},{"@type":"Organization","@id":"https:\/\/www.dttrieste.com\/de\/#organization","name":"Hilton Trieste","url":"https:\/\/www.dttrieste.com\/de\/","logo":{"@type":"ImageObject","inLanguage":"de-DE","@id":"https:\/\/www.dttrieste.com\/de\/#\/schema\/logo\/image\/","url":"https:\/\/www.dttrieste.com\/wp-content\/uploads\/sites\/326\/2021\/07\/DT_Vertical_Logo-black.png","contentUrl":"https:\/\/www.dttrieste.com\/wp-content\/uploads\/sites\/326\/2021\/07\/DT_Vertical_Logo-black.png","width":1684,"height":1466,"caption":"Hilton Trieste"},"image":{"@id":"https:\/\/www.dttrieste.com\/de\/#\/schema\/logo\/image\/"}}]}},"acf":[],"_links":{"self":[{"href":"https:\/\/www.dttrieste.com\/de\/wp-json\/wp\/v2\/pages\/427","targetHints":{"allow":["GET"]}}],"collection":[{"href":"https:\/\/www.dttrieste.com\/de\/wp-json\/wp\/v2\/pages"}],"about":[{"href":"https:\/\/www.dttrieste.com\/de\/wp-json\/wp\/v2\/types\/page"}],"author":[{"embeddable":true,"href":"https:\/\/www.dttrieste.com\/de\/wp-json\/wp\/v2\/users\/6"}],"replies":[{"embeddable":true,"href":"https:\/\/www.dttrieste.com\/de\/wp-json\/wp\/v2\/comments?post=427"}],"version-history":[{"count":0,"href":"https:\/\/www.dttrieste.com\/de\/wp-json\/wp\/v2\/pages\/427\/revisions"}],"wp:featuredmedia":[{"embeddable":true,"href":"https:\/\/www.dttrieste.com\/de\/wp-json\/wp\/v2\/media\/2423"}],"wp:attachment":[{"href":"https:\/\/www.dttrieste.com\/de\/wp-json\/wp\/v2\/media?parent=427"}],"curies":[{"name":"wp","href":"https:\/\/api.w.org\/{rel}","templated":true}]}}