{"id":424,"date":"2021-10-19T15:38:22","date_gmt":"2021-10-19T15:38:22","guid":{"rendered":"https:\/\/hiltontrieste.ms.decms.eu\/dove-siamo\/come-raggiungere-il-doubletree-by-hilton-trieste\/"},"modified":"2022-04-08T09:19:14","modified_gmt":"2022-04-08T09:19:14","slug":"anreise-zum-hotel","status":"publish","type":"page","link":"https:\/\/www.dttrieste.com\/de\/standort\/anreise-zum-hotel\/","title":{"rendered":"Anreise zum hotel"},"content":{"rendered":"<p>Nur wenige Minuten vom Bahnhof und dem Kreuzfahrtterminal entfernt, ist das DoubleTree By Hilton Trieste leicht mit dem Auto zu erreichen und verf\u00fcgt \u00fcber einen bequemen Privatparkplatz, der f\u00fcr Hotelg\u00e4ste reserviert ist.<\/p>\n<p><strong>Entfernungen zum DoubleTree by Hilton Trieste:<\/strong><\/p>\n<p>Piazza della Repubblica, 10 m<br \/>\nTeatro Romano, 300 m<br \/>\nPiazza Unit\u00e0 d\u2019Italia, 700 m<br \/>\nMolo Audace, 650 m<br \/>\nKreuzfahrtterminal, 1 km<br \/>\nMuseo Revoltella, 1 km<br \/>\nBahnhof Trieste Centrale, 1 km<br \/>\nFlughafen Triest &#8211; Ronchi dei Legionari, 40 km<\/p>\n<p><strong>Serviceleistungen auf Reservierung\/gegen Geb\u00fchr<\/strong><\/p>\n<p>Transfers zum\/vom Bahnhof, Flughafen, Kreuzfahrtterminal<br \/>\nPrivatparkplatz* nicht buchbar<br \/>\nCar Valet<\/p>\n<p>Um unsere Serviceleistungen zu buchen, schreiben Sie an <a href=\"mailto:trsdt_res@hilton.com\" target=\"_blank\" rel=\"noopener\">trsdt_res@hilton.com<\/a><\/p>\n<p>ANM.: Der Privatparkplatz liegt ca. 5 Minuten vom Hotel entfernt und die Pl\u00e4tze sind begrenzt. Sie k\u00f6nnen zum Parkplatz fahren, nachdem Sie sich angemeldet und Ihre Karte an der Rezeption erhalten haben.<\/p>\n","protected":false},"excerpt":{"rendered":"<p>Nur wenige Minuten vom Bahnhof und dem Kreuzfahrtterminal entfernt, ist das DoubleTree By Hilton Trieste leicht mit dem Auto zu erreichen und verf\u00fcgt \u00fcber einen bequemen Privatparkplatz, der f\u00fcr Hotelg\u00e4ste reserviert ist. Entfernungen zum DoubleTree by Hilton Trieste: Piazza della Repubblica, 10 m Teatro Romano, 300 m Piazza Unit\u00e0 d\u2019Italia, 700 m Molo Audace, 650 [&hellip;]<\/p>\n","protected":false},"author":6,"featured_media":0,"parent":422,"menu_order":1,"comment_status":"closed","ping_status":"closed","template":"","meta":{"footnotes":""},"class_list":["post-424","page","type-page","status-publish","hentry"],"yoast_head":"<!-- This site is optimized with the Yoast SEO plugin v26.9 - https:\/\/yoast.com\/product\/yoast-seo-wordpress\/ -->\n<title>Anreise zum hotel - DoubleTree by Hilton Trieste<\/title>\n<meta name=\"robots\" content=\"index, follow, max-snippet:-1, max-image-preview:large, max-video-preview:-1\" \/>\n<link rel=\"canonical\" href=\"https:\/\/www.dttrieste.com\/de\/standort\/anreise-zum-hotel\/\" \/>\n<meta property=\"og:locale\" content=\"de_DE\" \/>\n<meta property=\"og:type\" content=\"article\" \/>\n<meta property=\"og:title\" content=\"Anreise zum hotel - DoubleTree by Hilton Trieste\" \/>\n<meta property=\"og:description\" content=\"Nur wenige Minuten vom Bahnhof und dem Kreuzfahrtterminal entfernt, ist das DoubleTree By Hilton Trieste leicht mit dem Auto zu erreichen und verf\u00fcgt \u00fcber einen bequemen Privatparkplatz, der f\u00fcr Hotelg\u00e4ste reserviert ist. Entfernungen zum DoubleTree by Hilton Trieste: Piazza della Repubblica, 10 m Teatro Romano, 300 m Piazza Unit\u00e0 d\u2019Italia, 700 m Molo Audace, 650 [&hellip;]\" \/>\n<meta property=\"og:url\" content=\"https:\/\/www.dttrieste.com\/de\/standort\/anreise-zum-hotel\/\" \/>\n<meta property=\"og:site_name\" content=\"DoubleTree by Hilton Trieste\" \/>\n<meta property=\"article:modified_time\" content=\"2022-04-08T09:19:14+00:00\" \/>\n<meta name=\"twitter:card\" content=\"summary_large_image\" \/>\n<meta name=\"twitter:label1\" content=\"Gesch\u00e4tzte Lesezeit\" \/>\n\t<meta name=\"twitter:data1\" content=\"1 Minute\" \/>\n<script type=\"application\/ld+json\" class=\"yoast-schema-graph\">{\"@context\":\"https:\/\/schema.org\",\"@graph\":[{\"@type\":\"WebPage\",\"@id\":\"https:\/\/www.dttrieste.com\/de\/standort\/anreise-zum-hotel\/\",\"url\":\"https:\/\/www.dttrieste.com\/de\/standort\/anreise-zum-hotel\/\",\"name\":\"Anreise zum hotel - DoubleTree by Hilton Trieste\",\"isPartOf\":{\"@id\":\"https:\/\/www.dttrieste.com\/de\/#website\"},\"datePublished\":\"2021-10-19T15:38:22+00:00\",\"dateModified\":\"2022-04-08T09:19:14+00:00\",\"breadcrumb\":{\"@id\":\"https:\/\/www.dttrieste.com\/de\/standort\/anreise-zum-hotel\/#breadcrumb\"},\"inLanguage\":\"de-DE\",\"potentialAction\":[{\"@type\":\"ReadAction\",\"target\":[\"https:\/\/www.dttrieste.com\/de\/standort\/anreise-zum-hotel\/\"]}]},{\"@type\":\"BreadcrumbList\",\"@id\":\"https:\/\/www.dttrieste.com\/de\/standort\/anreise-zum-hotel\/#breadcrumb\",\"itemListElement\":[{\"@type\":\"ListItem\",\"position\":1,\"name\":\"Home\",\"item\":\"https:\/\/www.dttrieste.com\/de\/\"},{\"@type\":\"ListItem\",\"position\":2,\"name\":\"Standort\",\"item\":\"https:\/\/www.dttrieste.com\/de\/standort\/\"},{\"@type\":\"ListItem\",\"position\":3,\"name\":\"Anreise zum hotel\"}]},{\"@type\":\"WebSite\",\"@id\":\"https:\/\/www.dttrieste.com\/de\/#website\",\"url\":\"https:\/\/www.dttrieste.com\/de\/\",\"name\":\"DoubleTree by Hilton Trieste\",\"description\":\"Just another ms.decms.eu site\",\"publisher\":{\"@id\":\"https:\/\/www.dttrieste.com\/de\/#organization\"},\"potentialAction\":[{\"@type\":\"SearchAction\",\"target\":{\"@type\":\"EntryPoint\",\"urlTemplate\":\"https:\/\/www.dttrieste.com\/de\/?s={search_term_string}\"},\"query-input\":{\"@type\":\"PropertyValueSpecification\",\"valueRequired\":true,\"valueName\":\"search_term_string\"}}],\"inLanguage\":\"de-DE\"},{\"@type\":\"Organization\",\"@id\":\"https:\/\/www.dttrieste.com\/de\/#organization\",\"name\":\"Hilton Trieste\",\"url\":\"https:\/\/www.dttrieste.com\/de\/\",\"logo\":{\"@type\":\"ImageObject\",\"inLanguage\":\"de-DE\",\"@id\":\"https:\/\/www.dttrieste.com\/de\/#\/schema\/logo\/image\/\",\"url\":\"https:\/\/www.dttrieste.com\/wp-content\/uploads\/sites\/326\/2021\/07\/DT_Vertical_Logo-black.png\",\"contentUrl\":\"https:\/\/www.dttrieste.com\/wp-content\/uploads\/sites\/326\/2021\/07\/DT_Vertical_Logo-black.png\",\"width\":1684,\"height\":1466,\"caption\":\"Hilton Trieste\"},\"image\":{\"@id\":\"https:\/\/www.dttrieste.com\/de\/#\/schema\/logo\/image\/\"}}]}<\/script>\n<!-- \/ Yoast SEO plugin. -->","yoast_head_json":{"title":"Anreise zum hotel - DoubleTree by Hilton Trieste","robots":{"index":"index","follow":"follow","max-snippet":"max-snippet:-1","max-image-preview":"max-image-preview:large","max-video-preview":"max-video-preview:-1"},"canonical":"https:\/\/www.dttrieste.com\/de\/standort\/anreise-zum-hotel\/","og_locale":"de_DE","og_type":"article","og_title":"Anreise zum hotel - DoubleTree by Hilton Trieste","og_description":"Nur wenige Minuten vom Bahnhof und dem Kreuzfahrtterminal entfernt, ist das DoubleTree By Hilton Trieste leicht mit dem Auto zu erreichen und verf\u00fcgt \u00fcber einen bequemen Privatparkplatz, der f\u00fcr Hotelg\u00e4ste reserviert ist. Entfernungen zum DoubleTree by Hilton Trieste: Piazza della Repubblica, 10 m Teatro Romano, 300 m Piazza Unit\u00e0 d\u2019Italia, 700 m Molo Audace, 650 [&hellip;]","og_url":"https:\/\/www.dttrieste.com\/de\/standort\/anreise-zum-hotel\/","og_site_name":"DoubleTree by Hilton Trieste","article_modified_time":"2022-04-08T09:19:14+00:00","twitter_card":"summary_large_image","twitter_misc":{"Gesch\u00e4tzte Lesezeit":"1 Minute"},"schema":{"@context":"https:\/\/schema.org","@graph":[{"@type":"WebPage","@id":"https:\/\/www.dttrieste.com\/de\/standort\/anreise-zum-hotel\/","url":"https:\/\/www.dttrieste.com\/de\/standort\/anreise-zum-hotel\/","name":"Anreise zum hotel - DoubleTree by Hilton Trieste","isPartOf":{"@id":"https:\/\/www.dttrieste.com\/de\/#website"},"datePublished":"2021-10-19T15:38:22+00:00","dateModified":"2022-04-08T09:19:14+00:00","breadcrumb":{"@id":"https:\/\/www.dttrieste.com\/de\/standort\/anreise-zum-hotel\/#breadcrumb"},"inLanguage":"de-DE","potentialAction":[{"@type":"ReadAction","target":["https:\/\/www.dttrieste.com\/de\/standort\/anreise-zum-hotel\/"]}]},{"@type":"BreadcrumbList","@id":"https:\/\/www.dttrieste.com\/de\/standort\/anreise-zum-hotel\/#breadcrumb","itemListElement":[{"@type":"ListItem","position":1,"name":"Home","item":"https:\/\/www.dttrieste.com\/de\/"},{"@type":"ListItem","position":2,"name":"Standort","item":"https:\/\/www.dttrieste.com\/de\/standort\/"},{"@type":"ListItem","position":3,"name":"Anreise zum hotel"}]},{"@type":"WebSite","@id":"https:\/\/www.dttrieste.com\/de\/#website","url":"https:\/\/www.dttrieste.com\/de\/","name":"DoubleTree by Hilton Trieste","description":"Just another ms.decms.eu site","publisher":{"@id":"https:\/\/www.dttrieste.com\/de\/#organization"},"potentialAction":[{"@type":"SearchAction","target":{"@type":"EntryPoint","urlTemplate":"https:\/\/www.dttrieste.com\/de\/?s={search_term_string}"},"query-input":{"@type":"PropertyValueSpecification","valueRequired":true,"valueName":"search_term_string"}}],"inLanguage":"de-DE"},{"@type":"Organization","@id":"https:\/\/www.dttrieste.com\/de\/#organization","name":"Hilton Trieste","url":"https:\/\/www.dttrieste.com\/de\/","logo":{"@type":"ImageObject","inLanguage":"de-DE","@id":"https:\/\/www.dttrieste.com\/de\/#\/schema\/logo\/image\/","url":"https:\/\/www.dttrieste.com\/wp-content\/uploads\/sites\/326\/2021\/07\/DT_Vertical_Logo-black.png","contentUrl":"https:\/\/www.dttrieste.com\/wp-content\/uploads\/sites\/326\/2021\/07\/DT_Vertical_Logo-black.png","width":1684,"height":1466,"caption":"Hilton Trieste"},"image":{"@id":"https:\/\/www.dttrieste.com\/de\/#\/schema\/logo\/image\/"}}]}},"acf":[],"_links":{"self":[{"href":"https:\/\/www.dttrieste.com\/de\/wp-json\/wp\/v2\/pages\/424","targetHints":{"allow":["GET"]}}],"collection":[{"href":"https:\/\/www.dttrieste.com\/de\/wp-json\/wp\/v2\/pages"}],"about":[{"href":"https:\/\/www.dttrieste.com\/de\/wp-json\/wp\/v2\/types\/page"}],"author":[{"embeddable":true,"href":"https:\/\/www.dttrieste.com\/de\/wp-json\/wp\/v2\/users\/6"}],"replies":[{"embeddable":true,"href":"https:\/\/www.dttrieste.com\/de\/wp-json\/wp\/v2\/comments?post=424"}],"version-history":[{"count":0,"href":"https:\/\/www.dttrieste.com\/de\/wp-json\/wp\/v2\/pages\/424\/revisions"}],"up":[{"embeddable":true,"href":"https:\/\/www.dttrieste.com\/de\/wp-json\/wp\/v2\/pages\/422"}],"wp:attachment":[{"href":"https:\/\/www.dttrieste.com\/de\/wp-json\/wp\/v2\/media?parent=424"}],"curies":[{"name":"wp","href":"https:\/\/api.w.org\/{rel}","templated":true}]}}