{"id":422,"date":"2021-07-12T15:21:46","date_gmt":"2021-07-12T15:21:46","guid":{"rendered":"https:\/\/hiltontrieste.ms.decms.eu\/dove-siamo\/"},"modified":"2022-04-08T09:13:37","modified_gmt":"2022-04-08T09:13:37","slug":"standort","status":"publish","type":"page","link":"https:\/\/www.dttrieste.com\/de\/standort\/","title":{"rendered":"Standort"},"content":{"rendered":"<p>Das DoubleTree by Hilton Trieste befindet sich im <strong>Herzen von Triest<\/strong>, an der Piazza della Repubblica Nr. 1.<\/p>\n<p>Hier empf\u00e4ngt Sie Triest in den <strong>belebten Stra\u00dfen<\/strong> des Zentrums mit ihren eleganten Schaufenstern, Caf\u00e9s und historischen Geb\u00e4uden, in denen das Flanieren ein<strong> wahres Vergn\u00fcgen<\/strong> ist. Die Piazza Unit\u00e0, die &#8222;Rive&#8220; und der Molo Audace sind nur 700 Meter vom Hotel entfernt, w\u00e4hrend das Museo Revoltella und das Teatro Romano in weniger als einer Viertelstunde zu Fu\u00df erreichbar sind, ebenso wie das Politeama Rossetti und das Teatro Verdi, in dem renommierte Opern- und Schauspielproduktionen stattfinden.<\/p>\n","protected":false},"excerpt":{"rendered":"<p>Das DoubleTree by Hilton Trieste befindet sich im Herzen von Triest, an der Piazza della Repubblica Nr. 1. Hier empf\u00e4ngt Sie Triest in den belebten Stra\u00dfen des Zentrums mit ihren eleganten Schaufenstern, Caf\u00e9s und historischen Geb\u00e4uden, in denen das Flanieren ein wahres Vergn\u00fcgen ist. Die Piazza Unit\u00e0, die &#8222;Rive&#8220; und der Molo Audace sind nur [&hellip;]<\/p>\n","protected":false},"author":6,"featured_media":0,"parent":0,"menu_order":150,"comment_status":"closed","ping_status":"closed","template":"template-location.php","meta":{"footnotes":""},"class_list":["post-422","page","type-page","status-publish","hentry"],"yoast_head":"<!-- This site is optimized with the Yoast SEO plugin v26.9 - https:\/\/yoast.com\/product\/yoast-seo-wordpress\/ -->\n<title>Adresse und Anfahrtsbeschreibung | DoubleTree by Hilton Trieste<\/title>\n<meta name=\"description\" content=\"Das DoubleTree by Hilton Trieste befindet sich auf der Piazza della Repubblica, nur wenige Schritte von der Piazza dell&#039;Unit\u00e0 entfernt. Entdecken Sie das Car Valet und die \u00fcberdachten Parkpl\u00e4tze.\" \/>\n<meta name=\"robots\" content=\"index, follow, max-snippet:-1, max-image-preview:large, max-video-preview:-1\" \/>\n<link rel=\"canonical\" href=\"https:\/\/www.dttrieste.com\/de\/standort\/\" \/>\n<meta property=\"og:locale\" content=\"de_DE\" \/>\n<meta property=\"og:type\" content=\"article\" \/>\n<meta property=\"og:title\" content=\"Adresse und Anfahrtsbeschreibung | DoubleTree by Hilton Trieste\" \/>\n<meta property=\"og:description\" content=\"Das DoubleTree by Hilton Trieste befindet sich auf der Piazza della Repubblica, nur wenige Schritte von der Piazza dell&#039;Unit\u00e0 entfernt. Entdecken Sie das Car Valet und die \u00fcberdachten Parkpl\u00e4tze.\" \/>\n<meta property=\"og:url\" content=\"https:\/\/www.dttrieste.com\/de\/standort\/\" \/>\n<meta property=\"og:site_name\" content=\"DoubleTree by Hilton Trieste\" \/>\n<meta property=\"article:modified_time\" content=\"2022-04-08T09:13:37+00:00\" \/>\n<meta name=\"twitter:card\" content=\"summary_large_image\" \/>\n<meta name=\"twitter:label1\" content=\"Gesch\u00e4tzte Lesezeit\" \/>\n\t<meta name=\"twitter:data1\" content=\"1 Minute\" \/>\n<script type=\"application\/ld+json\" class=\"yoast-schema-graph\">{\"@context\":\"https:\/\/schema.org\",\"@graph\":[{\"@type\":\"WebPage\",\"@id\":\"https:\/\/www.dttrieste.com\/de\/standort\/\",\"url\":\"https:\/\/www.dttrieste.com\/de\/standort\/\",\"name\":\"Adresse und Anfahrtsbeschreibung | DoubleTree by Hilton Trieste\",\"isPartOf\":{\"@id\":\"https:\/\/www.dttrieste.com\/de\/#website\"},\"datePublished\":\"2021-07-12T15:21:46+00:00\",\"dateModified\":\"2022-04-08T09:13:37+00:00\",\"description\":\"Das DoubleTree by Hilton Trieste befindet sich auf der Piazza della Repubblica, nur wenige Schritte von der Piazza dell'Unit\u00e0 entfernt. Entdecken Sie das Car Valet und die \u00fcberdachten Parkpl\u00e4tze.\",\"breadcrumb\":{\"@id\":\"https:\/\/www.dttrieste.com\/de\/standort\/#breadcrumb\"},\"inLanguage\":\"de-DE\",\"potentialAction\":[{\"@type\":\"ReadAction\",\"target\":[\"https:\/\/www.dttrieste.com\/de\/standort\/\"]}]},{\"@type\":\"BreadcrumbList\",\"@id\":\"https:\/\/www.dttrieste.com\/de\/standort\/#breadcrumb\",\"itemListElement\":[{\"@type\":\"ListItem\",\"position\":1,\"name\":\"Home\",\"item\":\"https:\/\/www.dttrieste.com\/de\/\"},{\"@type\":\"ListItem\",\"position\":2,\"name\":\"Standort\"}]},{\"@type\":\"WebSite\",\"@id\":\"https:\/\/www.dttrieste.com\/de\/#website\",\"url\":\"https:\/\/www.dttrieste.com\/de\/\",\"name\":\"DoubleTree by Hilton Trieste\",\"description\":\"Just another ms.decms.eu site\",\"publisher\":{\"@id\":\"https:\/\/www.dttrieste.com\/de\/#organization\"},\"potentialAction\":[{\"@type\":\"SearchAction\",\"target\":{\"@type\":\"EntryPoint\",\"urlTemplate\":\"https:\/\/www.dttrieste.com\/de\/?s={search_term_string}\"},\"query-input\":{\"@type\":\"PropertyValueSpecification\",\"valueRequired\":true,\"valueName\":\"search_term_string\"}}],\"inLanguage\":\"de-DE\"},{\"@type\":\"Organization\",\"@id\":\"https:\/\/www.dttrieste.com\/de\/#organization\",\"name\":\"Hilton Trieste\",\"url\":\"https:\/\/www.dttrieste.com\/de\/\",\"logo\":{\"@type\":\"ImageObject\",\"inLanguage\":\"de-DE\",\"@id\":\"https:\/\/www.dttrieste.com\/de\/#\/schema\/logo\/image\/\",\"url\":\"https:\/\/www.dttrieste.com\/wp-content\/uploads\/sites\/326\/2021\/07\/DT_Vertical_Logo-black.png\",\"contentUrl\":\"https:\/\/www.dttrieste.com\/wp-content\/uploads\/sites\/326\/2021\/07\/DT_Vertical_Logo-black.png\",\"width\":1684,\"height\":1466,\"caption\":\"Hilton Trieste\"},\"image\":{\"@id\":\"https:\/\/www.dttrieste.com\/de\/#\/schema\/logo\/image\/\"}}]}<\/script>\n<!-- \/ Yoast SEO plugin. -->","yoast_head_json":{"title":"Adresse und Anfahrtsbeschreibung | DoubleTree by Hilton Trieste","description":"Das DoubleTree by Hilton Trieste befindet sich auf der Piazza della Repubblica, nur wenige Schritte von der Piazza dell'Unit\u00e0 entfernt. Entdecken Sie das Car Valet und die \u00fcberdachten Parkpl\u00e4tze.","robots":{"index":"index","follow":"follow","max-snippet":"max-snippet:-1","max-image-preview":"max-image-preview:large","max-video-preview":"max-video-preview:-1"},"canonical":"https:\/\/www.dttrieste.com\/de\/standort\/","og_locale":"de_DE","og_type":"article","og_title":"Adresse und Anfahrtsbeschreibung | DoubleTree by Hilton Trieste","og_description":"Das DoubleTree by Hilton Trieste befindet sich auf der Piazza della Repubblica, nur wenige Schritte von der Piazza dell'Unit\u00e0 entfernt. Entdecken Sie das Car Valet und die \u00fcberdachten Parkpl\u00e4tze.","og_url":"https:\/\/www.dttrieste.com\/de\/standort\/","og_site_name":"DoubleTree by Hilton Trieste","article_modified_time":"2022-04-08T09:13:37+00:00","twitter_card":"summary_large_image","twitter_misc":{"Gesch\u00e4tzte Lesezeit":"1 Minute"},"schema":{"@context":"https:\/\/schema.org","@graph":[{"@type":"WebPage","@id":"https:\/\/www.dttrieste.com\/de\/standort\/","url":"https:\/\/www.dttrieste.com\/de\/standort\/","name":"Adresse und Anfahrtsbeschreibung | DoubleTree by Hilton Trieste","isPartOf":{"@id":"https:\/\/www.dttrieste.com\/de\/#website"},"datePublished":"2021-07-12T15:21:46+00:00","dateModified":"2022-04-08T09:13:37+00:00","description":"Das DoubleTree by Hilton Trieste befindet sich auf der Piazza della Repubblica, nur wenige Schritte von der Piazza dell'Unit\u00e0 entfernt. Entdecken Sie das Car Valet und die \u00fcberdachten Parkpl\u00e4tze.","breadcrumb":{"@id":"https:\/\/www.dttrieste.com\/de\/standort\/#breadcrumb"},"inLanguage":"de-DE","potentialAction":[{"@type":"ReadAction","target":["https:\/\/www.dttrieste.com\/de\/standort\/"]}]},{"@type":"BreadcrumbList","@id":"https:\/\/www.dttrieste.com\/de\/standort\/#breadcrumb","itemListElement":[{"@type":"ListItem","position":1,"name":"Home","item":"https:\/\/www.dttrieste.com\/de\/"},{"@type":"ListItem","position":2,"name":"Standort"}]},{"@type":"WebSite","@id":"https:\/\/www.dttrieste.com\/de\/#website","url":"https:\/\/www.dttrieste.com\/de\/","name":"DoubleTree by Hilton Trieste","description":"Just another ms.decms.eu site","publisher":{"@id":"https:\/\/www.dttrieste.com\/de\/#organization"},"potentialAction":[{"@type":"SearchAction","target":{"@type":"EntryPoint","urlTemplate":"https:\/\/www.dttrieste.com\/de\/?s={search_term_string}"},"query-input":{"@type":"PropertyValueSpecification","valueRequired":true,"valueName":"search_term_string"}}],"inLanguage":"de-DE"},{"@type":"Organization","@id":"https:\/\/www.dttrieste.com\/de\/#organization","name":"Hilton Trieste","url":"https:\/\/www.dttrieste.com\/de\/","logo":{"@type":"ImageObject","inLanguage":"de-DE","@id":"https:\/\/www.dttrieste.com\/de\/#\/schema\/logo\/image\/","url":"https:\/\/www.dttrieste.com\/wp-content\/uploads\/sites\/326\/2021\/07\/DT_Vertical_Logo-black.png","contentUrl":"https:\/\/www.dttrieste.com\/wp-content\/uploads\/sites\/326\/2021\/07\/DT_Vertical_Logo-black.png","width":1684,"height":1466,"caption":"Hilton Trieste"},"image":{"@id":"https:\/\/www.dttrieste.com\/de\/#\/schema\/logo\/image\/"}}]}},"acf":[],"_links":{"self":[{"href":"https:\/\/www.dttrieste.com\/de\/wp-json\/wp\/v2\/pages\/422","targetHints":{"allow":["GET"]}}],"collection":[{"href":"https:\/\/www.dttrieste.com\/de\/wp-json\/wp\/v2\/pages"}],"about":[{"href":"https:\/\/www.dttrieste.com\/de\/wp-json\/wp\/v2\/types\/page"}],"author":[{"embeddable":true,"href":"https:\/\/www.dttrieste.com\/de\/wp-json\/wp\/v2\/users\/6"}],"replies":[{"embeddable":true,"href":"https:\/\/www.dttrieste.com\/de\/wp-json\/wp\/v2\/comments?post=422"}],"version-history":[{"count":0,"href":"https:\/\/www.dttrieste.com\/de\/wp-json\/wp\/v2\/pages\/422\/revisions"}],"wp:attachment":[{"href":"https:\/\/www.dttrieste.com\/de\/wp-json\/wp\/v2\/media?parent=422"}],"curies":[{"name":"wp","href":"https:\/\/api.w.org\/{rel}","templated":true}]}}