{"id":416,"date":"2021-10-19T15:33:20","date_gmt":"2021-10-19T15:33:20","guid":{"rendered":"https:\/\/hiltontrieste.ms.decms.eu\/meeting-ed-eventi\/spazi-eventi\/"},"modified":"2025-06-12T13:16:17","modified_gmt":"2025-06-12T13:16:17","slug":"event-raeume","status":"publish","type":"page","link":"https:\/\/www.dttrieste.com\/de\/meetings-und-events\/event-raeume\/","title":{"rendered":"Ma\u00dfgeschneiderte Veranstaltungsr\u00e4ume"},"content":{"rendered":"<p>Das DoubleTree by Hilton Trieste ist dank seiner <strong>eleganten und stimmungsvollen<\/strong> R\u00e4umlichkeiten der ideale Veranstaltungsort f\u00fcr Klassik- und Jazzkonzerte, Weinverkostungen und andere Events wie Buchpr\u00e4sentationen und Kunstausstellungen.<\/p>\n<p>Private Veranstaltungen sind im DoubleTree by Hilton Trieste willkommen: Hochzeitsempf\u00e4nge, Abschlussfeiern, Geburtstage oder Erfrischungen f\u00fcr Taufen, Kommunionen und Konfirmationen finden in unseren R\u00e4umen den perfekten Rahmen, um die wichtigsten Momente des Lebens mit Ihren Lieben zu feiern.<\/p>\n<p>Escape Room, Dinner with Crime, Treasure Hunt: die <strong>neuen Formate zur Unterhaltung<\/strong> von Freunden und Mitarbeitern finden in den faszinierenden R\u00e4umen des DoubleTree by Hilton Trieste den richtigen Rahmen.<\/p>\n<p>Die Mitarbeiter von Conference &amp; Events stehen den Organisatoren gerne zur Seite und sorgen f\u00fcr das <strong>Catering<\/strong> und die notwendige Ausstattung wie Musik, Blumen und Raumdekoration, um den Erfolg der Veranstaltung zu gew\u00e4hrleisten.<\/p>\n<p>F\u00fcr Informationen und Kostenvoranschl\u00e4ge wenden Sie sich bitte an unser Conference &amp; Events Team unter +39 040 9712950 und per E-Mail an <a href=\"mailto:Trieste_Sales@hilton.com\" target=\"_blank\" rel=\"noopener\">Trieste_Sales@hilton.com<\/a><\/p>\n","protected":false},"excerpt":{"rendered":"<p>Das DoubleTree by Hilton Trieste ist dank seiner eleganten und stimmungsvollen R\u00e4umlichkeiten der ideale Veranstaltungsort f\u00fcr Klassik- und Jazzkonzerte, Weinverkostungen und andere Events wie Buchpr\u00e4sentationen und Kunstausstellungen. Private Veranstaltungen sind im DoubleTree by Hilton Trieste willkommen: Hochzeitsempf\u00e4nge, Abschlussfeiern, Geburtstage oder Erfrischungen f\u00fcr Taufen, Kommunionen und Konfirmationen finden in unseren R\u00e4umen den perfekten Rahmen, um die [&hellip;]<\/p>\n","protected":false},"author":6,"featured_media":0,"parent":412,"menu_order":62,"comment_status":"closed","ping_status":"closed","template":"template-default-2.php","meta":{"footnotes":""},"class_list":["post-416","page","type-page","status-publish","hentry"],"yoast_head":"<!-- This site is optimized with the Yoast SEO plugin v26.9 - https:\/\/yoast.com\/product\/yoast-seo-wordpress\/ -->\n<title>Event-R\u00e4ume in Triest | DoubleTree by Hilton Trieste<\/title>\n<meta name=\"description\" content=\"Entdecken Sie die Event-R\u00e4ume des DoubleTree by Hilton Trieste: Unser hochqualifiziertes Team wird Sie bei jedem Schritt unterst\u00fctzen, um den Erfolg Ihrer Veranstaltung zu gew\u00e4hrleisten.\" \/>\n<meta name=\"robots\" content=\"index, follow, max-snippet:-1, max-image-preview:large, max-video-preview:-1\" \/>\n<link rel=\"canonical\" href=\"https:\/\/www.dttrieste.com\/de\/meetings-und-events\/event-raeume\/\" \/>\n<meta property=\"og:locale\" content=\"de_DE\" \/>\n<meta property=\"og:type\" content=\"article\" \/>\n<meta property=\"og:title\" content=\"Event-R\u00e4ume in Triest | DoubleTree by Hilton Trieste\" \/>\n<meta property=\"og:description\" content=\"Entdecken Sie die Event-R\u00e4ume des DoubleTree by Hilton Trieste: Unser hochqualifiziertes Team wird Sie bei jedem Schritt unterst\u00fctzen, um den Erfolg Ihrer Veranstaltung zu gew\u00e4hrleisten.\" \/>\n<meta property=\"og:url\" content=\"https:\/\/www.dttrieste.com\/de\/meetings-und-events\/event-raeume\/\" \/>\n<meta property=\"og:site_name\" content=\"DoubleTree by Hilton Trieste\" \/>\n<meta property=\"article:modified_time\" content=\"2025-06-12T13:16:17+00:00\" \/>\n<meta name=\"twitter:card\" content=\"summary_large_image\" \/>\n<meta name=\"twitter:label1\" content=\"Gesch\u00e4tzte Lesezeit\" \/>\n\t<meta name=\"twitter:data1\" content=\"1 Minute\" \/>\n<script type=\"application\/ld+json\" class=\"yoast-schema-graph\">{\"@context\":\"https:\/\/schema.org\",\"@graph\":[{\"@type\":\"WebPage\",\"@id\":\"https:\/\/www.dttrieste.com\/de\/meetings-und-events\/event-raeume\/\",\"url\":\"https:\/\/www.dttrieste.com\/de\/meetings-und-events\/event-raeume\/\",\"name\":\"Event-R\u00e4ume in Triest | DoubleTree by Hilton Trieste\",\"isPartOf\":{\"@id\":\"https:\/\/www.dttrieste.com\/de\/#website\"},\"datePublished\":\"2021-10-19T15:33:20+00:00\",\"dateModified\":\"2025-06-12T13:16:17+00:00\",\"description\":\"Entdecken Sie die Event-R\u00e4ume des DoubleTree by Hilton Trieste: Unser hochqualifiziertes Team wird Sie bei jedem Schritt unterst\u00fctzen, um den Erfolg Ihrer Veranstaltung zu gew\u00e4hrleisten.\",\"breadcrumb\":{\"@id\":\"https:\/\/www.dttrieste.com\/de\/meetings-und-events\/event-raeume\/#breadcrumb\"},\"inLanguage\":\"de-DE\",\"potentialAction\":[{\"@type\":\"ReadAction\",\"target\":[\"https:\/\/www.dttrieste.com\/de\/meetings-und-events\/event-raeume\/\"]}]},{\"@type\":\"BreadcrumbList\",\"@id\":\"https:\/\/www.dttrieste.com\/de\/meetings-und-events\/event-raeume\/#breadcrumb\",\"itemListElement\":[{\"@type\":\"ListItem\",\"position\":1,\"name\":\"Home\",\"item\":\"https:\/\/www.dttrieste.com\/de\/\"},{\"@type\":\"ListItem\",\"position\":2,\"name\":\"Meetings und Events\",\"item\":\"https:\/\/www.dttrieste.com\/de\/meetings-und-events\/\"},{\"@type\":\"ListItem\",\"position\":3,\"name\":\"Ma\u00dfgeschneiderte Veranstaltungsr\u00e4ume\"}]},{\"@type\":\"WebSite\",\"@id\":\"https:\/\/www.dttrieste.com\/de\/#website\",\"url\":\"https:\/\/www.dttrieste.com\/de\/\",\"name\":\"DoubleTree by Hilton Trieste\",\"description\":\"Just another ms.decms.eu site\",\"publisher\":{\"@id\":\"https:\/\/www.dttrieste.com\/de\/#organization\"},\"potentialAction\":[{\"@type\":\"SearchAction\",\"target\":{\"@type\":\"EntryPoint\",\"urlTemplate\":\"https:\/\/www.dttrieste.com\/de\/?s={search_term_string}\"},\"query-input\":{\"@type\":\"PropertyValueSpecification\",\"valueRequired\":true,\"valueName\":\"search_term_string\"}}],\"inLanguage\":\"de-DE\"},{\"@type\":\"Organization\",\"@id\":\"https:\/\/www.dttrieste.com\/de\/#organization\",\"name\":\"Hilton Trieste\",\"url\":\"https:\/\/www.dttrieste.com\/de\/\",\"logo\":{\"@type\":\"ImageObject\",\"inLanguage\":\"de-DE\",\"@id\":\"https:\/\/www.dttrieste.com\/de\/#\/schema\/logo\/image\/\",\"url\":\"https:\/\/www.dttrieste.com\/wp-content\/uploads\/sites\/326\/2021\/07\/DT_Vertical_Logo-black.png\",\"contentUrl\":\"https:\/\/www.dttrieste.com\/wp-content\/uploads\/sites\/326\/2021\/07\/DT_Vertical_Logo-black.png\",\"width\":1684,\"height\":1466,\"caption\":\"Hilton Trieste\"},\"image\":{\"@id\":\"https:\/\/www.dttrieste.com\/de\/#\/schema\/logo\/image\/\"}}]}<\/script>\n<!-- \/ Yoast SEO plugin. -->","yoast_head_json":{"title":"Event-R\u00e4ume in Triest | DoubleTree by Hilton Trieste","description":"Entdecken Sie die Event-R\u00e4ume des DoubleTree by Hilton Trieste: Unser hochqualifiziertes Team wird Sie bei jedem Schritt unterst\u00fctzen, um den Erfolg Ihrer Veranstaltung zu gew\u00e4hrleisten.","robots":{"index":"index","follow":"follow","max-snippet":"max-snippet:-1","max-image-preview":"max-image-preview:large","max-video-preview":"max-video-preview:-1"},"canonical":"https:\/\/www.dttrieste.com\/de\/meetings-und-events\/event-raeume\/","og_locale":"de_DE","og_type":"article","og_title":"Event-R\u00e4ume in Triest | DoubleTree by Hilton Trieste","og_description":"Entdecken Sie die Event-R\u00e4ume des DoubleTree by Hilton Trieste: Unser hochqualifiziertes Team wird Sie bei jedem Schritt unterst\u00fctzen, um den Erfolg Ihrer Veranstaltung zu gew\u00e4hrleisten.","og_url":"https:\/\/www.dttrieste.com\/de\/meetings-und-events\/event-raeume\/","og_site_name":"DoubleTree by Hilton Trieste","article_modified_time":"2025-06-12T13:16:17+00:00","twitter_card":"summary_large_image","twitter_misc":{"Gesch\u00e4tzte Lesezeit":"1 Minute"},"schema":{"@context":"https:\/\/schema.org","@graph":[{"@type":"WebPage","@id":"https:\/\/www.dttrieste.com\/de\/meetings-und-events\/event-raeume\/","url":"https:\/\/www.dttrieste.com\/de\/meetings-und-events\/event-raeume\/","name":"Event-R\u00e4ume in Triest | DoubleTree by Hilton Trieste","isPartOf":{"@id":"https:\/\/www.dttrieste.com\/de\/#website"},"datePublished":"2021-10-19T15:33:20+00:00","dateModified":"2025-06-12T13:16:17+00:00","description":"Entdecken Sie die Event-R\u00e4ume des DoubleTree by Hilton Trieste: Unser hochqualifiziertes Team wird Sie bei jedem Schritt unterst\u00fctzen, um den Erfolg Ihrer Veranstaltung zu gew\u00e4hrleisten.","breadcrumb":{"@id":"https:\/\/www.dttrieste.com\/de\/meetings-und-events\/event-raeume\/#breadcrumb"},"inLanguage":"de-DE","potentialAction":[{"@type":"ReadAction","target":["https:\/\/www.dttrieste.com\/de\/meetings-und-events\/event-raeume\/"]}]},{"@type":"BreadcrumbList","@id":"https:\/\/www.dttrieste.com\/de\/meetings-und-events\/event-raeume\/#breadcrumb","itemListElement":[{"@type":"ListItem","position":1,"name":"Home","item":"https:\/\/www.dttrieste.com\/de\/"},{"@type":"ListItem","position":2,"name":"Meetings und Events","item":"https:\/\/www.dttrieste.com\/de\/meetings-und-events\/"},{"@type":"ListItem","position":3,"name":"Ma\u00dfgeschneiderte Veranstaltungsr\u00e4ume"}]},{"@type":"WebSite","@id":"https:\/\/www.dttrieste.com\/de\/#website","url":"https:\/\/www.dttrieste.com\/de\/","name":"DoubleTree by Hilton Trieste","description":"Just another ms.decms.eu site","publisher":{"@id":"https:\/\/www.dttrieste.com\/de\/#organization"},"potentialAction":[{"@type":"SearchAction","target":{"@type":"EntryPoint","urlTemplate":"https:\/\/www.dttrieste.com\/de\/?s={search_term_string}"},"query-input":{"@type":"PropertyValueSpecification","valueRequired":true,"valueName":"search_term_string"}}],"inLanguage":"de-DE"},{"@type":"Organization","@id":"https:\/\/www.dttrieste.com\/de\/#organization","name":"Hilton Trieste","url":"https:\/\/www.dttrieste.com\/de\/","logo":{"@type":"ImageObject","inLanguage":"de-DE","@id":"https:\/\/www.dttrieste.com\/de\/#\/schema\/logo\/image\/","url":"https:\/\/www.dttrieste.com\/wp-content\/uploads\/sites\/326\/2021\/07\/DT_Vertical_Logo-black.png","contentUrl":"https:\/\/www.dttrieste.com\/wp-content\/uploads\/sites\/326\/2021\/07\/DT_Vertical_Logo-black.png","width":1684,"height":1466,"caption":"Hilton Trieste"},"image":{"@id":"https:\/\/www.dttrieste.com\/de\/#\/schema\/logo\/image\/"}}]}},"acf":[],"_links":{"self":[{"href":"https:\/\/www.dttrieste.com\/de\/wp-json\/wp\/v2\/pages\/416","targetHints":{"allow":["GET"]}}],"collection":[{"href":"https:\/\/www.dttrieste.com\/de\/wp-json\/wp\/v2\/pages"}],"about":[{"href":"https:\/\/www.dttrieste.com\/de\/wp-json\/wp\/v2\/types\/page"}],"author":[{"embeddable":true,"href":"https:\/\/www.dttrieste.com\/de\/wp-json\/wp\/v2\/users\/6"}],"replies":[{"embeddable":true,"href":"https:\/\/www.dttrieste.com\/de\/wp-json\/wp\/v2\/comments?post=416"}],"version-history":[{"count":0,"href":"https:\/\/www.dttrieste.com\/de\/wp-json\/wp\/v2\/pages\/416\/revisions"}],"up":[{"embeddable":true,"href":"https:\/\/www.dttrieste.com\/de\/wp-json\/wp\/v2\/pages\/412"}],"wp:attachment":[{"href":"https:\/\/www.dttrieste.com\/de\/wp-json\/wp\/v2\/media?parent=416"}],"curies":[{"name":"wp","href":"https:\/\/api.w.org\/{rel}","templated":true}]}}