{"id":414,"date":"2021-10-19T15:33:00","date_gmt":"2021-10-19T15:33:00","guid":{"rendered":"https:\/\/hiltontrieste.ms.decms.eu\/meeting-ed-eventi\/sale-meeting\/"},"modified":"2026-04-16T14:01:23","modified_gmt":"2026-04-16T14:01:23","slug":"meeting-raeume","status":"publish","type":"page","link":"https:\/\/www.dttrieste.com\/de\/meetings-und-events\/meeting-raeume\/","title":{"rendered":"Meeting-R\u00e4ume"},"content":{"rendered":"<p>Meetings, Seminare und Workshops geh\u00f6ren zu den Firmenveranstaltungen, die das DoubleTree by Hilton Trieste in den Meeting-R\u00e4umen im ersten Stock des Hotels ausrichtet. Meeting-Planern, die auf der Suche nach den besten R\u00e4umlichkeiten f\u00fcr die Organisation von Firmenveranstaltungen sind, stehen 6 modulare und <strong>multifunktionale R\u00e4ume<\/strong> zur Verf\u00fcgung, die sich perfekt f\u00fcr gro\u00dfe und kleine Meetings eignen.<\/p>\n<p>Die Meeting-R\u00e4ume in den ehemaligen B\u00fcros der Gesch\u00e4ftsleitung des Versicherungsunternehmens, das zu Beginn des 20. Jahrhunderts seinen Sitz in diesem Geb\u00e4ude hatte, bieten heute eine <strong>elegante<\/strong> und <strong>stimmungsvolle<\/strong> Atmosph\u00e4re. Alle sind durch gro\u00dfe Fenster mit Blick auf die Stra\u00dfen des Stadtzentrums von Triest erhellt und bewahren die urspr\u00fcngliche Einrichtung, die Holzvert\u00e4felung, die Fu\u00dfb\u00f6den und die Dekoration aus der damaligen Zeit. Der <strong>Sala<\/strong> <strong>Adriatica<\/strong>, in dem bis zu 80 Personen Platz finden, ist der gr\u00f6\u00dfte verf\u00fcgbare Raum.<\/p>\n<p>Im DoubleTree by Hilton Trieste steht Ihnen das auf die Organisation von Meetings und Kongressen spezialisierte<strong> Conference &amp; Event Team<\/strong> jederzeit zur Verf\u00fcgung, um Ihnen professionelle Unterst\u00fctzung f\u00fcr den bestm\u00f6glichen Erfolg Ihrer Veranstaltung zu bieten.<\/p>\n<p>Mit 125 Zimmern, einer Bar, einem Restaurant, einem Privatparkplatz und einem Parkservice ist das DoubleTree by Hilton Trieste der funktionelle und elegante Ort in Triest, an dem erfolgreiche Firmenveranstaltungen stattfinden k\u00f6nnen.<\/p>\n<p>F\u00fcr Informationen und Kostenvoranschl\u00e4ge wenden Sie sich bitte an unser Conference &amp; Events Team unter +39 040 9712950 und per E-Mail an <a href=\"mailto:TRSDT_CB@hilton.com\" target=\"_blank\" rel=\"noopener\">TRSDT_CB@hilton.com\u00a0<\/a><\/p>\n<p>&nbsp;<\/p>\n<article class=\"text-token-text-primary w-full focus:outline-none [--shadow-height:45px] has-data-writing-block:pointer-events-none has-data-writing-block:-mt-(--shadow-height) has-data-writing-block:pt-(--shadow-height) [&amp;:has([data-writing-block])&gt;*]:pointer-events-auto scroll-mt-(--header-height)\" dir=\"auto\" data-turn-id=\"9fb0cb43-1d9e-4d30-ba13-63f85a3d1de5\" data-testid=\"conversation-turn-1\" data-scroll-anchor=\"false\" data-turn=\"user\"><\/article>\n<article class=\"text-token-text-primary w-full focus:outline-none [--shadow-height:45px] has-data-writing-block:pointer-events-none has-data-writing-block:-mt-(--shadow-height) has-data-writing-block:pt-(--shadow-height) [&amp;:has([data-writing-block])&gt;*]:pointer-events-auto scroll-mt-[calc(var(--header-height)+min(200px,max(70px,20svh)))]\" dir=\"auto\" data-turn-id=\"request-WEB:fac9b58a-1de3-48c4-ad1d-9f01824768b7-0\" data-testid=\"conversation-turn-2\" data-scroll-anchor=\"true\" data-turn=\"assistant\">\n<div class=\"text-base my-auto mx-auto pb-10 [--thread-content-margin:--spacing(4)] @w-sm\/main:[--thread-content-margin:--spacing(6)] @w-lg\/main:[--thread-content-margin:--spacing(16)] px-(--thread-content-margin)\">\n<div class=\"[--thread-content-max-width:40rem] @w-lg\/main:[--thread-content-max-width:48rem] mx-auto max-w-(--thread-content-max-width) flex-1 group\/turn-messages focus-visible:outline-hidden relative flex w-full min-w-0 flex-col agent-turn\">\n<div class=\"flex max-w-full flex-col grow\">\n<div class=\"min-h-8 text-message relative flex w-full flex-col items-end gap-2 text-start break-words whitespace-normal [.text-message+&amp;]:mt-1\" dir=\"auto\" data-message-author-role=\"assistant\" data-message-id=\"a97f14e7-d999-48e3-9499-2d5d2f6c5384\" data-message-model-slug=\"gpt-5-3\">\n<div class=\"flex w-full flex-col gap-1 empty:hidden first:pt-[1px]\">\n<div class=\"markdown prose dark:prose-invert w-full wrap-break-word light markdown-new-styling\">\n<p style=\"text-align: center\" data-start=\"0\" data-end=\"49\"><a href=\"https:\/\/www.dttrieste.com\/meetings-and-events\/mice-meeting-offer\/\" target=\"_blank\" rel=\"noopener\"><strong data-start=\"0\" data-end=\"47\">ENTDECKEN SIE UNSER MICE- &amp; MEETING-ANGEBOT<\/strong><\/a><\/p>\n<\/div>\n<\/div>\n<\/div>\n<\/div>\n<\/div>\n<\/div>\n<\/article>\n","protected":false},"excerpt":{"rendered":"<p>Meetings, Seminare und Workshops geh\u00f6ren zu den Firmenveranstaltungen, die das DoubleTree by Hilton Trieste in den Meeting-R\u00e4umen im ersten Stock des Hotels ausrichtet. Meeting-Planern, die auf der Suche nach den besten R\u00e4umlichkeiten f\u00fcr die Organisation von Firmenveranstaltungen sind, stehen 6 modulare und multifunktionale R\u00e4ume zur Verf\u00fcgung, die sich perfekt f\u00fcr gro\u00dfe und kleine Meetings eignen. [&hellip;]<\/p>\n","protected":false},"author":6,"featured_media":0,"parent":412,"menu_order":61,"comment_status":"closed","ping_status":"closed","template":"template-meeting.php","meta":{"footnotes":""},"class_list":["post-414","page","type-page","status-publish","hentry"],"yoast_head":"<!-- This site is optimized with the Yoast SEO plugin v26.9 - https:\/\/yoast.com\/product\/yoast-seo-wordpress\/ -->\n<title>Meeting-R\u00e4ume, Tagungen, Konferenzen | DoubleTree by Hilton Trieste<\/title>\n<meta name=\"description\" content=\"Die Meeting-R\u00e4ume sind ideal f\u00fcr Gesch\u00e4ftstreffen, Kongresse und Seminare und bieten Serviceleistungen auf Anfrage. Fragen Sie Preise an und buchen Sie Ihren Raum!\" \/>\n<meta name=\"robots\" content=\"index, follow, max-snippet:-1, max-image-preview:large, max-video-preview:-1\" \/>\n<link rel=\"canonical\" href=\"https:\/\/www.dttrieste.com\/de\/meetings-und-events\/meeting-raeume\/\" \/>\n<meta property=\"og:locale\" content=\"de_DE\" \/>\n<meta property=\"og:type\" content=\"article\" \/>\n<meta property=\"og:title\" content=\"Meeting-R\u00e4ume, Tagungen, Konferenzen | DoubleTree by Hilton Trieste\" \/>\n<meta property=\"og:description\" content=\"Die Meeting-R\u00e4ume sind ideal f\u00fcr Gesch\u00e4ftstreffen, Kongresse und Seminare und bieten Serviceleistungen auf Anfrage. Fragen Sie Preise an und buchen Sie Ihren Raum!\" \/>\n<meta property=\"og:url\" content=\"https:\/\/www.dttrieste.com\/de\/meetings-und-events\/meeting-raeume\/\" \/>\n<meta property=\"og:site_name\" content=\"DoubleTree by Hilton Trieste\" \/>\n<meta property=\"article:modified_time\" content=\"2026-04-16T14:01:23+00:00\" \/>\n<meta name=\"twitter:card\" content=\"summary_large_image\" \/>\n<meta name=\"twitter:label1\" content=\"Gesch\u00e4tzte Lesezeit\" \/>\n\t<meta name=\"twitter:data1\" content=\"2 Minuten\" \/>\n<script type=\"application\/ld+json\" class=\"yoast-schema-graph\">{\"@context\":\"https:\/\/schema.org\",\"@graph\":[{\"@type\":\"WebPage\",\"@id\":\"https:\/\/www.dttrieste.com\/de\/meetings-und-events\/meeting-raeume\/\",\"url\":\"https:\/\/www.dttrieste.com\/de\/meetings-und-events\/meeting-raeume\/\",\"name\":\"Meeting-R\u00e4ume, Tagungen, Konferenzen | DoubleTree by Hilton Trieste\",\"isPartOf\":{\"@id\":\"https:\/\/www.dttrieste.com\/de\/#website\"},\"datePublished\":\"2021-10-19T15:33:00+00:00\",\"dateModified\":\"2026-04-16T14:01:23+00:00\",\"description\":\"Die Meeting-R\u00e4ume sind ideal f\u00fcr Gesch\u00e4ftstreffen, Kongresse und Seminare und bieten Serviceleistungen auf Anfrage. Fragen Sie Preise an und buchen Sie Ihren Raum!\",\"breadcrumb\":{\"@id\":\"https:\/\/www.dttrieste.com\/de\/meetings-und-events\/meeting-raeume\/#breadcrumb\"},\"inLanguage\":\"de-DE\",\"potentialAction\":[{\"@type\":\"ReadAction\",\"target\":[\"https:\/\/www.dttrieste.com\/de\/meetings-und-events\/meeting-raeume\/\"]}]},{\"@type\":\"BreadcrumbList\",\"@id\":\"https:\/\/www.dttrieste.com\/de\/meetings-und-events\/meeting-raeume\/#breadcrumb\",\"itemListElement\":[{\"@type\":\"ListItem\",\"position\":1,\"name\":\"Home\",\"item\":\"https:\/\/www.dttrieste.com\/de\/\"},{\"@type\":\"ListItem\",\"position\":2,\"name\":\"Meetings und Events\",\"item\":\"https:\/\/www.dttrieste.com\/de\/meetings-und-events\/\"},{\"@type\":\"ListItem\",\"position\":3,\"name\":\"Meeting-R\u00e4ume\"}]},{\"@type\":\"WebSite\",\"@id\":\"https:\/\/www.dttrieste.com\/de\/#website\",\"url\":\"https:\/\/www.dttrieste.com\/de\/\",\"name\":\"DoubleTree by Hilton Trieste\",\"description\":\"Just another ms.decms.eu site\",\"publisher\":{\"@id\":\"https:\/\/www.dttrieste.com\/de\/#organization\"},\"potentialAction\":[{\"@type\":\"SearchAction\",\"target\":{\"@type\":\"EntryPoint\",\"urlTemplate\":\"https:\/\/www.dttrieste.com\/de\/?s={search_term_string}\"},\"query-input\":{\"@type\":\"PropertyValueSpecification\",\"valueRequired\":true,\"valueName\":\"search_term_string\"}}],\"inLanguage\":\"de-DE\"},{\"@type\":\"Organization\",\"@id\":\"https:\/\/www.dttrieste.com\/de\/#organization\",\"name\":\"Hilton Trieste\",\"url\":\"https:\/\/www.dttrieste.com\/de\/\",\"logo\":{\"@type\":\"ImageObject\",\"inLanguage\":\"de-DE\",\"@id\":\"https:\/\/www.dttrieste.com\/de\/#\/schema\/logo\/image\/\",\"url\":\"https:\/\/www.dttrieste.com\/wp-content\/uploads\/sites\/326\/2021\/07\/DT_Vertical_Logo-black.png\",\"contentUrl\":\"https:\/\/www.dttrieste.com\/wp-content\/uploads\/sites\/326\/2021\/07\/DT_Vertical_Logo-black.png\",\"width\":1684,\"height\":1466,\"caption\":\"Hilton Trieste\"},\"image\":{\"@id\":\"https:\/\/www.dttrieste.com\/de\/#\/schema\/logo\/image\/\"}}]}<\/script>\n<!-- \/ Yoast SEO plugin. -->","yoast_head_json":{"title":"Meeting-R\u00e4ume, Tagungen, Konferenzen | DoubleTree by Hilton Trieste","description":"Die Meeting-R\u00e4ume sind ideal f\u00fcr Gesch\u00e4ftstreffen, Kongresse und Seminare und bieten Serviceleistungen auf Anfrage. Fragen Sie Preise an und buchen Sie Ihren Raum!","robots":{"index":"index","follow":"follow","max-snippet":"max-snippet:-1","max-image-preview":"max-image-preview:large","max-video-preview":"max-video-preview:-1"},"canonical":"https:\/\/www.dttrieste.com\/de\/meetings-und-events\/meeting-raeume\/","og_locale":"de_DE","og_type":"article","og_title":"Meeting-R\u00e4ume, Tagungen, Konferenzen | DoubleTree by Hilton Trieste","og_description":"Die Meeting-R\u00e4ume sind ideal f\u00fcr Gesch\u00e4ftstreffen, Kongresse und Seminare und bieten Serviceleistungen auf Anfrage. Fragen Sie Preise an und buchen Sie Ihren Raum!","og_url":"https:\/\/www.dttrieste.com\/de\/meetings-und-events\/meeting-raeume\/","og_site_name":"DoubleTree by Hilton Trieste","article_modified_time":"2026-04-16T14:01:23+00:00","twitter_card":"summary_large_image","twitter_misc":{"Gesch\u00e4tzte Lesezeit":"2 Minuten"},"schema":{"@context":"https:\/\/schema.org","@graph":[{"@type":"WebPage","@id":"https:\/\/www.dttrieste.com\/de\/meetings-und-events\/meeting-raeume\/","url":"https:\/\/www.dttrieste.com\/de\/meetings-und-events\/meeting-raeume\/","name":"Meeting-R\u00e4ume, Tagungen, Konferenzen | DoubleTree by Hilton Trieste","isPartOf":{"@id":"https:\/\/www.dttrieste.com\/de\/#website"},"datePublished":"2021-10-19T15:33:00+00:00","dateModified":"2026-04-16T14:01:23+00:00","description":"Die Meeting-R\u00e4ume sind ideal f\u00fcr Gesch\u00e4ftstreffen, Kongresse und Seminare und bieten Serviceleistungen auf Anfrage. Fragen Sie Preise an und buchen Sie Ihren Raum!","breadcrumb":{"@id":"https:\/\/www.dttrieste.com\/de\/meetings-und-events\/meeting-raeume\/#breadcrumb"},"inLanguage":"de-DE","potentialAction":[{"@type":"ReadAction","target":["https:\/\/www.dttrieste.com\/de\/meetings-und-events\/meeting-raeume\/"]}]},{"@type":"BreadcrumbList","@id":"https:\/\/www.dttrieste.com\/de\/meetings-und-events\/meeting-raeume\/#breadcrumb","itemListElement":[{"@type":"ListItem","position":1,"name":"Home","item":"https:\/\/www.dttrieste.com\/de\/"},{"@type":"ListItem","position":2,"name":"Meetings und Events","item":"https:\/\/www.dttrieste.com\/de\/meetings-und-events\/"},{"@type":"ListItem","position":3,"name":"Meeting-R\u00e4ume"}]},{"@type":"WebSite","@id":"https:\/\/www.dttrieste.com\/de\/#website","url":"https:\/\/www.dttrieste.com\/de\/","name":"DoubleTree by Hilton Trieste","description":"Just another ms.decms.eu site","publisher":{"@id":"https:\/\/www.dttrieste.com\/de\/#organization"},"potentialAction":[{"@type":"SearchAction","target":{"@type":"EntryPoint","urlTemplate":"https:\/\/www.dttrieste.com\/de\/?s={search_term_string}"},"query-input":{"@type":"PropertyValueSpecification","valueRequired":true,"valueName":"search_term_string"}}],"inLanguage":"de-DE"},{"@type":"Organization","@id":"https:\/\/www.dttrieste.com\/de\/#organization","name":"Hilton Trieste","url":"https:\/\/www.dttrieste.com\/de\/","logo":{"@type":"ImageObject","inLanguage":"de-DE","@id":"https:\/\/www.dttrieste.com\/de\/#\/schema\/logo\/image\/","url":"https:\/\/www.dttrieste.com\/wp-content\/uploads\/sites\/326\/2021\/07\/DT_Vertical_Logo-black.png","contentUrl":"https:\/\/www.dttrieste.com\/wp-content\/uploads\/sites\/326\/2021\/07\/DT_Vertical_Logo-black.png","width":1684,"height":1466,"caption":"Hilton Trieste"},"image":{"@id":"https:\/\/www.dttrieste.com\/de\/#\/schema\/logo\/image\/"}}]}},"acf":[],"_links":{"self":[{"href":"https:\/\/www.dttrieste.com\/de\/wp-json\/wp\/v2\/pages\/414","targetHints":{"allow":["GET"]}}],"collection":[{"href":"https:\/\/www.dttrieste.com\/de\/wp-json\/wp\/v2\/pages"}],"about":[{"href":"https:\/\/www.dttrieste.com\/de\/wp-json\/wp\/v2\/types\/page"}],"author":[{"embeddable":true,"href":"https:\/\/www.dttrieste.com\/de\/wp-json\/wp\/v2\/users\/6"}],"replies":[{"embeddable":true,"href":"https:\/\/www.dttrieste.com\/de\/wp-json\/wp\/v2\/comments?post=414"}],"version-history":[{"count":0,"href":"https:\/\/www.dttrieste.com\/de\/wp-json\/wp\/v2\/pages\/414\/revisions"}],"up":[{"embeddable":true,"href":"https:\/\/www.dttrieste.com\/de\/wp-json\/wp\/v2\/pages\/412"}],"wp:attachment":[{"href":"https:\/\/www.dttrieste.com\/de\/wp-json\/wp\/v2\/media?parent=414"}],"curies":[{"name":"wp","href":"https:\/\/api.w.org\/{rel}","templated":true}]}}