{"id":397,"date":"2021-10-19T15:30:28","date_gmt":"2021-10-19T15:30:28","guid":{"rendered":"https:\/\/hiltontrieste.ms.decms.eu\/servizi\/servizi-family\/"},"modified":"2022-07-12T14:14:01","modified_gmt":"2022-07-12T14:14:01","slug":"family-serviceleistungen","status":"publish","type":"page","link":"https:\/\/www.dttrieste.com\/de\/serviceleistungen\/family-serviceleistungen\/","title":{"rendered":"Family-Serviceleistungen"},"content":{"rendered":"","protected":false},"excerpt":{"rendered":"","protected":false},"author":6,"featured_media":0,"parent":393,"menu_order":7,"comment_status":"closed","ping_status":"closed","template":"","meta":{"footnotes":""},"class_list":["post-397","page","type-page","status-publish","hentry"],"yoast_head":"<!-- This site is optimized with the Yoast SEO plugin v26.9 - https:\/\/yoast.com\/product\/yoast-seo-wordpress\/ -->\n<title>Serviceleistungen Family-Hotel | DoubleTree by Hilton Trieste<\/title>\n<meta name=\"description\" content=\"Zimmer mit Verbindungst\u00fcr, Kinderbetten auf Anfrage und Kindermen\u00fcs sind nur einige der Serviceleistungen, die das DoubleTree by Hilton Trieste anbietet. Buchen Sie Ihren n\u00e4chsten Familienurlaub!\" \/>\n<meta name=\"robots\" content=\"index, follow, max-snippet:-1, max-image-preview:large, max-video-preview:-1\" \/>\n<link rel=\"canonical\" href=\"https:\/\/www.dttrieste.com\/de\/serviceleistungen\/family-serviceleistungen\/\" \/>\n<meta property=\"og:locale\" content=\"de_DE\" \/>\n<meta property=\"og:type\" content=\"article\" \/>\n<meta property=\"og:title\" content=\"Serviceleistungen Family-Hotel | DoubleTree by Hilton Trieste\" \/>\n<meta property=\"og:description\" content=\"Zimmer mit Verbindungst\u00fcr, Kinderbetten auf Anfrage und Kindermen\u00fcs sind nur einige der Serviceleistungen, die das DoubleTree by Hilton Trieste anbietet. Buchen Sie Ihren n\u00e4chsten Familienurlaub!\" \/>\n<meta property=\"og:url\" content=\"https:\/\/www.dttrieste.com\/de\/serviceleistungen\/family-serviceleistungen\/\" \/>\n<meta property=\"og:site_name\" content=\"DoubleTree by Hilton Trieste\" \/>\n<meta property=\"article:modified_time\" content=\"2022-07-12T14:14:01+00:00\" \/>\n<meta name=\"twitter:card\" content=\"summary_large_image\" \/>\n<meta name=\"twitter:label1\" content=\"Gesch\u00e4tzte Lesezeit\" \/>\n\t<meta name=\"twitter:data1\" content=\"1 Minute\" \/>\n<script type=\"application\/ld+json\" class=\"yoast-schema-graph\">{\"@context\":\"https:\/\/schema.org\",\"@graph\":[{\"@type\":\"WebPage\",\"@id\":\"https:\/\/www.dttrieste.com\/de\/serviceleistungen\/family-serviceleistungen\/\",\"url\":\"https:\/\/www.dttrieste.com\/de\/serviceleistungen\/family-serviceleistungen\/\",\"name\":\"Serviceleistungen Family-Hotel | DoubleTree by Hilton Trieste\",\"isPartOf\":{\"@id\":\"https:\/\/www.dttrieste.com\/de\/#website\"},\"datePublished\":\"2021-10-19T15:30:28+00:00\",\"dateModified\":\"2022-07-12T14:14:01+00:00\",\"description\":\"Zimmer mit Verbindungst\u00fcr, Kinderbetten auf Anfrage und Kindermen\u00fcs sind nur einige der Serviceleistungen, die das DoubleTree by Hilton Trieste anbietet. Buchen Sie Ihren n\u00e4chsten Familienurlaub!\",\"breadcrumb\":{\"@id\":\"https:\/\/www.dttrieste.com\/de\/serviceleistungen\/family-serviceleistungen\/#breadcrumb\"},\"inLanguage\":\"de-DE\",\"potentialAction\":[{\"@type\":\"ReadAction\",\"target\":[\"https:\/\/www.dttrieste.com\/de\/serviceleistungen\/family-serviceleistungen\/\"]}]},{\"@type\":\"BreadcrumbList\",\"@id\":\"https:\/\/www.dttrieste.com\/de\/serviceleistungen\/family-serviceleistungen\/#breadcrumb\",\"itemListElement\":[{\"@type\":\"ListItem\",\"position\":1,\"name\":\"Home\",\"item\":\"https:\/\/www.dttrieste.com\/de\/\"},{\"@type\":\"ListItem\",\"position\":2,\"name\":\"Serviceleistungen\",\"item\":\"https:\/\/www.dttrieste.com\/de\/serviceleistungen\/\"},{\"@type\":\"ListItem\",\"position\":3,\"name\":\"Family-Serviceleistungen\"}]},{\"@type\":\"WebSite\",\"@id\":\"https:\/\/www.dttrieste.com\/de\/#website\",\"url\":\"https:\/\/www.dttrieste.com\/de\/\",\"name\":\"DoubleTree by Hilton Trieste\",\"description\":\"Just another ms.decms.eu site\",\"publisher\":{\"@id\":\"https:\/\/www.dttrieste.com\/de\/#organization\"},\"potentialAction\":[{\"@type\":\"SearchAction\",\"target\":{\"@type\":\"EntryPoint\",\"urlTemplate\":\"https:\/\/www.dttrieste.com\/de\/?s={search_term_string}\"},\"query-input\":{\"@type\":\"PropertyValueSpecification\",\"valueRequired\":true,\"valueName\":\"search_term_string\"}}],\"inLanguage\":\"de-DE\"},{\"@type\":\"Organization\",\"@id\":\"https:\/\/www.dttrieste.com\/de\/#organization\",\"name\":\"Hilton Trieste\",\"url\":\"https:\/\/www.dttrieste.com\/de\/\",\"logo\":{\"@type\":\"ImageObject\",\"inLanguage\":\"de-DE\",\"@id\":\"https:\/\/www.dttrieste.com\/de\/#\/schema\/logo\/image\/\",\"url\":\"https:\/\/www.dttrieste.com\/wp-content\/uploads\/sites\/326\/2021\/07\/DT_Vertical_Logo-black.png\",\"contentUrl\":\"https:\/\/www.dttrieste.com\/wp-content\/uploads\/sites\/326\/2021\/07\/DT_Vertical_Logo-black.png\",\"width\":1684,\"height\":1466,\"caption\":\"Hilton Trieste\"},\"image\":{\"@id\":\"https:\/\/www.dttrieste.com\/de\/#\/schema\/logo\/image\/\"}}]}<\/script>\n<!-- \/ Yoast SEO plugin. -->","yoast_head_json":{"title":"Serviceleistungen Family-Hotel | DoubleTree by Hilton Trieste","description":"Zimmer mit Verbindungst\u00fcr, Kinderbetten auf Anfrage und Kindermen\u00fcs sind nur einige der Serviceleistungen, die das DoubleTree by Hilton Trieste anbietet. Buchen Sie Ihren n\u00e4chsten Familienurlaub!","robots":{"index":"index","follow":"follow","max-snippet":"max-snippet:-1","max-image-preview":"max-image-preview:large","max-video-preview":"max-video-preview:-1"},"canonical":"https:\/\/www.dttrieste.com\/de\/serviceleistungen\/family-serviceleistungen\/","og_locale":"de_DE","og_type":"article","og_title":"Serviceleistungen Family-Hotel | DoubleTree by Hilton Trieste","og_description":"Zimmer mit Verbindungst\u00fcr, Kinderbetten auf Anfrage und Kindermen\u00fcs sind nur einige der Serviceleistungen, die das DoubleTree by Hilton Trieste anbietet. Buchen Sie Ihren n\u00e4chsten Familienurlaub!","og_url":"https:\/\/www.dttrieste.com\/de\/serviceleistungen\/family-serviceleistungen\/","og_site_name":"DoubleTree by Hilton Trieste","article_modified_time":"2022-07-12T14:14:01+00:00","twitter_card":"summary_large_image","twitter_misc":{"Gesch\u00e4tzte Lesezeit":"1 Minute"},"schema":{"@context":"https:\/\/schema.org","@graph":[{"@type":"WebPage","@id":"https:\/\/www.dttrieste.com\/de\/serviceleistungen\/family-serviceleistungen\/","url":"https:\/\/www.dttrieste.com\/de\/serviceleistungen\/family-serviceleistungen\/","name":"Serviceleistungen Family-Hotel | DoubleTree by Hilton Trieste","isPartOf":{"@id":"https:\/\/www.dttrieste.com\/de\/#website"},"datePublished":"2021-10-19T15:30:28+00:00","dateModified":"2022-07-12T14:14:01+00:00","description":"Zimmer mit Verbindungst\u00fcr, Kinderbetten auf Anfrage und Kindermen\u00fcs sind nur einige der Serviceleistungen, die das DoubleTree by Hilton Trieste anbietet. Buchen Sie Ihren n\u00e4chsten Familienurlaub!","breadcrumb":{"@id":"https:\/\/www.dttrieste.com\/de\/serviceleistungen\/family-serviceleistungen\/#breadcrumb"},"inLanguage":"de-DE","potentialAction":[{"@type":"ReadAction","target":["https:\/\/www.dttrieste.com\/de\/serviceleistungen\/family-serviceleistungen\/"]}]},{"@type":"BreadcrumbList","@id":"https:\/\/www.dttrieste.com\/de\/serviceleistungen\/family-serviceleistungen\/#breadcrumb","itemListElement":[{"@type":"ListItem","position":1,"name":"Home","item":"https:\/\/www.dttrieste.com\/de\/"},{"@type":"ListItem","position":2,"name":"Serviceleistungen","item":"https:\/\/www.dttrieste.com\/de\/serviceleistungen\/"},{"@type":"ListItem","position":3,"name":"Family-Serviceleistungen"}]},{"@type":"WebSite","@id":"https:\/\/www.dttrieste.com\/de\/#website","url":"https:\/\/www.dttrieste.com\/de\/","name":"DoubleTree by Hilton Trieste","description":"Just another ms.decms.eu site","publisher":{"@id":"https:\/\/www.dttrieste.com\/de\/#organization"},"potentialAction":[{"@type":"SearchAction","target":{"@type":"EntryPoint","urlTemplate":"https:\/\/www.dttrieste.com\/de\/?s={search_term_string}"},"query-input":{"@type":"PropertyValueSpecification","valueRequired":true,"valueName":"search_term_string"}}],"inLanguage":"de-DE"},{"@type":"Organization","@id":"https:\/\/www.dttrieste.com\/de\/#organization","name":"Hilton Trieste","url":"https:\/\/www.dttrieste.com\/de\/","logo":{"@type":"ImageObject","inLanguage":"de-DE","@id":"https:\/\/www.dttrieste.com\/de\/#\/schema\/logo\/image\/","url":"https:\/\/www.dttrieste.com\/wp-content\/uploads\/sites\/326\/2021\/07\/DT_Vertical_Logo-black.png","contentUrl":"https:\/\/www.dttrieste.com\/wp-content\/uploads\/sites\/326\/2021\/07\/DT_Vertical_Logo-black.png","width":1684,"height":1466,"caption":"Hilton Trieste"},"image":{"@id":"https:\/\/www.dttrieste.com\/de\/#\/schema\/logo\/image\/"}}]}},"acf":[],"_links":{"self":[{"href":"https:\/\/www.dttrieste.com\/de\/wp-json\/wp\/v2\/pages\/397","targetHints":{"allow":["GET"]}}],"collection":[{"href":"https:\/\/www.dttrieste.com\/de\/wp-json\/wp\/v2\/pages"}],"about":[{"href":"https:\/\/www.dttrieste.com\/de\/wp-json\/wp\/v2\/types\/page"}],"author":[{"embeddable":true,"href":"https:\/\/www.dttrieste.com\/de\/wp-json\/wp\/v2\/users\/6"}],"replies":[{"embeddable":true,"href":"https:\/\/www.dttrieste.com\/de\/wp-json\/wp\/v2\/comments?post=397"}],"version-history":[{"count":0,"href":"https:\/\/www.dttrieste.com\/de\/wp-json\/wp\/v2\/pages\/397\/revisions"}],"up":[{"embeddable":true,"href":"https:\/\/www.dttrieste.com\/de\/wp-json\/wp\/v2\/pages\/393"}],"wp:attachment":[{"href":"https:\/\/www.dttrieste.com\/de\/wp-json\/wp\/v2\/media?parent=397"}],"curies":[{"name":"wp","href":"https:\/\/api.w.org\/{rel}","templated":true}]}}