{"id":393,"date":"2021-10-19T15:28:43","date_gmt":"2021-10-19T15:28:43","guid":{"rendered":"https:\/\/hiltontrieste.ms.decms.eu\/servizi\/"},"modified":"2026-03-18T11:09:04","modified_gmt":"2026-03-18T11:09:04","slug":"serviceleistungen","status":"publish","type":"page","link":"https:\/\/www.dttrieste.com\/de\/serviceleistungen\/","title":{"rendered":"Serviceleistungen"},"content":{"rendered":"<p>Wir m\u00f6chten, dass Sie das <strong>Beste aus Ihrem Aufenthalt<\/strong> in Triest machen. Deshalb bieten wir Ihnen alle Serviceleistungen an, um Ihren Aufenthalt bei uns so angenehm wie m\u00f6glich zu gestalten.<\/p>\n<p>Angefangen beim k\u00f6rperlichen Wohlbefinden: Wir wissen, wie wichtig Bewegung f\u00fcr die Erhaltung der k\u00f6rperlichen und geistigen Gesundheit und Fitness ist. In unserem 24-Stunden-Fitnessstudio k\u00f6nnen Sie sich Ihrer t\u00e4glichen Fitnessroutine widmen und im Wellnessbereich Momente der<strong> totalen Entspannung genie\u00dfen<\/strong>.<\/p>\n<p>Im DoubleTree by Hilton Trieste steht Ihnen ein komfortabler und effizienter Arbeitsbereich zur Verf\u00fcgung, dank Workspaces, dem Service, der es Ihnen erm\u00f6glicht, auch nur einen Tag lang im Hotel zu arbeiten. Der Zimmerservice ist 24 Stunden am Tag verf\u00fcgbar.<\/p>\n<p>Die Bequemlichkeit, mit dem Auto zum Hotel zu kommen, ohne sich um das Parken k\u00fcmmern zu m\u00fcssen, wird durch unseren Car Valet garantiert, w\u00e4hrend unser privater Transferservice Sie am Bahnhof, Flughafen oder Kreuzfahrtterminal abholt und an jeden gew\u00fcnschten Ort bringt.<\/p>\n<p>Wenn Sie es vorziehen, unabh\u00e4ngig zu sein und Ihr Auto immer zur Verf\u00fcgung zu haben, k\u00f6nnen Sie auf den<a href=\"https:\/\/www.dttrieste.com\/de\/serviceleistungen\/ueberdachter-parkplatz\/\"> <strong>exklusiven \u00fcberdachten Parkplatz<\/strong> <\/a>des DoubleTree by Hilton Trieste z\u00e4hlen.<\/p>\n<p>Wenn Sie mit Kindern in unserem Hotel \u00fcbernachten, bieten Ihnen die <strong>Family-Angebote<\/strong> alle Annehmlichkeiten, damit Ihre Familie immer gl\u00fccklich und zufrieden mit ihrem Urlaub in Triest sein wird.<\/p>\n<p>Unsere G\u00e4ste mit Behinderungen finden barrierefreie R\u00e4ume und Zimmer mit allen Einrichtungen, um ihren Aufenthalt zu genie\u00dfen.<\/p>\n<p>Entdecken und w\u00e4hlen Sie die Serviceleistungen, die Ihre Momente in Triest lohnend und wertvoll machen.<\/p>\n","protected":false},"excerpt":{"rendered":"<p>Wir m\u00f6chten, dass Sie das Beste aus Ihrem Aufenthalt in Triest machen. Deshalb bieten wir Ihnen alle Serviceleistungen an, um Ihren Aufenthalt bei uns so angenehm wie m\u00f6glich zu gestalten. Angefangen beim k\u00f6rperlichen Wohlbefinden: Wir wissen, wie wichtig Bewegung f\u00fcr die Erhaltung der k\u00f6rperlichen und geistigen Gesundheit und Fitness ist. In unserem 24-Stunden-Fitnessstudio k\u00f6nnen Sie [&hellip;]<\/p>\n","protected":false},"author":6,"featured_media":0,"parent":0,"menu_order":50,"comment_status":"closed","ping_status":"closed","template":"template-default-2.php","meta":{"footnotes":""},"class_list":["post-393","page","type-page","status-publish","hentry"],"yoast_head":"<!-- This site is optimized with the Yoast SEO plugin v26.9 - https:\/\/yoast.com\/product\/yoast-seo-wordpress\/ -->\n<title>Serviceleistungen | DoubleTree by Hilton Trieste<\/title>\n<meta name=\"description\" content=\"Nutzen Sie die exklusiven Serviceleistungen des DoubleTree by Hilton Trieste: Fitness- und Wellnessbereich, \u00fcberdachte Parkpl\u00e4tze und Workspaces stehen f\u00fcr Sie bereit!\" \/>\n<meta name=\"robots\" content=\"index, follow, max-snippet:-1, max-image-preview:large, max-video-preview:-1\" \/>\n<link rel=\"canonical\" href=\"https:\/\/www.dttrieste.com\/de\/serviceleistungen\/\" \/>\n<meta property=\"og:locale\" content=\"de_DE\" \/>\n<meta property=\"og:type\" content=\"article\" \/>\n<meta property=\"og:title\" content=\"Serviceleistungen | DoubleTree by Hilton Trieste\" \/>\n<meta property=\"og:description\" content=\"Nutzen Sie die exklusiven Serviceleistungen des DoubleTree by Hilton Trieste: Fitness- und Wellnessbereich, \u00fcberdachte Parkpl\u00e4tze und Workspaces stehen f\u00fcr Sie bereit!\" \/>\n<meta property=\"og:url\" content=\"https:\/\/www.dttrieste.com\/de\/serviceleistungen\/\" \/>\n<meta property=\"og:site_name\" content=\"DoubleTree by Hilton Trieste\" \/>\n<meta property=\"article:modified_time\" content=\"2026-03-18T11:09:04+00:00\" \/>\n<meta name=\"twitter:card\" content=\"summary_large_image\" \/>\n<meta name=\"twitter:label1\" content=\"Gesch\u00e4tzte Lesezeit\" \/>\n\t<meta name=\"twitter:data1\" content=\"2 Minuten\" \/>\n<script type=\"application\/ld+json\" class=\"yoast-schema-graph\">{\"@context\":\"https:\/\/schema.org\",\"@graph\":[{\"@type\":\"WebPage\",\"@id\":\"https:\/\/www.dttrieste.com\/de\/serviceleistungen\/\",\"url\":\"https:\/\/www.dttrieste.com\/de\/serviceleistungen\/\",\"name\":\"Serviceleistungen | DoubleTree by Hilton Trieste\",\"isPartOf\":{\"@id\":\"https:\/\/www.dttrieste.com\/de\/#website\"},\"datePublished\":\"2021-10-19T15:28:43+00:00\",\"dateModified\":\"2026-03-18T11:09:04+00:00\",\"description\":\"Nutzen Sie die exklusiven Serviceleistungen des DoubleTree by Hilton Trieste: Fitness- und Wellnessbereich, \u00fcberdachte Parkpl\u00e4tze und Workspaces stehen f\u00fcr Sie bereit!\",\"breadcrumb\":{\"@id\":\"https:\/\/www.dttrieste.com\/de\/serviceleistungen\/#breadcrumb\"},\"inLanguage\":\"de-DE\",\"potentialAction\":[{\"@type\":\"ReadAction\",\"target\":[\"https:\/\/www.dttrieste.com\/de\/serviceleistungen\/\"]}]},{\"@type\":\"BreadcrumbList\",\"@id\":\"https:\/\/www.dttrieste.com\/de\/serviceleistungen\/#breadcrumb\",\"itemListElement\":[{\"@type\":\"ListItem\",\"position\":1,\"name\":\"Home\",\"item\":\"https:\/\/www.dttrieste.com\/de\/\"},{\"@type\":\"ListItem\",\"position\":2,\"name\":\"Serviceleistungen\"}]},{\"@type\":\"WebSite\",\"@id\":\"https:\/\/www.dttrieste.com\/de\/#website\",\"url\":\"https:\/\/www.dttrieste.com\/de\/\",\"name\":\"DoubleTree by Hilton Trieste\",\"description\":\"Just another ms.decms.eu site\",\"publisher\":{\"@id\":\"https:\/\/www.dttrieste.com\/de\/#organization\"},\"potentialAction\":[{\"@type\":\"SearchAction\",\"target\":{\"@type\":\"EntryPoint\",\"urlTemplate\":\"https:\/\/www.dttrieste.com\/de\/?s={search_term_string}\"},\"query-input\":{\"@type\":\"PropertyValueSpecification\",\"valueRequired\":true,\"valueName\":\"search_term_string\"}}],\"inLanguage\":\"de-DE\"},{\"@type\":\"Organization\",\"@id\":\"https:\/\/www.dttrieste.com\/de\/#organization\",\"name\":\"Hilton Trieste\",\"url\":\"https:\/\/www.dttrieste.com\/de\/\",\"logo\":{\"@type\":\"ImageObject\",\"inLanguage\":\"de-DE\",\"@id\":\"https:\/\/www.dttrieste.com\/de\/#\/schema\/logo\/image\/\",\"url\":\"https:\/\/www.dttrieste.com\/wp-content\/uploads\/sites\/326\/2021\/07\/DT_Vertical_Logo-black.png\",\"contentUrl\":\"https:\/\/www.dttrieste.com\/wp-content\/uploads\/sites\/326\/2021\/07\/DT_Vertical_Logo-black.png\",\"width\":1684,\"height\":1466,\"caption\":\"Hilton Trieste\"},\"image\":{\"@id\":\"https:\/\/www.dttrieste.com\/de\/#\/schema\/logo\/image\/\"}}]}<\/script>\n<!-- \/ Yoast SEO plugin. -->","yoast_head_json":{"title":"Serviceleistungen | DoubleTree by Hilton Trieste","description":"Nutzen Sie die exklusiven Serviceleistungen des DoubleTree by Hilton Trieste: Fitness- und Wellnessbereich, \u00fcberdachte Parkpl\u00e4tze und Workspaces stehen f\u00fcr Sie bereit!","robots":{"index":"index","follow":"follow","max-snippet":"max-snippet:-1","max-image-preview":"max-image-preview:large","max-video-preview":"max-video-preview:-1"},"canonical":"https:\/\/www.dttrieste.com\/de\/serviceleistungen\/","og_locale":"de_DE","og_type":"article","og_title":"Serviceleistungen | DoubleTree by Hilton Trieste","og_description":"Nutzen Sie die exklusiven Serviceleistungen des DoubleTree by Hilton Trieste: Fitness- und Wellnessbereich, \u00fcberdachte Parkpl\u00e4tze und Workspaces stehen f\u00fcr Sie bereit!","og_url":"https:\/\/www.dttrieste.com\/de\/serviceleistungen\/","og_site_name":"DoubleTree by Hilton Trieste","article_modified_time":"2026-03-18T11:09:04+00:00","twitter_card":"summary_large_image","twitter_misc":{"Gesch\u00e4tzte Lesezeit":"2 Minuten"},"schema":{"@context":"https:\/\/schema.org","@graph":[{"@type":"WebPage","@id":"https:\/\/www.dttrieste.com\/de\/serviceleistungen\/","url":"https:\/\/www.dttrieste.com\/de\/serviceleistungen\/","name":"Serviceleistungen | DoubleTree by Hilton Trieste","isPartOf":{"@id":"https:\/\/www.dttrieste.com\/de\/#website"},"datePublished":"2021-10-19T15:28:43+00:00","dateModified":"2026-03-18T11:09:04+00:00","description":"Nutzen Sie die exklusiven Serviceleistungen des DoubleTree by Hilton Trieste: Fitness- und Wellnessbereich, \u00fcberdachte Parkpl\u00e4tze und Workspaces stehen f\u00fcr Sie bereit!","breadcrumb":{"@id":"https:\/\/www.dttrieste.com\/de\/serviceleistungen\/#breadcrumb"},"inLanguage":"de-DE","potentialAction":[{"@type":"ReadAction","target":["https:\/\/www.dttrieste.com\/de\/serviceleistungen\/"]}]},{"@type":"BreadcrumbList","@id":"https:\/\/www.dttrieste.com\/de\/serviceleistungen\/#breadcrumb","itemListElement":[{"@type":"ListItem","position":1,"name":"Home","item":"https:\/\/www.dttrieste.com\/de\/"},{"@type":"ListItem","position":2,"name":"Serviceleistungen"}]},{"@type":"WebSite","@id":"https:\/\/www.dttrieste.com\/de\/#website","url":"https:\/\/www.dttrieste.com\/de\/","name":"DoubleTree by Hilton Trieste","description":"Just another ms.decms.eu site","publisher":{"@id":"https:\/\/www.dttrieste.com\/de\/#organization"},"potentialAction":[{"@type":"SearchAction","target":{"@type":"EntryPoint","urlTemplate":"https:\/\/www.dttrieste.com\/de\/?s={search_term_string}"},"query-input":{"@type":"PropertyValueSpecification","valueRequired":true,"valueName":"search_term_string"}}],"inLanguage":"de-DE"},{"@type":"Organization","@id":"https:\/\/www.dttrieste.com\/de\/#organization","name":"Hilton Trieste","url":"https:\/\/www.dttrieste.com\/de\/","logo":{"@type":"ImageObject","inLanguage":"de-DE","@id":"https:\/\/www.dttrieste.com\/de\/#\/schema\/logo\/image\/","url":"https:\/\/www.dttrieste.com\/wp-content\/uploads\/sites\/326\/2021\/07\/DT_Vertical_Logo-black.png","contentUrl":"https:\/\/www.dttrieste.com\/wp-content\/uploads\/sites\/326\/2021\/07\/DT_Vertical_Logo-black.png","width":1684,"height":1466,"caption":"Hilton Trieste"},"image":{"@id":"https:\/\/www.dttrieste.com\/de\/#\/schema\/logo\/image\/"}}]}},"acf":[],"_links":{"self":[{"href":"https:\/\/www.dttrieste.com\/de\/wp-json\/wp\/v2\/pages\/393","targetHints":{"allow":["GET"]}}],"collection":[{"href":"https:\/\/www.dttrieste.com\/de\/wp-json\/wp\/v2\/pages"}],"about":[{"href":"https:\/\/www.dttrieste.com\/de\/wp-json\/wp\/v2\/types\/page"}],"author":[{"embeddable":true,"href":"https:\/\/www.dttrieste.com\/de\/wp-json\/wp\/v2\/users\/6"}],"replies":[{"embeddable":true,"href":"https:\/\/www.dttrieste.com\/de\/wp-json\/wp\/v2\/comments?post=393"}],"version-history":[{"count":0,"href":"https:\/\/www.dttrieste.com\/de\/wp-json\/wp\/v2\/pages\/393\/revisions"}],"wp:attachment":[{"href":"https:\/\/www.dttrieste.com\/de\/wp-json\/wp\/v2\/media?parent=393"}],"curies":[{"name":"wp","href":"https:\/\/api.w.org\/{rel}","templated":true}]}}