{"id":384,"date":"2021-10-19T15:18:56","date_gmt":"2021-10-19T15:18:56","guid":{"rendered":"https:\/\/hiltontrieste.ms.decms.eu\/bar-e-ristorante\/"},"modified":"2026-02-02T13:55:53","modified_gmt":"2026-02-02T13:55:53","slug":"bar-und-restaurant","status":"publish","type":"page","link":"https:\/\/www.dttrieste.com\/de\/bar-und-restaurant\/","title":{"rendered":"Bar &amp; Restaurant"},"content":{"rendered":"<p>Der ideale Ort, um Ihre Freizeit in Triest in geselliger Runde zu verbringen, ist das <a href=\"https:\/\/www.dttrieste.com\/de\/bar-und-restaurant\/berlam-coffee-tea-cocktail\/\">Berlam Coffee Tea &amp; Cocktail<\/a>. Einzigartig in seinem Charme und mitteleurop\u00e4ischen Stil, scheint die Zeit im Berlam stillzustehen: In einer schwebenden Atmosph\u00e4re werden das <strong>Kaffeeritual<\/strong>, der<strong> Nachmittagstee<\/strong> im britischen Stil, der Aperitif- und <strong>Cocktailabend<\/strong> zu einem magischen Erlebnis.<\/p>\n<p>Das <a href=\"https:\/\/www.dttrieste.com\/de\/bar-und-restaurant\/novecento-restaurant-trieste\/\">Novecento Restaurant Trieste<\/a> ist stattdessen der Ort, an dem man ein <strong>Gourmet-Erlebnis<\/strong> zwischen regionaler und internationaler K\u00fcche, die mit innovativem Geist zubereitet wird, teilen kann, umgeben von einem <strong>eleganten Ambiente<\/strong>, das den Stil und die Atmosph\u00e4re des fr\u00fchen zwanzigsten Jahrhunderts heraufbeschw\u00f6rt. Die Weinkarte mit den besten friaulischen Weinen und renommierten italienischen und internationalen Etiketten vervollst\u00e4ndigt das Angebot an Speisen auf hohem Niveau.<\/p>\n<p>Das Berlam und das Novecento bieten mit ihren prestigetr\u00e4chtigen und raffinierten R\u00e4umlichkeiten einen hochwertigen und einzigartigen Rahmen in Triest f\u00fcr Firmen- und Privatveranstaltungen, kulturelle und musikalische Initiativen, Abendessen und Aperitifs.<\/p>\n","protected":false},"excerpt":{"rendered":"<p>Der ideale Ort, um Ihre Freizeit in Triest in geselliger Runde zu verbringen, ist das Berlam Coffee Tea &amp; Cocktail. Einzigartig in seinem Charme und mitteleurop\u00e4ischen Stil, scheint die Zeit im Berlam stillzustehen: In einer schwebenden Atmosph\u00e4re werden das Kaffeeritual, der Nachmittagstee im britischen Stil, der Aperitif- und Cocktailabend zu einem magischen Erlebnis. Das Novecento [&hellip;]<\/p>\n","protected":false},"author":6,"featured_media":0,"parent":0,"menu_order":40,"comment_status":"closed","ping_status":"closed","template":"template-restaurants.php","meta":{"footnotes":""},"class_list":["post-384","page","type-page","status-publish","hentry"],"yoast_head":"<!-- This site is optimized with the Yoast SEO plugin v26.9 - https:\/\/yoast.com\/product\/yoast-seo-wordpress\/ -->\n<title>Bar und Restaurant | DoubleTree by Hilton Trieste<\/title>\n<meta name=\"description\" content=\"Geschichte, Geschmack und Kreativit\u00e4t vereinen sich in der stimmungsvollen Atmosph\u00e4re des Novecento Restaurant Trieste und des Berlam Coffee Tea &amp; Cocktail. Entdecken Sie sie jetzt!\" \/>\n<meta name=\"robots\" content=\"index, follow, max-snippet:-1, max-image-preview:large, max-video-preview:-1\" \/>\n<link rel=\"canonical\" href=\"https:\/\/www.dttrieste.com\/de\/bar-und-restaurant\/\" \/>\n<meta property=\"og:locale\" content=\"de_DE\" \/>\n<meta property=\"og:type\" content=\"article\" \/>\n<meta property=\"og:title\" content=\"Bar und Restaurant | DoubleTree by Hilton Trieste\" \/>\n<meta property=\"og:description\" content=\"Geschichte, Geschmack und Kreativit\u00e4t vereinen sich in der stimmungsvollen Atmosph\u00e4re des Novecento Restaurant Trieste und des Berlam Coffee Tea &amp; Cocktail. Entdecken Sie sie jetzt!\" \/>\n<meta property=\"og:url\" content=\"https:\/\/www.dttrieste.com\/de\/bar-und-restaurant\/\" \/>\n<meta property=\"og:site_name\" content=\"DoubleTree by Hilton Trieste\" \/>\n<meta property=\"article:modified_time\" content=\"2026-02-02T13:55:53+00:00\" \/>\n<meta name=\"twitter:card\" content=\"summary_large_image\" \/>\n<meta name=\"twitter:label1\" content=\"Gesch\u00e4tzte Lesezeit\" \/>\n\t<meta name=\"twitter:data1\" content=\"1 Minute\" \/>\n<script type=\"application\/ld+json\" class=\"yoast-schema-graph\">{\"@context\":\"https:\/\/schema.org\",\"@graph\":[{\"@type\":\"WebPage\",\"@id\":\"https:\/\/www.dttrieste.com\/de\/bar-und-restaurant\/\",\"url\":\"https:\/\/www.dttrieste.com\/de\/bar-und-restaurant\/\",\"name\":\"Bar und Restaurant | DoubleTree by Hilton Trieste\",\"isPartOf\":{\"@id\":\"https:\/\/www.dttrieste.com\/de\/#website\"},\"datePublished\":\"2021-10-19T15:18:56+00:00\",\"dateModified\":\"2026-02-02T13:55:53+00:00\",\"description\":\"Geschichte, Geschmack und Kreativit\u00e4t vereinen sich in der stimmungsvollen Atmosph\u00e4re des Novecento Restaurant Trieste und des Berlam Coffee Tea & Cocktail. Entdecken Sie sie jetzt!\",\"breadcrumb\":{\"@id\":\"https:\/\/www.dttrieste.com\/de\/bar-und-restaurant\/#breadcrumb\"},\"inLanguage\":\"de-DE\",\"potentialAction\":[{\"@type\":\"ReadAction\",\"target\":[\"https:\/\/www.dttrieste.com\/de\/bar-und-restaurant\/\"]}]},{\"@type\":\"BreadcrumbList\",\"@id\":\"https:\/\/www.dttrieste.com\/de\/bar-und-restaurant\/#breadcrumb\",\"itemListElement\":[{\"@type\":\"ListItem\",\"position\":1,\"name\":\"Home\",\"item\":\"https:\/\/www.dttrieste.com\/de\/\"},{\"@type\":\"ListItem\",\"position\":2,\"name\":\"Bar &amp; Restaurant\"}]},{\"@type\":\"WebSite\",\"@id\":\"https:\/\/www.dttrieste.com\/de\/#website\",\"url\":\"https:\/\/www.dttrieste.com\/de\/\",\"name\":\"DoubleTree by Hilton Trieste\",\"description\":\"Just another ms.decms.eu site\",\"publisher\":{\"@id\":\"https:\/\/www.dttrieste.com\/de\/#organization\"},\"potentialAction\":[{\"@type\":\"SearchAction\",\"target\":{\"@type\":\"EntryPoint\",\"urlTemplate\":\"https:\/\/www.dttrieste.com\/de\/?s={search_term_string}\"},\"query-input\":{\"@type\":\"PropertyValueSpecification\",\"valueRequired\":true,\"valueName\":\"search_term_string\"}}],\"inLanguage\":\"de-DE\"},{\"@type\":\"Organization\",\"@id\":\"https:\/\/www.dttrieste.com\/de\/#organization\",\"name\":\"Hilton Trieste\",\"url\":\"https:\/\/www.dttrieste.com\/de\/\",\"logo\":{\"@type\":\"ImageObject\",\"inLanguage\":\"de-DE\",\"@id\":\"https:\/\/www.dttrieste.com\/de\/#\/schema\/logo\/image\/\",\"url\":\"https:\/\/www.dttrieste.com\/wp-content\/uploads\/sites\/326\/2021\/07\/DT_Vertical_Logo-black.png\",\"contentUrl\":\"https:\/\/www.dttrieste.com\/wp-content\/uploads\/sites\/326\/2021\/07\/DT_Vertical_Logo-black.png\",\"width\":1684,\"height\":1466,\"caption\":\"Hilton Trieste\"},\"image\":{\"@id\":\"https:\/\/www.dttrieste.com\/de\/#\/schema\/logo\/image\/\"}}]}<\/script>\n<!-- \/ Yoast SEO plugin. -->","yoast_head_json":{"title":"Bar und Restaurant | DoubleTree by Hilton Trieste","description":"Geschichte, Geschmack und Kreativit\u00e4t vereinen sich in der stimmungsvollen Atmosph\u00e4re des Novecento Restaurant Trieste und des Berlam Coffee Tea & Cocktail. Entdecken Sie sie jetzt!","robots":{"index":"index","follow":"follow","max-snippet":"max-snippet:-1","max-image-preview":"max-image-preview:large","max-video-preview":"max-video-preview:-1"},"canonical":"https:\/\/www.dttrieste.com\/de\/bar-und-restaurant\/","og_locale":"de_DE","og_type":"article","og_title":"Bar und Restaurant | DoubleTree by Hilton Trieste","og_description":"Geschichte, Geschmack und Kreativit\u00e4t vereinen sich in der stimmungsvollen Atmosph\u00e4re des Novecento Restaurant Trieste und des Berlam Coffee Tea & Cocktail. Entdecken Sie sie jetzt!","og_url":"https:\/\/www.dttrieste.com\/de\/bar-und-restaurant\/","og_site_name":"DoubleTree by Hilton Trieste","article_modified_time":"2026-02-02T13:55:53+00:00","twitter_card":"summary_large_image","twitter_misc":{"Gesch\u00e4tzte Lesezeit":"1 Minute"},"schema":{"@context":"https:\/\/schema.org","@graph":[{"@type":"WebPage","@id":"https:\/\/www.dttrieste.com\/de\/bar-und-restaurant\/","url":"https:\/\/www.dttrieste.com\/de\/bar-und-restaurant\/","name":"Bar und Restaurant | DoubleTree by Hilton Trieste","isPartOf":{"@id":"https:\/\/www.dttrieste.com\/de\/#website"},"datePublished":"2021-10-19T15:18:56+00:00","dateModified":"2026-02-02T13:55:53+00:00","description":"Geschichte, Geschmack und Kreativit\u00e4t vereinen sich in der stimmungsvollen Atmosph\u00e4re des Novecento Restaurant Trieste und des Berlam Coffee Tea & Cocktail. Entdecken Sie sie jetzt!","breadcrumb":{"@id":"https:\/\/www.dttrieste.com\/de\/bar-und-restaurant\/#breadcrumb"},"inLanguage":"de-DE","potentialAction":[{"@type":"ReadAction","target":["https:\/\/www.dttrieste.com\/de\/bar-und-restaurant\/"]}]},{"@type":"BreadcrumbList","@id":"https:\/\/www.dttrieste.com\/de\/bar-und-restaurant\/#breadcrumb","itemListElement":[{"@type":"ListItem","position":1,"name":"Home","item":"https:\/\/www.dttrieste.com\/de\/"},{"@type":"ListItem","position":2,"name":"Bar &amp; Restaurant"}]},{"@type":"WebSite","@id":"https:\/\/www.dttrieste.com\/de\/#website","url":"https:\/\/www.dttrieste.com\/de\/","name":"DoubleTree by Hilton Trieste","description":"Just another ms.decms.eu site","publisher":{"@id":"https:\/\/www.dttrieste.com\/de\/#organization"},"potentialAction":[{"@type":"SearchAction","target":{"@type":"EntryPoint","urlTemplate":"https:\/\/www.dttrieste.com\/de\/?s={search_term_string}"},"query-input":{"@type":"PropertyValueSpecification","valueRequired":true,"valueName":"search_term_string"}}],"inLanguage":"de-DE"},{"@type":"Organization","@id":"https:\/\/www.dttrieste.com\/de\/#organization","name":"Hilton Trieste","url":"https:\/\/www.dttrieste.com\/de\/","logo":{"@type":"ImageObject","inLanguage":"de-DE","@id":"https:\/\/www.dttrieste.com\/de\/#\/schema\/logo\/image\/","url":"https:\/\/www.dttrieste.com\/wp-content\/uploads\/sites\/326\/2021\/07\/DT_Vertical_Logo-black.png","contentUrl":"https:\/\/www.dttrieste.com\/wp-content\/uploads\/sites\/326\/2021\/07\/DT_Vertical_Logo-black.png","width":1684,"height":1466,"caption":"Hilton Trieste"},"image":{"@id":"https:\/\/www.dttrieste.com\/de\/#\/schema\/logo\/image\/"}}]}},"acf":[],"_links":{"self":[{"href":"https:\/\/www.dttrieste.com\/de\/wp-json\/wp\/v2\/pages\/384","targetHints":{"allow":["GET"]}}],"collection":[{"href":"https:\/\/www.dttrieste.com\/de\/wp-json\/wp\/v2\/pages"}],"about":[{"href":"https:\/\/www.dttrieste.com\/de\/wp-json\/wp\/v2\/types\/page"}],"author":[{"embeddable":true,"href":"https:\/\/www.dttrieste.com\/de\/wp-json\/wp\/v2\/users\/6"}],"replies":[{"embeddable":true,"href":"https:\/\/www.dttrieste.com\/de\/wp-json\/wp\/v2\/comments?post=384"}],"version-history":[{"count":0,"href":"https:\/\/www.dttrieste.com\/de\/wp-json\/wp\/v2\/pages\/384\/revisions"}],"wp:attachment":[{"href":"https:\/\/www.dttrieste.com\/de\/wp-json\/wp\/v2\/media?parent=384"}],"curies":[{"name":"wp","href":"https:\/\/api.w.org\/{rel}","templated":true}]}}