{"id":372,"date":"2021-10-19T15:09:09","date_gmt":"2021-10-19T15:09:09","guid":{"rendered":"https:\/\/hiltontrieste.ms.decms.eu\/hotel\/storia-e-curiosita\/"},"modified":"2025-08-08T15:20:03","modified_gmt":"2025-08-08T15:20:03","slug":"geschichte-und-kuriositaeten","status":"publish","type":"page","link":"https:\/\/www.dttrieste.com\/de\/hotel\/geschichte-und-kuriositaeten\/","title":{"rendered":"Geschichte und Kuriosit\u00e4ten"},"content":{"rendered":"<p>&#8222;<em>Die<\/em> <em>Riunione Adriatica di Sicurt\u00e0 hat sich in Triest mit dem Bau eines Palastes im Zentrum der Stadt eine gro\u00dfe Ehre gemacht, der aufgrund seiner Gr\u00f6\u00dfe, seines Reichtums, seiner Pracht und seines lebendigen k\u00fcnstlerischen Lebens, von der gro\u00dfen Konzeption bis zu den subtilsten und feinsten Details, die Traditionen der aufgekl\u00e4rten Aristokratie des italienischen sechzehnten Jahrhunderts w\u00fcrdig erneuert&#8220; <\/em>aus Il Piccolo, 19. April 1914.<\/p>\n<p>In einem Triest, das sich auf dem H\u00f6hepunkt seiner wirtschaftlichen und kulturellen Entwicklung befand, beschrieb so die Zeitung Il Piccolo am 19. April 1914 das neue Geb\u00e4ude der RAS (<em>Riunione Adriatica di Sicurt\u00e0<\/em>). Eine aufrichtige Hommage der Zeitung an den Bau des neuen Hauptsitzes der Versicherungsgesellschaft RAS im eklektischen <strong>Neorenaissance-Stil<\/strong>.<\/p>\n<p>Das von den Architekten Ruggero und Arduino Berlam, den Gewinnern des von der RAS ausgeschriebenen internationalen Wettbewerbs f\u00fcr den Entwurf der neuen B\u00fcros, entworfene Geb\u00e4ude sollte ein <strong>Symbol f\u00fcr Wirtschaftskraft<\/strong> und <strong>Arbeitsethik<\/strong> sein und eine Chance f\u00fcr die Entwicklung des Stadtgebiets bieten, in dem es errichtet werden sollte.<\/p>\n<p>Beim Berlam-Projekt wurden alle Anforderungen des RAS ber\u00fccksichtigt. Das Geb\u00e4ude wurde zwischen 1911 und 1914 erbaut und war ein pr\u00e4chtiger Palast mit von der Renaissance inspirierten Formen und Volumen, eklektischen Dekorationen, Marmor und Skulpturen von gro\u00dfer szenischer Wirkung. All dies ist bis heute erhalten geblieben und wird durch die Restaurierung und Er\u00f6ffnung des Hotels als <strong>DoubleTree by Hilton Trieste<\/strong> im Dezember 2019 noch verbessert.<\/p>\n","protected":false},"excerpt":{"rendered":"<p>&#8222;Die Riunione Adriatica di Sicurt\u00e0 hat sich in Triest mit dem Bau eines Palastes im Zentrum der Stadt eine gro\u00dfe Ehre gemacht, der aufgrund seiner Gr\u00f6\u00dfe, seines Reichtums, seiner Pracht und seines lebendigen k\u00fcnstlerischen Lebens, von der gro\u00dfen Konzeption bis zu den subtilsten und feinsten Details, die Traditionen der aufgekl\u00e4rten Aristokratie des italienischen sechzehnten Jahrhunderts [&hellip;]<\/p>\n","protected":false},"author":6,"featured_media":0,"parent":370,"menu_order":11,"comment_status":"closed","ping_status":"closed","template":"","meta":{"footnotes":""},"class_list":["post-372","page","type-page","status-publish","hentry"],"yoast_head":"<!-- This site is optimized with the Yoast SEO plugin v26.9 - https:\/\/yoast.com\/product\/yoast-seo-wordpress\/ -->\n<title>Geschichte und Kuriosit\u00e4ten: Palazzo Berlam | DoubleTree by Hilton Trieste<\/title>\n<meta name=\"description\" content=\"Das Hilton DoubleTree Trieste befindet sich im Palazzo Berlam, einem pr\u00e4chtigen historischen Geb\u00e4ude aus dem Anfang des 20. Jahrhunderts. Entdecken Sie die faszinierende Geschichte und die Kuriosit\u00e4ten des Hotels.\" \/>\n<meta name=\"robots\" content=\"index, follow, max-snippet:-1, max-image-preview:large, max-video-preview:-1\" \/>\n<link rel=\"canonical\" href=\"https:\/\/www.dttrieste.com\/de\/hotel\/geschichte-und-kuriositaeten\/\" \/>\n<meta property=\"og:locale\" content=\"de_DE\" \/>\n<meta property=\"og:type\" content=\"article\" \/>\n<meta property=\"og:title\" content=\"Geschichte und Kuriosit\u00e4ten: Palazzo Berlam | DoubleTree by Hilton Trieste\" \/>\n<meta property=\"og:description\" content=\"Das Hilton DoubleTree Trieste befindet sich im Palazzo Berlam, einem pr\u00e4chtigen historischen Geb\u00e4ude aus dem Anfang des 20. Jahrhunderts. Entdecken Sie die faszinierende Geschichte und die Kuriosit\u00e4ten des Hotels.\" \/>\n<meta property=\"og:url\" content=\"https:\/\/www.dttrieste.com\/de\/hotel\/geschichte-und-kuriositaeten\/\" \/>\n<meta property=\"og:site_name\" content=\"DoubleTree by Hilton Trieste\" \/>\n<meta property=\"article:modified_time\" content=\"2025-08-08T15:20:03+00:00\" \/>\n<meta name=\"twitter:card\" content=\"summary_large_image\" \/>\n<meta name=\"twitter:label1\" content=\"Gesch\u00e4tzte Lesezeit\" \/>\n\t<meta name=\"twitter:data1\" content=\"1 Minute\" \/>\n<script type=\"application\/ld+json\" class=\"yoast-schema-graph\">{\"@context\":\"https:\/\/schema.org\",\"@graph\":[{\"@type\":\"WebPage\",\"@id\":\"https:\/\/www.dttrieste.com\/de\/hotel\/geschichte-und-kuriositaeten\/\",\"url\":\"https:\/\/www.dttrieste.com\/de\/hotel\/geschichte-und-kuriositaeten\/\",\"name\":\"Geschichte und Kuriosit\u00e4ten: Palazzo Berlam | DoubleTree by Hilton Trieste\",\"isPartOf\":{\"@id\":\"https:\/\/www.dttrieste.com\/de\/#website\"},\"datePublished\":\"2021-10-19T15:09:09+00:00\",\"dateModified\":\"2025-08-08T15:20:03+00:00\",\"description\":\"Das Hilton DoubleTree Trieste befindet sich im Palazzo Berlam, einem pr\u00e4chtigen historischen Geb\u00e4ude aus dem Anfang des 20. Jahrhunderts. Entdecken Sie die faszinierende Geschichte und die Kuriosit\u00e4ten des Hotels.\",\"breadcrumb\":{\"@id\":\"https:\/\/www.dttrieste.com\/de\/hotel\/geschichte-und-kuriositaeten\/#breadcrumb\"},\"inLanguage\":\"de-DE\",\"potentialAction\":[{\"@type\":\"ReadAction\",\"target\":[\"https:\/\/www.dttrieste.com\/de\/hotel\/geschichte-und-kuriositaeten\/\"]}]},{\"@type\":\"BreadcrumbList\",\"@id\":\"https:\/\/www.dttrieste.com\/de\/hotel\/geschichte-und-kuriositaeten\/#breadcrumb\",\"itemListElement\":[{\"@type\":\"ListItem\",\"position\":1,\"name\":\"Home\",\"item\":\"https:\/\/www.dttrieste.com\/de\/\"},{\"@type\":\"ListItem\",\"position\":2,\"name\":\"Hotel\",\"item\":\"https:\/\/www.dttrieste.com\/de\/hotel\/\"},{\"@type\":\"ListItem\",\"position\":3,\"name\":\"Geschichte und Kuriosit\u00e4ten\"}]},{\"@type\":\"WebSite\",\"@id\":\"https:\/\/www.dttrieste.com\/de\/#website\",\"url\":\"https:\/\/www.dttrieste.com\/de\/\",\"name\":\"DoubleTree by Hilton Trieste\",\"description\":\"Just another ms.decms.eu site\",\"publisher\":{\"@id\":\"https:\/\/www.dttrieste.com\/de\/#organization\"},\"potentialAction\":[{\"@type\":\"SearchAction\",\"target\":{\"@type\":\"EntryPoint\",\"urlTemplate\":\"https:\/\/www.dttrieste.com\/de\/?s={search_term_string}\"},\"query-input\":{\"@type\":\"PropertyValueSpecification\",\"valueRequired\":true,\"valueName\":\"search_term_string\"}}],\"inLanguage\":\"de-DE\"},{\"@type\":\"Organization\",\"@id\":\"https:\/\/www.dttrieste.com\/de\/#organization\",\"name\":\"Hilton Trieste\",\"url\":\"https:\/\/www.dttrieste.com\/de\/\",\"logo\":{\"@type\":\"ImageObject\",\"inLanguage\":\"de-DE\",\"@id\":\"https:\/\/www.dttrieste.com\/de\/#\/schema\/logo\/image\/\",\"url\":\"https:\/\/www.dttrieste.com\/wp-content\/uploads\/sites\/326\/2021\/07\/DT_Vertical_Logo-black.png\",\"contentUrl\":\"https:\/\/www.dttrieste.com\/wp-content\/uploads\/sites\/326\/2021\/07\/DT_Vertical_Logo-black.png\",\"width\":1684,\"height\":1466,\"caption\":\"Hilton Trieste\"},\"image\":{\"@id\":\"https:\/\/www.dttrieste.com\/de\/#\/schema\/logo\/image\/\"}}]}<\/script>\n<!-- \/ Yoast SEO plugin. -->","yoast_head_json":{"title":"Geschichte und Kuriosit\u00e4ten: Palazzo Berlam | DoubleTree by Hilton Trieste","description":"Das Hilton DoubleTree Trieste befindet sich im Palazzo Berlam, einem pr\u00e4chtigen historischen Geb\u00e4ude aus dem Anfang des 20. Jahrhunderts. Entdecken Sie die faszinierende Geschichte und die Kuriosit\u00e4ten des Hotels.","robots":{"index":"index","follow":"follow","max-snippet":"max-snippet:-1","max-image-preview":"max-image-preview:large","max-video-preview":"max-video-preview:-1"},"canonical":"https:\/\/www.dttrieste.com\/de\/hotel\/geschichte-und-kuriositaeten\/","og_locale":"de_DE","og_type":"article","og_title":"Geschichte und Kuriosit\u00e4ten: Palazzo Berlam | DoubleTree by Hilton Trieste","og_description":"Das Hilton DoubleTree Trieste befindet sich im Palazzo Berlam, einem pr\u00e4chtigen historischen Geb\u00e4ude aus dem Anfang des 20. Jahrhunderts. Entdecken Sie die faszinierende Geschichte und die Kuriosit\u00e4ten des Hotels.","og_url":"https:\/\/www.dttrieste.com\/de\/hotel\/geschichte-und-kuriositaeten\/","og_site_name":"DoubleTree by Hilton Trieste","article_modified_time":"2025-08-08T15:20:03+00:00","twitter_card":"summary_large_image","twitter_misc":{"Gesch\u00e4tzte Lesezeit":"1 Minute"},"schema":{"@context":"https:\/\/schema.org","@graph":[{"@type":"WebPage","@id":"https:\/\/www.dttrieste.com\/de\/hotel\/geschichte-und-kuriositaeten\/","url":"https:\/\/www.dttrieste.com\/de\/hotel\/geschichte-und-kuriositaeten\/","name":"Geschichte und Kuriosit\u00e4ten: Palazzo Berlam | DoubleTree by Hilton Trieste","isPartOf":{"@id":"https:\/\/www.dttrieste.com\/de\/#website"},"datePublished":"2021-10-19T15:09:09+00:00","dateModified":"2025-08-08T15:20:03+00:00","description":"Das Hilton DoubleTree Trieste befindet sich im Palazzo Berlam, einem pr\u00e4chtigen historischen Geb\u00e4ude aus dem Anfang des 20. Jahrhunderts. Entdecken Sie die faszinierende Geschichte und die Kuriosit\u00e4ten des Hotels.","breadcrumb":{"@id":"https:\/\/www.dttrieste.com\/de\/hotel\/geschichte-und-kuriositaeten\/#breadcrumb"},"inLanguage":"de-DE","potentialAction":[{"@type":"ReadAction","target":["https:\/\/www.dttrieste.com\/de\/hotel\/geschichte-und-kuriositaeten\/"]}]},{"@type":"BreadcrumbList","@id":"https:\/\/www.dttrieste.com\/de\/hotel\/geschichte-und-kuriositaeten\/#breadcrumb","itemListElement":[{"@type":"ListItem","position":1,"name":"Home","item":"https:\/\/www.dttrieste.com\/de\/"},{"@type":"ListItem","position":2,"name":"Hotel","item":"https:\/\/www.dttrieste.com\/de\/hotel\/"},{"@type":"ListItem","position":3,"name":"Geschichte und Kuriosit\u00e4ten"}]},{"@type":"WebSite","@id":"https:\/\/www.dttrieste.com\/de\/#website","url":"https:\/\/www.dttrieste.com\/de\/","name":"DoubleTree by Hilton Trieste","description":"Just another ms.decms.eu site","publisher":{"@id":"https:\/\/www.dttrieste.com\/de\/#organization"},"potentialAction":[{"@type":"SearchAction","target":{"@type":"EntryPoint","urlTemplate":"https:\/\/www.dttrieste.com\/de\/?s={search_term_string}"},"query-input":{"@type":"PropertyValueSpecification","valueRequired":true,"valueName":"search_term_string"}}],"inLanguage":"de-DE"},{"@type":"Organization","@id":"https:\/\/www.dttrieste.com\/de\/#organization","name":"Hilton Trieste","url":"https:\/\/www.dttrieste.com\/de\/","logo":{"@type":"ImageObject","inLanguage":"de-DE","@id":"https:\/\/www.dttrieste.com\/de\/#\/schema\/logo\/image\/","url":"https:\/\/www.dttrieste.com\/wp-content\/uploads\/sites\/326\/2021\/07\/DT_Vertical_Logo-black.png","contentUrl":"https:\/\/www.dttrieste.com\/wp-content\/uploads\/sites\/326\/2021\/07\/DT_Vertical_Logo-black.png","width":1684,"height":1466,"caption":"Hilton Trieste"},"image":{"@id":"https:\/\/www.dttrieste.com\/de\/#\/schema\/logo\/image\/"}}]}},"acf":[],"_links":{"self":[{"href":"https:\/\/www.dttrieste.com\/de\/wp-json\/wp\/v2\/pages\/372","targetHints":{"allow":["GET"]}}],"collection":[{"href":"https:\/\/www.dttrieste.com\/de\/wp-json\/wp\/v2\/pages"}],"about":[{"href":"https:\/\/www.dttrieste.com\/de\/wp-json\/wp\/v2\/types\/page"}],"author":[{"embeddable":true,"href":"https:\/\/www.dttrieste.com\/de\/wp-json\/wp\/v2\/users\/6"}],"replies":[{"embeddable":true,"href":"https:\/\/www.dttrieste.com\/de\/wp-json\/wp\/v2\/comments?post=372"}],"version-history":[{"count":0,"href":"https:\/\/www.dttrieste.com\/de\/wp-json\/wp\/v2\/pages\/372\/revisions"}],"up":[{"embeddable":true,"href":"https:\/\/www.dttrieste.com\/de\/wp-json\/wp\/v2\/pages\/370"}],"wp:attachment":[{"href":"https:\/\/www.dttrieste.com\/de\/wp-json\/wp\/v2\/media?parent=372"}],"curies":[{"name":"wp","href":"https:\/\/api.w.org\/{rel}","templated":true}]}}