{"id":370,"date":"2021-10-19T15:08:51","date_gmt":"2021-10-19T15:08:51","guid":{"rendered":"https:\/\/hiltontrieste.ms.decms.eu\/hotel\/"},"modified":"2026-04-15T10:03:59","modified_gmt":"2026-04-15T10:03:59","slug":"hotel","status":"publish","type":"page","link":"https:\/\/www.dttrieste.com\/de\/hotel\/","title":{"rendered":"Hotel"},"content":{"rendered":"<p>Das DoubleTree by Hilton Trieste empf\u00e4ngt Sie <strong>im Herzen des historischen Zentrums<\/strong> von Triest und bietet Ihnen einen Aufenthalt in der aristokratischen Eleganz<strong> des historischen Geb\u00e4udes<\/strong> und mit der Gastfreundschaft und dem Service des DoubleTree by Hilton.<\/p>\n<p>125 Zimmer, davon 25 Suiten, <a href=\"https:\/\/www.dttrieste.com\/de\/bar-und-restaurant\/\">Bar und Restaurant<\/a>, <a href=\"https:\/\/www.dttrieste.com\/de\/serviceleistungen\/fitnessstudio-und-wellnessbereich\/\">Fitnesscenter und Wellnessbereich<\/a>, <a href=\"https:\/\/www.dttrieste.com\/de\/meetings-und-events\/meeting-raeume\/\" target=\"_blank\" rel=\"noopener\">11 Meeting-R\u00e4ume<\/a>, Panoramaaufz\u00fcge, Privatparkplatz: Sie werden alle Annehmlichkeiten vorfinden, um Ihren Aufenthalt in Triest zu genie\u00dfen, und Sie k\u00f6nnen immer auf unseren<a href=\"https:\/\/www.dttrieste.com\/de\/serviceleistungen\/\"> Service<\/a> und unser Team z\u00e4hlen, um das Beste aus Ihrer Zeit im Hotel zu machen.<\/p>\n<p>Entdecken Sie mit uns die Geschichte, das Design und die Umgebungen des <strong>DoubleTree by Hilton Trieste<\/strong>, erleben Sie eine Vorschau auf Ihren Aufenthalt in der Stadt von Svevo und Joyce, der Caf\u00e9s und der Barcolana.<\/p>\n","protected":false},"excerpt":{"rendered":"<p>Das DoubleTree by Hilton Trieste empf\u00e4ngt Sie im Herzen des historischen Zentrums von Triest und bietet Ihnen einen Aufenthalt in der aristokratischen Eleganz des historischen Geb\u00e4udes und mit der Gastfreundschaft und dem Service des DoubleTree by Hilton. 125 Zimmer, davon 25 Suiten, Bar und Restaurant, Fitnesscenter und Wellnessbereich, 11 Meeting-R\u00e4ume, Panoramaaufz\u00fcge, Privatparkplatz: Sie werden alle [&hellip;]<\/p>\n","protected":false},"author":6,"featured_media":0,"parent":0,"menu_order":10,"comment_status":"closed","ping_status":"closed","template":"template-default-2.php","meta":{"footnotes":""},"class_list":["post-370","page","type-page","status-publish","hentry"],"yoast_head":"<!-- This site is optimized with the Yoast SEO plugin v26.9 - https:\/\/yoast.com\/product\/yoast-seo-wordpress\/ -->\n<title>Historisches 4-Sterne-Hotel in Triest | DoubleTree by Hilton Trieste<\/title>\n<meta name=\"description\" content=\"Das DoubleTree by Hilton Trieste, das in einem pr\u00e4chtigen historischen Geb\u00e4ude untergebracht ist, bietet Komfort und Serviceleistungen auf hohem Niveau. Erleben Sie einen unvergesslichen Aufenthalt.\" \/>\n<meta name=\"robots\" content=\"index, follow, max-snippet:-1, max-image-preview:large, max-video-preview:-1\" \/>\n<link rel=\"canonical\" href=\"https:\/\/www.dttrieste.com\/de\/hotel\/\" \/>\n<meta property=\"og:locale\" content=\"de_DE\" \/>\n<meta property=\"og:type\" content=\"article\" \/>\n<meta property=\"og:title\" content=\"Historisches 4-Sterne-Hotel in Triest | DoubleTree by Hilton Trieste\" \/>\n<meta property=\"og:description\" content=\"Das DoubleTree by Hilton Trieste, das in einem pr\u00e4chtigen historischen Geb\u00e4ude untergebracht ist, bietet Komfort und Serviceleistungen auf hohem Niveau. Erleben Sie einen unvergesslichen Aufenthalt.\" \/>\n<meta property=\"og:url\" content=\"https:\/\/www.dttrieste.com\/de\/hotel\/\" \/>\n<meta property=\"og:site_name\" content=\"DoubleTree by Hilton Trieste\" \/>\n<meta property=\"article:modified_time\" content=\"2026-04-15T10:03:59+00:00\" \/>\n<meta name=\"twitter:card\" content=\"summary_large_image\" \/>\n<meta name=\"twitter:label1\" content=\"Gesch\u00e4tzte Lesezeit\" \/>\n\t<meta name=\"twitter:data1\" content=\"1 Minute\" \/>\n<script type=\"application\/ld+json\" class=\"yoast-schema-graph\">{\"@context\":\"https:\/\/schema.org\",\"@graph\":[{\"@type\":\"WebPage\",\"@id\":\"https:\/\/www.dttrieste.com\/de\/hotel\/\",\"url\":\"https:\/\/www.dttrieste.com\/de\/hotel\/\",\"name\":\"Historisches 4-Sterne-Hotel in Triest | DoubleTree by Hilton Trieste\",\"isPartOf\":{\"@id\":\"https:\/\/www.dttrieste.com\/de\/#website\"},\"datePublished\":\"2021-10-19T15:08:51+00:00\",\"dateModified\":\"2026-04-15T10:03:59+00:00\",\"description\":\"Das DoubleTree by Hilton Trieste, das in einem pr\u00e4chtigen historischen Geb\u00e4ude untergebracht ist, bietet Komfort und Serviceleistungen auf hohem Niveau. Erleben Sie einen unvergesslichen Aufenthalt.\",\"breadcrumb\":{\"@id\":\"https:\/\/www.dttrieste.com\/de\/hotel\/#breadcrumb\"},\"inLanguage\":\"de-DE\",\"potentialAction\":[{\"@type\":\"ReadAction\",\"target\":[\"https:\/\/www.dttrieste.com\/de\/hotel\/\"]}]},{\"@type\":\"BreadcrumbList\",\"@id\":\"https:\/\/www.dttrieste.com\/de\/hotel\/#breadcrumb\",\"itemListElement\":[{\"@type\":\"ListItem\",\"position\":1,\"name\":\"Home\",\"item\":\"https:\/\/www.dttrieste.com\/de\/\"},{\"@type\":\"ListItem\",\"position\":2,\"name\":\"Hotel\"}]},{\"@type\":\"WebSite\",\"@id\":\"https:\/\/www.dttrieste.com\/de\/#website\",\"url\":\"https:\/\/www.dttrieste.com\/de\/\",\"name\":\"DoubleTree by Hilton Trieste\",\"description\":\"Just another ms.decms.eu site\",\"publisher\":{\"@id\":\"https:\/\/www.dttrieste.com\/de\/#organization\"},\"potentialAction\":[{\"@type\":\"SearchAction\",\"target\":{\"@type\":\"EntryPoint\",\"urlTemplate\":\"https:\/\/www.dttrieste.com\/de\/?s={search_term_string}\"},\"query-input\":{\"@type\":\"PropertyValueSpecification\",\"valueRequired\":true,\"valueName\":\"search_term_string\"}}],\"inLanguage\":\"de-DE\"},{\"@type\":\"Organization\",\"@id\":\"https:\/\/www.dttrieste.com\/de\/#organization\",\"name\":\"Hilton Trieste\",\"url\":\"https:\/\/www.dttrieste.com\/de\/\",\"logo\":{\"@type\":\"ImageObject\",\"inLanguage\":\"de-DE\",\"@id\":\"https:\/\/www.dttrieste.com\/de\/#\/schema\/logo\/image\/\",\"url\":\"https:\/\/www.dttrieste.com\/wp-content\/uploads\/sites\/326\/2021\/07\/DT_Vertical_Logo-black.png\",\"contentUrl\":\"https:\/\/www.dttrieste.com\/wp-content\/uploads\/sites\/326\/2021\/07\/DT_Vertical_Logo-black.png\",\"width\":1684,\"height\":1466,\"caption\":\"Hilton Trieste\"},\"image\":{\"@id\":\"https:\/\/www.dttrieste.com\/de\/#\/schema\/logo\/image\/\"}}]}<\/script>\n<!-- \/ Yoast SEO plugin. -->","yoast_head_json":{"title":"Historisches 4-Sterne-Hotel in Triest | DoubleTree by Hilton Trieste","description":"Das DoubleTree by Hilton Trieste, das in einem pr\u00e4chtigen historischen Geb\u00e4ude untergebracht ist, bietet Komfort und Serviceleistungen auf hohem Niveau. Erleben Sie einen unvergesslichen Aufenthalt.","robots":{"index":"index","follow":"follow","max-snippet":"max-snippet:-1","max-image-preview":"max-image-preview:large","max-video-preview":"max-video-preview:-1"},"canonical":"https:\/\/www.dttrieste.com\/de\/hotel\/","og_locale":"de_DE","og_type":"article","og_title":"Historisches 4-Sterne-Hotel in Triest | DoubleTree by Hilton Trieste","og_description":"Das DoubleTree by Hilton Trieste, das in einem pr\u00e4chtigen historischen Geb\u00e4ude untergebracht ist, bietet Komfort und Serviceleistungen auf hohem Niveau. Erleben Sie einen unvergesslichen Aufenthalt.","og_url":"https:\/\/www.dttrieste.com\/de\/hotel\/","og_site_name":"DoubleTree by Hilton Trieste","article_modified_time":"2026-04-15T10:03:59+00:00","twitter_card":"summary_large_image","twitter_misc":{"Gesch\u00e4tzte Lesezeit":"1 Minute"},"schema":{"@context":"https:\/\/schema.org","@graph":[{"@type":"WebPage","@id":"https:\/\/www.dttrieste.com\/de\/hotel\/","url":"https:\/\/www.dttrieste.com\/de\/hotel\/","name":"Historisches 4-Sterne-Hotel in Triest | DoubleTree by Hilton Trieste","isPartOf":{"@id":"https:\/\/www.dttrieste.com\/de\/#website"},"datePublished":"2021-10-19T15:08:51+00:00","dateModified":"2026-04-15T10:03:59+00:00","description":"Das DoubleTree by Hilton Trieste, das in einem pr\u00e4chtigen historischen Geb\u00e4ude untergebracht ist, bietet Komfort und Serviceleistungen auf hohem Niveau. Erleben Sie einen unvergesslichen Aufenthalt.","breadcrumb":{"@id":"https:\/\/www.dttrieste.com\/de\/hotel\/#breadcrumb"},"inLanguage":"de-DE","potentialAction":[{"@type":"ReadAction","target":["https:\/\/www.dttrieste.com\/de\/hotel\/"]}]},{"@type":"BreadcrumbList","@id":"https:\/\/www.dttrieste.com\/de\/hotel\/#breadcrumb","itemListElement":[{"@type":"ListItem","position":1,"name":"Home","item":"https:\/\/www.dttrieste.com\/de\/"},{"@type":"ListItem","position":2,"name":"Hotel"}]},{"@type":"WebSite","@id":"https:\/\/www.dttrieste.com\/de\/#website","url":"https:\/\/www.dttrieste.com\/de\/","name":"DoubleTree by Hilton Trieste","description":"Just another ms.decms.eu site","publisher":{"@id":"https:\/\/www.dttrieste.com\/de\/#organization"},"potentialAction":[{"@type":"SearchAction","target":{"@type":"EntryPoint","urlTemplate":"https:\/\/www.dttrieste.com\/de\/?s={search_term_string}"},"query-input":{"@type":"PropertyValueSpecification","valueRequired":true,"valueName":"search_term_string"}}],"inLanguage":"de-DE"},{"@type":"Organization","@id":"https:\/\/www.dttrieste.com\/de\/#organization","name":"Hilton Trieste","url":"https:\/\/www.dttrieste.com\/de\/","logo":{"@type":"ImageObject","inLanguage":"de-DE","@id":"https:\/\/www.dttrieste.com\/de\/#\/schema\/logo\/image\/","url":"https:\/\/www.dttrieste.com\/wp-content\/uploads\/sites\/326\/2021\/07\/DT_Vertical_Logo-black.png","contentUrl":"https:\/\/www.dttrieste.com\/wp-content\/uploads\/sites\/326\/2021\/07\/DT_Vertical_Logo-black.png","width":1684,"height":1466,"caption":"Hilton Trieste"},"image":{"@id":"https:\/\/www.dttrieste.com\/de\/#\/schema\/logo\/image\/"}}]}},"acf":[],"_links":{"self":[{"href":"https:\/\/www.dttrieste.com\/de\/wp-json\/wp\/v2\/pages\/370","targetHints":{"allow":["GET"]}}],"collection":[{"href":"https:\/\/www.dttrieste.com\/de\/wp-json\/wp\/v2\/pages"}],"about":[{"href":"https:\/\/www.dttrieste.com\/de\/wp-json\/wp\/v2\/types\/page"}],"author":[{"embeddable":true,"href":"https:\/\/www.dttrieste.com\/de\/wp-json\/wp\/v2\/users\/6"}],"replies":[{"embeddable":true,"href":"https:\/\/www.dttrieste.com\/de\/wp-json\/wp\/v2\/comments?post=370"}],"version-history":[{"count":0,"href":"https:\/\/www.dttrieste.com\/de\/wp-json\/wp\/v2\/pages\/370\/revisions"}],"wp:attachment":[{"href":"https:\/\/www.dttrieste.com\/de\/wp-json\/wp\/v2\/media?parent=370"}],"curies":[{"name":"wp","href":"https:\/\/api.w.org\/{rel}","templated":true}]}}