{"id":364,"date":"2021-10-19T15:18:13","date_gmt":"2021-10-19T15:18:13","guid":{"rendered":"https:\/\/hiltontrieste.ms.decms.eu\/camere-e-suite\/family-rooms\/"},"modified":"2022-04-07T14:23:24","modified_gmt":"2022-04-07T14:23:24","slug":"family-room","status":"publish","type":"page","link":"https:\/\/www.dttrieste.com\/de\/zimmer-und-suiten\/family-room\/","title":{"rendered":"Family Room"},"content":{"rendered":"<p>Zwei Deluxe-Zimmer werden durch eine <strong>Innent\u00fcr<\/strong> zu Familienzimmern, die miteinander verbunden werden k\u00f6nnen. <strong>Zwei gro\u00dfe R\u00e4ume<\/strong>, zwei B\u00e4der, zwei Schr\u00e4nke, zwei Fernseher: alles verdoppelt sich im Family Room, einschlie\u00dflich der Eleganz, um in absoluter Ruhe Ihren Aufenthalt mit Ihrer <strong>Familie<\/strong> in Triest zu teilen.<\/p>\n","protected":false},"excerpt":{"rendered":"<p>Zwei Deluxe-Zimmer werden durch eine Innent\u00fcr zu Familienzimmern, die miteinander verbunden werden k\u00f6nnen. Zwei gro\u00dfe R\u00e4ume, zwei B\u00e4der, zwei Schr\u00e4nke, zwei Fernseher: alles verdoppelt sich im Family Room, einschlie\u00dflich der Eleganz, um in absoluter Ruhe Ihren Aufenthalt mit Ihrer Familie in Triest zu teilen.<\/p>\n","protected":false},"author":6,"featured_media":0,"parent":335,"menu_order":33,"comment_status":"closed","ping_status":"closed","template":"template-single-room.php","meta":{"footnotes":""},"class_list":["post-364","page","type-page","status-publish","hentry"],"yoast_head":"<!-- This site is optimized with the Yoast SEO plugin v26.9 - https:\/\/yoast.com\/product\/yoast-seo-wordpress\/ -->\n<title>Zimmer mit Verbindungst\u00fcr f\u00fcr Familien | DoubleTree by Hilton Trieste<\/title>\n<meta name=\"description\" content=\"Unsere ger\u00e4umigen und modernen Family-Zimmer sind der ideale Ort f\u00fcr einen Familienurlaub in Triest, auch f\u00fcr einen l\u00e4ngeren Aufenthalt.\" \/>\n<meta name=\"robots\" content=\"index, follow, max-snippet:-1, max-image-preview:large, max-video-preview:-1\" \/>\n<link rel=\"canonical\" href=\"https:\/\/www.dttrieste.com\/de\/zimmer-und-suiten\/family-room\/\" \/>\n<meta property=\"og:locale\" content=\"de_DE\" \/>\n<meta property=\"og:type\" content=\"article\" \/>\n<meta property=\"og:title\" content=\"Zimmer mit Verbindungst\u00fcr f\u00fcr Familien | DoubleTree by Hilton Trieste\" \/>\n<meta property=\"og:description\" content=\"Unsere ger\u00e4umigen und modernen Family-Zimmer sind der ideale Ort f\u00fcr einen Familienurlaub in Triest, auch f\u00fcr einen l\u00e4ngeren Aufenthalt.\" \/>\n<meta property=\"og:url\" content=\"https:\/\/www.dttrieste.com\/de\/zimmer-und-suiten\/family-room\/\" \/>\n<meta property=\"og:site_name\" content=\"DoubleTree by Hilton Trieste\" \/>\n<meta property=\"article:modified_time\" content=\"2022-04-07T14:23:24+00:00\" \/>\n<meta name=\"twitter:card\" content=\"summary_large_image\" \/>\n<meta name=\"twitter:label1\" content=\"Gesch\u00e4tzte Lesezeit\" \/>\n\t<meta name=\"twitter:data1\" content=\"1 Minute\" \/>\n<script type=\"application\/ld+json\" class=\"yoast-schema-graph\">{\"@context\":\"https:\/\/schema.org\",\"@graph\":[{\"@type\":\"WebPage\",\"@id\":\"https:\/\/www.dttrieste.com\/de\/zimmer-und-suiten\/family-room\/\",\"url\":\"https:\/\/www.dttrieste.com\/de\/zimmer-und-suiten\/family-room\/\",\"name\":\"Zimmer mit Verbindungst\u00fcr f\u00fcr Familien | DoubleTree by Hilton Trieste\",\"isPartOf\":{\"@id\":\"https:\/\/www.dttrieste.com\/de\/#website\"},\"datePublished\":\"2021-10-19T15:18:13+00:00\",\"dateModified\":\"2022-04-07T14:23:24+00:00\",\"description\":\"Unsere ger\u00e4umigen und modernen Family-Zimmer sind der ideale Ort f\u00fcr einen Familienurlaub in Triest, auch f\u00fcr einen l\u00e4ngeren Aufenthalt.\",\"breadcrumb\":{\"@id\":\"https:\/\/www.dttrieste.com\/de\/zimmer-und-suiten\/family-room\/#breadcrumb\"},\"inLanguage\":\"de-DE\",\"potentialAction\":[{\"@type\":\"ReadAction\",\"target\":[\"https:\/\/www.dttrieste.com\/de\/zimmer-und-suiten\/family-room\/\"]}]},{\"@type\":\"BreadcrumbList\",\"@id\":\"https:\/\/www.dttrieste.com\/de\/zimmer-und-suiten\/family-room\/#breadcrumb\",\"itemListElement\":[{\"@type\":\"ListItem\",\"position\":1,\"name\":\"Home\",\"item\":\"https:\/\/www.dttrieste.com\/de\/\"},{\"@type\":\"ListItem\",\"position\":2,\"name\":\"Zimmer &amp; Suiten\",\"item\":\"https:\/\/www.dttrieste.com\/de\/zimmer-und-suiten\/\"},{\"@type\":\"ListItem\",\"position\":3,\"name\":\"Family Room\"}]},{\"@type\":\"WebSite\",\"@id\":\"https:\/\/www.dttrieste.com\/de\/#website\",\"url\":\"https:\/\/www.dttrieste.com\/de\/\",\"name\":\"DoubleTree by Hilton Trieste\",\"description\":\"Just another ms.decms.eu site\",\"publisher\":{\"@id\":\"https:\/\/www.dttrieste.com\/de\/#organization\"},\"potentialAction\":[{\"@type\":\"SearchAction\",\"target\":{\"@type\":\"EntryPoint\",\"urlTemplate\":\"https:\/\/www.dttrieste.com\/de\/?s={search_term_string}\"},\"query-input\":{\"@type\":\"PropertyValueSpecification\",\"valueRequired\":true,\"valueName\":\"search_term_string\"}}],\"inLanguage\":\"de-DE\"},{\"@type\":\"Organization\",\"@id\":\"https:\/\/www.dttrieste.com\/de\/#organization\",\"name\":\"Hilton Trieste\",\"url\":\"https:\/\/www.dttrieste.com\/de\/\",\"logo\":{\"@type\":\"ImageObject\",\"inLanguage\":\"de-DE\",\"@id\":\"https:\/\/www.dttrieste.com\/de\/#\/schema\/logo\/image\/\",\"url\":\"https:\/\/www.dttrieste.com\/wp-content\/uploads\/sites\/326\/2021\/07\/DT_Vertical_Logo-black.png\",\"contentUrl\":\"https:\/\/www.dttrieste.com\/wp-content\/uploads\/sites\/326\/2021\/07\/DT_Vertical_Logo-black.png\",\"width\":1684,\"height\":1466,\"caption\":\"Hilton Trieste\"},\"image\":{\"@id\":\"https:\/\/www.dttrieste.com\/de\/#\/schema\/logo\/image\/\"}}]}<\/script>\n<!-- \/ Yoast SEO plugin. -->","yoast_head_json":{"title":"Zimmer mit Verbindungst\u00fcr f\u00fcr Familien | DoubleTree by Hilton Trieste","description":"Unsere ger\u00e4umigen und modernen Family-Zimmer sind der ideale Ort f\u00fcr einen Familienurlaub in Triest, auch f\u00fcr einen l\u00e4ngeren Aufenthalt.","robots":{"index":"index","follow":"follow","max-snippet":"max-snippet:-1","max-image-preview":"max-image-preview:large","max-video-preview":"max-video-preview:-1"},"canonical":"https:\/\/www.dttrieste.com\/de\/zimmer-und-suiten\/family-room\/","og_locale":"de_DE","og_type":"article","og_title":"Zimmer mit Verbindungst\u00fcr f\u00fcr Familien | DoubleTree by Hilton Trieste","og_description":"Unsere ger\u00e4umigen und modernen Family-Zimmer sind der ideale Ort f\u00fcr einen Familienurlaub in Triest, auch f\u00fcr einen l\u00e4ngeren Aufenthalt.","og_url":"https:\/\/www.dttrieste.com\/de\/zimmer-und-suiten\/family-room\/","og_site_name":"DoubleTree by Hilton Trieste","article_modified_time":"2022-04-07T14:23:24+00:00","twitter_card":"summary_large_image","twitter_misc":{"Gesch\u00e4tzte Lesezeit":"1 Minute"},"schema":{"@context":"https:\/\/schema.org","@graph":[{"@type":"WebPage","@id":"https:\/\/www.dttrieste.com\/de\/zimmer-und-suiten\/family-room\/","url":"https:\/\/www.dttrieste.com\/de\/zimmer-und-suiten\/family-room\/","name":"Zimmer mit Verbindungst\u00fcr f\u00fcr Familien | DoubleTree by Hilton Trieste","isPartOf":{"@id":"https:\/\/www.dttrieste.com\/de\/#website"},"datePublished":"2021-10-19T15:18:13+00:00","dateModified":"2022-04-07T14:23:24+00:00","description":"Unsere ger\u00e4umigen und modernen Family-Zimmer sind der ideale Ort f\u00fcr einen Familienurlaub in Triest, auch f\u00fcr einen l\u00e4ngeren Aufenthalt.","breadcrumb":{"@id":"https:\/\/www.dttrieste.com\/de\/zimmer-und-suiten\/family-room\/#breadcrumb"},"inLanguage":"de-DE","potentialAction":[{"@type":"ReadAction","target":["https:\/\/www.dttrieste.com\/de\/zimmer-und-suiten\/family-room\/"]}]},{"@type":"BreadcrumbList","@id":"https:\/\/www.dttrieste.com\/de\/zimmer-und-suiten\/family-room\/#breadcrumb","itemListElement":[{"@type":"ListItem","position":1,"name":"Home","item":"https:\/\/www.dttrieste.com\/de\/"},{"@type":"ListItem","position":2,"name":"Zimmer &amp; Suiten","item":"https:\/\/www.dttrieste.com\/de\/zimmer-und-suiten\/"},{"@type":"ListItem","position":3,"name":"Family Room"}]},{"@type":"WebSite","@id":"https:\/\/www.dttrieste.com\/de\/#website","url":"https:\/\/www.dttrieste.com\/de\/","name":"DoubleTree by Hilton Trieste","description":"Just another ms.decms.eu site","publisher":{"@id":"https:\/\/www.dttrieste.com\/de\/#organization"},"potentialAction":[{"@type":"SearchAction","target":{"@type":"EntryPoint","urlTemplate":"https:\/\/www.dttrieste.com\/de\/?s={search_term_string}"},"query-input":{"@type":"PropertyValueSpecification","valueRequired":true,"valueName":"search_term_string"}}],"inLanguage":"de-DE"},{"@type":"Organization","@id":"https:\/\/www.dttrieste.com\/de\/#organization","name":"Hilton Trieste","url":"https:\/\/www.dttrieste.com\/de\/","logo":{"@type":"ImageObject","inLanguage":"de-DE","@id":"https:\/\/www.dttrieste.com\/de\/#\/schema\/logo\/image\/","url":"https:\/\/www.dttrieste.com\/wp-content\/uploads\/sites\/326\/2021\/07\/DT_Vertical_Logo-black.png","contentUrl":"https:\/\/www.dttrieste.com\/wp-content\/uploads\/sites\/326\/2021\/07\/DT_Vertical_Logo-black.png","width":1684,"height":1466,"caption":"Hilton Trieste"},"image":{"@id":"https:\/\/www.dttrieste.com\/de\/#\/schema\/logo\/image\/"}}]}},"acf":[],"_links":{"self":[{"href":"https:\/\/www.dttrieste.com\/de\/wp-json\/wp\/v2\/pages\/364","targetHints":{"allow":["GET"]}}],"collection":[{"href":"https:\/\/www.dttrieste.com\/de\/wp-json\/wp\/v2\/pages"}],"about":[{"href":"https:\/\/www.dttrieste.com\/de\/wp-json\/wp\/v2\/types\/page"}],"author":[{"embeddable":true,"href":"https:\/\/www.dttrieste.com\/de\/wp-json\/wp\/v2\/users\/6"}],"replies":[{"embeddable":true,"href":"https:\/\/www.dttrieste.com\/de\/wp-json\/wp\/v2\/comments?post=364"}],"version-history":[{"count":0,"href":"https:\/\/www.dttrieste.com\/de\/wp-json\/wp\/v2\/pages\/364\/revisions"}],"up":[{"embeddable":true,"href":"https:\/\/www.dttrieste.com\/de\/wp-json\/wp\/v2\/pages\/335"}],"wp:attachment":[{"href":"https:\/\/www.dttrieste.com\/de\/wp-json\/wp\/v2\/media?parent=364"}],"curies":[{"name":"wp","href":"https:\/\/api.w.org\/{rel}","templated":true}]}}