{"id":361,"date":"2021-10-19T15:17:47","date_gmt":"2021-10-19T15:17:47","guid":{"rendered":"https:\/\/hiltontrieste.ms.decms.eu\/camere-e-suite\/presidential-suite\/"},"modified":"2025-07-17T13:12:17","modified_gmt":"2025-07-17T13:12:17","slug":"presidential-suite","status":"publish","type":"page","link":"https:\/\/www.dttrieste.com\/de\/zimmer-und-suiten\/suites\/presidential-suite\/","title":{"rendered":"Presidential Suite"},"content":{"rendered":"<p>Die Presidential Suite bietet Luxus und Charme f\u00fcr einen <strong>besonderen Aufenthalt<\/strong> in Triest. Mit ihren 90 Quadratmetern ist sie die gr\u00f6\u00dfte Suite des Hotels. Sie ist f\u00fcr G\u00e4ste gedacht, die <strong>viel Platz und Privatsph\u00e4re <\/strong>bevorzugen, die die <strong>Freiheit<\/strong> haben m\u00f6chten, ihr Mittag- oder Abendessen auf dem Zimmer einzunehmen, und die ihre Lieblingsserien und Nachrichten dank der beiden HD-Fernsehger\u00e4te, eines im Zimmer und eines im Salon, genie\u00dfen m\u00f6chten. Die Suite blickt von zwei Seiten auf die Stra\u00dfen des historischen Zentrums von Triest, dank der <strong>gro\u00dfen Fenster<\/strong>, die den ganzen Tag \u00fcber nat\u00fcrliches Licht einlassen. Originale Dekorationen und Fu\u00dfb\u00f6den aus der \u00f6sterreichisch-ungarischen \u00c4ra werden mit <strong>eleganten und funktionalen zeitgen\u00f6ssischen M\u00f6beln<\/strong> kombiniert. Das Leben zwischen Geschichte und zeitgen\u00f6ssischem Luxus ist das exklusive Privileg, das die Presidential Suite bietet. Es hei\u00dft, dass die Suite urspr\u00fcnglich der pr\u00e4chtige Ballsaal des Geb\u00e4udes war: Man kann noch immer die Schuhabdr\u00fccke sehen, die bei den T\u00e4nzen auf dem Parkettboden von damals hinterlassen wurden.<\/p>\n","protected":false},"excerpt":{"rendered":"<p>Die Presidential Suite bietet Luxus und Charme f\u00fcr einen besonderen Aufenthalt in Triest. Mit ihren 90 Quadratmetern ist sie die gr\u00f6\u00dfte Suite des Hotels. Sie ist f\u00fcr G\u00e4ste gedacht, die viel Platz und Privatsph\u00e4re bevorzugen, die die Freiheit haben m\u00f6chten, ihr Mittag- oder Abendessen auf dem Zimmer einzunehmen, und die ihre Lieblingsserien und Nachrichten dank [&hellip;]<\/p>\n","protected":false},"author":6,"featured_media":0,"parent":1213,"menu_order":32,"comment_status":"closed","ping_status":"closed","template":"template-single-room.php","meta":{"footnotes":""},"class_list":["post-361","page","type-page","status-publish","hentry"],"yoast_head":"<!-- This site is optimized with the Yoast SEO plugin v26.9 - https:\/\/yoast.com\/product\/yoast-seo-wordpress\/ -->\n<title>Presidential Suite Panorama | DoubleTree by Hilton Trieste<\/title>\n<meta name=\"description\" content=\"Die Presidential Suite empf\u00e4ngt Sie im Schlafbereich mit einem Kingsize-Bett und im ger\u00e4umigen Wohnzimmer mit einem gro\u00dfen Sofa. Entspannen Sie sich bei einer beeindruckenden Aussicht auf die Stadt.\" \/>\n<meta name=\"robots\" content=\"index, follow, max-snippet:-1, max-image-preview:large, max-video-preview:-1\" \/>\n<link rel=\"canonical\" href=\"https:\/\/www.dttrieste.com\/de\/zimmer-und-suiten\/suites\/presidential-suite\/\" \/>\n<meta property=\"og:locale\" content=\"de_DE\" \/>\n<meta property=\"og:type\" content=\"article\" \/>\n<meta property=\"og:title\" content=\"Presidential Suite Panorama | DoubleTree by Hilton Trieste\" \/>\n<meta property=\"og:description\" content=\"Die Presidential Suite empf\u00e4ngt Sie im Schlafbereich mit einem Kingsize-Bett und im ger\u00e4umigen Wohnzimmer mit einem gro\u00dfen Sofa. Entspannen Sie sich bei einer beeindruckenden Aussicht auf die Stadt.\" \/>\n<meta property=\"og:url\" content=\"https:\/\/www.dttrieste.com\/de\/zimmer-und-suiten\/suites\/presidential-suite\/\" \/>\n<meta property=\"og:site_name\" content=\"DoubleTree by Hilton Trieste\" \/>\n<meta property=\"article:modified_time\" content=\"2025-07-17T13:12:17+00:00\" \/>\n<meta name=\"twitter:card\" content=\"summary_large_image\" \/>\n<meta name=\"twitter:label1\" content=\"Gesch\u00e4tzte Lesezeit\" \/>\n\t<meta name=\"twitter:data1\" content=\"1 Minute\" \/>\n<script type=\"application\/ld+json\" class=\"yoast-schema-graph\">{\"@context\":\"https:\/\/schema.org\",\"@graph\":[{\"@type\":\"WebPage\",\"@id\":\"https:\/\/www.dttrieste.com\/de\/zimmer-und-suiten\/suites\/presidential-suite\/\",\"url\":\"https:\/\/www.dttrieste.com\/de\/zimmer-und-suiten\/suites\/presidential-suite\/\",\"name\":\"Presidential Suite Panorama | DoubleTree by Hilton Trieste\",\"isPartOf\":{\"@id\":\"https:\/\/www.dttrieste.com\/de\/#website\"},\"datePublished\":\"2021-10-19T15:17:47+00:00\",\"dateModified\":\"2025-07-17T13:12:17+00:00\",\"description\":\"Die Presidential Suite empf\u00e4ngt Sie im Schlafbereich mit einem Kingsize-Bett und im ger\u00e4umigen Wohnzimmer mit einem gro\u00dfen Sofa. Entspannen Sie sich bei einer beeindruckenden Aussicht auf die Stadt.\",\"breadcrumb\":{\"@id\":\"https:\/\/www.dttrieste.com\/de\/zimmer-und-suiten\/suites\/presidential-suite\/#breadcrumb\"},\"inLanguage\":\"de-DE\",\"potentialAction\":[{\"@type\":\"ReadAction\",\"target\":[\"https:\/\/www.dttrieste.com\/de\/zimmer-und-suiten\/suites\/presidential-suite\/\"]}]},{\"@type\":\"BreadcrumbList\",\"@id\":\"https:\/\/www.dttrieste.com\/de\/zimmer-und-suiten\/suites\/presidential-suite\/#breadcrumb\",\"itemListElement\":[{\"@type\":\"ListItem\",\"position\":1,\"name\":\"Home\",\"item\":\"https:\/\/www.dttrieste.com\/de\/\"},{\"@type\":\"ListItem\",\"position\":2,\"name\":\"Zimmer &amp; Suiten\",\"item\":\"https:\/\/www.dttrieste.com\/de\/zimmer-und-suiten\/\"},{\"@type\":\"ListItem\",\"position\":3,\"name\":\"Suite\",\"item\":\"https:\/\/www.dttrieste.com\/de\/zimmer-und-suiten\/suites\/\"},{\"@type\":\"ListItem\",\"position\":4,\"name\":\"Presidential Suite\"}]},{\"@type\":\"WebSite\",\"@id\":\"https:\/\/www.dttrieste.com\/de\/#website\",\"url\":\"https:\/\/www.dttrieste.com\/de\/\",\"name\":\"DoubleTree by Hilton Trieste\",\"description\":\"Just another ms.decms.eu site\",\"publisher\":{\"@id\":\"https:\/\/www.dttrieste.com\/de\/#organization\"},\"potentialAction\":[{\"@type\":\"SearchAction\",\"target\":{\"@type\":\"EntryPoint\",\"urlTemplate\":\"https:\/\/www.dttrieste.com\/de\/?s={search_term_string}\"},\"query-input\":{\"@type\":\"PropertyValueSpecification\",\"valueRequired\":true,\"valueName\":\"search_term_string\"}}],\"inLanguage\":\"de-DE\"},{\"@type\":\"Organization\",\"@id\":\"https:\/\/www.dttrieste.com\/de\/#organization\",\"name\":\"Hilton Trieste\",\"url\":\"https:\/\/www.dttrieste.com\/de\/\",\"logo\":{\"@type\":\"ImageObject\",\"inLanguage\":\"de-DE\",\"@id\":\"https:\/\/www.dttrieste.com\/de\/#\/schema\/logo\/image\/\",\"url\":\"https:\/\/www.dttrieste.com\/wp-content\/uploads\/sites\/326\/2021\/07\/DT_Vertical_Logo-black.png\",\"contentUrl\":\"https:\/\/www.dttrieste.com\/wp-content\/uploads\/sites\/326\/2021\/07\/DT_Vertical_Logo-black.png\",\"width\":1684,\"height\":1466,\"caption\":\"Hilton Trieste\"},\"image\":{\"@id\":\"https:\/\/www.dttrieste.com\/de\/#\/schema\/logo\/image\/\"}}]}<\/script>\n<!-- \/ Yoast SEO plugin. -->","yoast_head_json":{"title":"Presidential Suite Panorama | DoubleTree by Hilton Trieste","description":"Die Presidential Suite empf\u00e4ngt Sie im Schlafbereich mit einem Kingsize-Bett und im ger\u00e4umigen Wohnzimmer mit einem gro\u00dfen Sofa. Entspannen Sie sich bei einer beeindruckenden Aussicht auf die Stadt.","robots":{"index":"index","follow":"follow","max-snippet":"max-snippet:-1","max-image-preview":"max-image-preview:large","max-video-preview":"max-video-preview:-1"},"canonical":"https:\/\/www.dttrieste.com\/de\/zimmer-und-suiten\/suites\/presidential-suite\/","og_locale":"de_DE","og_type":"article","og_title":"Presidential Suite Panorama | DoubleTree by Hilton Trieste","og_description":"Die Presidential Suite empf\u00e4ngt Sie im Schlafbereich mit einem Kingsize-Bett und im ger\u00e4umigen Wohnzimmer mit einem gro\u00dfen Sofa. Entspannen Sie sich bei einer beeindruckenden Aussicht auf die Stadt.","og_url":"https:\/\/www.dttrieste.com\/de\/zimmer-und-suiten\/suites\/presidential-suite\/","og_site_name":"DoubleTree by Hilton Trieste","article_modified_time":"2025-07-17T13:12:17+00:00","twitter_card":"summary_large_image","twitter_misc":{"Gesch\u00e4tzte Lesezeit":"1 Minute"},"schema":{"@context":"https:\/\/schema.org","@graph":[{"@type":"WebPage","@id":"https:\/\/www.dttrieste.com\/de\/zimmer-und-suiten\/suites\/presidential-suite\/","url":"https:\/\/www.dttrieste.com\/de\/zimmer-und-suiten\/suites\/presidential-suite\/","name":"Presidential Suite Panorama | DoubleTree by Hilton Trieste","isPartOf":{"@id":"https:\/\/www.dttrieste.com\/de\/#website"},"datePublished":"2021-10-19T15:17:47+00:00","dateModified":"2025-07-17T13:12:17+00:00","description":"Die Presidential Suite empf\u00e4ngt Sie im Schlafbereich mit einem Kingsize-Bett und im ger\u00e4umigen Wohnzimmer mit einem gro\u00dfen Sofa. Entspannen Sie sich bei einer beeindruckenden Aussicht auf die Stadt.","breadcrumb":{"@id":"https:\/\/www.dttrieste.com\/de\/zimmer-und-suiten\/suites\/presidential-suite\/#breadcrumb"},"inLanguage":"de-DE","potentialAction":[{"@type":"ReadAction","target":["https:\/\/www.dttrieste.com\/de\/zimmer-und-suiten\/suites\/presidential-suite\/"]}]},{"@type":"BreadcrumbList","@id":"https:\/\/www.dttrieste.com\/de\/zimmer-und-suiten\/suites\/presidential-suite\/#breadcrumb","itemListElement":[{"@type":"ListItem","position":1,"name":"Home","item":"https:\/\/www.dttrieste.com\/de\/"},{"@type":"ListItem","position":2,"name":"Zimmer &amp; Suiten","item":"https:\/\/www.dttrieste.com\/de\/zimmer-und-suiten\/"},{"@type":"ListItem","position":3,"name":"Suite","item":"https:\/\/www.dttrieste.com\/de\/zimmer-und-suiten\/suites\/"},{"@type":"ListItem","position":4,"name":"Presidential Suite"}]},{"@type":"WebSite","@id":"https:\/\/www.dttrieste.com\/de\/#website","url":"https:\/\/www.dttrieste.com\/de\/","name":"DoubleTree by Hilton Trieste","description":"Just another ms.decms.eu site","publisher":{"@id":"https:\/\/www.dttrieste.com\/de\/#organization"},"potentialAction":[{"@type":"SearchAction","target":{"@type":"EntryPoint","urlTemplate":"https:\/\/www.dttrieste.com\/de\/?s={search_term_string}"},"query-input":{"@type":"PropertyValueSpecification","valueRequired":true,"valueName":"search_term_string"}}],"inLanguage":"de-DE"},{"@type":"Organization","@id":"https:\/\/www.dttrieste.com\/de\/#organization","name":"Hilton Trieste","url":"https:\/\/www.dttrieste.com\/de\/","logo":{"@type":"ImageObject","inLanguage":"de-DE","@id":"https:\/\/www.dttrieste.com\/de\/#\/schema\/logo\/image\/","url":"https:\/\/www.dttrieste.com\/wp-content\/uploads\/sites\/326\/2021\/07\/DT_Vertical_Logo-black.png","contentUrl":"https:\/\/www.dttrieste.com\/wp-content\/uploads\/sites\/326\/2021\/07\/DT_Vertical_Logo-black.png","width":1684,"height":1466,"caption":"Hilton Trieste"},"image":{"@id":"https:\/\/www.dttrieste.com\/de\/#\/schema\/logo\/image\/"}}]}},"acf":[],"_links":{"self":[{"href":"https:\/\/www.dttrieste.com\/de\/wp-json\/wp\/v2\/pages\/361","targetHints":{"allow":["GET"]}}],"collection":[{"href":"https:\/\/www.dttrieste.com\/de\/wp-json\/wp\/v2\/pages"}],"about":[{"href":"https:\/\/www.dttrieste.com\/de\/wp-json\/wp\/v2\/types\/page"}],"author":[{"embeddable":true,"href":"https:\/\/www.dttrieste.com\/de\/wp-json\/wp\/v2\/users\/6"}],"replies":[{"embeddable":true,"href":"https:\/\/www.dttrieste.com\/de\/wp-json\/wp\/v2\/comments?post=361"}],"version-history":[{"count":0,"href":"https:\/\/www.dttrieste.com\/de\/wp-json\/wp\/v2\/pages\/361\/revisions"}],"up":[{"embeddable":true,"href":"https:\/\/www.dttrieste.com\/de\/wp-json\/wp\/v2\/pages\/1213"}],"wp:attachment":[{"href":"https:\/\/www.dttrieste.com\/de\/wp-json\/wp\/v2\/media?parent=361"}],"curies":[{"name":"wp","href":"https:\/\/api.w.org\/{rel}","templated":true}]}}