{"id":353,"date":"2021-10-19T15:15:31","date_gmt":"2021-10-19T15:15:31","guid":{"rendered":"https:\/\/hiltontrieste.ms.decms.eu\/two-bedroom-suite\/"},"modified":"2022-04-07T13:49:42","modified_gmt":"2022-04-07T13:49:42","slug":"two-bedroom-suite","status":"publish","type":"page","link":"https:\/\/www.dttrieste.com\/de\/zimmer-und-suiten\/suites\/two-bedroom-suite\/","title":{"rendered":"Two Bedroom Suite"},"content":{"rendered":"<p>Das Vergn\u00fcgen, Ihren Aufenthalt in Triest zu teilen, ohne auf Ihre Privatsph\u00e4re zu verzichten: Die <strong>Zwei-Zimmer-Suite<\/strong> verf\u00fcgt \u00fcber zwei Schlafzimmer, ein Badezimmer und ein Wohnzimmer, einen angenehmen Gemeinschaftsraum, in dem Sie sich <strong>entspannen<\/strong> und die <strong>Emotionen<\/strong> Ihres Tages in Triest<strong> teilen k\u00f6nnen<\/strong>. Es ist die Suite f\u00fcr diejenigen, die L\u00f6sungen mit <strong>unabh\u00e4ngigen R\u00e4umen m\u00f6gen<\/strong>. Ausgestattet mit Kingsize-Bett oder getrennten Betten.<\/p>\n","protected":false},"excerpt":{"rendered":"<p>Das Vergn\u00fcgen, Ihren Aufenthalt in Triest zu teilen, ohne auf Ihre Privatsph\u00e4re zu verzichten: Die Zwei-Zimmer-Suite verf\u00fcgt \u00fcber zwei Schlafzimmer, ein Badezimmer und ein Wohnzimmer, einen angenehmen Gemeinschaftsraum, in dem Sie sich entspannen und die Emotionen Ihres Tages in Triest teilen k\u00f6nnen. Es ist die Suite f\u00fcr diejenigen, die L\u00f6sungen mit unabh\u00e4ngigen R\u00e4umen m\u00f6gen. Ausgestattet [&hellip;]<\/p>\n","protected":false},"author":6,"featured_media":0,"parent":1213,"menu_order":29,"comment_status":"closed","ping_status":"closed","template":"template-single-room.php","meta":{"footnotes":""},"class_list":["post-353","page","type-page","status-publish","hentry"],"yoast_head":"<!-- This site is optimized with the Yoast SEO plugin v26.9 - https:\/\/yoast.com\/product\/yoast-seo-wordpress\/ -->\n<title>King Two Bedroom Suite mit Kingsize-Bett | Hilton Trieste<\/title>\n<meta name=\"description\" content=\"Die King Two Bedroom Suite besticht durch ihre 77 Quadratmeter mit au\u00dfergew\u00f6hnlichen historischen Details. Genie\u00dfen Sie das ger\u00e4umige Zimmer und den Wohnbereich mit bequemem Sofa.\" \/>\n<meta name=\"robots\" content=\"index, follow, max-snippet:-1, max-image-preview:large, max-video-preview:-1\" \/>\n<link rel=\"canonical\" href=\"https:\/\/www.dttrieste.com\/de\/zimmer-und-suiten\/suites\/two-bedroom-suite\/\" \/>\n<meta property=\"og:locale\" content=\"de_DE\" \/>\n<meta property=\"og:type\" content=\"article\" \/>\n<meta property=\"og:title\" content=\"King Two Bedroom Suite mit Kingsize-Bett | Hilton Trieste\" \/>\n<meta property=\"og:description\" content=\"Die King Two Bedroom Suite besticht durch ihre 77 Quadratmeter mit au\u00dfergew\u00f6hnlichen historischen Details. Genie\u00dfen Sie das ger\u00e4umige Zimmer und den Wohnbereich mit bequemem Sofa.\" \/>\n<meta property=\"og:url\" content=\"https:\/\/www.dttrieste.com\/de\/zimmer-und-suiten\/suites\/two-bedroom-suite\/\" \/>\n<meta property=\"og:site_name\" content=\"DoubleTree by Hilton Trieste\" \/>\n<meta property=\"article:modified_time\" content=\"2022-04-07T13:49:42+00:00\" \/>\n<meta name=\"twitter:card\" content=\"summary_large_image\" \/>\n<meta name=\"twitter:label1\" content=\"Gesch\u00e4tzte Lesezeit\" \/>\n\t<meta name=\"twitter:data1\" content=\"1 Minute\" \/>\n<script type=\"application\/ld+json\" class=\"yoast-schema-graph\">{\"@context\":\"https:\/\/schema.org\",\"@graph\":[{\"@type\":\"WebPage\",\"@id\":\"https:\/\/www.dttrieste.com\/de\/zimmer-und-suiten\/suites\/two-bedroom-suite\/\",\"url\":\"https:\/\/www.dttrieste.com\/de\/zimmer-und-suiten\/suites\/two-bedroom-suite\/\",\"name\":\"King Two Bedroom Suite mit Kingsize-Bett | Hilton Trieste\",\"isPartOf\":{\"@id\":\"https:\/\/www.dttrieste.com\/de\/#website\"},\"datePublished\":\"2021-10-19T15:15:31+00:00\",\"dateModified\":\"2022-04-07T13:49:42+00:00\",\"description\":\"Die King Two Bedroom Suite besticht durch ihre 77 Quadratmeter mit au\u00dfergew\u00f6hnlichen historischen Details. Genie\u00dfen Sie das ger\u00e4umige Zimmer und den Wohnbereich mit bequemem Sofa.\",\"breadcrumb\":{\"@id\":\"https:\/\/www.dttrieste.com\/de\/zimmer-und-suiten\/suites\/two-bedroom-suite\/#breadcrumb\"},\"inLanguage\":\"de-DE\",\"potentialAction\":[{\"@type\":\"ReadAction\",\"target\":[\"https:\/\/www.dttrieste.com\/de\/zimmer-und-suiten\/suites\/two-bedroom-suite\/\"]}]},{\"@type\":\"BreadcrumbList\",\"@id\":\"https:\/\/www.dttrieste.com\/de\/zimmer-und-suiten\/suites\/two-bedroom-suite\/#breadcrumb\",\"itemListElement\":[{\"@type\":\"ListItem\",\"position\":1,\"name\":\"Home\",\"item\":\"https:\/\/www.dttrieste.com\/de\/\"},{\"@type\":\"ListItem\",\"position\":2,\"name\":\"Zimmer &amp; Suiten\",\"item\":\"https:\/\/www.dttrieste.com\/de\/zimmer-und-suiten\/\"},{\"@type\":\"ListItem\",\"position\":3,\"name\":\"Suite\",\"item\":\"https:\/\/www.dttrieste.com\/de\/zimmer-und-suiten\/suites\/\"},{\"@type\":\"ListItem\",\"position\":4,\"name\":\"Two Bedroom Suite\"}]},{\"@type\":\"WebSite\",\"@id\":\"https:\/\/www.dttrieste.com\/de\/#website\",\"url\":\"https:\/\/www.dttrieste.com\/de\/\",\"name\":\"DoubleTree by Hilton Trieste\",\"description\":\"Just another ms.decms.eu site\",\"publisher\":{\"@id\":\"https:\/\/www.dttrieste.com\/de\/#organization\"},\"potentialAction\":[{\"@type\":\"SearchAction\",\"target\":{\"@type\":\"EntryPoint\",\"urlTemplate\":\"https:\/\/www.dttrieste.com\/de\/?s={search_term_string}\"},\"query-input\":{\"@type\":\"PropertyValueSpecification\",\"valueRequired\":true,\"valueName\":\"search_term_string\"}}],\"inLanguage\":\"de-DE\"},{\"@type\":\"Organization\",\"@id\":\"https:\/\/www.dttrieste.com\/de\/#organization\",\"name\":\"Hilton Trieste\",\"url\":\"https:\/\/www.dttrieste.com\/de\/\",\"logo\":{\"@type\":\"ImageObject\",\"inLanguage\":\"de-DE\",\"@id\":\"https:\/\/www.dttrieste.com\/de\/#\/schema\/logo\/image\/\",\"url\":\"https:\/\/www.dttrieste.com\/wp-content\/uploads\/sites\/326\/2021\/07\/DT_Vertical_Logo-black.png\",\"contentUrl\":\"https:\/\/www.dttrieste.com\/wp-content\/uploads\/sites\/326\/2021\/07\/DT_Vertical_Logo-black.png\",\"width\":1684,\"height\":1466,\"caption\":\"Hilton Trieste\"},\"image\":{\"@id\":\"https:\/\/www.dttrieste.com\/de\/#\/schema\/logo\/image\/\"}}]}<\/script>\n<!-- \/ Yoast SEO plugin. -->","yoast_head_json":{"title":"King Two Bedroom Suite mit Kingsize-Bett | Hilton Trieste","description":"Die King Two Bedroom Suite besticht durch ihre 77 Quadratmeter mit au\u00dfergew\u00f6hnlichen historischen Details. Genie\u00dfen Sie das ger\u00e4umige Zimmer und den Wohnbereich mit bequemem Sofa.","robots":{"index":"index","follow":"follow","max-snippet":"max-snippet:-1","max-image-preview":"max-image-preview:large","max-video-preview":"max-video-preview:-1"},"canonical":"https:\/\/www.dttrieste.com\/de\/zimmer-und-suiten\/suites\/two-bedroom-suite\/","og_locale":"de_DE","og_type":"article","og_title":"King Two Bedroom Suite mit Kingsize-Bett | Hilton Trieste","og_description":"Die King Two Bedroom Suite besticht durch ihre 77 Quadratmeter mit au\u00dfergew\u00f6hnlichen historischen Details. Genie\u00dfen Sie das ger\u00e4umige Zimmer und den Wohnbereich mit bequemem Sofa.","og_url":"https:\/\/www.dttrieste.com\/de\/zimmer-und-suiten\/suites\/two-bedroom-suite\/","og_site_name":"DoubleTree by Hilton Trieste","article_modified_time":"2022-04-07T13:49:42+00:00","twitter_card":"summary_large_image","twitter_misc":{"Gesch\u00e4tzte Lesezeit":"1 Minute"},"schema":{"@context":"https:\/\/schema.org","@graph":[{"@type":"WebPage","@id":"https:\/\/www.dttrieste.com\/de\/zimmer-und-suiten\/suites\/two-bedroom-suite\/","url":"https:\/\/www.dttrieste.com\/de\/zimmer-und-suiten\/suites\/two-bedroom-suite\/","name":"King Two Bedroom Suite mit Kingsize-Bett | Hilton Trieste","isPartOf":{"@id":"https:\/\/www.dttrieste.com\/de\/#website"},"datePublished":"2021-10-19T15:15:31+00:00","dateModified":"2022-04-07T13:49:42+00:00","description":"Die King Two Bedroom Suite besticht durch ihre 77 Quadratmeter mit au\u00dfergew\u00f6hnlichen historischen Details. Genie\u00dfen Sie das ger\u00e4umige Zimmer und den Wohnbereich mit bequemem Sofa.","breadcrumb":{"@id":"https:\/\/www.dttrieste.com\/de\/zimmer-und-suiten\/suites\/two-bedroom-suite\/#breadcrumb"},"inLanguage":"de-DE","potentialAction":[{"@type":"ReadAction","target":["https:\/\/www.dttrieste.com\/de\/zimmer-und-suiten\/suites\/two-bedroom-suite\/"]}]},{"@type":"BreadcrumbList","@id":"https:\/\/www.dttrieste.com\/de\/zimmer-und-suiten\/suites\/two-bedroom-suite\/#breadcrumb","itemListElement":[{"@type":"ListItem","position":1,"name":"Home","item":"https:\/\/www.dttrieste.com\/de\/"},{"@type":"ListItem","position":2,"name":"Zimmer &amp; Suiten","item":"https:\/\/www.dttrieste.com\/de\/zimmer-und-suiten\/"},{"@type":"ListItem","position":3,"name":"Suite","item":"https:\/\/www.dttrieste.com\/de\/zimmer-und-suiten\/suites\/"},{"@type":"ListItem","position":4,"name":"Two Bedroom Suite"}]},{"@type":"WebSite","@id":"https:\/\/www.dttrieste.com\/de\/#website","url":"https:\/\/www.dttrieste.com\/de\/","name":"DoubleTree by Hilton Trieste","description":"Just another ms.decms.eu site","publisher":{"@id":"https:\/\/www.dttrieste.com\/de\/#organization"},"potentialAction":[{"@type":"SearchAction","target":{"@type":"EntryPoint","urlTemplate":"https:\/\/www.dttrieste.com\/de\/?s={search_term_string}"},"query-input":{"@type":"PropertyValueSpecification","valueRequired":true,"valueName":"search_term_string"}}],"inLanguage":"de-DE"},{"@type":"Organization","@id":"https:\/\/www.dttrieste.com\/de\/#organization","name":"Hilton Trieste","url":"https:\/\/www.dttrieste.com\/de\/","logo":{"@type":"ImageObject","inLanguage":"de-DE","@id":"https:\/\/www.dttrieste.com\/de\/#\/schema\/logo\/image\/","url":"https:\/\/www.dttrieste.com\/wp-content\/uploads\/sites\/326\/2021\/07\/DT_Vertical_Logo-black.png","contentUrl":"https:\/\/www.dttrieste.com\/wp-content\/uploads\/sites\/326\/2021\/07\/DT_Vertical_Logo-black.png","width":1684,"height":1466,"caption":"Hilton Trieste"},"image":{"@id":"https:\/\/www.dttrieste.com\/de\/#\/schema\/logo\/image\/"}}]}},"acf":[],"_links":{"self":[{"href":"https:\/\/www.dttrieste.com\/de\/wp-json\/wp\/v2\/pages\/353","targetHints":{"allow":["GET"]}}],"collection":[{"href":"https:\/\/www.dttrieste.com\/de\/wp-json\/wp\/v2\/pages"}],"about":[{"href":"https:\/\/www.dttrieste.com\/de\/wp-json\/wp\/v2\/types\/page"}],"author":[{"embeddable":true,"href":"https:\/\/www.dttrieste.com\/de\/wp-json\/wp\/v2\/users\/6"}],"replies":[{"embeddable":true,"href":"https:\/\/www.dttrieste.com\/de\/wp-json\/wp\/v2\/comments?post=353"}],"version-history":[{"count":0,"href":"https:\/\/www.dttrieste.com\/de\/wp-json\/wp\/v2\/pages\/353\/revisions"}],"up":[{"embeddable":true,"href":"https:\/\/www.dttrieste.com\/de\/wp-json\/wp\/v2\/pages\/1213"}],"wp:attachment":[{"href":"https:\/\/www.dttrieste.com\/de\/wp-json\/wp\/v2\/media?parent=353"}],"curies":[{"name":"wp","href":"https:\/\/api.w.org\/{rel}","templated":true}]}}