{"id":346,"date":"2021-10-19T15:14:33","date_gmt":"2021-10-19T15:14:33","guid":{"rendered":"https:\/\/hiltontrieste.ms.decms.eu\/camere-e-suite\/corner-junior-suite\/"},"modified":"2022-04-07T13:28:04","modified_gmt":"2022-04-07T13:28:04","slug":"corner-junior-suite","status":"publish","type":"page","link":"https:\/\/www.dttrieste.com\/de\/zimmer-und-suiten\/suites\/corner-junior-suite\/","title":{"rendered":"Corner Junior Suite"},"content":{"rendered":"<p>Mit Blick auf die elegantesten Stra\u00dfen des historischen Zentrums, die Via Dante und den Corso Italia, bietet die <strong>Corner Junior Suite<\/strong> einen <strong>gro\u00dfz\u00fcgigen Raum<\/strong> mit einem Wohnbereich, der mit einem Sofa, Sesseln und einem Fernseher ausgestattet ist, und einem Schlafbereich, in dem Sie sich dank des bequemen Kingsize-Bettes entspannen k\u00f6nnen. Die elegante und einladende Corner Junior Suite ist die L\u00f6sung f\u00fcr einen <strong>besonderen Aufenthalt<\/strong> in Triest.<\/p>\n","protected":false},"excerpt":{"rendered":"<p>Mit Blick auf die elegantesten Stra\u00dfen des historischen Zentrums, die Via Dante und den Corso Italia, bietet die Corner Junior Suite einen gro\u00dfz\u00fcgigen Raum mit einem Wohnbereich, der mit einem Sofa, Sesseln und einem Fernseher ausgestattet ist, und einem Schlafbereich, in dem Sie sich dank des bequemen Kingsize-Bettes entspannen k\u00f6nnen. Die elegante und einladende Corner [&hellip;]<\/p>\n","protected":false},"author":6,"featured_media":0,"parent":1213,"menu_order":26,"comment_status":"closed","ping_status":"closed","template":"template-single-room.php","meta":{"footnotes":""},"class_list":["post-346","page","type-page","status-publish","hentry"],"yoast_head":"<!-- This site is optimized with the Yoast SEO plugin v26.9 - https:\/\/yoast.com\/product\/yoast-seo-wordpress\/ -->\n<title>King Corner Junior Suite: Minibar, Schlafsofa | Hilton Trieste<\/title>\n<meta name=\"description\" content=\"Das ger\u00e4umige und komfortable Ambiente der King Corner Junior Suites bietet einen angenehmen Raum mit einem privaten Lounge-Bereich. Buchen Sie Ihren Aufenthalt im Hilton!\" \/>\n<meta name=\"robots\" content=\"index, follow, max-snippet:-1, max-image-preview:large, max-video-preview:-1\" \/>\n<link rel=\"canonical\" href=\"https:\/\/www.dttrieste.com\/de\/zimmer-und-suiten\/suites\/corner-junior-suite\/\" \/>\n<meta property=\"og:locale\" content=\"de_DE\" \/>\n<meta property=\"og:type\" content=\"article\" \/>\n<meta property=\"og:title\" content=\"King Corner Junior Suite: Minibar, Schlafsofa | Hilton Trieste\" \/>\n<meta property=\"og:description\" content=\"Das ger\u00e4umige und komfortable Ambiente der King Corner Junior Suites bietet einen angenehmen Raum mit einem privaten Lounge-Bereich. Buchen Sie Ihren Aufenthalt im Hilton!\" \/>\n<meta property=\"og:url\" content=\"https:\/\/www.dttrieste.com\/de\/zimmer-und-suiten\/suites\/corner-junior-suite\/\" \/>\n<meta property=\"og:site_name\" content=\"DoubleTree by Hilton Trieste\" \/>\n<meta property=\"article:modified_time\" content=\"2022-04-07T13:28:04+00:00\" \/>\n<meta name=\"twitter:card\" content=\"summary_large_image\" \/>\n<meta name=\"twitter:label1\" content=\"Gesch\u00e4tzte Lesezeit\" \/>\n\t<meta name=\"twitter:data1\" content=\"1 Minute\" \/>\n<script type=\"application\/ld+json\" class=\"yoast-schema-graph\">{\"@context\":\"https:\/\/schema.org\",\"@graph\":[{\"@type\":\"WebPage\",\"@id\":\"https:\/\/www.dttrieste.com\/de\/zimmer-und-suiten\/suites\/corner-junior-suite\/\",\"url\":\"https:\/\/www.dttrieste.com\/de\/zimmer-und-suiten\/suites\/corner-junior-suite\/\",\"name\":\"King Corner Junior Suite: Minibar, Schlafsofa | Hilton Trieste\",\"isPartOf\":{\"@id\":\"https:\/\/www.dttrieste.com\/de\/#website\"},\"datePublished\":\"2021-10-19T15:14:33+00:00\",\"dateModified\":\"2022-04-07T13:28:04+00:00\",\"description\":\"Das ger\u00e4umige und komfortable Ambiente der King Corner Junior Suites bietet einen angenehmen Raum mit einem privaten Lounge-Bereich. Buchen Sie Ihren Aufenthalt im Hilton!\",\"breadcrumb\":{\"@id\":\"https:\/\/www.dttrieste.com\/de\/zimmer-und-suiten\/suites\/corner-junior-suite\/#breadcrumb\"},\"inLanguage\":\"de-DE\",\"potentialAction\":[{\"@type\":\"ReadAction\",\"target\":[\"https:\/\/www.dttrieste.com\/de\/zimmer-und-suiten\/suites\/corner-junior-suite\/\"]}]},{\"@type\":\"BreadcrumbList\",\"@id\":\"https:\/\/www.dttrieste.com\/de\/zimmer-und-suiten\/suites\/corner-junior-suite\/#breadcrumb\",\"itemListElement\":[{\"@type\":\"ListItem\",\"position\":1,\"name\":\"Home\",\"item\":\"https:\/\/www.dttrieste.com\/de\/\"},{\"@type\":\"ListItem\",\"position\":2,\"name\":\"Zimmer &amp; Suiten\",\"item\":\"https:\/\/www.dttrieste.com\/de\/zimmer-und-suiten\/\"},{\"@type\":\"ListItem\",\"position\":3,\"name\":\"Suite\",\"item\":\"https:\/\/www.dttrieste.com\/de\/zimmer-und-suiten\/suites\/\"},{\"@type\":\"ListItem\",\"position\":4,\"name\":\"Corner Junior Suite\"}]},{\"@type\":\"WebSite\",\"@id\":\"https:\/\/www.dttrieste.com\/de\/#website\",\"url\":\"https:\/\/www.dttrieste.com\/de\/\",\"name\":\"DoubleTree by Hilton Trieste\",\"description\":\"Just another ms.decms.eu site\",\"publisher\":{\"@id\":\"https:\/\/www.dttrieste.com\/de\/#organization\"},\"potentialAction\":[{\"@type\":\"SearchAction\",\"target\":{\"@type\":\"EntryPoint\",\"urlTemplate\":\"https:\/\/www.dttrieste.com\/de\/?s={search_term_string}\"},\"query-input\":{\"@type\":\"PropertyValueSpecification\",\"valueRequired\":true,\"valueName\":\"search_term_string\"}}],\"inLanguage\":\"de-DE\"},{\"@type\":\"Organization\",\"@id\":\"https:\/\/www.dttrieste.com\/de\/#organization\",\"name\":\"Hilton Trieste\",\"url\":\"https:\/\/www.dttrieste.com\/de\/\",\"logo\":{\"@type\":\"ImageObject\",\"inLanguage\":\"de-DE\",\"@id\":\"https:\/\/www.dttrieste.com\/de\/#\/schema\/logo\/image\/\",\"url\":\"https:\/\/www.dttrieste.com\/wp-content\/uploads\/sites\/326\/2021\/07\/DT_Vertical_Logo-black.png\",\"contentUrl\":\"https:\/\/www.dttrieste.com\/wp-content\/uploads\/sites\/326\/2021\/07\/DT_Vertical_Logo-black.png\",\"width\":1684,\"height\":1466,\"caption\":\"Hilton Trieste\"},\"image\":{\"@id\":\"https:\/\/www.dttrieste.com\/de\/#\/schema\/logo\/image\/\"}}]}<\/script>\n<!-- \/ Yoast SEO plugin. -->","yoast_head_json":{"title":"King Corner Junior Suite: Minibar, Schlafsofa | Hilton Trieste","description":"Das ger\u00e4umige und komfortable Ambiente der King Corner Junior Suites bietet einen angenehmen Raum mit einem privaten Lounge-Bereich. Buchen Sie Ihren Aufenthalt im Hilton!","robots":{"index":"index","follow":"follow","max-snippet":"max-snippet:-1","max-image-preview":"max-image-preview:large","max-video-preview":"max-video-preview:-1"},"canonical":"https:\/\/www.dttrieste.com\/de\/zimmer-und-suiten\/suites\/corner-junior-suite\/","og_locale":"de_DE","og_type":"article","og_title":"King Corner Junior Suite: Minibar, Schlafsofa | Hilton Trieste","og_description":"Das ger\u00e4umige und komfortable Ambiente der King Corner Junior Suites bietet einen angenehmen Raum mit einem privaten Lounge-Bereich. Buchen Sie Ihren Aufenthalt im Hilton!","og_url":"https:\/\/www.dttrieste.com\/de\/zimmer-und-suiten\/suites\/corner-junior-suite\/","og_site_name":"DoubleTree by Hilton Trieste","article_modified_time":"2022-04-07T13:28:04+00:00","twitter_card":"summary_large_image","twitter_misc":{"Gesch\u00e4tzte Lesezeit":"1 Minute"},"schema":{"@context":"https:\/\/schema.org","@graph":[{"@type":"WebPage","@id":"https:\/\/www.dttrieste.com\/de\/zimmer-und-suiten\/suites\/corner-junior-suite\/","url":"https:\/\/www.dttrieste.com\/de\/zimmer-und-suiten\/suites\/corner-junior-suite\/","name":"King Corner Junior Suite: Minibar, Schlafsofa | Hilton Trieste","isPartOf":{"@id":"https:\/\/www.dttrieste.com\/de\/#website"},"datePublished":"2021-10-19T15:14:33+00:00","dateModified":"2022-04-07T13:28:04+00:00","description":"Das ger\u00e4umige und komfortable Ambiente der King Corner Junior Suites bietet einen angenehmen Raum mit einem privaten Lounge-Bereich. Buchen Sie Ihren Aufenthalt im Hilton!","breadcrumb":{"@id":"https:\/\/www.dttrieste.com\/de\/zimmer-und-suiten\/suites\/corner-junior-suite\/#breadcrumb"},"inLanguage":"de-DE","potentialAction":[{"@type":"ReadAction","target":["https:\/\/www.dttrieste.com\/de\/zimmer-und-suiten\/suites\/corner-junior-suite\/"]}]},{"@type":"BreadcrumbList","@id":"https:\/\/www.dttrieste.com\/de\/zimmer-und-suiten\/suites\/corner-junior-suite\/#breadcrumb","itemListElement":[{"@type":"ListItem","position":1,"name":"Home","item":"https:\/\/www.dttrieste.com\/de\/"},{"@type":"ListItem","position":2,"name":"Zimmer &amp; Suiten","item":"https:\/\/www.dttrieste.com\/de\/zimmer-und-suiten\/"},{"@type":"ListItem","position":3,"name":"Suite","item":"https:\/\/www.dttrieste.com\/de\/zimmer-und-suiten\/suites\/"},{"@type":"ListItem","position":4,"name":"Corner Junior Suite"}]},{"@type":"WebSite","@id":"https:\/\/www.dttrieste.com\/de\/#website","url":"https:\/\/www.dttrieste.com\/de\/","name":"DoubleTree by Hilton Trieste","description":"Just another ms.decms.eu site","publisher":{"@id":"https:\/\/www.dttrieste.com\/de\/#organization"},"potentialAction":[{"@type":"SearchAction","target":{"@type":"EntryPoint","urlTemplate":"https:\/\/www.dttrieste.com\/de\/?s={search_term_string}"},"query-input":{"@type":"PropertyValueSpecification","valueRequired":true,"valueName":"search_term_string"}}],"inLanguage":"de-DE"},{"@type":"Organization","@id":"https:\/\/www.dttrieste.com\/de\/#organization","name":"Hilton Trieste","url":"https:\/\/www.dttrieste.com\/de\/","logo":{"@type":"ImageObject","inLanguage":"de-DE","@id":"https:\/\/www.dttrieste.com\/de\/#\/schema\/logo\/image\/","url":"https:\/\/www.dttrieste.com\/wp-content\/uploads\/sites\/326\/2021\/07\/DT_Vertical_Logo-black.png","contentUrl":"https:\/\/www.dttrieste.com\/wp-content\/uploads\/sites\/326\/2021\/07\/DT_Vertical_Logo-black.png","width":1684,"height":1466,"caption":"Hilton Trieste"},"image":{"@id":"https:\/\/www.dttrieste.com\/de\/#\/schema\/logo\/image\/"}}]}},"acf":[],"_links":{"self":[{"href":"https:\/\/www.dttrieste.com\/de\/wp-json\/wp\/v2\/pages\/346","targetHints":{"allow":["GET"]}}],"collection":[{"href":"https:\/\/www.dttrieste.com\/de\/wp-json\/wp\/v2\/pages"}],"about":[{"href":"https:\/\/www.dttrieste.com\/de\/wp-json\/wp\/v2\/types\/page"}],"author":[{"embeddable":true,"href":"https:\/\/www.dttrieste.com\/de\/wp-json\/wp\/v2\/users\/6"}],"replies":[{"embeddable":true,"href":"https:\/\/www.dttrieste.com\/de\/wp-json\/wp\/v2\/comments?post=346"}],"version-history":[{"count":0,"href":"https:\/\/www.dttrieste.com\/de\/wp-json\/wp\/v2\/pages\/346\/revisions"}],"up":[{"embeddable":true,"href":"https:\/\/www.dttrieste.com\/de\/wp-json\/wp\/v2\/pages\/1213"}],"wp:attachment":[{"href":"https:\/\/www.dttrieste.com\/de\/wp-json\/wp\/v2\/media?parent=346"}],"curies":[{"name":"wp","href":"https:\/\/api.w.org\/{rel}","templated":true}]}}