{"id":339,"date":"2021-10-19T15:12:19","date_gmt":"2021-10-19T15:12:19","guid":{"rendered":"https:\/\/hiltontrieste.ms.decms.eu\/camere-e-suite\/deluxe\/"},"modified":"2022-07-12T12:10:41","modified_gmt":"2022-07-12T12:10:41","slug":"deluxe-zimmer","status":"publish","type":"page","link":"https:\/\/www.dttrieste.com\/de\/zimmer-und-suiten\/deluxe\/deluxe-zimmer\/","title":{"rendered":"Deluxe-Zimmer"},"content":{"rendered":"<p>Eine neue, moderne Eleganz empf\u00e4ngt die G\u00e4ste im <strong>Deluxe-Zimmer<\/strong> des DoubleTree by Hilton Trieste. Das ger\u00e4umige Zimmer, in dem jedes Detail f\u00fcr einen komfortablen Aufenthalt konzipiert ist, bietet einen Raum zum Entspannen mit einem kleinen Sessel und hat einen gro\u00dfen Schreibtisch, wo Sie Ihre Ger\u00e4te bequem ablegen k\u00f6nnen. Um das Outfit aufzufrischen, stehen in der Garderobe ein B\u00fcgeleisen und ein B\u00fcgelbrett zur Verf\u00fcgung. Ausgestattet mit einem <strong>Kingsize-Bett<\/strong> oder zwei <strong>getrennten Betten<\/strong>.<\/p>\n","protected":false},"excerpt":{"rendered":"<p>Eine neue, moderne Eleganz empf\u00e4ngt die G\u00e4ste im Deluxe-Zimmer des DoubleTree by Hilton Trieste. Das ger\u00e4umige Zimmer, in dem jedes Detail f\u00fcr einen komfortablen Aufenthalt konzipiert ist, bietet einen Raum zum Entspannen mit einem kleinen Sessel und hat einen gro\u00dfen Schreibtisch, wo Sie Ihre Ger\u00e4te bequem ablegen k\u00f6nnen. Um das Outfit aufzufrischen, stehen in der [&hellip;]<\/p>\n","protected":false},"author":6,"featured_media":0,"parent":1210,"menu_order":22,"comment_status":"closed","ping_status":"closed","template":"template-single-room.php","meta":{"footnotes":""},"class_list":["post-339","page","type-page","status-publish","hentry"],"yoast_head":"<!-- This site is optimized with the Yoast SEO plugin v26.9 - https:\/\/yoast.com\/product\/yoast-seo-wordpress\/ -->\n<title>Deluxe Room: Minibar, Klimaanlage | Hilton Trieste<\/title>\n<meta name=\"description\" content=\"Die ger\u00e4umigen und komfortablen Deluxe-Zimmer strahlen mit nat\u00fcrlichem Licht und sind mit besonderen Annehmlichkeiten wie einer Espressomaschine und einer Duschkabine ausgestattet.\" \/>\n<meta name=\"robots\" content=\"index, follow, max-snippet:-1, max-image-preview:large, max-video-preview:-1\" \/>\n<link rel=\"canonical\" href=\"https:\/\/www.dttrieste.com\/de\/zimmer-und-suiten\/deluxe\/deluxe-zimmer\/\" \/>\n<meta property=\"og:locale\" content=\"de_DE\" \/>\n<meta property=\"og:type\" content=\"article\" \/>\n<meta property=\"og:title\" content=\"Deluxe Room: Minibar, Klimaanlage | Hilton Trieste\" \/>\n<meta property=\"og:description\" content=\"Die ger\u00e4umigen und komfortablen Deluxe-Zimmer strahlen mit nat\u00fcrlichem Licht und sind mit besonderen Annehmlichkeiten wie einer Espressomaschine und einer Duschkabine ausgestattet.\" \/>\n<meta property=\"og:url\" content=\"https:\/\/www.dttrieste.com\/de\/zimmer-und-suiten\/deluxe\/deluxe-zimmer\/\" \/>\n<meta property=\"og:site_name\" content=\"DoubleTree by Hilton Trieste\" \/>\n<meta property=\"article:modified_time\" content=\"2022-07-12T12:10:41+00:00\" \/>\n<meta name=\"twitter:card\" content=\"summary_large_image\" \/>\n<meta name=\"twitter:label1\" content=\"Gesch\u00e4tzte Lesezeit\" \/>\n\t<meta name=\"twitter:data1\" content=\"1 Minute\" \/>\n<script type=\"application\/ld+json\" class=\"yoast-schema-graph\">{\"@context\":\"https:\/\/schema.org\",\"@graph\":[{\"@type\":\"WebPage\",\"@id\":\"https:\/\/www.dttrieste.com\/de\/zimmer-und-suiten\/deluxe\/deluxe-zimmer\/\",\"url\":\"https:\/\/www.dttrieste.com\/de\/zimmer-und-suiten\/deluxe\/deluxe-zimmer\/\",\"name\":\"Deluxe Room: Minibar, Klimaanlage | Hilton Trieste\",\"isPartOf\":{\"@id\":\"https:\/\/www.dttrieste.com\/de\/#website\"},\"datePublished\":\"2021-10-19T15:12:19+00:00\",\"dateModified\":\"2022-07-12T12:10:41+00:00\",\"description\":\"Die ger\u00e4umigen und komfortablen Deluxe-Zimmer strahlen mit nat\u00fcrlichem Licht und sind mit besonderen Annehmlichkeiten wie einer Espressomaschine und einer Duschkabine ausgestattet.\",\"breadcrumb\":{\"@id\":\"https:\/\/www.dttrieste.com\/de\/zimmer-und-suiten\/deluxe\/deluxe-zimmer\/#breadcrumb\"},\"inLanguage\":\"de-DE\",\"potentialAction\":[{\"@type\":\"ReadAction\",\"target\":[\"https:\/\/www.dttrieste.com\/de\/zimmer-und-suiten\/deluxe\/deluxe-zimmer\/\"]}]},{\"@type\":\"BreadcrumbList\",\"@id\":\"https:\/\/www.dttrieste.com\/de\/zimmer-und-suiten\/deluxe\/deluxe-zimmer\/#breadcrumb\",\"itemListElement\":[{\"@type\":\"ListItem\",\"position\":1,\"name\":\"Home\",\"item\":\"https:\/\/www.dttrieste.com\/de\/\"},{\"@type\":\"ListItem\",\"position\":2,\"name\":\"Zimmer &amp; Suiten\",\"item\":\"https:\/\/www.dttrieste.com\/de\/zimmer-und-suiten\/\"},{\"@type\":\"ListItem\",\"position\":3,\"name\":\"Deluxe\",\"item\":\"https:\/\/www.dttrieste.com\/de\/rooms-and-suites\/deluxe\/\"},{\"@type\":\"ListItem\",\"position\":4,\"name\":\"Deluxe-Zimmer\"}]},{\"@type\":\"WebSite\",\"@id\":\"https:\/\/www.dttrieste.com\/de\/#website\",\"url\":\"https:\/\/www.dttrieste.com\/de\/\",\"name\":\"DoubleTree by Hilton Trieste\",\"description\":\"Just another ms.decms.eu site\",\"publisher\":{\"@id\":\"https:\/\/www.dttrieste.com\/de\/#organization\"},\"potentialAction\":[{\"@type\":\"SearchAction\",\"target\":{\"@type\":\"EntryPoint\",\"urlTemplate\":\"https:\/\/www.dttrieste.com\/de\/?s={search_term_string}\"},\"query-input\":{\"@type\":\"PropertyValueSpecification\",\"valueRequired\":true,\"valueName\":\"search_term_string\"}}],\"inLanguage\":\"de-DE\"},{\"@type\":\"Organization\",\"@id\":\"https:\/\/www.dttrieste.com\/de\/#organization\",\"name\":\"Hilton Trieste\",\"url\":\"https:\/\/www.dttrieste.com\/de\/\",\"logo\":{\"@type\":\"ImageObject\",\"inLanguage\":\"de-DE\",\"@id\":\"https:\/\/www.dttrieste.com\/de\/#\/schema\/logo\/image\/\",\"url\":\"https:\/\/www.dttrieste.com\/wp-content\/uploads\/sites\/326\/2021\/07\/DT_Vertical_Logo-black.png\",\"contentUrl\":\"https:\/\/www.dttrieste.com\/wp-content\/uploads\/sites\/326\/2021\/07\/DT_Vertical_Logo-black.png\",\"width\":1684,\"height\":1466,\"caption\":\"Hilton Trieste\"},\"image\":{\"@id\":\"https:\/\/www.dttrieste.com\/de\/#\/schema\/logo\/image\/\"}}]}<\/script>\n<!-- \/ Yoast SEO plugin. -->","yoast_head_json":{"title":"Deluxe Room: Minibar, Klimaanlage | Hilton Trieste","description":"Die ger\u00e4umigen und komfortablen Deluxe-Zimmer strahlen mit nat\u00fcrlichem Licht und sind mit besonderen Annehmlichkeiten wie einer Espressomaschine und einer Duschkabine ausgestattet.","robots":{"index":"index","follow":"follow","max-snippet":"max-snippet:-1","max-image-preview":"max-image-preview:large","max-video-preview":"max-video-preview:-1"},"canonical":"https:\/\/www.dttrieste.com\/de\/zimmer-und-suiten\/deluxe\/deluxe-zimmer\/","og_locale":"de_DE","og_type":"article","og_title":"Deluxe Room: Minibar, Klimaanlage | Hilton Trieste","og_description":"Die ger\u00e4umigen und komfortablen Deluxe-Zimmer strahlen mit nat\u00fcrlichem Licht und sind mit besonderen Annehmlichkeiten wie einer Espressomaschine und einer Duschkabine ausgestattet.","og_url":"https:\/\/www.dttrieste.com\/de\/zimmer-und-suiten\/deluxe\/deluxe-zimmer\/","og_site_name":"DoubleTree by Hilton Trieste","article_modified_time":"2022-07-12T12:10:41+00:00","twitter_card":"summary_large_image","twitter_misc":{"Gesch\u00e4tzte Lesezeit":"1 Minute"},"schema":{"@context":"https:\/\/schema.org","@graph":[{"@type":"WebPage","@id":"https:\/\/www.dttrieste.com\/de\/zimmer-und-suiten\/deluxe\/deluxe-zimmer\/","url":"https:\/\/www.dttrieste.com\/de\/zimmer-und-suiten\/deluxe\/deluxe-zimmer\/","name":"Deluxe Room: Minibar, Klimaanlage | Hilton Trieste","isPartOf":{"@id":"https:\/\/www.dttrieste.com\/de\/#website"},"datePublished":"2021-10-19T15:12:19+00:00","dateModified":"2022-07-12T12:10:41+00:00","description":"Die ger\u00e4umigen und komfortablen Deluxe-Zimmer strahlen mit nat\u00fcrlichem Licht und sind mit besonderen Annehmlichkeiten wie einer Espressomaschine und einer Duschkabine ausgestattet.","breadcrumb":{"@id":"https:\/\/www.dttrieste.com\/de\/zimmer-und-suiten\/deluxe\/deluxe-zimmer\/#breadcrumb"},"inLanguage":"de-DE","potentialAction":[{"@type":"ReadAction","target":["https:\/\/www.dttrieste.com\/de\/zimmer-und-suiten\/deluxe\/deluxe-zimmer\/"]}]},{"@type":"BreadcrumbList","@id":"https:\/\/www.dttrieste.com\/de\/zimmer-und-suiten\/deluxe\/deluxe-zimmer\/#breadcrumb","itemListElement":[{"@type":"ListItem","position":1,"name":"Home","item":"https:\/\/www.dttrieste.com\/de\/"},{"@type":"ListItem","position":2,"name":"Zimmer &amp; Suiten","item":"https:\/\/www.dttrieste.com\/de\/zimmer-und-suiten\/"},{"@type":"ListItem","position":3,"name":"Deluxe","item":"https:\/\/www.dttrieste.com\/de\/rooms-and-suites\/deluxe\/"},{"@type":"ListItem","position":4,"name":"Deluxe-Zimmer"}]},{"@type":"WebSite","@id":"https:\/\/www.dttrieste.com\/de\/#website","url":"https:\/\/www.dttrieste.com\/de\/","name":"DoubleTree by Hilton Trieste","description":"Just another ms.decms.eu site","publisher":{"@id":"https:\/\/www.dttrieste.com\/de\/#organization"},"potentialAction":[{"@type":"SearchAction","target":{"@type":"EntryPoint","urlTemplate":"https:\/\/www.dttrieste.com\/de\/?s={search_term_string}"},"query-input":{"@type":"PropertyValueSpecification","valueRequired":true,"valueName":"search_term_string"}}],"inLanguage":"de-DE"},{"@type":"Organization","@id":"https:\/\/www.dttrieste.com\/de\/#organization","name":"Hilton Trieste","url":"https:\/\/www.dttrieste.com\/de\/","logo":{"@type":"ImageObject","inLanguage":"de-DE","@id":"https:\/\/www.dttrieste.com\/de\/#\/schema\/logo\/image\/","url":"https:\/\/www.dttrieste.com\/wp-content\/uploads\/sites\/326\/2021\/07\/DT_Vertical_Logo-black.png","contentUrl":"https:\/\/www.dttrieste.com\/wp-content\/uploads\/sites\/326\/2021\/07\/DT_Vertical_Logo-black.png","width":1684,"height":1466,"caption":"Hilton Trieste"},"image":{"@id":"https:\/\/www.dttrieste.com\/de\/#\/schema\/logo\/image\/"}}]}},"acf":[],"_links":{"self":[{"href":"https:\/\/www.dttrieste.com\/de\/wp-json\/wp\/v2\/pages\/339","targetHints":{"allow":["GET"]}}],"collection":[{"href":"https:\/\/www.dttrieste.com\/de\/wp-json\/wp\/v2\/pages"}],"about":[{"href":"https:\/\/www.dttrieste.com\/de\/wp-json\/wp\/v2\/types\/page"}],"author":[{"embeddable":true,"href":"https:\/\/www.dttrieste.com\/de\/wp-json\/wp\/v2\/users\/6"}],"replies":[{"embeddable":true,"href":"https:\/\/www.dttrieste.com\/de\/wp-json\/wp\/v2\/comments?post=339"}],"version-history":[{"count":0,"href":"https:\/\/www.dttrieste.com\/de\/wp-json\/wp\/v2\/pages\/339\/revisions"}],"up":[{"embeddable":true,"href":"https:\/\/www.dttrieste.com\/de\/wp-json\/wp\/v2\/pages\/1210"}],"wp:attachment":[{"href":"https:\/\/www.dttrieste.com\/de\/wp-json\/wp\/v2\/media?parent=339"}],"curies":[{"name":"wp","href":"https:\/\/api.w.org\/{rel}","templated":true}]}}