{"id":337,"date":"2021-10-19T15:11:55","date_gmt":"2021-10-19T15:11:55","guid":{"rendered":"https:\/\/hiltontrieste.ms.decms.eu\/camere-e-suite\/guest\/"},"modified":"2022-04-07T12:38:06","modified_gmt":"2022-04-07T12:38:06","slug":"gaestezimmer","status":"publish","type":"page","link":"https:\/\/www.dttrieste.com\/de\/zimmer-und-suiten\/gaestezimmer\/","title":{"rendered":"G\u00e4stezimmer"},"content":{"rendered":"<p>Das G\u00e4stezimmer ist die <strong>elegante L\u00f6sung<\/strong> f\u00fcr einen Aufenthalt im historischen Zentrum von Triest, nur wenige Minuten vom Bahnhof entfernt, mit allen Serviceleistungen im DoubleTree by Hilton-Stil: ausgestattet mit einem <strong>Kingsize-Bett<\/strong>, bietet es das Vergn\u00fcgen, Kaffee oder Tee im Zimmer zu trinken, dank der Espressomaschine und dem Wasserkocher, die zur Verf\u00fcgung stehen, und die Temperatur zu w\u00e4hlen, dank der unabh\u00e4ngig einstellbaren Klimaanlage.<\/p>\n","protected":false},"excerpt":{"rendered":"<p>Das G\u00e4stezimmer ist die elegante L\u00f6sung f\u00fcr einen Aufenthalt im historischen Zentrum von Triest, nur wenige Minuten vom Bahnhof entfernt, mit allen Serviceleistungen im DoubleTree by Hilton-Stil: ausgestattet mit einem Kingsize-Bett, bietet es das Vergn\u00fcgen, Kaffee oder Tee im Zimmer zu trinken, dank der Espressomaschine und dem Wasserkocher, die zur Verf\u00fcgung stehen, und die Temperatur [&hellip;]<\/p>\n","protected":false},"author":6,"featured_media":0,"parent":335,"menu_order":21,"comment_status":"closed","ping_status":"closed","template":"template-single-room.php","meta":{"footnotes":""},"class_list":["post-337","page","type-page","status-publish","hentry"],"yoast_head":"<!-- This site is optimized with the Yoast SEO plugin v26.9 - https:\/\/yoast.com\/product\/yoast-seo-wordpress\/ -->\n<title>Guest Room mit Duschkabine | DoubleTree by Hilton Trieste<\/title>\n<meta name=\"description\" content=\"Nach einem Tag, an dem Sie Triest erkundet haben, k\u00f6nnen Sie sich in unseren Guest-Zimmern entspannen. Genie\u00dfen Sie alle Annehmlichkeiten, einschlie\u00dflich eines bequemen Queensize- oder Kingsize-Bettes und einer Minibar.\" \/>\n<meta name=\"robots\" content=\"index, follow, max-snippet:-1, max-image-preview:large, max-video-preview:-1\" \/>\n<link rel=\"canonical\" href=\"https:\/\/www.dttrieste.com\/de\/zimmer-und-suiten\/gaestezimmer\/\" \/>\n<meta property=\"og:locale\" content=\"de_DE\" \/>\n<meta property=\"og:type\" content=\"article\" \/>\n<meta property=\"og:title\" content=\"Guest Room mit Duschkabine | DoubleTree by Hilton Trieste\" \/>\n<meta property=\"og:description\" content=\"Nach einem Tag, an dem Sie Triest erkundet haben, k\u00f6nnen Sie sich in unseren Guest-Zimmern entspannen. Genie\u00dfen Sie alle Annehmlichkeiten, einschlie\u00dflich eines bequemen Queensize- oder Kingsize-Bettes und einer Minibar.\" \/>\n<meta property=\"og:url\" content=\"https:\/\/www.dttrieste.com\/de\/zimmer-und-suiten\/gaestezimmer\/\" \/>\n<meta property=\"og:site_name\" content=\"DoubleTree by Hilton Trieste\" \/>\n<meta property=\"article:modified_time\" content=\"2022-04-07T12:38:06+00:00\" \/>\n<meta name=\"twitter:card\" content=\"summary_large_image\" \/>\n<meta name=\"twitter:label1\" content=\"Gesch\u00e4tzte Lesezeit\" \/>\n\t<meta name=\"twitter:data1\" content=\"1 Minute\" \/>\n<script type=\"application\/ld+json\" class=\"yoast-schema-graph\">{\"@context\":\"https:\/\/schema.org\",\"@graph\":[{\"@type\":\"WebPage\",\"@id\":\"https:\/\/www.dttrieste.com\/de\/zimmer-und-suiten\/gaestezimmer\/\",\"url\":\"https:\/\/www.dttrieste.com\/de\/zimmer-und-suiten\/gaestezimmer\/\",\"name\":\"Guest Room mit Duschkabine | DoubleTree by Hilton Trieste\",\"isPartOf\":{\"@id\":\"https:\/\/www.dttrieste.com\/de\/#website\"},\"datePublished\":\"2021-10-19T15:11:55+00:00\",\"dateModified\":\"2022-04-07T12:38:06+00:00\",\"description\":\"Nach einem Tag, an dem Sie Triest erkundet haben, k\u00f6nnen Sie sich in unseren Guest-Zimmern entspannen. Genie\u00dfen Sie alle Annehmlichkeiten, einschlie\u00dflich eines bequemen Queensize- oder Kingsize-Bettes und einer Minibar.\",\"breadcrumb\":{\"@id\":\"https:\/\/www.dttrieste.com\/de\/zimmer-und-suiten\/gaestezimmer\/#breadcrumb\"},\"inLanguage\":\"de-DE\",\"potentialAction\":[{\"@type\":\"ReadAction\",\"target\":[\"https:\/\/www.dttrieste.com\/de\/zimmer-und-suiten\/gaestezimmer\/\"]}]},{\"@type\":\"BreadcrumbList\",\"@id\":\"https:\/\/www.dttrieste.com\/de\/zimmer-und-suiten\/gaestezimmer\/#breadcrumb\",\"itemListElement\":[{\"@type\":\"ListItem\",\"position\":1,\"name\":\"Home\",\"item\":\"https:\/\/www.dttrieste.com\/de\/\"},{\"@type\":\"ListItem\",\"position\":2,\"name\":\"Zimmer &amp; Suiten\",\"item\":\"https:\/\/www.dttrieste.com\/de\/zimmer-und-suiten\/\"},{\"@type\":\"ListItem\",\"position\":3,\"name\":\"G\u00e4stezimmer\"}]},{\"@type\":\"WebSite\",\"@id\":\"https:\/\/www.dttrieste.com\/de\/#website\",\"url\":\"https:\/\/www.dttrieste.com\/de\/\",\"name\":\"DoubleTree by Hilton Trieste\",\"description\":\"Just another ms.decms.eu site\",\"publisher\":{\"@id\":\"https:\/\/www.dttrieste.com\/de\/#organization\"},\"potentialAction\":[{\"@type\":\"SearchAction\",\"target\":{\"@type\":\"EntryPoint\",\"urlTemplate\":\"https:\/\/www.dttrieste.com\/de\/?s={search_term_string}\"},\"query-input\":{\"@type\":\"PropertyValueSpecification\",\"valueRequired\":true,\"valueName\":\"search_term_string\"}}],\"inLanguage\":\"de-DE\"},{\"@type\":\"Organization\",\"@id\":\"https:\/\/www.dttrieste.com\/de\/#organization\",\"name\":\"Hilton Trieste\",\"url\":\"https:\/\/www.dttrieste.com\/de\/\",\"logo\":{\"@type\":\"ImageObject\",\"inLanguage\":\"de-DE\",\"@id\":\"https:\/\/www.dttrieste.com\/de\/#\/schema\/logo\/image\/\",\"url\":\"https:\/\/www.dttrieste.com\/wp-content\/uploads\/sites\/326\/2021\/07\/DT_Vertical_Logo-black.png\",\"contentUrl\":\"https:\/\/www.dttrieste.com\/wp-content\/uploads\/sites\/326\/2021\/07\/DT_Vertical_Logo-black.png\",\"width\":1684,\"height\":1466,\"caption\":\"Hilton Trieste\"},\"image\":{\"@id\":\"https:\/\/www.dttrieste.com\/de\/#\/schema\/logo\/image\/\"}}]}<\/script>\n<!-- \/ Yoast SEO plugin. -->","yoast_head_json":{"title":"Guest Room mit Duschkabine | DoubleTree by Hilton Trieste","description":"Nach einem Tag, an dem Sie Triest erkundet haben, k\u00f6nnen Sie sich in unseren Guest-Zimmern entspannen. Genie\u00dfen Sie alle Annehmlichkeiten, einschlie\u00dflich eines bequemen Queensize- oder Kingsize-Bettes und einer Minibar.","robots":{"index":"index","follow":"follow","max-snippet":"max-snippet:-1","max-image-preview":"max-image-preview:large","max-video-preview":"max-video-preview:-1"},"canonical":"https:\/\/www.dttrieste.com\/de\/zimmer-und-suiten\/gaestezimmer\/","og_locale":"de_DE","og_type":"article","og_title":"Guest Room mit Duschkabine | DoubleTree by Hilton Trieste","og_description":"Nach einem Tag, an dem Sie Triest erkundet haben, k\u00f6nnen Sie sich in unseren Guest-Zimmern entspannen. Genie\u00dfen Sie alle Annehmlichkeiten, einschlie\u00dflich eines bequemen Queensize- oder Kingsize-Bettes und einer Minibar.","og_url":"https:\/\/www.dttrieste.com\/de\/zimmer-und-suiten\/gaestezimmer\/","og_site_name":"DoubleTree by Hilton Trieste","article_modified_time":"2022-04-07T12:38:06+00:00","twitter_card":"summary_large_image","twitter_misc":{"Gesch\u00e4tzte Lesezeit":"1 Minute"},"schema":{"@context":"https:\/\/schema.org","@graph":[{"@type":"WebPage","@id":"https:\/\/www.dttrieste.com\/de\/zimmer-und-suiten\/gaestezimmer\/","url":"https:\/\/www.dttrieste.com\/de\/zimmer-und-suiten\/gaestezimmer\/","name":"Guest Room mit Duschkabine | DoubleTree by Hilton Trieste","isPartOf":{"@id":"https:\/\/www.dttrieste.com\/de\/#website"},"datePublished":"2021-10-19T15:11:55+00:00","dateModified":"2022-04-07T12:38:06+00:00","description":"Nach einem Tag, an dem Sie Triest erkundet haben, k\u00f6nnen Sie sich in unseren Guest-Zimmern entspannen. Genie\u00dfen Sie alle Annehmlichkeiten, einschlie\u00dflich eines bequemen Queensize- oder Kingsize-Bettes und einer Minibar.","breadcrumb":{"@id":"https:\/\/www.dttrieste.com\/de\/zimmer-und-suiten\/gaestezimmer\/#breadcrumb"},"inLanguage":"de-DE","potentialAction":[{"@type":"ReadAction","target":["https:\/\/www.dttrieste.com\/de\/zimmer-und-suiten\/gaestezimmer\/"]}]},{"@type":"BreadcrumbList","@id":"https:\/\/www.dttrieste.com\/de\/zimmer-und-suiten\/gaestezimmer\/#breadcrumb","itemListElement":[{"@type":"ListItem","position":1,"name":"Home","item":"https:\/\/www.dttrieste.com\/de\/"},{"@type":"ListItem","position":2,"name":"Zimmer &amp; Suiten","item":"https:\/\/www.dttrieste.com\/de\/zimmer-und-suiten\/"},{"@type":"ListItem","position":3,"name":"G\u00e4stezimmer"}]},{"@type":"WebSite","@id":"https:\/\/www.dttrieste.com\/de\/#website","url":"https:\/\/www.dttrieste.com\/de\/","name":"DoubleTree by Hilton Trieste","description":"Just another ms.decms.eu site","publisher":{"@id":"https:\/\/www.dttrieste.com\/de\/#organization"},"potentialAction":[{"@type":"SearchAction","target":{"@type":"EntryPoint","urlTemplate":"https:\/\/www.dttrieste.com\/de\/?s={search_term_string}"},"query-input":{"@type":"PropertyValueSpecification","valueRequired":true,"valueName":"search_term_string"}}],"inLanguage":"de-DE"},{"@type":"Organization","@id":"https:\/\/www.dttrieste.com\/de\/#organization","name":"Hilton Trieste","url":"https:\/\/www.dttrieste.com\/de\/","logo":{"@type":"ImageObject","inLanguage":"de-DE","@id":"https:\/\/www.dttrieste.com\/de\/#\/schema\/logo\/image\/","url":"https:\/\/www.dttrieste.com\/wp-content\/uploads\/sites\/326\/2021\/07\/DT_Vertical_Logo-black.png","contentUrl":"https:\/\/www.dttrieste.com\/wp-content\/uploads\/sites\/326\/2021\/07\/DT_Vertical_Logo-black.png","width":1684,"height":1466,"caption":"Hilton Trieste"},"image":{"@id":"https:\/\/www.dttrieste.com\/de\/#\/schema\/logo\/image\/"}}]}},"acf":[],"_links":{"self":[{"href":"https:\/\/www.dttrieste.com\/de\/wp-json\/wp\/v2\/pages\/337","targetHints":{"allow":["GET"]}}],"collection":[{"href":"https:\/\/www.dttrieste.com\/de\/wp-json\/wp\/v2\/pages"}],"about":[{"href":"https:\/\/www.dttrieste.com\/de\/wp-json\/wp\/v2\/types\/page"}],"author":[{"embeddable":true,"href":"https:\/\/www.dttrieste.com\/de\/wp-json\/wp\/v2\/users\/6"}],"replies":[{"embeddable":true,"href":"https:\/\/www.dttrieste.com\/de\/wp-json\/wp\/v2\/comments?post=337"}],"version-history":[{"count":0,"href":"https:\/\/www.dttrieste.com\/de\/wp-json\/wp\/v2\/pages\/337\/revisions"}],"up":[{"embeddable":true,"href":"https:\/\/www.dttrieste.com\/de\/wp-json\/wp\/v2\/pages\/335"}],"wp:attachment":[{"href":"https:\/\/www.dttrieste.com\/de\/wp-json\/wp\/v2\/media?parent=337"}],"curies":[{"name":"wp","href":"https:\/\/api.w.org\/{rel}","templated":true}]}}