{"id":335,"date":"2021-07-12T15:06:21","date_gmt":"2021-07-12T15:06:21","guid":{"rendered":"https:\/\/hiltontrieste.ms.decms.eu\/camere-e-suite\/"},"modified":"2025-06-12T13:18:32","modified_gmt":"2025-06-12T13:18:32","slug":"zimmer-und-suiten","status":"publish","type":"page","link":"https:\/\/www.dttrieste.com\/de\/zimmer-und-suiten\/","title":{"rendered":"Zimmer &amp; Suiten"},"content":{"rendered":"<p>Das Hotel DoubleTree by Hilton Trieste bietet ein Aufenthaltserlebnis, das den <strong>Charme der Geschichte<\/strong> mit <strong>modernem Stil und Komfort<\/strong> verbindet.<\/p>\n<p>Alle Zimmer und Suiten im DoubleTree by Hilton Trieste sind ger\u00e4umig, funktionell und mit luxuri\u00f6sen Details ausgestattet.<\/p>\n<p>Mit ihrem eleganten Design und der <strong>Liebe zum Detail<\/strong> garantieren sie Entspannung und Ruhe dank der sorgf\u00e4ltigen Schallisolierung, w\u00e4hrend die Klimaanlage, die unabh\u00e4ngig reguliert werden kann, es Ihnen erm\u00f6glicht, immer die gew\u00fcnschte Temperatur in Ihrem Zimmer zu haben. Dank der Espressomaschine und des Wasserkochers, die in jeder Unterkunft vorhanden sind, k\u00f6nnen Sie sich mit einem Kaffee oder Tee in der Privatsph\u00e4re Ihres Zimmers entspannen.<br \/>\nAlle unsere Zimmer sind mit Minibar, Safe, B\u00fcgeleisen und B\u00fcgelbrett ausgestattet, die Deluxe-Zimmer, Junior-Suiten und Suiten zus\u00e4tzlich mit einem ger\u00e4umigen Schreibtisch.<\/p>\n<p>Die historischen Suiten und Zimmer sind eine wahre Fundgrube an Charme und Atmosph\u00e4re. Die Einrichtung hat die Originaldekorationen und -m\u00f6bel aus dem <strong>fr\u00fchen 20. Jahrhundert<\/strong> bewahrt, die harmonisch durch zeitgen\u00f6ssische Designerm\u00f6bel integriert wurden, wobei die urspr\u00fcngliche Architektur respektiert wurde: ein exklusives Angebot des DoubleTree by Hilton Trieste, das Luxus, Eleganz und Komfort vereint.<\/p>\n<p>W\u00e4hlen Sie Ihr Zimmer im DoubleTree by Hilton Trieste.<\/p>\n","protected":false},"excerpt":{"rendered":"<p>Das Hotel DoubleTree by Hilton Trieste bietet ein Aufenthaltserlebnis, das den Charme der Geschichte mit modernem Stil und Komfort verbindet. Alle Zimmer und Suiten im DoubleTree by Hilton Trieste sind ger\u00e4umig, funktionell und mit luxuri\u00f6sen Details ausgestattet. Mit ihrem eleganten Design und der Liebe zum Detail garantieren sie Entspannung und Ruhe dank der sorgf\u00e4ltigen Schallisolierung, [&hellip;]<\/p>\n","protected":false},"author":6,"featured_media":0,"parent":0,"menu_order":11,"comment_status":"closed","ping_status":"closed","template":"template-rooms.php","meta":{"footnotes":""},"class_list":["post-335","page","type-page","status-publish","hentry"],"yoast_head":"<!-- This site is optimized with the Yoast SEO plugin v26.9 - https:\/\/yoast.com\/product\/yoast-seo-wordpress\/ -->\n<title>Zimmer und Suiten: Guest, Family | DoubleTree by Hilton Trieste<\/title>\n<meta name=\"description\" content=\"Die Zimmer und Suiten des DoubleTree by Hilton Trieste sind mit jeglichem Komfort ausgestattet und werden bis ins kleinste Detail gepflegt. Jetzt buchen!\" \/>\n<meta name=\"robots\" content=\"index, follow, max-snippet:-1, max-image-preview:large, max-video-preview:-1\" \/>\n<link rel=\"canonical\" href=\"https:\/\/www.dttrieste.com\/de\/zimmer-und-suiten\/\" \/>\n<meta property=\"og:locale\" content=\"de_DE\" \/>\n<meta property=\"og:type\" content=\"article\" \/>\n<meta property=\"og:title\" content=\"Zimmer und Suiten: Guest, Family | DoubleTree by Hilton Trieste\" \/>\n<meta property=\"og:description\" content=\"Die Zimmer und Suiten des DoubleTree by Hilton Trieste sind mit jeglichem Komfort ausgestattet und werden bis ins kleinste Detail gepflegt. Jetzt buchen!\" \/>\n<meta property=\"og:url\" content=\"https:\/\/www.dttrieste.com\/de\/zimmer-und-suiten\/\" \/>\n<meta property=\"og:site_name\" content=\"DoubleTree by Hilton Trieste\" \/>\n<meta property=\"article:modified_time\" content=\"2025-06-12T13:18:32+00:00\" \/>\n<meta name=\"twitter:card\" content=\"summary_large_image\" \/>\n<meta name=\"twitter:label1\" content=\"Gesch\u00e4tzte Lesezeit\" \/>\n\t<meta name=\"twitter:data1\" content=\"1 Minute\" \/>\n<script type=\"application\/ld+json\" class=\"yoast-schema-graph\">{\"@context\":\"https:\/\/schema.org\",\"@graph\":[{\"@type\":\"WebPage\",\"@id\":\"https:\/\/www.dttrieste.com\/de\/zimmer-und-suiten\/\",\"url\":\"https:\/\/www.dttrieste.com\/de\/zimmer-und-suiten\/\",\"name\":\"Zimmer und Suiten: Guest, Family | DoubleTree by Hilton Trieste\",\"isPartOf\":{\"@id\":\"https:\/\/www.dttrieste.com\/de\/#website\"},\"datePublished\":\"2021-07-12T15:06:21+00:00\",\"dateModified\":\"2025-06-12T13:18:32+00:00\",\"description\":\"Die Zimmer und Suiten des DoubleTree by Hilton Trieste sind mit jeglichem Komfort ausgestattet und werden bis ins kleinste Detail gepflegt. Jetzt buchen!\",\"breadcrumb\":{\"@id\":\"https:\/\/www.dttrieste.com\/de\/zimmer-und-suiten\/#breadcrumb\"},\"inLanguage\":\"de-DE\",\"potentialAction\":[{\"@type\":\"ReadAction\",\"target\":[\"https:\/\/www.dttrieste.com\/de\/zimmer-und-suiten\/\"]}]},{\"@type\":\"BreadcrumbList\",\"@id\":\"https:\/\/www.dttrieste.com\/de\/zimmer-und-suiten\/#breadcrumb\",\"itemListElement\":[{\"@type\":\"ListItem\",\"position\":1,\"name\":\"Home\",\"item\":\"https:\/\/www.dttrieste.com\/de\/\"},{\"@type\":\"ListItem\",\"position\":2,\"name\":\"Zimmer &amp; Suiten\"}]},{\"@type\":\"WebSite\",\"@id\":\"https:\/\/www.dttrieste.com\/de\/#website\",\"url\":\"https:\/\/www.dttrieste.com\/de\/\",\"name\":\"DoubleTree by Hilton Trieste\",\"description\":\"Just another ms.decms.eu site\",\"publisher\":{\"@id\":\"https:\/\/www.dttrieste.com\/de\/#organization\"},\"potentialAction\":[{\"@type\":\"SearchAction\",\"target\":{\"@type\":\"EntryPoint\",\"urlTemplate\":\"https:\/\/www.dttrieste.com\/de\/?s={search_term_string}\"},\"query-input\":{\"@type\":\"PropertyValueSpecification\",\"valueRequired\":true,\"valueName\":\"search_term_string\"}}],\"inLanguage\":\"de-DE\"},{\"@type\":\"Organization\",\"@id\":\"https:\/\/www.dttrieste.com\/de\/#organization\",\"name\":\"Hilton Trieste\",\"url\":\"https:\/\/www.dttrieste.com\/de\/\",\"logo\":{\"@type\":\"ImageObject\",\"inLanguage\":\"de-DE\",\"@id\":\"https:\/\/www.dttrieste.com\/de\/#\/schema\/logo\/image\/\",\"url\":\"https:\/\/www.dttrieste.com\/wp-content\/uploads\/sites\/326\/2021\/07\/DT_Vertical_Logo-black.png\",\"contentUrl\":\"https:\/\/www.dttrieste.com\/wp-content\/uploads\/sites\/326\/2021\/07\/DT_Vertical_Logo-black.png\",\"width\":1684,\"height\":1466,\"caption\":\"Hilton Trieste\"},\"image\":{\"@id\":\"https:\/\/www.dttrieste.com\/de\/#\/schema\/logo\/image\/\"}}]}<\/script>\n<!-- \/ Yoast SEO plugin. -->","yoast_head_json":{"title":"Zimmer und Suiten: Guest, Family | DoubleTree by Hilton Trieste","description":"Die Zimmer und Suiten des DoubleTree by Hilton Trieste sind mit jeglichem Komfort ausgestattet und werden bis ins kleinste Detail gepflegt. Jetzt buchen!","robots":{"index":"index","follow":"follow","max-snippet":"max-snippet:-1","max-image-preview":"max-image-preview:large","max-video-preview":"max-video-preview:-1"},"canonical":"https:\/\/www.dttrieste.com\/de\/zimmer-und-suiten\/","og_locale":"de_DE","og_type":"article","og_title":"Zimmer und Suiten: Guest, Family | DoubleTree by Hilton Trieste","og_description":"Die Zimmer und Suiten des DoubleTree by Hilton Trieste sind mit jeglichem Komfort ausgestattet und werden bis ins kleinste Detail gepflegt. Jetzt buchen!","og_url":"https:\/\/www.dttrieste.com\/de\/zimmer-und-suiten\/","og_site_name":"DoubleTree by Hilton Trieste","article_modified_time":"2025-06-12T13:18:32+00:00","twitter_card":"summary_large_image","twitter_misc":{"Gesch\u00e4tzte Lesezeit":"1 Minute"},"schema":{"@context":"https:\/\/schema.org","@graph":[{"@type":"WebPage","@id":"https:\/\/www.dttrieste.com\/de\/zimmer-und-suiten\/","url":"https:\/\/www.dttrieste.com\/de\/zimmer-und-suiten\/","name":"Zimmer und Suiten: Guest, Family | DoubleTree by Hilton Trieste","isPartOf":{"@id":"https:\/\/www.dttrieste.com\/de\/#website"},"datePublished":"2021-07-12T15:06:21+00:00","dateModified":"2025-06-12T13:18:32+00:00","description":"Die Zimmer und Suiten des DoubleTree by Hilton Trieste sind mit jeglichem Komfort ausgestattet und werden bis ins kleinste Detail gepflegt. Jetzt buchen!","breadcrumb":{"@id":"https:\/\/www.dttrieste.com\/de\/zimmer-und-suiten\/#breadcrumb"},"inLanguage":"de-DE","potentialAction":[{"@type":"ReadAction","target":["https:\/\/www.dttrieste.com\/de\/zimmer-und-suiten\/"]}]},{"@type":"BreadcrumbList","@id":"https:\/\/www.dttrieste.com\/de\/zimmer-und-suiten\/#breadcrumb","itemListElement":[{"@type":"ListItem","position":1,"name":"Home","item":"https:\/\/www.dttrieste.com\/de\/"},{"@type":"ListItem","position":2,"name":"Zimmer &amp; Suiten"}]},{"@type":"WebSite","@id":"https:\/\/www.dttrieste.com\/de\/#website","url":"https:\/\/www.dttrieste.com\/de\/","name":"DoubleTree by Hilton Trieste","description":"Just another ms.decms.eu site","publisher":{"@id":"https:\/\/www.dttrieste.com\/de\/#organization"},"potentialAction":[{"@type":"SearchAction","target":{"@type":"EntryPoint","urlTemplate":"https:\/\/www.dttrieste.com\/de\/?s={search_term_string}"},"query-input":{"@type":"PropertyValueSpecification","valueRequired":true,"valueName":"search_term_string"}}],"inLanguage":"de-DE"},{"@type":"Organization","@id":"https:\/\/www.dttrieste.com\/de\/#organization","name":"Hilton Trieste","url":"https:\/\/www.dttrieste.com\/de\/","logo":{"@type":"ImageObject","inLanguage":"de-DE","@id":"https:\/\/www.dttrieste.com\/de\/#\/schema\/logo\/image\/","url":"https:\/\/www.dttrieste.com\/wp-content\/uploads\/sites\/326\/2021\/07\/DT_Vertical_Logo-black.png","contentUrl":"https:\/\/www.dttrieste.com\/wp-content\/uploads\/sites\/326\/2021\/07\/DT_Vertical_Logo-black.png","width":1684,"height":1466,"caption":"Hilton Trieste"},"image":{"@id":"https:\/\/www.dttrieste.com\/de\/#\/schema\/logo\/image\/"}}]}},"acf":[],"_links":{"self":[{"href":"https:\/\/www.dttrieste.com\/de\/wp-json\/wp\/v2\/pages\/335","targetHints":{"allow":["GET"]}}],"collection":[{"href":"https:\/\/www.dttrieste.com\/de\/wp-json\/wp\/v2\/pages"}],"about":[{"href":"https:\/\/www.dttrieste.com\/de\/wp-json\/wp\/v2\/types\/page"}],"author":[{"embeddable":true,"href":"https:\/\/www.dttrieste.com\/de\/wp-json\/wp\/v2\/users\/6"}],"replies":[{"embeddable":true,"href":"https:\/\/www.dttrieste.com\/de\/wp-json\/wp\/v2\/comments?post=335"}],"version-history":[{"count":0,"href":"https:\/\/www.dttrieste.com\/de\/wp-json\/wp\/v2\/pages\/335\/revisions"}],"wp:attachment":[{"href":"https:\/\/www.dttrieste.com\/de\/wp-json\/wp\/v2\/media?parent=335"}],"curies":[{"name":"wp","href":"https:\/\/api.w.org\/{rel}","templated":true}]}}