{"id":333,"date":"2021-07-12T11:42:46","date_gmt":"2021-07-12T11:42:46","guid":{"rendered":"https:\/\/hiltontrieste.ms.decms.eu\/sample-page\/"},"modified":"2025-10-17T10:02:10","modified_gmt":"2025-10-17T10:02:10","slug":"sample-page","status":"publish","type":"page","link":"https:\/\/www.dttrieste.com\/de\/","title":{"rendered":"Homepage"},"content":{"rendered":"\r\n<p>Das 4-Sterne-Hotel <strong>DoubleTree by Hilton Trieste<\/strong> liegt im Herzen des historischen Zentrums von Triest, nur wenige Schritte von der Piazza dell&#8217;Unit\u00e0 d&#8217;Italia entfernt. Es empf\u00e4ngt Sie in einem prestigetr\u00e4chtigen Geb\u00e4ude aus dem fr\u00fchen<strong> zwanzigsten Jahrhundert<\/strong>, das reich an Kunst und Geschichte ist und fachm\u00e4nnisch restauriert wurde, um einen Raum zu schaffen, der ganz der <strong>Gastfreundschaft gewidmet<\/strong> ist.<\/p>\r\n<p>In einer Umgebung, in der der Charme des mitteleurop\u00e4ischen Triest auf modernes Design trifft, bieten wir<a href=\"https:\/\/www.dttrieste.com\/de\/hotel\/das-ambiente\/\"> elegante und komfortable Umgebungen<\/a>, in denen unsere G\u00e4ste den Service und den herzlichen Empfang des DoubleTree by Hilton finden.<\/p>\r\n<h3><strong>Im Herzen von Triest, nur wenige Schritte von den Wundern der Stadt entfernt<\/strong><\/h3>\r\n<p>Im Herzen der Stadt gelegen, nur einen kurzen Spaziergang von der beeindruckenden Piazza Unit\u00e0 d\u2019Italia und dem ber\u00fchmten Molo Audace entfernt, und nur 10 Minuten zu Fu\u00df vom Hauptbahnhof Triest, ist das DoubleTree by Hilton Trieste eines der besten Geheimtipps, um jede Saison mit seinen <a href=\"https:\/\/www.dttrieste.com\/de\/pakete-und-angebote\/\">unvergesslichen Angeboten<\/a> in vollen Z\u00fcgen zu genie\u00dfen.<\/p>\r\n","protected":false},"excerpt":{"rendered":"<p>Das 4-Sterne-Hotel DoubleTree by Hilton Trieste liegt im Herzen des historischen Zentrums von Triest, nur wenige Schritte von der Piazza dell&#8217;Unit\u00e0 d&#8217;Italia entfernt. Es empf\u00e4ngt Sie in einem prestigetr\u00e4chtigen Geb\u00e4ude aus dem fr\u00fchen zwanzigsten Jahrhundert, das reich an Kunst und Geschichte ist und fachm\u00e4nnisch restauriert wurde, um einen Raum zu schaffen, der ganz der Gastfreundschaft [&hellip;]<\/p>\n","protected":false},"author":119,"featured_media":0,"parent":0,"menu_order":0,"comment_status":"closed","ping_status":"closed","template":"","meta":{"footnotes":""},"class_list":["post-333","page","type-page","status-publish","hentry"],"yoast_head":"<!-- This site is optimized with the Yoast SEO plugin v26.9 - https:\/\/yoast.com\/product\/yoast-seo-wordpress\/ -->\n<title>4-Sterne-Hotel Triest zentral | DoubleTree by Hilton Trieste<\/title>\n<meta name=\"description\" content=\"W\u00e4hlen Sie das DoubleTree by Hilton Trieste f\u00fcr Ihren Aufenthalt. Entdecken Sie online die Serviceleistungen der Bar und des Restaurants, des Fitness- und Wellnessbereichs, der Suiten und der historischen Zimmer.\" \/>\n<meta name=\"robots\" content=\"index, follow, max-snippet:-1, max-image-preview:large, max-video-preview:-1\" \/>\n<link rel=\"canonical\" href=\"https:\/\/www.dttrieste.com\/de\/\" \/>\n<meta property=\"og:locale\" content=\"de_DE\" \/>\n<meta property=\"og:type\" content=\"article\" \/>\n<meta property=\"og:title\" content=\"4-Sterne-Hotel Triest zentral | DoubleTree by Hilton Trieste\" \/>\n<meta property=\"og:description\" content=\"W\u00e4hlen Sie das DoubleTree by Hilton Trieste f\u00fcr Ihren Aufenthalt. Entdecken Sie online die Serviceleistungen der Bar und des Restaurants, des Fitness- und Wellnessbereichs, der Suiten und der historischen Zimmer.\" \/>\n<meta property=\"og:url\" content=\"https:\/\/www.dttrieste.com\/de\/\" \/>\n<meta property=\"og:site_name\" content=\"DoubleTree by Hilton Trieste\" \/>\n<meta property=\"article:modified_time\" content=\"2025-10-17T10:02:10+00:00\" \/>\n<meta name=\"twitter:card\" content=\"summary_large_image\" \/>\n<meta name=\"twitter:label1\" content=\"Gesch\u00e4tzte Lesezeit\" \/>\n\t<meta name=\"twitter:data1\" content=\"1 Minute\" \/>\n<script type=\"application\/ld+json\" class=\"yoast-schema-graph\">{\"@context\":\"https:\/\/schema.org\",\"@graph\":[{\"@type\":\"WebPage\",\"@id\":\"https:\/\/www.dttrieste.com\/de\/\",\"url\":\"https:\/\/www.dttrieste.com\/de\/\",\"name\":\"4-Sterne-Hotel Triest zentral | DoubleTree by Hilton Trieste\",\"isPartOf\":{\"@id\":\"https:\/\/www.dttrieste.com\/de\/#website\"},\"datePublished\":\"2021-07-12T11:42:46+00:00\",\"dateModified\":\"2025-10-17T10:02:10+00:00\",\"description\":\"W\u00e4hlen Sie das DoubleTree by Hilton Trieste f\u00fcr Ihren Aufenthalt. Entdecken Sie online die Serviceleistungen der Bar und des Restaurants, des Fitness- und Wellnessbereichs, der Suiten und der historischen Zimmer.\",\"breadcrumb\":{\"@id\":\"https:\/\/www.dttrieste.com\/de\/#breadcrumb\"},\"inLanguage\":\"de-DE\",\"potentialAction\":[{\"@type\":\"ReadAction\",\"target\":[\"https:\/\/www.dttrieste.com\/de\/\"]}]},{\"@type\":\"BreadcrumbList\",\"@id\":\"https:\/\/www.dttrieste.com\/de\/#breadcrumb\",\"itemListElement\":[{\"@type\":\"ListItem\",\"position\":1,\"name\":\"Home\",\"item\":\"https:\/\/www.dttrieste.com\/de\/\"},{\"@type\":\"ListItem\",\"position\":2,\"name\":\"Homepage\"}]},{\"@type\":\"WebSite\",\"@id\":\"https:\/\/www.dttrieste.com\/de\/#website\",\"url\":\"https:\/\/www.dttrieste.com\/de\/\",\"name\":\"DoubleTree by Hilton Trieste\",\"description\":\"Just another ms.decms.eu site\",\"publisher\":{\"@id\":\"https:\/\/www.dttrieste.com\/de\/#organization\"},\"potentialAction\":[{\"@type\":\"SearchAction\",\"target\":{\"@type\":\"EntryPoint\",\"urlTemplate\":\"https:\/\/www.dttrieste.com\/de\/?s={search_term_string}\"},\"query-input\":{\"@type\":\"PropertyValueSpecification\",\"valueRequired\":true,\"valueName\":\"search_term_string\"}}],\"inLanguage\":\"de-DE\"},{\"@type\":\"Organization\",\"@id\":\"https:\/\/www.dttrieste.com\/de\/#organization\",\"name\":\"Hilton Trieste\",\"url\":\"https:\/\/www.dttrieste.com\/de\/\",\"logo\":{\"@type\":\"ImageObject\",\"inLanguage\":\"de-DE\",\"@id\":\"https:\/\/www.dttrieste.com\/de\/#\/schema\/logo\/image\/\",\"url\":\"https:\/\/www.dttrieste.com\/wp-content\/uploads\/sites\/326\/2021\/07\/DT_Vertical_Logo-black.png\",\"contentUrl\":\"https:\/\/www.dttrieste.com\/wp-content\/uploads\/sites\/326\/2021\/07\/DT_Vertical_Logo-black.png\",\"width\":1684,\"height\":1466,\"caption\":\"Hilton Trieste\"},\"image\":{\"@id\":\"https:\/\/www.dttrieste.com\/de\/#\/schema\/logo\/image\/\"}}]}<\/script>\n<!-- \/ Yoast SEO plugin. -->","yoast_head_json":{"title":"4-Sterne-Hotel Triest zentral | DoubleTree by Hilton Trieste","description":"W\u00e4hlen Sie das DoubleTree by Hilton Trieste f\u00fcr Ihren Aufenthalt. Entdecken Sie online die Serviceleistungen der Bar und des Restaurants, des Fitness- und Wellnessbereichs, der Suiten und der historischen Zimmer.","robots":{"index":"index","follow":"follow","max-snippet":"max-snippet:-1","max-image-preview":"max-image-preview:large","max-video-preview":"max-video-preview:-1"},"canonical":"https:\/\/www.dttrieste.com\/de\/","og_locale":"de_DE","og_type":"article","og_title":"4-Sterne-Hotel Triest zentral | DoubleTree by Hilton Trieste","og_description":"W\u00e4hlen Sie das DoubleTree by Hilton Trieste f\u00fcr Ihren Aufenthalt. Entdecken Sie online die Serviceleistungen der Bar und des Restaurants, des Fitness- und Wellnessbereichs, der Suiten und der historischen Zimmer.","og_url":"https:\/\/www.dttrieste.com\/de\/","og_site_name":"DoubleTree by Hilton Trieste","article_modified_time":"2025-10-17T10:02:10+00:00","twitter_card":"summary_large_image","twitter_misc":{"Gesch\u00e4tzte Lesezeit":"1 Minute"},"schema":{"@context":"https:\/\/schema.org","@graph":[{"@type":"WebPage","@id":"https:\/\/www.dttrieste.com\/de\/","url":"https:\/\/www.dttrieste.com\/de\/","name":"4-Sterne-Hotel Triest zentral | DoubleTree by Hilton Trieste","isPartOf":{"@id":"https:\/\/www.dttrieste.com\/de\/#website"},"datePublished":"2021-07-12T11:42:46+00:00","dateModified":"2025-10-17T10:02:10+00:00","description":"W\u00e4hlen Sie das DoubleTree by Hilton Trieste f\u00fcr Ihren Aufenthalt. Entdecken Sie online die Serviceleistungen der Bar und des Restaurants, des Fitness- und Wellnessbereichs, der Suiten und der historischen Zimmer.","breadcrumb":{"@id":"https:\/\/www.dttrieste.com\/de\/#breadcrumb"},"inLanguage":"de-DE","potentialAction":[{"@type":"ReadAction","target":["https:\/\/www.dttrieste.com\/de\/"]}]},{"@type":"BreadcrumbList","@id":"https:\/\/www.dttrieste.com\/de\/#breadcrumb","itemListElement":[{"@type":"ListItem","position":1,"name":"Home","item":"https:\/\/www.dttrieste.com\/de\/"},{"@type":"ListItem","position":2,"name":"Homepage"}]},{"@type":"WebSite","@id":"https:\/\/www.dttrieste.com\/de\/#website","url":"https:\/\/www.dttrieste.com\/de\/","name":"DoubleTree by Hilton Trieste","description":"Just another ms.decms.eu site","publisher":{"@id":"https:\/\/www.dttrieste.com\/de\/#organization"},"potentialAction":[{"@type":"SearchAction","target":{"@type":"EntryPoint","urlTemplate":"https:\/\/www.dttrieste.com\/de\/?s={search_term_string}"},"query-input":{"@type":"PropertyValueSpecification","valueRequired":true,"valueName":"search_term_string"}}],"inLanguage":"de-DE"},{"@type":"Organization","@id":"https:\/\/www.dttrieste.com\/de\/#organization","name":"Hilton Trieste","url":"https:\/\/www.dttrieste.com\/de\/","logo":{"@type":"ImageObject","inLanguage":"de-DE","@id":"https:\/\/www.dttrieste.com\/de\/#\/schema\/logo\/image\/","url":"https:\/\/www.dttrieste.com\/wp-content\/uploads\/sites\/326\/2021\/07\/DT_Vertical_Logo-black.png","contentUrl":"https:\/\/www.dttrieste.com\/wp-content\/uploads\/sites\/326\/2021\/07\/DT_Vertical_Logo-black.png","width":1684,"height":1466,"caption":"Hilton Trieste"},"image":{"@id":"https:\/\/www.dttrieste.com\/de\/#\/schema\/logo\/image\/"}}]}},"acf":[],"_links":{"self":[{"href":"https:\/\/www.dttrieste.com\/de\/wp-json\/wp\/v2\/pages\/333","targetHints":{"allow":["GET"]}}],"collection":[{"href":"https:\/\/www.dttrieste.com\/de\/wp-json\/wp\/v2\/pages"}],"about":[{"href":"https:\/\/www.dttrieste.com\/de\/wp-json\/wp\/v2\/types\/page"}],"author":[{"embeddable":true,"href":"https:\/\/www.dttrieste.com\/de\/wp-json\/wp\/v2\/users\/119"}],"replies":[{"embeddable":true,"href":"https:\/\/www.dttrieste.com\/de\/wp-json\/wp\/v2\/comments?post=333"}],"version-history":[{"count":0,"href":"https:\/\/www.dttrieste.com\/de\/wp-json\/wp\/v2\/pages\/333\/revisions"}],"wp:attachment":[{"href":"https:\/\/www.dttrieste.com\/de\/wp-json\/wp\/v2\/media?parent=333"}],"curies":[{"name":"wp","href":"https:\/\/api.w.org\/{rel}","templated":true}]}}