{"id":2981,"date":"2026-04-10T12:22:39","date_gmt":"2026-04-10T12:22:39","guid":{"rendered":"https:\/\/www.dttrieste.com\/?page_id=2981"},"modified":"2026-04-14T10:48:07","modified_gmt":"2026-04-14T10:48:07","slug":"golf-in-triest","status":"publish","type":"page","link":"https:\/\/www.dttrieste.com\/de\/freizeitaktivitaeten\/golf-in-triest\/","title":{"rendered":"Golf in Triest"},"content":{"rendered":"<h3 data-start=\"90\" data-end=\"158\"><strong>Ein raffiniertes Erlebnis zwischen Meerblick und gr\u00fcnen Fairways<\/strong><\/h3>\n<p style=\"text-align: left\" data-start=\"234\" data-end=\"580\">Nur wenige Autominuten vom Stadtzentrum entfernt bietet Triest Golfbegeisterten die einzigartige M\u00f6glichkeit, inmitten atemberaubender Landschaften zu spielen. Dank unserer Partnerschaft mit dem <a href=\"https:\/\/golfclubtrieste.net\/\" target=\"_blank\" rel=\"noopener\"><strong data-start=\"355\" data-end=\"375\">Golf Club Triest<\/strong> <\/a>genie\u00dfen G\u00e4ste des <strong data-start=\"395\" data-end=\"427\">DoubleTree by Hilton Trieste<\/strong> ein exklusives Golferlebnis, bei dem <strong data-start=\"465\" data-end=\"499\">Natur, Eleganz und Entspannung<\/strong> harmonisch zusammenkommen.<\/p>\n","protected":false},"excerpt":{"rendered":"<p>Ein raffiniertes Erlebnis zwischen Meerblick und gr\u00fcnen Fairways Nur wenige Autominuten vom Stadtzentrum entfernt bietet Triest Golfbegeisterten die einzigartige M\u00f6glichkeit, inmitten atemberaubender Landschaften zu spielen. Dank unserer Partnerschaft mit dem Golf Club Triest genie\u00dfen G\u00e4ste des DoubleTree by Hilton Trieste ein exklusives Golferlebnis, bei dem Natur, Eleganz und Entspannung harmonisch zusammenkommen.<\/p>\n","protected":false},"author":724,"featured_media":2992,"parent":452,"menu_order":111,"comment_status":"closed","ping_status":"closed","template":"template-default-2.php","meta":{"footnotes":""},"class_list":["post-2981","page","type-page","status-publish","has-post-thumbnail","hentry"],"yoast_head":"<!-- This site is optimized with the Yoast SEO plugin v26.9 - https:\/\/yoast.com\/product\/yoast-seo-wordpress\/ -->\n<title>Golf spielen in Triest mit Meerblick | DoubleTree by Hilton Trieste<\/title>\n<meta name=\"description\" content=\"Golf Club Triest: Golf mit Meerblick. \u00dcbernachten Sie im DoubleTree by Hilton Trieste und genie\u00dfen Sie exklusive Greenfee-Erm\u00e4\u00dfigungen.\" \/>\n<meta name=\"robots\" content=\"index, follow, max-snippet:-1, max-image-preview:large, max-video-preview:-1\" \/>\n<link rel=\"canonical\" href=\"https:\/\/www.dttrieste.com\/de\/freizeitaktivitaeten\/golf-in-triest\/\" \/>\n<meta property=\"og:locale\" content=\"de_DE\" \/>\n<meta property=\"og:type\" content=\"article\" \/>\n<meta property=\"og:title\" content=\"Golf spielen in Triest mit Meerblick | DoubleTree by Hilton Trieste\" \/>\n<meta property=\"og:description\" content=\"Golf Club Triest: Golf mit Meerblick. \u00dcbernachten Sie im DoubleTree by Hilton Trieste und genie\u00dfen Sie exklusive Greenfee-Erm\u00e4\u00dfigungen.\" \/>\n<meta property=\"og:url\" content=\"https:\/\/www.dttrieste.com\/de\/freizeitaktivitaeten\/golf-in-triest\/\" \/>\n<meta property=\"og:site_name\" content=\"DoubleTree by Hilton Trieste\" \/>\n<meta property=\"article:modified_time\" content=\"2026-04-14T10:48:07+00:00\" \/>\n<meta property=\"og:image\" content=\"https:\/\/www.dttrieste.com\/wp-content\/uploads\/sites\/326\/2026\/04\/Hole-17.png\" \/>\n\t<meta property=\"og:image:width\" content=\"1128\" \/>\n\t<meta property=\"og:image:height\" content=\"832\" \/>\n\t<meta property=\"og:image:type\" content=\"image\/png\" \/>\n<meta name=\"twitter:card\" content=\"summary_large_image\" \/>\n<meta name=\"twitter:label1\" content=\"Gesch\u00e4tzte Lesezeit\" \/>\n\t<meta name=\"twitter:data1\" content=\"1 Minute\" \/>\n<script type=\"application\/ld+json\" class=\"yoast-schema-graph\">{\"@context\":\"https:\/\/schema.org\",\"@graph\":[{\"@type\":\"WebPage\",\"@id\":\"https:\/\/www.dttrieste.com\/de\/freizeitaktivitaeten\/golf-in-triest\/\",\"url\":\"https:\/\/www.dttrieste.com\/de\/freizeitaktivitaeten\/golf-in-triest\/\",\"name\":\"Golf spielen in Triest mit Meerblick | DoubleTree by Hilton Trieste\",\"isPartOf\":{\"@id\":\"https:\/\/www.dttrieste.com\/de\/#website\"},\"primaryImageOfPage\":{\"@id\":\"https:\/\/www.dttrieste.com\/de\/freizeitaktivitaeten\/golf-in-triest\/#primaryimage\"},\"image\":{\"@id\":\"https:\/\/www.dttrieste.com\/de\/freizeitaktivitaeten\/golf-in-triest\/#primaryimage\"},\"thumbnailUrl\":\"https:\/\/www.dttrieste.com\/wp-content\/uploads\/sites\/326\/2026\/04\/Hole-17.png\",\"datePublished\":\"2026-04-10T12:22:39+00:00\",\"dateModified\":\"2026-04-14T10:48:07+00:00\",\"description\":\"Golf Club Triest: Golf mit Meerblick. \u00dcbernachten Sie im DoubleTree by Hilton Trieste und genie\u00dfen Sie exklusive Greenfee-Erm\u00e4\u00dfigungen.\",\"breadcrumb\":{\"@id\":\"https:\/\/www.dttrieste.com\/de\/freizeitaktivitaeten\/golf-in-triest\/#breadcrumb\"},\"inLanguage\":\"de-DE\",\"potentialAction\":[{\"@type\":\"ReadAction\",\"target\":[\"https:\/\/www.dttrieste.com\/de\/freizeitaktivitaeten\/golf-in-triest\/\"]}]},{\"@type\":\"ImageObject\",\"inLanguage\":\"de-DE\",\"@id\":\"https:\/\/www.dttrieste.com\/de\/freizeitaktivitaeten\/golf-in-triest\/#primaryimage\",\"url\":\"https:\/\/www.dttrieste.com\/wp-content\/uploads\/sites\/326\/2026\/04\/Hole-17.png\",\"contentUrl\":\"https:\/\/www.dttrieste.com\/wp-content\/uploads\/sites\/326\/2026\/04\/Hole-17.png\",\"width\":1128,\"height\":832,\"caption\":\"where-to-play-golf-in-trieste-doubletree-byhilton-trieste\"},{\"@type\":\"BreadcrumbList\",\"@id\":\"https:\/\/www.dttrieste.com\/de\/freizeitaktivitaeten\/golf-in-triest\/#breadcrumb\",\"itemListElement\":[{\"@type\":\"ListItem\",\"position\":1,\"name\":\"Home\",\"item\":\"https:\/\/www.dttrieste.com\/de\/\"},{\"@type\":\"ListItem\",\"position\":2,\"name\":\"Was man in Triest tun kann\",\"item\":\"https:\/\/www.dttrieste.com\/de\/freizeitaktivitaeten\/\"},{\"@type\":\"ListItem\",\"position\":3,\"name\":\"Golf in Triest\"}]},{\"@type\":\"WebSite\",\"@id\":\"https:\/\/www.dttrieste.com\/de\/#website\",\"url\":\"https:\/\/www.dttrieste.com\/de\/\",\"name\":\"DoubleTree by Hilton Trieste\",\"description\":\"Just another ms.decms.eu site\",\"publisher\":{\"@id\":\"https:\/\/www.dttrieste.com\/de\/#organization\"},\"potentialAction\":[{\"@type\":\"SearchAction\",\"target\":{\"@type\":\"EntryPoint\",\"urlTemplate\":\"https:\/\/www.dttrieste.com\/de\/?s={search_term_string}\"},\"query-input\":{\"@type\":\"PropertyValueSpecification\",\"valueRequired\":true,\"valueName\":\"search_term_string\"}}],\"inLanguage\":\"de-DE\"},{\"@type\":\"Organization\",\"@id\":\"https:\/\/www.dttrieste.com\/de\/#organization\",\"name\":\"Hilton Trieste\",\"url\":\"https:\/\/www.dttrieste.com\/de\/\",\"logo\":{\"@type\":\"ImageObject\",\"inLanguage\":\"de-DE\",\"@id\":\"https:\/\/www.dttrieste.com\/de\/#\/schema\/logo\/image\/\",\"url\":\"https:\/\/www.dttrieste.com\/wp-content\/uploads\/sites\/326\/2021\/07\/DT_Vertical_Logo-black.png\",\"contentUrl\":\"https:\/\/www.dttrieste.com\/wp-content\/uploads\/sites\/326\/2021\/07\/DT_Vertical_Logo-black.png\",\"width\":1684,\"height\":1466,\"caption\":\"Hilton Trieste\"},\"image\":{\"@id\":\"https:\/\/www.dttrieste.com\/de\/#\/schema\/logo\/image\/\"}}]}<\/script>\n<!-- \/ Yoast SEO plugin. -->","yoast_head_json":{"title":"Golf spielen in Triest mit Meerblick | DoubleTree by Hilton Trieste","description":"Golf Club Triest: Golf mit Meerblick. \u00dcbernachten Sie im DoubleTree by Hilton Trieste und genie\u00dfen Sie exklusive Greenfee-Erm\u00e4\u00dfigungen.","robots":{"index":"index","follow":"follow","max-snippet":"max-snippet:-1","max-image-preview":"max-image-preview:large","max-video-preview":"max-video-preview:-1"},"canonical":"https:\/\/www.dttrieste.com\/de\/freizeitaktivitaeten\/golf-in-triest\/","og_locale":"de_DE","og_type":"article","og_title":"Golf spielen in Triest mit Meerblick | DoubleTree by Hilton Trieste","og_description":"Golf Club Triest: Golf mit Meerblick. \u00dcbernachten Sie im DoubleTree by Hilton Trieste und genie\u00dfen Sie exklusive Greenfee-Erm\u00e4\u00dfigungen.","og_url":"https:\/\/www.dttrieste.com\/de\/freizeitaktivitaeten\/golf-in-triest\/","og_site_name":"DoubleTree by Hilton Trieste","article_modified_time":"2026-04-14T10:48:07+00:00","og_image":[{"width":1128,"height":832,"url":"https:\/\/www.dttrieste.com\/wp-content\/uploads\/sites\/326\/2026\/04\/Hole-17.png","type":"image\/png"}],"twitter_card":"summary_large_image","twitter_misc":{"Gesch\u00e4tzte Lesezeit":"1 Minute"},"schema":{"@context":"https:\/\/schema.org","@graph":[{"@type":"WebPage","@id":"https:\/\/www.dttrieste.com\/de\/freizeitaktivitaeten\/golf-in-triest\/","url":"https:\/\/www.dttrieste.com\/de\/freizeitaktivitaeten\/golf-in-triest\/","name":"Golf spielen in Triest mit Meerblick | DoubleTree by Hilton Trieste","isPartOf":{"@id":"https:\/\/www.dttrieste.com\/de\/#website"},"primaryImageOfPage":{"@id":"https:\/\/www.dttrieste.com\/de\/freizeitaktivitaeten\/golf-in-triest\/#primaryimage"},"image":{"@id":"https:\/\/www.dttrieste.com\/de\/freizeitaktivitaeten\/golf-in-triest\/#primaryimage"},"thumbnailUrl":"https:\/\/www.dttrieste.com\/wp-content\/uploads\/sites\/326\/2026\/04\/Hole-17.png","datePublished":"2026-04-10T12:22:39+00:00","dateModified":"2026-04-14T10:48:07+00:00","description":"Golf Club Triest: Golf mit Meerblick. \u00dcbernachten Sie im DoubleTree by Hilton Trieste und genie\u00dfen Sie exklusive Greenfee-Erm\u00e4\u00dfigungen.","breadcrumb":{"@id":"https:\/\/www.dttrieste.com\/de\/freizeitaktivitaeten\/golf-in-triest\/#breadcrumb"},"inLanguage":"de-DE","potentialAction":[{"@type":"ReadAction","target":["https:\/\/www.dttrieste.com\/de\/freizeitaktivitaeten\/golf-in-triest\/"]}]},{"@type":"ImageObject","inLanguage":"de-DE","@id":"https:\/\/www.dttrieste.com\/de\/freizeitaktivitaeten\/golf-in-triest\/#primaryimage","url":"https:\/\/www.dttrieste.com\/wp-content\/uploads\/sites\/326\/2026\/04\/Hole-17.png","contentUrl":"https:\/\/www.dttrieste.com\/wp-content\/uploads\/sites\/326\/2026\/04\/Hole-17.png","width":1128,"height":832,"caption":"where-to-play-golf-in-trieste-doubletree-byhilton-trieste"},{"@type":"BreadcrumbList","@id":"https:\/\/www.dttrieste.com\/de\/freizeitaktivitaeten\/golf-in-triest\/#breadcrumb","itemListElement":[{"@type":"ListItem","position":1,"name":"Home","item":"https:\/\/www.dttrieste.com\/de\/"},{"@type":"ListItem","position":2,"name":"Was man in Triest tun kann","item":"https:\/\/www.dttrieste.com\/de\/freizeitaktivitaeten\/"},{"@type":"ListItem","position":3,"name":"Golf in Triest"}]},{"@type":"WebSite","@id":"https:\/\/www.dttrieste.com\/de\/#website","url":"https:\/\/www.dttrieste.com\/de\/","name":"DoubleTree by Hilton Trieste","description":"Just another ms.decms.eu site","publisher":{"@id":"https:\/\/www.dttrieste.com\/de\/#organization"},"potentialAction":[{"@type":"SearchAction","target":{"@type":"EntryPoint","urlTemplate":"https:\/\/www.dttrieste.com\/de\/?s={search_term_string}"},"query-input":{"@type":"PropertyValueSpecification","valueRequired":true,"valueName":"search_term_string"}}],"inLanguage":"de-DE"},{"@type":"Organization","@id":"https:\/\/www.dttrieste.com\/de\/#organization","name":"Hilton Trieste","url":"https:\/\/www.dttrieste.com\/de\/","logo":{"@type":"ImageObject","inLanguage":"de-DE","@id":"https:\/\/www.dttrieste.com\/de\/#\/schema\/logo\/image\/","url":"https:\/\/www.dttrieste.com\/wp-content\/uploads\/sites\/326\/2021\/07\/DT_Vertical_Logo-black.png","contentUrl":"https:\/\/www.dttrieste.com\/wp-content\/uploads\/sites\/326\/2021\/07\/DT_Vertical_Logo-black.png","width":1684,"height":1466,"caption":"Hilton Trieste"},"image":{"@id":"https:\/\/www.dttrieste.com\/de\/#\/schema\/logo\/image\/"}}]}},"acf":[],"_links":{"self":[{"href":"https:\/\/www.dttrieste.com\/de\/wp-json\/wp\/v2\/pages\/2981","targetHints":{"allow":["GET"]}}],"collection":[{"href":"https:\/\/www.dttrieste.com\/de\/wp-json\/wp\/v2\/pages"}],"about":[{"href":"https:\/\/www.dttrieste.com\/de\/wp-json\/wp\/v2\/types\/page"}],"author":[{"embeddable":true,"href":"https:\/\/www.dttrieste.com\/de\/wp-json\/wp\/v2\/users\/724"}],"replies":[{"embeddable":true,"href":"https:\/\/www.dttrieste.com\/de\/wp-json\/wp\/v2\/comments?post=2981"}],"version-history":[{"count":0,"href":"https:\/\/www.dttrieste.com\/de\/wp-json\/wp\/v2\/pages\/2981\/revisions"}],"up":[{"embeddable":true,"href":"https:\/\/www.dttrieste.com\/de\/wp-json\/wp\/v2\/pages\/452"}],"wp:featuredmedia":[{"embeddable":true,"href":"https:\/\/www.dttrieste.com\/de\/wp-json\/wp\/v2\/media\/2992"}],"wp:attachment":[{"href":"https:\/\/www.dttrieste.com\/de\/wp-json\/wp\/v2\/media?parent=2981"}],"curies":[{"name":"wp","href":"https:\/\/api.w.org\/{rel}","templated":true}]}}