{"id":2886,"date":"2026-01-27T11:08:37","date_gmt":"2026-01-27T11:08:37","guid":{"rendered":"https:\/\/www.dttrieste.com\/?page_id=2886"},"modified":"2026-03-20T10:49:05","modified_gmt":"2026-03-20T10:49:05","slug":"trieste-fruehlings-staedtetrip","status":"publish","type":"page","link":"https:\/\/www.dttrieste.com\/de\/pakete-und-angebote\/trieste-fruehlings-staedtetrip\/","title":{"rendered":"Fr\u00fchlingsauszeit in Triest"},"content":{"rendered":"<h3 style=\"text-align: center\" data-start=\"80\" data-end=\"139\"><strong data-start=\"80\" data-end=\"139\">Entdecken Sie ein anderes Fr\u00fchlingsreiseziel in Italien<\/strong><\/h3>\n<p style=\"text-align: center\" data-start=\"141\" data-end=\"416\">Der Fr\u00fchling in Triest wirkt ruhig, elegant und \u00fcberraschend inspirierend. Mit seiner maritimen Atmosph\u00e4re, historischen Caf\u00e9s und multikulturellen Pr\u00e4gung ist Triest das ideale Reiseziel f\u00fcr alle, die eine Fr\u00fchlingsauszeit suchen, die \u00fcber klassische St\u00e4dtetrips hinausgeht.<\/p>\n<p style=\"text-align: center\" data-start=\"418\" data-end=\"544\">Im DoubleTree by Hilton Trieste wohnen Sie im Herzen der Stadt, wo Geschichte und moderne Gastfreundschaft aufeinandertreffen.<\/p>\n","protected":false},"excerpt":{"rendered":"<p>Entdecken Sie ein anderes Fr\u00fchlingsreiseziel in Italien Der Fr\u00fchling in Triest wirkt ruhig, elegant und \u00fcberraschend inspirierend. Mit seiner maritimen Atmosph\u00e4re, historischen Caf\u00e9s und multikulturellen Pr\u00e4gung ist Triest das ideale Reiseziel f\u00fcr alle, die eine Fr\u00fchlingsauszeit suchen, die \u00fcber klassische St\u00e4dtetrips hinausgeht. Im DoubleTree by Hilton Trieste wohnen Sie im Herzen der Stadt, wo Geschichte [&hellip;]<\/p>\n","protected":false},"author":724,"featured_media":2962,"parent":420,"menu_order":0,"comment_status":"closed","ping_status":"closed","template":"","meta":{"footnotes":""},"class_list":["post-2886","page","type-page","status-publish","has-post-thumbnail","hentry"],"yoast_head":"<!-- This site is optimized with the Yoast SEO plugin v26.9 - https:\/\/yoast.com\/product\/yoast-seo-wordpress\/ -->\n<title>Fr\u00fchlingsauszeit in Triest - DoubleTree by Hilton Trieste<\/title>\n<meta name=\"description\" content=\"Planen Sie Ihren Fr\u00fchlings-St\u00e4dtetrip in Triest im DoubleTree by Hilton Triest. Zentrale Lage und zeitlose Eleganz.\" \/>\n<meta name=\"robots\" content=\"index, follow, max-snippet:-1, max-image-preview:large, max-video-preview:-1\" \/>\n<link rel=\"canonical\" href=\"https:\/\/www.dttrieste.com\/de\/pakete-und-angebote\/trieste-fruehlings-staedtetrip\/\" \/>\n<meta property=\"og:locale\" content=\"de_DE\" \/>\n<meta property=\"og:type\" content=\"article\" \/>\n<meta property=\"og:title\" content=\"Fr\u00fchlingsauszeit in Triest - DoubleTree by Hilton Trieste\" \/>\n<meta property=\"og:description\" content=\"Planen Sie Ihren Fr\u00fchlings-St\u00e4dtetrip in Triest im DoubleTree by Hilton Triest. Zentrale Lage und zeitlose Eleganz.\" \/>\n<meta property=\"og:url\" content=\"https:\/\/www.dttrieste.com\/de\/pakete-und-angebote\/trieste-fruehlings-staedtetrip\/\" \/>\n<meta property=\"og:site_name\" content=\"DoubleTree by Hilton Trieste\" \/>\n<meta property=\"article:modified_time\" content=\"2026-03-20T10:49:05+00:00\" \/>\n<meta property=\"og:image\" content=\"https:\/\/www.dttrieste.com\/wp-content\/uploads\/sites\/326\/2026\/03\/DoubleTree_giugno23-152-1-scaled.jpg\" \/>\n\t<meta property=\"og:image:width\" content=\"2048\" \/>\n\t<meta property=\"og:image:height\" content=\"2560\" \/>\n\t<meta property=\"og:image:type\" content=\"image\/jpeg\" \/>\n<meta name=\"twitter:card\" content=\"summary_large_image\" \/>\n<meta name=\"twitter:label1\" content=\"Gesch\u00e4tzte Lesezeit\" \/>\n\t<meta name=\"twitter:data1\" content=\"1 Minute\" \/>\n<script type=\"application\/ld+json\" class=\"yoast-schema-graph\">{\"@context\":\"https:\/\/schema.org\",\"@graph\":[{\"@type\":\"WebPage\",\"@id\":\"https:\/\/www.dttrieste.com\/de\/pakete-und-angebote\/trieste-fruehlings-staedtetrip\/\",\"url\":\"https:\/\/www.dttrieste.com\/de\/pakete-und-angebote\/trieste-fruehlings-staedtetrip\/\",\"name\":\"Fr\u00fchlingsauszeit in Triest - DoubleTree by Hilton Trieste\",\"isPartOf\":{\"@id\":\"https:\/\/www.dttrieste.com\/de\/#website\"},\"primaryImageOfPage\":{\"@id\":\"https:\/\/www.dttrieste.com\/de\/pakete-und-angebote\/trieste-fruehlings-staedtetrip\/#primaryimage\"},\"image\":{\"@id\":\"https:\/\/www.dttrieste.com\/de\/pakete-und-angebote\/trieste-fruehlings-staedtetrip\/#primaryimage\"},\"thumbnailUrl\":\"https:\/\/www.dttrieste.com\/wp-content\/uploads\/sites\/326\/2026\/03\/DoubleTree_giugno23-152-1-scaled.jpg\",\"datePublished\":\"2026-01-27T11:08:37+00:00\",\"dateModified\":\"2026-03-20T10:49:05+00:00\",\"description\":\"Planen Sie Ihren Fr\u00fchlings-St\u00e4dtetrip in Triest im DoubleTree by Hilton Triest. Zentrale Lage und zeitlose Eleganz.\",\"breadcrumb\":{\"@id\":\"https:\/\/www.dttrieste.com\/de\/pakete-und-angebote\/trieste-fruehlings-staedtetrip\/#breadcrumb\"},\"inLanguage\":\"de-DE\",\"potentialAction\":[{\"@type\":\"ReadAction\",\"target\":[\"https:\/\/www.dttrieste.com\/de\/pakete-und-angebote\/trieste-fruehlings-staedtetrip\/\"]}]},{\"@type\":\"ImageObject\",\"inLanguage\":\"de-DE\",\"@id\":\"https:\/\/www.dttrieste.com\/de\/pakete-und-angebote\/trieste-fruehlings-staedtetrip\/#primaryimage\",\"url\":\"https:\/\/www.dttrieste.com\/wp-content\/uploads\/sites\/326\/2026\/03\/DoubleTree_giugno23-152-1-scaled.jpg\",\"contentUrl\":\"https:\/\/www.dttrieste.com\/wp-content\/uploads\/sites\/326\/2026\/03\/DoubleTree_giugno23-152-1-scaled.jpg\",\"width\":2048,\"height\":2560,\"caption\":\"spring-escape-in-trieste-doubletree-byhilton-trieste\"},{\"@type\":\"BreadcrumbList\",\"@id\":\"https:\/\/www.dttrieste.com\/de\/pakete-und-angebote\/trieste-fruehlings-staedtetrip\/#breadcrumb\",\"itemListElement\":[{\"@type\":\"ListItem\",\"position\":1,\"name\":\"Home\",\"item\":\"https:\/\/www.dttrieste.com\/de\/\"},{\"@type\":\"ListItem\",\"position\":2,\"name\":\"Pakete &amp; Angebote\",\"item\":\"https:\/\/www.dttrieste.com\/de\/pakete-und-angebote\/\"},{\"@type\":\"ListItem\",\"position\":3,\"name\":\"Fr\u00fchlingsauszeit in Triest\"}]},{\"@type\":\"WebSite\",\"@id\":\"https:\/\/www.dttrieste.com\/de\/#website\",\"url\":\"https:\/\/www.dttrieste.com\/de\/\",\"name\":\"DoubleTree by Hilton Trieste\",\"description\":\"Just another ms.decms.eu site\",\"publisher\":{\"@id\":\"https:\/\/www.dttrieste.com\/de\/#organization\"},\"potentialAction\":[{\"@type\":\"SearchAction\",\"target\":{\"@type\":\"EntryPoint\",\"urlTemplate\":\"https:\/\/www.dttrieste.com\/de\/?s={search_term_string}\"},\"query-input\":{\"@type\":\"PropertyValueSpecification\",\"valueRequired\":true,\"valueName\":\"search_term_string\"}}],\"inLanguage\":\"de-DE\"},{\"@type\":\"Organization\",\"@id\":\"https:\/\/www.dttrieste.com\/de\/#organization\",\"name\":\"Hilton Trieste\",\"url\":\"https:\/\/www.dttrieste.com\/de\/\",\"logo\":{\"@type\":\"ImageObject\",\"inLanguage\":\"de-DE\",\"@id\":\"https:\/\/www.dttrieste.com\/de\/#\/schema\/logo\/image\/\",\"url\":\"https:\/\/www.dttrieste.com\/wp-content\/uploads\/sites\/326\/2021\/07\/DT_Vertical_Logo-black.png\",\"contentUrl\":\"https:\/\/www.dttrieste.com\/wp-content\/uploads\/sites\/326\/2021\/07\/DT_Vertical_Logo-black.png\",\"width\":1684,\"height\":1466,\"caption\":\"Hilton Trieste\"},\"image\":{\"@id\":\"https:\/\/www.dttrieste.com\/de\/#\/schema\/logo\/image\/\"}}]}<\/script>\n<!-- \/ Yoast SEO plugin. -->","yoast_head_json":{"title":"Fr\u00fchlingsauszeit in Triest - DoubleTree by Hilton Trieste","description":"Planen Sie Ihren Fr\u00fchlings-St\u00e4dtetrip in Triest im DoubleTree by Hilton Triest. Zentrale Lage und zeitlose Eleganz.","robots":{"index":"index","follow":"follow","max-snippet":"max-snippet:-1","max-image-preview":"max-image-preview:large","max-video-preview":"max-video-preview:-1"},"canonical":"https:\/\/www.dttrieste.com\/de\/pakete-und-angebote\/trieste-fruehlings-staedtetrip\/","og_locale":"de_DE","og_type":"article","og_title":"Fr\u00fchlingsauszeit in Triest - DoubleTree by Hilton Trieste","og_description":"Planen Sie Ihren Fr\u00fchlings-St\u00e4dtetrip in Triest im DoubleTree by Hilton Triest. Zentrale Lage und zeitlose Eleganz.","og_url":"https:\/\/www.dttrieste.com\/de\/pakete-und-angebote\/trieste-fruehlings-staedtetrip\/","og_site_name":"DoubleTree by Hilton Trieste","article_modified_time":"2026-03-20T10:49:05+00:00","og_image":[{"width":2048,"height":2560,"url":"https:\/\/www.dttrieste.com\/wp-content\/uploads\/sites\/326\/2026\/03\/DoubleTree_giugno23-152-1-scaled.jpg","type":"image\/jpeg"}],"twitter_card":"summary_large_image","twitter_misc":{"Gesch\u00e4tzte Lesezeit":"1 Minute"},"schema":{"@context":"https:\/\/schema.org","@graph":[{"@type":"WebPage","@id":"https:\/\/www.dttrieste.com\/de\/pakete-und-angebote\/trieste-fruehlings-staedtetrip\/","url":"https:\/\/www.dttrieste.com\/de\/pakete-und-angebote\/trieste-fruehlings-staedtetrip\/","name":"Fr\u00fchlingsauszeit in Triest - DoubleTree by Hilton Trieste","isPartOf":{"@id":"https:\/\/www.dttrieste.com\/de\/#website"},"primaryImageOfPage":{"@id":"https:\/\/www.dttrieste.com\/de\/pakete-und-angebote\/trieste-fruehlings-staedtetrip\/#primaryimage"},"image":{"@id":"https:\/\/www.dttrieste.com\/de\/pakete-und-angebote\/trieste-fruehlings-staedtetrip\/#primaryimage"},"thumbnailUrl":"https:\/\/www.dttrieste.com\/wp-content\/uploads\/sites\/326\/2026\/03\/DoubleTree_giugno23-152-1-scaled.jpg","datePublished":"2026-01-27T11:08:37+00:00","dateModified":"2026-03-20T10:49:05+00:00","description":"Planen Sie Ihren Fr\u00fchlings-St\u00e4dtetrip in Triest im DoubleTree by Hilton Triest. Zentrale Lage und zeitlose Eleganz.","breadcrumb":{"@id":"https:\/\/www.dttrieste.com\/de\/pakete-und-angebote\/trieste-fruehlings-staedtetrip\/#breadcrumb"},"inLanguage":"de-DE","potentialAction":[{"@type":"ReadAction","target":["https:\/\/www.dttrieste.com\/de\/pakete-und-angebote\/trieste-fruehlings-staedtetrip\/"]}]},{"@type":"ImageObject","inLanguage":"de-DE","@id":"https:\/\/www.dttrieste.com\/de\/pakete-und-angebote\/trieste-fruehlings-staedtetrip\/#primaryimage","url":"https:\/\/www.dttrieste.com\/wp-content\/uploads\/sites\/326\/2026\/03\/DoubleTree_giugno23-152-1-scaled.jpg","contentUrl":"https:\/\/www.dttrieste.com\/wp-content\/uploads\/sites\/326\/2026\/03\/DoubleTree_giugno23-152-1-scaled.jpg","width":2048,"height":2560,"caption":"spring-escape-in-trieste-doubletree-byhilton-trieste"},{"@type":"BreadcrumbList","@id":"https:\/\/www.dttrieste.com\/de\/pakete-und-angebote\/trieste-fruehlings-staedtetrip\/#breadcrumb","itemListElement":[{"@type":"ListItem","position":1,"name":"Home","item":"https:\/\/www.dttrieste.com\/de\/"},{"@type":"ListItem","position":2,"name":"Pakete &amp; Angebote","item":"https:\/\/www.dttrieste.com\/de\/pakete-und-angebote\/"},{"@type":"ListItem","position":3,"name":"Fr\u00fchlingsauszeit in Triest"}]},{"@type":"WebSite","@id":"https:\/\/www.dttrieste.com\/de\/#website","url":"https:\/\/www.dttrieste.com\/de\/","name":"DoubleTree by Hilton Trieste","description":"Just another ms.decms.eu site","publisher":{"@id":"https:\/\/www.dttrieste.com\/de\/#organization"},"potentialAction":[{"@type":"SearchAction","target":{"@type":"EntryPoint","urlTemplate":"https:\/\/www.dttrieste.com\/de\/?s={search_term_string}"},"query-input":{"@type":"PropertyValueSpecification","valueRequired":true,"valueName":"search_term_string"}}],"inLanguage":"de-DE"},{"@type":"Organization","@id":"https:\/\/www.dttrieste.com\/de\/#organization","name":"Hilton Trieste","url":"https:\/\/www.dttrieste.com\/de\/","logo":{"@type":"ImageObject","inLanguage":"de-DE","@id":"https:\/\/www.dttrieste.com\/de\/#\/schema\/logo\/image\/","url":"https:\/\/www.dttrieste.com\/wp-content\/uploads\/sites\/326\/2021\/07\/DT_Vertical_Logo-black.png","contentUrl":"https:\/\/www.dttrieste.com\/wp-content\/uploads\/sites\/326\/2021\/07\/DT_Vertical_Logo-black.png","width":1684,"height":1466,"caption":"Hilton Trieste"},"image":{"@id":"https:\/\/www.dttrieste.com\/de\/#\/schema\/logo\/image\/"}}]}},"acf":[],"_links":{"self":[{"href":"https:\/\/www.dttrieste.com\/de\/wp-json\/wp\/v2\/pages\/2886","targetHints":{"allow":["GET"]}}],"collection":[{"href":"https:\/\/www.dttrieste.com\/de\/wp-json\/wp\/v2\/pages"}],"about":[{"href":"https:\/\/www.dttrieste.com\/de\/wp-json\/wp\/v2\/types\/page"}],"author":[{"embeddable":true,"href":"https:\/\/www.dttrieste.com\/de\/wp-json\/wp\/v2\/users\/724"}],"replies":[{"embeddable":true,"href":"https:\/\/www.dttrieste.com\/de\/wp-json\/wp\/v2\/comments?post=2886"}],"version-history":[{"count":0,"href":"https:\/\/www.dttrieste.com\/de\/wp-json\/wp\/v2\/pages\/2886\/revisions"}],"up":[{"embeddable":true,"href":"https:\/\/www.dttrieste.com\/de\/wp-json\/wp\/v2\/pages\/420"}],"wp:featuredmedia":[{"embeddable":true,"href":"https:\/\/www.dttrieste.com\/de\/wp-json\/wp\/v2\/media\/2962"}],"wp:attachment":[{"href":"https:\/\/www.dttrieste.com\/de\/wp-json\/wp\/v2\/media?parent=2886"}],"curies":[{"name":"wp","href":"https:\/\/api.w.org\/{rel}","templated":true}]}}