{"id":2239,"date":"2024-06-04T08:14:53","date_gmt":"2024-06-04T08:14:53","guid":{"rendered":"https:\/\/www.dttrieste.com\/?page_id=2239"},"modified":"2026-02-25T09:18:28","modified_gmt":"2026-02-25T09:18:28","slug":"entdecken-sie-das-doubletree-by-hilton-triest","status":"publish","type":"page","link":"https:\/\/www.dttrieste.com\/de\/entdecken-sie-das-doubletree-by-hilton-triest\/","title":{"rendered":"Entdecken Sie das DoubleTree by Hilton Triest"},"content":{"rendered":"<p data-start=\"540\" data-end=\"888\">Ein <strong>4-Sterne-Hotel mit Privatparkplatz und SPA im historischen Zentrum von Triest<\/strong>, nur wenige Schritte von der Piazza Unit\u00e0 d\u2019Italia entfernt: Das DoubleTree by Hilton Trieste hei\u00dft Sie in einem Palast aus dem 20. Jahrhundert willkommen, reich an Kunst und Geschichte und heute ein Ort, der ganz dem Komfort und der Gastfreundschaft gewidmet ist.<\/p>\n<p data-start=\"890\" data-end=\"965\" data-is-last-node=\"\" data-is-only-node=\"\"><strong>Bei einer Direktbuchung \u00fcber uns profitieren Sie von der Bestpreisgarantie.<\/strong><\/p>\n","protected":false},"excerpt":{"rendered":"<p>Ein 4-Sterne-Hotel mit Privatparkplatz und SPA im historischen Zentrum von Triest, nur wenige Schritte von der Piazza Unit\u00e0 d\u2019Italia entfernt: Das DoubleTree by Hilton Trieste hei\u00dft Sie in einem Palast aus dem 20. Jahrhundert willkommen, reich an Kunst und Geschichte und heute ein Ort, der ganz dem Komfort und der Gastfreundschaft gewidmet ist. Bei einer [&hellip;]<\/p>\n","protected":false},"author":648,"featured_media":0,"parent":0,"menu_order":5,"comment_status":"closed","ping_status":"closed","template":"template-landing-page-2.php","meta":{"footnotes":""},"class_list":["post-2239","page","type-page","status-publish","hentry"],"yoast_head":"<!-- This site is optimized with the Yoast SEO plugin v26.9 - https:\/\/yoast.com\/product\/yoast-seo-wordpress\/ -->\n<title>Entdecken Sie mit uns Triest | DoubleTree by Hilton Trieste<\/title>\n<meta name=\"description\" content=\"Ein 4-Sterne-Hotel mit Parkm\u00f6glichkeit und Wellnessbereich im Herzen von Triest, ganz in der N\u00e4he der Piazza Unit\u00e0 d\u2019Italia: Entdecken Sie Triest mit uns.\" \/>\n<meta name=\"robots\" content=\"noindex, follow\" \/>\n<meta property=\"og:locale\" content=\"de_DE\" \/>\n<meta property=\"og:type\" content=\"article\" \/>\n<meta property=\"og:title\" content=\"Entdecken Sie mit uns Triest | DoubleTree by Hilton Trieste\" \/>\n<meta property=\"og:description\" content=\"Ein 4-Sterne-Hotel mit Parkm\u00f6glichkeit und Wellnessbereich im Herzen von Triest, ganz in der N\u00e4he der Piazza Unit\u00e0 d\u2019Italia: Entdecken Sie Triest mit uns.\" \/>\n<meta property=\"og:url\" content=\"https:\/\/www.dttrieste.com\/de\/entdecken-sie-das-doubletree-by-hilton-triest\/\" \/>\n<meta property=\"og:site_name\" content=\"DoubleTree by Hilton Trieste\" \/>\n<meta property=\"article:modified_time\" content=\"2026-02-25T09:18:28+00:00\" \/>\n<meta name=\"twitter:card\" content=\"summary_large_image\" \/>\n<meta name=\"twitter:label1\" content=\"Gesch\u00e4tzte Lesezeit\" \/>\n\t<meta name=\"twitter:data1\" content=\"1 Minute\" \/>\n<script type=\"application\/ld+json\" class=\"yoast-schema-graph\">{\"@context\":\"https:\/\/schema.org\",\"@graph\":[{\"@type\":\"WebPage\",\"@id\":\"https:\/\/www.dttrieste.com\/de\/entdecken-sie-das-doubletree-by-hilton-triest\/\",\"url\":\"https:\/\/www.dttrieste.com\/de\/entdecken-sie-das-doubletree-by-hilton-triest\/\",\"name\":\"Entdecken Sie mit uns Triest | DoubleTree by Hilton Trieste\",\"isPartOf\":{\"@id\":\"https:\/\/www.dttrieste.com\/de\/#website\"},\"datePublished\":\"2024-06-04T08:14:53+00:00\",\"dateModified\":\"2026-02-25T09:18:28+00:00\",\"description\":\"Ein 4-Sterne-Hotel mit Parkm\u00f6glichkeit und Wellnessbereich im Herzen von Triest, ganz in der N\u00e4he der Piazza Unit\u00e0 d\u2019Italia: Entdecken Sie Triest mit uns.\",\"breadcrumb\":{\"@id\":\"https:\/\/www.dttrieste.com\/de\/entdecken-sie-das-doubletree-by-hilton-triest\/#breadcrumb\"},\"inLanguage\":\"de-DE\",\"potentialAction\":[{\"@type\":\"ReadAction\",\"target\":[\"https:\/\/www.dttrieste.com\/de\/entdecken-sie-das-doubletree-by-hilton-triest\/\"]}]},{\"@type\":\"BreadcrumbList\",\"@id\":\"https:\/\/www.dttrieste.com\/de\/entdecken-sie-das-doubletree-by-hilton-triest\/#breadcrumb\",\"itemListElement\":[{\"@type\":\"ListItem\",\"position\":1,\"name\":\"Home\",\"item\":\"https:\/\/www.dttrieste.com\/de\/\"},{\"@type\":\"ListItem\",\"position\":2,\"name\":\"Entdecken Sie das DoubleTree by Hilton Triest\"}]},{\"@type\":\"WebSite\",\"@id\":\"https:\/\/www.dttrieste.com\/de\/#website\",\"url\":\"https:\/\/www.dttrieste.com\/de\/\",\"name\":\"DoubleTree by Hilton Trieste\",\"description\":\"Just another ms.decms.eu site\",\"publisher\":{\"@id\":\"https:\/\/www.dttrieste.com\/de\/#organization\"},\"potentialAction\":[{\"@type\":\"SearchAction\",\"target\":{\"@type\":\"EntryPoint\",\"urlTemplate\":\"https:\/\/www.dttrieste.com\/de\/?s={search_term_string}\"},\"query-input\":{\"@type\":\"PropertyValueSpecification\",\"valueRequired\":true,\"valueName\":\"search_term_string\"}}],\"inLanguage\":\"de-DE\"},{\"@type\":\"Organization\",\"@id\":\"https:\/\/www.dttrieste.com\/de\/#organization\",\"name\":\"Hilton Trieste\",\"url\":\"https:\/\/www.dttrieste.com\/de\/\",\"logo\":{\"@type\":\"ImageObject\",\"inLanguage\":\"de-DE\",\"@id\":\"https:\/\/www.dttrieste.com\/de\/#\/schema\/logo\/image\/\",\"url\":\"https:\/\/www.dttrieste.com\/wp-content\/uploads\/sites\/326\/2021\/07\/DT_Vertical_Logo-black.png\",\"contentUrl\":\"https:\/\/www.dttrieste.com\/wp-content\/uploads\/sites\/326\/2021\/07\/DT_Vertical_Logo-black.png\",\"width\":1684,\"height\":1466,\"caption\":\"Hilton Trieste\"},\"image\":{\"@id\":\"https:\/\/www.dttrieste.com\/de\/#\/schema\/logo\/image\/\"}}]}<\/script>\n<!-- \/ Yoast SEO plugin. -->","yoast_head_json":{"title":"Entdecken Sie mit uns Triest | DoubleTree by Hilton Trieste","description":"Ein 4-Sterne-Hotel mit Parkm\u00f6glichkeit und Wellnessbereich im Herzen von Triest, ganz in der N\u00e4he der Piazza Unit\u00e0 d\u2019Italia: Entdecken Sie Triest mit uns.","robots":{"index":"noindex","follow":"follow"},"og_locale":"de_DE","og_type":"article","og_title":"Entdecken Sie mit uns Triest | DoubleTree by Hilton Trieste","og_description":"Ein 4-Sterne-Hotel mit Parkm\u00f6glichkeit und Wellnessbereich im Herzen von Triest, ganz in der N\u00e4he der Piazza Unit\u00e0 d\u2019Italia: Entdecken Sie Triest mit uns.","og_url":"https:\/\/www.dttrieste.com\/de\/entdecken-sie-das-doubletree-by-hilton-triest\/","og_site_name":"DoubleTree by Hilton Trieste","article_modified_time":"2026-02-25T09:18:28+00:00","twitter_card":"summary_large_image","twitter_misc":{"Gesch\u00e4tzte Lesezeit":"1 Minute"},"schema":{"@context":"https:\/\/schema.org","@graph":[{"@type":"WebPage","@id":"https:\/\/www.dttrieste.com\/de\/entdecken-sie-das-doubletree-by-hilton-triest\/","url":"https:\/\/www.dttrieste.com\/de\/entdecken-sie-das-doubletree-by-hilton-triest\/","name":"Entdecken Sie mit uns Triest | DoubleTree by Hilton Trieste","isPartOf":{"@id":"https:\/\/www.dttrieste.com\/de\/#website"},"datePublished":"2024-06-04T08:14:53+00:00","dateModified":"2026-02-25T09:18:28+00:00","description":"Ein 4-Sterne-Hotel mit Parkm\u00f6glichkeit und Wellnessbereich im Herzen von Triest, ganz in der N\u00e4he der Piazza Unit\u00e0 d\u2019Italia: Entdecken Sie Triest mit uns.","breadcrumb":{"@id":"https:\/\/www.dttrieste.com\/de\/entdecken-sie-das-doubletree-by-hilton-triest\/#breadcrumb"},"inLanguage":"de-DE","potentialAction":[{"@type":"ReadAction","target":["https:\/\/www.dttrieste.com\/de\/entdecken-sie-das-doubletree-by-hilton-triest\/"]}]},{"@type":"BreadcrumbList","@id":"https:\/\/www.dttrieste.com\/de\/entdecken-sie-das-doubletree-by-hilton-triest\/#breadcrumb","itemListElement":[{"@type":"ListItem","position":1,"name":"Home","item":"https:\/\/www.dttrieste.com\/de\/"},{"@type":"ListItem","position":2,"name":"Entdecken Sie das DoubleTree by Hilton Triest"}]},{"@type":"WebSite","@id":"https:\/\/www.dttrieste.com\/de\/#website","url":"https:\/\/www.dttrieste.com\/de\/","name":"DoubleTree by Hilton Trieste","description":"Just another ms.decms.eu site","publisher":{"@id":"https:\/\/www.dttrieste.com\/de\/#organization"},"potentialAction":[{"@type":"SearchAction","target":{"@type":"EntryPoint","urlTemplate":"https:\/\/www.dttrieste.com\/de\/?s={search_term_string}"},"query-input":{"@type":"PropertyValueSpecification","valueRequired":true,"valueName":"search_term_string"}}],"inLanguage":"de-DE"},{"@type":"Organization","@id":"https:\/\/www.dttrieste.com\/de\/#organization","name":"Hilton Trieste","url":"https:\/\/www.dttrieste.com\/de\/","logo":{"@type":"ImageObject","inLanguage":"de-DE","@id":"https:\/\/www.dttrieste.com\/de\/#\/schema\/logo\/image\/","url":"https:\/\/www.dttrieste.com\/wp-content\/uploads\/sites\/326\/2021\/07\/DT_Vertical_Logo-black.png","contentUrl":"https:\/\/www.dttrieste.com\/wp-content\/uploads\/sites\/326\/2021\/07\/DT_Vertical_Logo-black.png","width":1684,"height":1466,"caption":"Hilton Trieste"},"image":{"@id":"https:\/\/www.dttrieste.com\/de\/#\/schema\/logo\/image\/"}}]}},"acf":[],"_links":{"self":[{"href":"https:\/\/www.dttrieste.com\/de\/wp-json\/wp\/v2\/pages\/2239","targetHints":{"allow":["GET"]}}],"collection":[{"href":"https:\/\/www.dttrieste.com\/de\/wp-json\/wp\/v2\/pages"}],"about":[{"href":"https:\/\/www.dttrieste.com\/de\/wp-json\/wp\/v2\/types\/page"}],"author":[{"embeddable":true,"href":"https:\/\/www.dttrieste.com\/de\/wp-json\/wp\/v2\/users\/648"}],"replies":[{"embeddable":true,"href":"https:\/\/www.dttrieste.com\/de\/wp-json\/wp\/v2\/comments?post=2239"}],"version-history":[{"count":0,"href":"https:\/\/www.dttrieste.com\/de\/wp-json\/wp\/v2\/pages\/2239\/revisions"}],"wp:attachment":[{"href":"https:\/\/www.dttrieste.com\/de\/wp-json\/wp\/v2\/media?parent=2239"}],"curies":[{"name":"wp","href":"https:\/\/api.w.org\/{rel}","templated":true}]}}