{"id":1210,"date":"2022-04-07T12:25:35","date_gmt":"2022-04-07T12:25:35","guid":{"rendered":"https:\/\/www.dttrieste.com\/?page_id=1210"},"modified":"2023-01-30T16:00:02","modified_gmt":"2023-01-30T16:00:02","slug":"deluxe","status":"publish","type":"page","link":"https:\/\/www.dttrieste.com\/de\/zimmer-und-suiten\/deluxe\/","title":{"rendered":"Deluxe"},"content":{"rendered":"","protected":false},"excerpt":{"rendered":"","protected":false},"author":406,"featured_media":0,"parent":335,"menu_order":22,"comment_status":"closed","ping_status":"closed","template":"template-default-2.php","meta":{"footnotes":""},"class_list":["post-1210","page","type-page","status-publish","hentry"],"yoast_head":"<!-- This site is optimized with the Yoast SEO plugin v26.9 - https:\/\/yoast.com\/product\/yoast-seo-wordpress\/ -->\n<title>Deluxe &amp; Historical Deluxe Room | DoubleTree by Hilton Trieste<\/title>\n<meta name=\"description\" content=\"Mit ihrem modernen Stil, der sich in die urspr\u00fcngliche Architektur des Geb\u00e4udes einf\u00fcgt, sind die Deluxe-Zimmer der ideale Ort zum Entspannen. Jetzt buchen!\" \/>\n<meta name=\"robots\" content=\"index, follow, max-snippet:-1, max-image-preview:large, max-video-preview:-1\" \/>\n<link rel=\"canonical\" href=\"https:\/\/www.dttrieste.com\/de\/zimmer-und-suiten\/deluxe\/\" \/>\n<meta property=\"og:locale\" content=\"de_DE\" \/>\n<meta property=\"og:type\" content=\"article\" \/>\n<meta property=\"og:title\" content=\"Deluxe &amp; Historical Deluxe Room | DoubleTree by Hilton Trieste\" \/>\n<meta property=\"og:description\" content=\"Mit ihrem modernen Stil, der sich in die urspr\u00fcngliche Architektur des Geb\u00e4udes einf\u00fcgt, sind die Deluxe-Zimmer der ideale Ort zum Entspannen. Jetzt buchen!\" \/>\n<meta property=\"og:url\" content=\"https:\/\/www.dttrieste.com\/de\/zimmer-und-suiten\/deluxe\/\" \/>\n<meta property=\"og:site_name\" content=\"DoubleTree by Hilton Trieste\" \/>\n<meta property=\"article:modified_time\" content=\"2023-01-30T16:00:02+00:00\" \/>\n<meta name=\"twitter:card\" content=\"summary_large_image\" \/>\n<script type=\"application\/ld+json\" class=\"yoast-schema-graph\">{\"@context\":\"https:\/\/schema.org\",\"@graph\":[{\"@type\":\"WebPage\",\"@id\":\"https:\/\/www.dttrieste.com\/de\/zimmer-und-suiten\/deluxe\/\",\"url\":\"https:\/\/www.dttrieste.com\/de\/zimmer-und-suiten\/deluxe\/\",\"name\":\"Deluxe & Historical Deluxe Room | DoubleTree by Hilton Trieste\",\"isPartOf\":{\"@id\":\"https:\/\/www.dttrieste.com\/de\/#website\"},\"datePublished\":\"2022-04-07T12:25:35+00:00\",\"dateModified\":\"2023-01-30T16:00:02+00:00\",\"description\":\"Mit ihrem modernen Stil, der sich in die urspr\u00fcngliche Architektur des Geb\u00e4udes einf\u00fcgt, sind die Deluxe-Zimmer der ideale Ort zum Entspannen. Jetzt buchen!\",\"breadcrumb\":{\"@id\":\"https:\/\/www.dttrieste.com\/de\/zimmer-und-suiten\/deluxe\/#breadcrumb\"},\"inLanguage\":\"de-DE\",\"potentialAction\":[{\"@type\":\"ReadAction\",\"target\":[\"https:\/\/www.dttrieste.com\/de\/zimmer-und-suiten\/deluxe\/\"]}]},{\"@type\":\"BreadcrumbList\",\"@id\":\"https:\/\/www.dttrieste.com\/de\/zimmer-und-suiten\/deluxe\/#breadcrumb\",\"itemListElement\":[{\"@type\":\"ListItem\",\"position\":1,\"name\":\"Home\",\"item\":\"https:\/\/www.dttrieste.com\/de\/\"},{\"@type\":\"ListItem\",\"position\":2,\"name\":\"Zimmer &amp; Suiten\",\"item\":\"https:\/\/www.dttrieste.com\/de\/zimmer-und-suiten\/\"},{\"@type\":\"ListItem\",\"position\":3,\"name\":\"Deluxe\"}]},{\"@type\":\"WebSite\",\"@id\":\"https:\/\/www.dttrieste.com\/de\/#website\",\"url\":\"https:\/\/www.dttrieste.com\/de\/\",\"name\":\"DoubleTree by Hilton Trieste\",\"description\":\"Just another ms.decms.eu site\",\"publisher\":{\"@id\":\"https:\/\/www.dttrieste.com\/de\/#organization\"},\"potentialAction\":[{\"@type\":\"SearchAction\",\"target\":{\"@type\":\"EntryPoint\",\"urlTemplate\":\"https:\/\/www.dttrieste.com\/de\/?s={search_term_string}\"},\"query-input\":{\"@type\":\"PropertyValueSpecification\",\"valueRequired\":true,\"valueName\":\"search_term_string\"}}],\"inLanguage\":\"de-DE\"},{\"@type\":\"Organization\",\"@id\":\"https:\/\/www.dttrieste.com\/de\/#organization\",\"name\":\"Hilton Trieste\",\"url\":\"https:\/\/www.dttrieste.com\/de\/\",\"logo\":{\"@type\":\"ImageObject\",\"inLanguage\":\"de-DE\",\"@id\":\"https:\/\/www.dttrieste.com\/de\/#\/schema\/logo\/image\/\",\"url\":\"https:\/\/www.dttrieste.com\/wp-content\/uploads\/sites\/326\/2021\/07\/DT_Vertical_Logo-black.png\",\"contentUrl\":\"https:\/\/www.dttrieste.com\/wp-content\/uploads\/sites\/326\/2021\/07\/DT_Vertical_Logo-black.png\",\"width\":1684,\"height\":1466,\"caption\":\"Hilton Trieste\"},\"image\":{\"@id\":\"https:\/\/www.dttrieste.com\/de\/#\/schema\/logo\/image\/\"}}]}<\/script>\n<!-- \/ Yoast SEO plugin. -->","yoast_head_json":{"title":"Deluxe & Historical Deluxe Room | DoubleTree by Hilton Trieste","description":"Mit ihrem modernen Stil, der sich in die urspr\u00fcngliche Architektur des Geb\u00e4udes einf\u00fcgt, sind die Deluxe-Zimmer der ideale Ort zum Entspannen. Jetzt buchen!","robots":{"index":"index","follow":"follow","max-snippet":"max-snippet:-1","max-image-preview":"max-image-preview:large","max-video-preview":"max-video-preview:-1"},"canonical":"https:\/\/www.dttrieste.com\/de\/zimmer-und-suiten\/deluxe\/","og_locale":"de_DE","og_type":"article","og_title":"Deluxe & Historical Deluxe Room | DoubleTree by Hilton Trieste","og_description":"Mit ihrem modernen Stil, der sich in die urspr\u00fcngliche Architektur des Geb\u00e4udes einf\u00fcgt, sind die Deluxe-Zimmer der ideale Ort zum Entspannen. Jetzt buchen!","og_url":"https:\/\/www.dttrieste.com\/de\/zimmer-und-suiten\/deluxe\/","og_site_name":"DoubleTree by Hilton Trieste","article_modified_time":"2023-01-30T16:00:02+00:00","twitter_card":"summary_large_image","schema":{"@context":"https:\/\/schema.org","@graph":[{"@type":"WebPage","@id":"https:\/\/www.dttrieste.com\/de\/zimmer-und-suiten\/deluxe\/","url":"https:\/\/www.dttrieste.com\/de\/zimmer-und-suiten\/deluxe\/","name":"Deluxe & Historical Deluxe Room | DoubleTree by Hilton Trieste","isPartOf":{"@id":"https:\/\/www.dttrieste.com\/de\/#website"},"datePublished":"2022-04-07T12:25:35+00:00","dateModified":"2023-01-30T16:00:02+00:00","description":"Mit ihrem modernen Stil, der sich in die urspr\u00fcngliche Architektur des Geb\u00e4udes einf\u00fcgt, sind die Deluxe-Zimmer der ideale Ort zum Entspannen. Jetzt buchen!","breadcrumb":{"@id":"https:\/\/www.dttrieste.com\/de\/zimmer-und-suiten\/deluxe\/#breadcrumb"},"inLanguage":"de-DE","potentialAction":[{"@type":"ReadAction","target":["https:\/\/www.dttrieste.com\/de\/zimmer-und-suiten\/deluxe\/"]}]},{"@type":"BreadcrumbList","@id":"https:\/\/www.dttrieste.com\/de\/zimmer-und-suiten\/deluxe\/#breadcrumb","itemListElement":[{"@type":"ListItem","position":1,"name":"Home","item":"https:\/\/www.dttrieste.com\/de\/"},{"@type":"ListItem","position":2,"name":"Zimmer &amp; Suiten","item":"https:\/\/www.dttrieste.com\/de\/zimmer-und-suiten\/"},{"@type":"ListItem","position":3,"name":"Deluxe"}]},{"@type":"WebSite","@id":"https:\/\/www.dttrieste.com\/de\/#website","url":"https:\/\/www.dttrieste.com\/de\/","name":"DoubleTree by Hilton Trieste","description":"Just another ms.decms.eu site","publisher":{"@id":"https:\/\/www.dttrieste.com\/de\/#organization"},"potentialAction":[{"@type":"SearchAction","target":{"@type":"EntryPoint","urlTemplate":"https:\/\/www.dttrieste.com\/de\/?s={search_term_string}"},"query-input":{"@type":"PropertyValueSpecification","valueRequired":true,"valueName":"search_term_string"}}],"inLanguage":"de-DE"},{"@type":"Organization","@id":"https:\/\/www.dttrieste.com\/de\/#organization","name":"Hilton Trieste","url":"https:\/\/www.dttrieste.com\/de\/","logo":{"@type":"ImageObject","inLanguage":"de-DE","@id":"https:\/\/www.dttrieste.com\/de\/#\/schema\/logo\/image\/","url":"https:\/\/www.dttrieste.com\/wp-content\/uploads\/sites\/326\/2021\/07\/DT_Vertical_Logo-black.png","contentUrl":"https:\/\/www.dttrieste.com\/wp-content\/uploads\/sites\/326\/2021\/07\/DT_Vertical_Logo-black.png","width":1684,"height":1466,"caption":"Hilton Trieste"},"image":{"@id":"https:\/\/www.dttrieste.com\/de\/#\/schema\/logo\/image\/"}}]}},"acf":[],"_links":{"self":[{"href":"https:\/\/www.dttrieste.com\/de\/wp-json\/wp\/v2\/pages\/1210","targetHints":{"allow":["GET"]}}],"collection":[{"href":"https:\/\/www.dttrieste.com\/de\/wp-json\/wp\/v2\/pages"}],"about":[{"href":"https:\/\/www.dttrieste.com\/de\/wp-json\/wp\/v2\/types\/page"}],"author":[{"embeddable":true,"href":"https:\/\/www.dttrieste.com\/de\/wp-json\/wp\/v2\/users\/406"}],"replies":[{"embeddable":true,"href":"https:\/\/www.dttrieste.com\/de\/wp-json\/wp\/v2\/comments?post=1210"}],"version-history":[{"count":0,"href":"https:\/\/www.dttrieste.com\/de\/wp-json\/wp\/v2\/pages\/1210\/revisions"}],"up":[{"embeddable":true,"href":"https:\/\/www.dttrieste.com\/de\/wp-json\/wp\/v2\/pages\/335"}],"wp:attachment":[{"href":"https:\/\/www.dttrieste.com\/de\/wp-json\/wp\/v2\/media?parent=1210"}],"curies":[{"name":"wp","href":"https:\/\/api.w.org\/{rel}","templated":true}]}}