{"id":1068,"date":"2021-10-19T15:36:42","date_gmt":"2021-10-19T15:36:42","guid":{"rendered":"https:\/\/www.dttrieste.com\/packages-and-offers\/half-board-package\/"},"modified":"2023-03-29T14:08:47","modified_gmt":"2023-03-29T14:08:47","slug":"half-board-paket","status":"publish","type":"page","link":"https:\/\/www.dttrieste.com\/de\/pakete-und-angebote\/half-board-paket\/","title":{"rendered":"Half Board Paket"},"content":{"rendered":"<p>Fr\u00fchst\u00fcck und Abendessen in der Geschichte.<\/p>\n","protected":false},"excerpt":{"rendered":"<p>Fr\u00fchst\u00fcck und Abendessen in der Geschichte.<\/p>\n","protected":false},"author":6,"featured_media":0,"parent":420,"menu_order":73,"comment_status":"closed","ping_status":"closed","template":"template-default-3.php","meta":{"footnotes":""},"class_list":["post-1068","page","type-page","status-publish","hentry"],"yoast_head":"<!-- This site is optimized with the Yoast SEO plugin v26.9 - https:\/\/yoast.com\/product\/yoast-seo-wordpress\/ -->\n<title>Half Board Paket - DoubleTree by Hilton Trieste<\/title>\n<meta name=\"description\" content=\"Genie\u00dfen Sie jeden Morgen ein \u00fcppiges Fr\u00fchst\u00fcck und werden jeden Abend im unseres Restaurants Novecento zu einem unvergesslichen Abendessen empfangen!\" \/>\n<meta name=\"robots\" content=\"index, follow, max-snippet:-1, max-image-preview:large, max-video-preview:-1\" \/>\n<link rel=\"canonical\" href=\"https:\/\/www.dttrieste.com\/de\/pakete-und-angebote\/half-board-paket\/\" \/>\n<meta property=\"og:locale\" content=\"de_DE\" \/>\n<meta property=\"og:type\" content=\"article\" \/>\n<meta property=\"og:title\" content=\"Half Board Paket - DoubleTree by Hilton Trieste\" \/>\n<meta property=\"og:description\" content=\"Genie\u00dfen Sie jeden Morgen ein \u00fcppiges Fr\u00fchst\u00fcck und werden jeden Abend im unseres Restaurants Novecento zu einem unvergesslichen Abendessen empfangen!\" \/>\n<meta property=\"og:url\" content=\"https:\/\/www.dttrieste.com\/de\/pakete-und-angebote\/half-board-paket\/\" \/>\n<meta property=\"og:site_name\" content=\"DoubleTree by Hilton Trieste\" \/>\n<meta property=\"article:modified_time\" content=\"2023-03-29T14:08:47+00:00\" \/>\n<meta name=\"twitter:card\" content=\"summary_large_image\" \/>\n<meta name=\"twitter:label1\" content=\"Gesch\u00e4tzte Lesezeit\" \/>\n\t<meta name=\"twitter:data1\" content=\"1 Minute\" \/>\n<script type=\"application\/ld+json\" class=\"yoast-schema-graph\">{\"@context\":\"https:\/\/schema.org\",\"@graph\":[{\"@type\":\"WebPage\",\"@id\":\"https:\/\/www.dttrieste.com\/de\/pakete-und-angebote\/half-board-paket\/\",\"url\":\"https:\/\/www.dttrieste.com\/de\/pakete-und-angebote\/half-board-paket\/\",\"name\":\"Half Board Paket - DoubleTree by Hilton Trieste\",\"isPartOf\":{\"@id\":\"https:\/\/www.dttrieste.com\/de\/#website\"},\"datePublished\":\"2021-10-19T15:36:42+00:00\",\"dateModified\":\"2023-03-29T14:08:47+00:00\",\"description\":\"Genie\u00dfen Sie jeden Morgen ein \u00fcppiges Fr\u00fchst\u00fcck und werden jeden Abend im unseres Restaurants Novecento zu einem unvergesslichen Abendessen empfangen!\",\"breadcrumb\":{\"@id\":\"https:\/\/www.dttrieste.com\/de\/pakete-und-angebote\/half-board-paket\/#breadcrumb\"},\"inLanguage\":\"de-DE\",\"potentialAction\":[{\"@type\":\"ReadAction\",\"target\":[\"https:\/\/www.dttrieste.com\/de\/pakete-und-angebote\/half-board-paket\/\"]}]},{\"@type\":\"BreadcrumbList\",\"@id\":\"https:\/\/www.dttrieste.com\/de\/pakete-und-angebote\/half-board-paket\/#breadcrumb\",\"itemListElement\":[{\"@type\":\"ListItem\",\"position\":1,\"name\":\"Home\",\"item\":\"https:\/\/www.dttrieste.com\/de\/\"},{\"@type\":\"ListItem\",\"position\":2,\"name\":\"Pakete &amp; Angebote\",\"item\":\"https:\/\/www.dttrieste.com\/de\/pakete-und-angebote\/\"},{\"@type\":\"ListItem\",\"position\":3,\"name\":\"Half Board Paket\"}]},{\"@type\":\"WebSite\",\"@id\":\"https:\/\/www.dttrieste.com\/de\/#website\",\"url\":\"https:\/\/www.dttrieste.com\/de\/\",\"name\":\"DoubleTree by Hilton Trieste\",\"description\":\"Just another ms.decms.eu site\",\"publisher\":{\"@id\":\"https:\/\/www.dttrieste.com\/de\/#organization\"},\"potentialAction\":[{\"@type\":\"SearchAction\",\"target\":{\"@type\":\"EntryPoint\",\"urlTemplate\":\"https:\/\/www.dttrieste.com\/de\/?s={search_term_string}\"},\"query-input\":{\"@type\":\"PropertyValueSpecification\",\"valueRequired\":true,\"valueName\":\"search_term_string\"}}],\"inLanguage\":\"de-DE\"},{\"@type\":\"Organization\",\"@id\":\"https:\/\/www.dttrieste.com\/de\/#organization\",\"name\":\"Hilton Trieste\",\"url\":\"https:\/\/www.dttrieste.com\/de\/\",\"logo\":{\"@type\":\"ImageObject\",\"inLanguage\":\"de-DE\",\"@id\":\"https:\/\/www.dttrieste.com\/de\/#\/schema\/logo\/image\/\",\"url\":\"https:\/\/www.dttrieste.com\/wp-content\/uploads\/sites\/326\/2021\/07\/DT_Vertical_Logo-black.png\",\"contentUrl\":\"https:\/\/www.dttrieste.com\/wp-content\/uploads\/sites\/326\/2021\/07\/DT_Vertical_Logo-black.png\",\"width\":1684,\"height\":1466,\"caption\":\"Hilton Trieste\"},\"image\":{\"@id\":\"https:\/\/www.dttrieste.com\/de\/#\/schema\/logo\/image\/\"}}]}<\/script>\n<!-- \/ Yoast SEO plugin. -->","yoast_head_json":{"title":"Half Board Paket - DoubleTree by Hilton Trieste","description":"Genie\u00dfen Sie jeden Morgen ein \u00fcppiges Fr\u00fchst\u00fcck und werden jeden Abend im unseres Restaurants Novecento zu einem unvergesslichen Abendessen empfangen!","robots":{"index":"index","follow":"follow","max-snippet":"max-snippet:-1","max-image-preview":"max-image-preview:large","max-video-preview":"max-video-preview:-1"},"canonical":"https:\/\/www.dttrieste.com\/de\/pakete-und-angebote\/half-board-paket\/","og_locale":"de_DE","og_type":"article","og_title":"Half Board Paket - DoubleTree by Hilton Trieste","og_description":"Genie\u00dfen Sie jeden Morgen ein \u00fcppiges Fr\u00fchst\u00fcck und werden jeden Abend im unseres Restaurants Novecento zu einem unvergesslichen Abendessen empfangen!","og_url":"https:\/\/www.dttrieste.com\/de\/pakete-und-angebote\/half-board-paket\/","og_site_name":"DoubleTree by Hilton Trieste","article_modified_time":"2023-03-29T14:08:47+00:00","twitter_card":"summary_large_image","twitter_misc":{"Gesch\u00e4tzte Lesezeit":"1 Minute"},"schema":{"@context":"https:\/\/schema.org","@graph":[{"@type":"WebPage","@id":"https:\/\/www.dttrieste.com\/de\/pakete-und-angebote\/half-board-paket\/","url":"https:\/\/www.dttrieste.com\/de\/pakete-und-angebote\/half-board-paket\/","name":"Half Board Paket - DoubleTree by Hilton Trieste","isPartOf":{"@id":"https:\/\/www.dttrieste.com\/de\/#website"},"datePublished":"2021-10-19T15:36:42+00:00","dateModified":"2023-03-29T14:08:47+00:00","description":"Genie\u00dfen Sie jeden Morgen ein \u00fcppiges Fr\u00fchst\u00fcck und werden jeden Abend im unseres Restaurants Novecento zu einem unvergesslichen Abendessen empfangen!","breadcrumb":{"@id":"https:\/\/www.dttrieste.com\/de\/pakete-und-angebote\/half-board-paket\/#breadcrumb"},"inLanguage":"de-DE","potentialAction":[{"@type":"ReadAction","target":["https:\/\/www.dttrieste.com\/de\/pakete-und-angebote\/half-board-paket\/"]}]},{"@type":"BreadcrumbList","@id":"https:\/\/www.dttrieste.com\/de\/pakete-und-angebote\/half-board-paket\/#breadcrumb","itemListElement":[{"@type":"ListItem","position":1,"name":"Home","item":"https:\/\/www.dttrieste.com\/de\/"},{"@type":"ListItem","position":2,"name":"Pakete &amp; Angebote","item":"https:\/\/www.dttrieste.com\/de\/pakete-und-angebote\/"},{"@type":"ListItem","position":3,"name":"Half Board Paket"}]},{"@type":"WebSite","@id":"https:\/\/www.dttrieste.com\/de\/#website","url":"https:\/\/www.dttrieste.com\/de\/","name":"DoubleTree by Hilton Trieste","description":"Just another ms.decms.eu site","publisher":{"@id":"https:\/\/www.dttrieste.com\/de\/#organization"},"potentialAction":[{"@type":"SearchAction","target":{"@type":"EntryPoint","urlTemplate":"https:\/\/www.dttrieste.com\/de\/?s={search_term_string}"},"query-input":{"@type":"PropertyValueSpecification","valueRequired":true,"valueName":"search_term_string"}}],"inLanguage":"de-DE"},{"@type":"Organization","@id":"https:\/\/www.dttrieste.com\/de\/#organization","name":"Hilton Trieste","url":"https:\/\/www.dttrieste.com\/de\/","logo":{"@type":"ImageObject","inLanguage":"de-DE","@id":"https:\/\/www.dttrieste.com\/de\/#\/schema\/logo\/image\/","url":"https:\/\/www.dttrieste.com\/wp-content\/uploads\/sites\/326\/2021\/07\/DT_Vertical_Logo-black.png","contentUrl":"https:\/\/www.dttrieste.com\/wp-content\/uploads\/sites\/326\/2021\/07\/DT_Vertical_Logo-black.png","width":1684,"height":1466,"caption":"Hilton Trieste"},"image":{"@id":"https:\/\/www.dttrieste.com\/de\/#\/schema\/logo\/image\/"}}]}},"acf":[],"_links":{"self":[{"href":"https:\/\/www.dttrieste.com\/de\/wp-json\/wp\/v2\/pages\/1068","targetHints":{"allow":["GET"]}}],"collection":[{"href":"https:\/\/www.dttrieste.com\/de\/wp-json\/wp\/v2\/pages"}],"about":[{"href":"https:\/\/www.dttrieste.com\/de\/wp-json\/wp\/v2\/types\/page"}],"author":[{"embeddable":true,"href":"https:\/\/www.dttrieste.com\/de\/wp-json\/wp\/v2\/users\/6"}],"replies":[{"embeddable":true,"href":"https:\/\/www.dttrieste.com\/de\/wp-json\/wp\/v2\/comments?post=1068"}],"version-history":[{"count":0,"href":"https:\/\/www.dttrieste.com\/de\/wp-json\/wp\/v2\/pages\/1068\/revisions"}],"up":[{"embeddable":true,"href":"https:\/\/www.dttrieste.com\/de\/wp-json\/wp\/v2\/pages\/420"}],"wp:attachment":[{"href":"https:\/\/www.dttrieste.com\/de\/wp-json\/wp\/v2\/media?parent=1068"}],"curies":[{"name":"wp","href":"https:\/\/api.w.org\/{rel}","templated":true}]}}